{"id":1812,"date":"2024-06-06T01:51:21","date_gmt":"2024-06-06T01:51:21","guid":{"rendered":"https:\/\/customsockmanufacturer.com\/?page_id=1812"},"modified":"2025-05-29T15:04:40","modified_gmt":"2025-05-29T07:04:40","slug":"faqs","status":"publish","type":"page","link":"https:\/\/customsockmanufacturer.com\/vi\/resources\/faqs\/","title":{"rendered":"C\u00e2u h\u1ecfi th\u01b0\u1eddng g\u1eb7p"},"content":{"rendered":"<div data-elementor-type=\"wp-page\" data-elementor-id=\"1812\" class=\"elementor elementor-1812\" data-elementor-post-type=\"page\">\n\t\t\t\t<div class=\"elementor-element elementor-element-efd3745 e-flex e-con-boxed e-con e-parent\" data-id=\"efd3745\" data-element_type=\"container\" data-e-type=\"container\">\n\t\t\t\t\t<div class=\"e-con-inner\">\n\t\t<div class=\"elementor-element elementor-element-922995b e-flex e-con-boxed e-con e-child\" data-id=\"922995b\" data-element_type=\"container\" data-e-type=\"container\">\n\t\t\t\t\t<div class=\"e-con-inner\">\n\t\t\t\t<div class=\"elementor-element elementor-element-30cf772 elementor-widget elementor-widget-heading\" data-id=\"30cf772\" data-element_type=\"widget\" data-e-type=\"widget\" data-widget_type=\"heading.default\">\n\t\t\t\t<div class=\"elementor-widget-container\">\n\t\t\t\t\t<h2 class=\"elementor-heading-title elementor-size-default\">Frequently Asked Questions<\/h2>\t\t\t\t<\/div>\n\t\t\t\t<\/div>\n\t\t\t\t<div class=\"elementor-element elementor-element-d35ca5c elementor-widget elementor-widget-text-editor\" data-id=\"d35ca5c\" data-element_type=\"widget\" data-e-type=\"widget\" data-widget_type=\"text-editor.default\">\n\t\t\t\t<div class=\"elementor-widget-container\">\n\t\t\t\t\t\t\t\t\t<p>Mu\u1ed1n t\u1ea1o s\u1ea3n xu\u1ea5t \u00e1o ch\u00e2n m\u00e0ng c\u00e1 nh\u00e2n h\u00f3a? Quy tr\u00ecnh n\u00e0y r\u1ea5t \u0111\u01a1n gi\u1ea3n \u2013 ch\u00fang t\u00f4i ch\u1ec9 c\u1ea7n \u00fd t\u01b0\u1edfng ho\u1eb7c logo c\u1ee7a b\u1ea1n \u0111\u1ec3 thi\u1ebft k\u1ebf v\u00e0 s\u1ea3n xu\u1ea5t \u00e1o ch\u00e2n m\u00e0ng ho\u00e0n h\u1ea3o c\u1ee7a b\u1ea1n. Duy\u1ec7t qua c\u00e1c c\u00e2u h\u1ecfi th\u01b0\u1eddng g\u1eb7p d\u01b0\u1edbi \u0111\u00e2y \u0111\u1ec3 bi\u1ebft th\u00eam v\u1ec1 d\u1ecbch v\u1ee5 c\u00e1 nh\u00e2n h\u00f3a c\u1ee7a ch\u00fang t\u00f4i. N\u1ebfu b\u1ea1n kh\u00f4ng t\u00ecm th\u1ea5y \u0111i\u1ec1u m\u00ecnh c\u1ea7n, vui l\u00f2ng li\u00ean h\u1ec7 tr\u1ef1c ti\u1ebfp v\u1edbi ch\u00fang t\u00f4i!<\/p>\t\t\t\t\t\t\t\t<\/div>\n\t\t\t\t<\/div>\n\t\t\t\t\t<\/div>\n\t\t\t\t<\/div>\n\t\t<div class=\"elementor-element elementor-element-eaa3bc9 e-con-full e-flex e-con e-child\" data-id=\"eaa3bc9\" data-element_type=\"container\" data-e-type=\"container\">\n\t\t\t\t<div class=\"elementor-element elementor-element-f79173d elementor-widget elementor-widget-image\" data-id=\"f79173d\" data-element_type=\"widget\" data-e-type=\"widget\" data-widget_type=\"image.default\">\n\t\t\t\t<div class=\"elementor-widget-container\">\n\t\t\t\t\t\t\t\t\t\t\t\t\t\t\t<img fetchpriority=\"high\" decoding=\"async\" width=\"700\" height=\"467\" src=\"https:\/\/customsockmanufacturer.com\/wp-content\/uploads\/2024\/06\/Socks-display-shelf-min.webp\" class=\"attachment-large size-large wp-image-2138\" alt=\"\" srcset=\"https:\/\/customsockmanufacturer.com\/wp-content\/uploads\/2024\/06\/Socks-display-shelf-min.webp 700w, https:\/\/customsockmanufacturer.com\/wp-content\/uploads\/2024\/06\/Socks-display-shelf-min-300x200.webp 300w\" sizes=\"(max-width: 700px) 100vw, 700px\" \/>\t\t\t\t\t\t\t\t\t\t\t\t\t\t\t<\/div>\n\t\t\t\t<\/div>\n\t\t\t\t<\/div>\n\t\t\t\t\t<\/div>\n\t\t\t\t<\/div>\n\t\t<div class=\"elementor-element elementor-element-dcef87f e-flex e-con-boxed e-con e-parent\" data-id=\"dcef87f\" data-element_type=\"container\" data-e-type=\"container\" data-settings=\"{&quot;background_background&quot;:&quot;classic&quot;}\">\n\t\t\t\t\t<div class=\"e-con-inner\">\n\t\t\t\t<div class=\"elementor-element elementor-element-a686a39 elementor-widget elementor-widget-heading\" data-id=\"a686a39\" data-element_type=\"widget\" data-e-type=\"widget\" data-widget_type=\"heading.default\">\n\t\t\t\t<div class=\"elementor-widget-container\">\n\t\t\t\t\t<h2 class=\"elementor-heading-title elementor-size-default\">Th\u00f4ng tin chung<\/h2>\t\t\t\t<\/div>\n\t\t\t\t<\/div>\n\t\t\t\t<div class=\"elementor-element elementor-element-599116b elementor-widget elementor-widget-text-editor\" data-id=\"599116b\" data-element_type=\"widget\" data-e-type=\"widget\" data-widget_type=\"text-editor.default\">\n\t\t\t\t<div class=\"elementor-widget-container\">\n\t\t\t\t\t\t\t\t\t<div id=\"brxe-mizdyp\" class=\"brxe-block\"><h5 class=\"brxe-heading\">CloudSocks l\u00e0 g\u00ec?<\/h5><div class=\"brxe-text\"><p>CloudSocks l\u00e0 m\u1ed9t x\u01b0\u1edfng s\u1ea3n xu\u1ea5t \u00e1o ch\u00e2n m\u00e0ng cao c\u1ea5p chuy\u00ean v\u1ec1 thi\u1ebft k\u1ebf v\u00e0 s\u1ea3n xu\u1ea5t \u00e1o ch\u00e2n m\u00e0ng c\u00e1 nh\u00e2n h\u00f3a t\u1ea1i Trung Qu\u1ed1c. Ch\u00fang t\u00f4i xu\u1ea5t kh\u1ea9u \u00e1o ch\u00e2n m\u00e0ng c\u00e1 nh\u00e2n h\u00f3a ch\u1ea5t l\u01b0\u1ee3ng cao tr\u00ean to\u00e0n th\u1ebf gi\u1edbi. C\u00e1c \u00e1o ch\u00e2n m\u00e0ng c\u00e1 nh\u00e2n h\u00f3a c\u1ee7a ch\u00fang t\u00f4i ho\u00e0n h\u1ea3o cho c\u1eeda h\u00e0ng b\u00e1n l\u1ebb, doanh nghi\u1ec7p th\u01b0\u01a1ng m\u1ea1i \u0111i\u1ec7n t\u1eed, qu\u00e0 t\u1eb7ng doanh nghi\u1ec7p,\u63a8\u5e7f\u54c1\u724c v\u00e0 h\u00e0ng h\u00f3a s\u1ef1 ki\u1ec7n \u0111\u1eb7c bi\u1ec7t.<\/p><\/div><\/div><div id=\"brxe-rkpviy\" class=\"brxe-block\"><h5 class=\"brxe-heading\">\u0110\u1ecba \u0111i\u1ec3m kinh doanh c\u1ee7a b\u1ea1n n\u1eb1m \u1edf \u0111\u00e2u?<\/h5><div class=\"brxe-text\"><p>C\u00e1c c\u01a1 s\u1edf s\u1ea3n xu\u1ea5t c\u1ee7a ch\u00fang t\u00f4i \u0111\u1eb7t t\u1ea1i th\u00e0nh ph\u1ed1 Zhujia, t\u1ec9nh Zhejiang \u2013 \u0111\u01b0\u1ee3c bi\u1ebft \u0111\u1ebfn l\u00e0 \"Th\u1ee7 \u0111\u00f4 \u00e1o ch\u00e2n m\u00e0ng\" c\u1ee7a Trung Qu\u1ed1c v\u00ec l\u1ecbch s\u1eed phong ph\u00fa trong s\u1ea3n xu\u1ea5t s\u1ee3i.<\/p><\/div><\/div><div id=\"brxe-ixubug\" class=\"brxe-block\"><h5 class=\"brxe-heading\">CloudSocks kh\u00e1c bi\u1ec7t nh\u01b0 th\u1ebf n\u00e0o so v\u1edbi \u0111\u1ed1i th\u1ee7?<\/h5><div class=\"brxe-text\"><p>D\u1ecbch v\u1ee5 c\u00e1 nh\u00e2n h\u00f3a m\u1ed9t ch\u1eb7ng \u0111\u01b0\u1eddng t\u1eeb thi\u1ebft k\u1ebf, s\u1ea3n xu\u1ea5t \u0111\u1ebfn bao b\u00ec theo y\u00eau c\u1ea7u. Th\u1eddi gian ho\u00e0n th\u00e0nh nhanh ch\u00f3ng v\u00e0 ki\u00ean quy\u1ebft l\u00e0m ra nh\u1eefng \u00e1o ch\u00e2n m\u00e0ng tho\u1ea3i m\u00e1i nh\u1ea5t<\/p><\/div><\/div><div id=\"brxe-mzxfjc\" class=\"brxe-block\"><h5 class=\"brxe-heading\">T\u00f4i c\u00f3 th\u1ec3 l\u00e0m lo\u1ea1i \u00e1o ch\u00e2n m\u00e0ng n\u00e0o?<\/h5><div class=\"brxe-text\"><p>Ch\u00fang t\u00f4i s\u1ea3n xu\u1ea5t \u00e1o ch\u00e2n m\u00e0ng d\u1ec7t v\u00e0 d\u1ec7t th\u00eau jacquard v\u1edbi nhi\u1ec1u m\u00e0u s\u1eafc kh\u00e1c nhau. Xem th\u00eam\u00a0<a href=\"https:\/\/customsockmanufacturer.com\/vi\/custom-socks\/#options-for-custom-socks\" target=\"_blank\" rel=\"noreferrer noopener\"><strong>l\u1ef1a ch\u1ecdn \u00e1o ch\u00e2n m\u00e0ng<\/strong><\/a>.<\/p><\/div><\/div><div id=\"brxe-fkzyaz\" class=\"brxe-block\"><h5 class=\"brxe-heading\">L\u00e0m th\u1ebf n\u00e0o \u0111\u1ec3 b\u1eaft \u0111\u1ea7u c\u00e1 nh\u00e2n h\u00f3a \u00e1o ch\u00e2n m\u00e0ng?<\/h5><div class=\"brxe-text\"><p>Vui l\u00f2ng \u0111i\u1ec1n bi\u1ec3u m\u1eabu tr\u00ean trang\u00a0<a href=\"https:\/\/customsockmanufacturer.com\/vi\/contact\/\" target=\"_blank\" rel=\"noreferrer noopener\"><strong>li\u00ean h\u1ec7 c\u1ee7a ch\u00fang t\u00f4i<\/strong><\/a>, ho\u1eb7c g\u1eedi email \u0111\u1ebfn\u00a0<a href=\"mailto:ycct@outlook.com\">ycct@outlook.com<\/a><\/p><\/div><\/div><div id=\"brxe-nscash\" class=\"brxe-block\"><h5 class=\"brxe-heading\">T\u00f4i c\u00f3 th\u1ec3 nh\u1eadn m\u1eabu \u00e1o ch\u00e2n m\u00e0ng tr\u01b0\u1edbc khi \u0111\u1eb7t h\u00e0ng kh\u00f4ng?<\/h5><div class=\"brxe-text\"><p>\u0110\u5f53\u7136\u4e86! Ch\u00fang t\u00f4i cung c\u1ea5p m\u1eabu \u00e1o ch\u00e2n m\u00e0ng mi\u1ec5n ph\u00ed (ph\u00ed v\u1eadn chuy\u1ec3n \u00e1p d\u1ee5ng). Ch\u00fang t\u00f4i s\u1ebd g\u1eedi cho b\u1ea1n c\u00e1c m\u1eabu c\u1ee5 th\u1ec3 v\u00e0 m\u00e0u s\u1eafc b\u1ea1n quan t\u00e2m.<\/p><\/div><\/div><div id=\"brxe-dkqcbu\" class=\"brxe-block\"><h5 class=\"brxe-heading\">X\u01b0\u1edfng c\u00f3 th\u1ec3 s\u1ea3n xu\u1ea5t lo\u1ea1i \u00e1o ch\u00e2n m\u00e0ng n\u00e0o?<\/h5><div class=\"brxe-text\"><p>X\u01b0\u1edfng c\u1ee7a ch\u00fang t\u00f4i c\u00f3 th\u1ec3 s\u1ea3n xu\u1ea5t h\u1ea7u h\u1ebft c\u00e1c lo\u1ea1i \u00e1o ch\u00e2n m\u00e0ng ph\u1ed5 bi\u1ebfn, bao g\u1ed3m: <a href=\"https:\/\/customsockmanufacturer.com\/vi\/custom-logo-socks\/\" target=\"_blank\" rel=\"noreferrer noopener\">\u00c1o t\u1ea5t Logo T\u00f9y ch\u1ec9nh<\/a>,\u00a0<a href=\"https:\/\/customsockmanufacturer.com\/vi\/custom-baseball-stirrup-socks\/\" target=\"_blank\" rel=\"noreferrer noopener\">\u00c1o ch\u00e2n m\u00e0ng baseball c\u00e1 nh\u00e2n h\u00f3a<\/a>,\u00a0<a href=\"https:\/\/customsockmanufacturer.com\/vi\/custom-dress-socks\/\" target=\"_blank\" rel=\"noreferrer noopener\">\u0110\u1ed3 len d\u00e0i ch\u00e2n theo y\u00eau c\u1ea7u<\/a>\u2026 v\u00e0 r\u1ea5t nhi\u1ec1u lo\u1ea1i kh\u00e1c. N\u1ebfu b\u1ea1n c\u00f3 m\u1ed9t m\u1eabu \u00e1o ch\u00e2n m\u00e0ng c\u1ee5 th\u1ec3 trong \u0111\u1ea7u, h\u00e3y li\u00ean h\u1ec7 v\u1edbi ch\u00fang t\u00f4i \u0111\u1ec3 th\u1ea3o lu\u1eadn v\u1ec1 nhu c\u1ea7u c\u00e1 nh\u00e2n h\u00f3a c\u1ee7a b\u1ea1n.<\/p><\/div><\/div>\t\t\t\t\t\t\t\t<\/div>\n\t\t\t\t<\/div>\n\t\t\t\t<div class=\"elementor-element elementor-element-3b8f3ad elementor-widget elementor-widget-text-editor\" data-id=\"3b8f3ad\" data-element_type=\"widget\" data-e-type=\"widget\" data-widget_type=\"text-editor.default\">\n\t\t\t\t<div class=\"elementor-widget-container\">\n\t\t\t\t\t\t\t\t\t<h2 id=\"brxe-fkoppt\" class=\"brxe-heading\">Th\u00f4ng tin \u0111\u1eb7t h\u00e0ng<\/h2><div id=\"brxe-pxbgze\" class=\"brxe-block\"><h5 class=\"brxe-heading\">S\u1ed1 l\u01b0\u1ee3ng \u0111\u1eb7t h\u00e0ng t\u1ed1i thi\u1ec3u (MOQ) cho \u00e1o ch\u00e2n m\u00e0ng c\u00e1 nh\u00e2n h\u00f3a l\u00e0 bao nhi\u00eau?<\/h5><div class=\"brxe-text\"><p>h\u1ea7u h\u1ebft c\u00e1c m\u1eabu \u00e1o ch\u00e2n m\u00e0ng c\u1ee7a ch\u00fang t\u00f4i kh\u00f4ng c\u00f3 y\u00eau c\u1ea7u s\u1ed1 l\u01b0\u1ee3ng \u0111\u1eb7t h\u00e0ng t\u1ed1i thi\u1ec3u. Nh\u1ea5p v\u00e0o \u0111\u00e2y \u0111\u1ec3 xem c\u00e1c lo\u1ea1i \u00e1o ch\u00e2n m\u00e0ng kh\u00f4ng c\u00f3 y\u00eau c\u1ea7u s\u1ed1 l\u01b0\u1ee3ng \u0111\u1eb7t h\u00e0ng. C\u00e1c lo\u1ea1i \u00e1o ch\u00e2n m\u00e0ng \u0111\u1eb7c th\u00f9 (\u00e1o ch\u00e2n m\u00e0ng ch\u1ed1ng tr\u01b0\u1ee3t cao su, \u00e1o ch\u00e2n m\u00e0ng cao c\u1ea5p, \u00e1o ch\u00e2n m\u00e0ng x\u00f9, \u00e1o ch\u00e2n m\u00e0ng 5 ng\u00f3n, v.v.) y\u00eau c\u1ea7u s\u1ed1 l\u01b0\u1ee3ng \u0111\u1eb7t h\u00e0ng t\u1ed1i thi\u1ec3u 500-1000 \u0111\u00f4i.<\/p><\/div><\/div><div id=\"brxe-omflmf\" class=\"brxe-block\"><h5>B\u1ea1n cung c\u1ea5p c\u00e1c k\u00edch c\u1ee1 n\u00e0o cho \u00e1o ch\u00e2n m\u00e0ng c\u00e1 nh\u00e2n h\u00f3a?<\/h5><p>Ch\u00fang t\u00f4i c\u00f3 th\u1ec3 s\u1ea3n xu\u1ea5t \u00e1o ch\u00e2n m\u00e0ng cho t\u1ea5t c\u1ea3 c\u00e1c k\u00edch th\u01b0\u1edbc ch\u00e2n. Ch\u00fang t\u00f4i c\u0169ng cung c\u1ea5p c\u00e1c l\u1ef1a ch\u1ecdn \"ONE SIZE\" linh ho\u1ea1t ph\u00f9 h\u1ee3p v\u1edbi h\u1ea7u h\u1ebft t\u1ea5t c\u1ea3 c\u00e1c \u0111\u00f4i ch\u00e2n c\u1ee7a ng\u01b0\u1eddi l\u1edbn \u2013 ho\u00e0n h\u1ea3o cho \u00e1o ch\u00e2n m\u00e0ng logo, \u00e1o ch\u00e2n m\u00e0ng cotton v\u00e0 phong c\u00e1ch th\u01b0\u01a1ng hi\u1ec7u.<\/p><h5>B\u1ea1n c\u00f3 cung c\u1ea5p bao b\u00ec \u00e1o ch\u00e2n m\u00e0ng c\u00e1 nh\u00e2n h\u00f3a kh\u00f4ng?<\/h5><p>C\u00f3! Ch\u00fang t\u00f4i cung c\u1ea5p c\u00e1c d\u1ecbch v\u1ee5 thi\u1ebft k\u1ebf v\u00e0 s\u1ea3n xu\u1ea5t bao b\u00ec \u00e1o ch\u00e2n m\u00e0ng to\u00e0n di\u1ec7n, cung c\u1ea5p s\u1ea3n ph\u1ea9m s\u1eb5n s\u00e0ng b\u00e1n l\u1ebb. C\u00e1c l\u1ef1a ch\u1ecdn t\u1eeb bao b\u00ec c\u01a1 b\u1ea3n mi\u1ec5n ph\u00ed \u0111\u1ebfn c\u00e1c gi\u1ea3i ph\u00e1p bao b\u00ec c\u00e1 nh\u00e2n h\u00f3a ph\u1ee9c t\u1ea1p.<\/p><h5>C\u00e1c lo\u1ea1i d\u00e0i \u00e1o ch\u00e2n m\u00e0ng n\u00e0o c\u00f3 s\u1eb5n?<\/h5><p>Ch\u1ecdn t\u1eeb to\u00e0n b\u1ed9 b\u1ed9 s\u01b0u t\u1eadp c\u1ee7a ch\u00fang t\u00f4i: \u00e1o ch\u00e2n m\u00e0ng kh\u00f4ng th\u1ea5y, \u00e1o ch\u00e2n m\u00e0ng g\u00f3t ch\u00e2n, \u00e1o ch\u00e2n m\u00e0ng c\u1ed5 ch\u00e2n, \u00e1o ch\u00e2n m\u00e0ng gi\u1eefa \u1ed1ng ch\u00e2n, \u00e1o ch\u00e2n m\u00e0ng \u1ed1ng ch\u00e2n, \u00e1o ch\u00e2n m\u00e0ng \u0111\u00f9i v\u00e0 \u00e1o ch\u00e2n m\u00e0ng \u0111\u00f9i cao.<\/p><h5>Lo\u1ea1i v\u1eadt li\u1ec7u b\u1ea1n s\u1eed d\u1ee5ng \u0111\u1ec3 s\u1ea3n xu\u1ea5t\u889c\u5b50 l\u00e0 g\u00ec?<\/h5><p>Ch\u00fang t\u00f4i ch\u1ee7 y\u1ebfu s\u1eed d\u1ee5ng cotton ch\u1ea5t l\u01b0\u1ee3ng cao \u0111\u1ec3 s\u1ea3n xu\u1ea5t c\u00e1c \u0111\u00f4i\u889c\u5b50 d\u1ec7t. D\u1ef1a tr\u00ean y\u00eau c\u1ea7u c\u1ee5 th\u1ec3 c\u1ee7a b\u1ea1n, ch\u00fang t\u00f4i c\u0169ng l\u00e0m vi\u1ec7c v\u1edbi c\u00e1c lo\u1ea1i v\u1eadt li\u1ec7u nh\u01b0 nylon, s\u1ee3i tre v\u00e0 c\u00e1c lo\u1ea1i v\u1ea3i chuy\u00ean d\u1ee5ng kh\u00e1c.<\/p><\/div>\t\t\t\t\t\t\t\t<\/div>\n\t\t\t\t<\/div>\n\t\t\t\t<div class=\"elementor-element elementor-element-a6dac2f elementor-widget elementor-widget-text-editor\" data-id=\"a6dac2f\" data-element_type=\"widget\" data-e-type=\"widget\" data-widget_type=\"text-editor.default\">\n\t\t\t\t<div class=\"elementor-widget-container\">\n\t\t\t\t\t\t\t\t\t<h2 id=\"brxe-mbiuzg\" class=\"brxe-heading\">Qu\u00e1 tr\u00ecnh thi\u1ebft k\u1ebf<\/h2><div id=\"brxe-wcsnnl\" class=\"brxe-block\"><h5 class=\"brxe-heading\">Thi\u1ebft k\u1ebf\u889c\u5b50 c\u00f3 mi\u1ec5n ph\u00ed kh\u00f4ng?<\/h5><div class=\"brxe-text\"><p>\u0110\u00fang v\u1eady, cho t\u1ea5t c\u1ea3 c\u00e1c kh\u00e1ch h\u00e0ng, thi\u1ebft k\u1ebf l\u00e0 mi\u1ec5n ph\u00ed, ch\u00fang t\u00f4i c\u00f3 c\u00e1c nh\u00e0 thi\u1ebft k\u1ebf chuy\u00ean nghi\u1ec7p \u0111\u1ec3 h\u1ed7 tr\u1ee3 kh\u00e1ch h\u00e0ng.<\/p><\/div><\/div><div id=\"brxe-jyqzww\" class=\"brxe-block\"><h5 class=\"brxe-heading\">T\u00f4i c\u00f3 th\u1ec3 nh\u1eadn \u0111\u01b0\u1ee3c thi\u1ebft k\u1ebf\u889c\u5b50 trong bao l\u00e2u?<\/h5><div class=\"brxe-text\"><p>Ch\u00fang t\u00f4i th\u01b0\u1eddng giao c\u00e1c kh\u00e1i ni\u1ec7m thi\u1ebft k\u1ebf\u889c\u5b50 trong v\u00f2ng 1-3 ng\u00e0y. Trong gi\u1edd l\u00e0m vi\u1ec7c, ch\u00fang t\u00f4i th\u01b0\u1eddng c\u00f3 th\u1ec3 cung c\u1ea5p thi\u1ebft k\u1ebf ch\u1ec9 trong v\u00e0i gi\u1edd.<\/p><\/div><\/div><div id=\"brxe-gzjzic\" class=\"brxe-block\"><h5 class=\"brxe-heading\">T\u00f4i c\u00f3 th\u1ec3 g\u1eedi thi\u1ebft k\u1ebf c\u1ee7a ri\u00eang m\u00ecnh cho b\u1ea1n kh\u00f4ng?<\/h5><div class=\"brxe-text\"><p>\u0110\u00fang v\u1eady, ch\u00fang t\u00f4i ch\u1ea5p nh\u1eadn c\u00e1c t\u1ec7p thi\u1ebft k\u1ebf d\u01b0\u1edbi b\u1ea5t k\u1ef3 \u0111\u1ecbnh d\u1ea1ng n\u00e0o. Ch\u00fang t\u00f4i khuy\u00ean b\u1ea1n n\u00ean s\u1eed d\u1ee5ng <strong><a href=\"https:\/\/customsockmanufacturer.com\/vi\/socks-mockup-download\/\" target=\"_blank\" rel=\"noreferrer noopener\">m\u1eabu thi\u1ebft k\u1ebf\u889c\u5b50<\/a><\/strong>\u00a0\u0111\u1ec3\u52a0\u5feb thi\u1ebft k\u1ebf.<\/p><\/div><\/div><div id=\"brxe-uqcawc\" class=\"brxe-block\"><h5 class=\"brxe-heading\">C\u00f3 gi\u1edbi h\u1ea1n s\u1ed1 l\u01b0\u1ee3ng m\u00e0u s\u1eafc trong thi\u1ebft k\u1ebf\u889c\u5b50 kh\u00f4ng?<\/h5><div class=\"brxe-text\"><p>\u0110\u00fang v\u1eady, c\u00f3 gi\u1edbi h\u1ea1n s\u1ed1 l\u01b0\u1ee3ng m\u00e0u s\u1eafc. Th\u01b0\u1eddng th\u00ec m\u1ed9t thi\u1ebft k\u1ebf \u0111\u01a1n gi\u1ea3n c\u00f3 th\u1ec3 s\u1eed d\u1ee5ng t\u1ed1i \u0111a 8 m\u00e0u, v\u00e0 m\u1ed9t thi\u1ebft k\u1ebf ph\u1ee9c t\u1ea1p c\u00f3 th\u1ec3 s\u1eed d\u1ee5ng t\u1ed1i \u0111a 5 m\u00e0u. Tuy nhi\u00ean, \u0111i\u1ec1u n\u00e0y kh\u00f4ng\u4e00\u5b9a\u662f\u786e\u5b9a\u7684.\u00a0<strong><a href=\"https:\/\/customsockmanufacturer.com\/vi\/contact\/\" target=\"_blank\" rel=\"noreferrer noopener\">G\u1eedi thi\u1ebft k\u1ebf c\u1ee7a b\u1ea1n \u0111\u1ebfn \u0111\u1ed9i ng\u0169 c\u1ee7a ch\u00fang t\u00f4i<\/a><\/strong>\u00a0\u0111\u1ec3 xem ch\u00fang t\u00f4i c\u00f3 th\u1ec3 l\u00e0m g\u00ec cho b\u1ea1n. v\u00e0 h\u1ed7 tr\u1ee3 thi\u1ebft k\u1ebf l\u00e0 mi\u1ec5n ph\u00ed!<\/p><\/div><\/div><div id=\"brxe-azzypg\" class=\"brxe-block\"><h5 class=\"brxe-heading\">B\u1ea1n c\u00f3 th\u1ec3 t\u1ea1o ra c\u00e1c \u0111\u00f4i\u889c\u5b50 v\u1edbi thi\u1ebft k\u1ebf kh\u00e1c nhau cho ch\u00e2n tr\u00e1i v\u00e0 ch\u00e2n ph\u1ea3i kh\u00f4ng?<\/h5><div class=\"brxe-text\"><p>\u0110\u00fang v\u1eady! Ch\u00fang t\u00f4i c\u00f3 th\u1ec3 s\u1ea3n xu\u1ea5t c\u00e1c c\u1eb7p kh\u00f4ng \u0111\u1ed3ng nh\u1ea5t v\u1edbi thi\u1ebft k\u1ebf \u0111\u1ed9c \u0111\u00e1o cho ch\u00e2n tr\u00e1i v\u00e0 ch\u00e2n ph\u1ea3i.<\/p><\/div><\/div><div id=\"brxe-xnnlxx\" class=\"brxe-block\"><h5 class=\"brxe-heading\">T\u00f4i kh\u00f4ng c\u00f3 \u00fd t\u01b0\u1edfng \u0111\u1ec3 thi\u1ebft k\u1ebf\u889c\u5b50, c\u00f3 th\u1ec3 nh\u1eadn \u0111\u01b0\u1ee3c h\u1ed7 tr\u1ee3 kh\u00f4ng?<\/h5><div class=\"brxe-text\"><p>Kh\u00f4ng c\u00f3 v\u1ea5n \u0111\u1ec1! \u0110\u1ed9i ng\u0169 thi\u1ebft k\u1ebf c\u00f3 kinh nghi\u1ec7m c\u1ee7a ch\u00fang t\u00f4i c\u00f3 th\u1ec3 t\u1ea1o ra c\u00e1c thi\u1ebft k\u1ebf\u889c\u5b50 ho\u00e0n h\u1ea3o ph\u00f9 h\u1ee3p v\u1edbi th\u01b0\u01a1ng hi\u1ec7u ho\u1eb7c c\u00f4ng ty c\u1ee7a b\u1ea1n. Ch\u00fang t\u00f4i cung c\u1ea5p d\u1ecbch v\u1ee5 thi\u1ebft k\u1ebf mi\u1ec5n ph\u00ed v\u00e0 kh\u00f4ng gi\u1edbi h\u1ea1n s\u1ed1 l\u1ea7n ch\u1ec9nh s\u1eeda cho \u0111\u1ebfn khi b\u1ea1n ho\u00e0n to\u00e0n h\u00e0i l\u00f2ng.<\/p><\/div><\/div>\t\t\t\t\t\t\t\t<\/div>\n\t\t\t\t<\/div>\n\t\t\t\t<div class=\"elementor-element elementor-element-53b4ad8 elementor-widget elementor-widget-text-editor\" data-id=\"53b4ad8\" data-element_type=\"widget\" data-e-type=\"widget\" data-widget_type=\"text-editor.default\">\n\t\t\t\t<div class=\"elementor-widget-container\">\n\t\t\t\t\t\t\t\t\t<h2 id=\"brxe-gnvhki\" class=\"brxe-heading\">S\u1ea3n xu\u1ea5t v\u00e0 Giao h\u00e0ng<\/h2><div id=\"brxe-nswowm\" class=\"brxe-block\"><h5 class=\"brxe-heading\">Th\u1eddi gian giao h\u00e0ng cho c\u00e1c \u0111\u00f4i\u889c\u5b50 t\u00f9y ch\u1ec9nh l\u00e0 bao l\u00e2u?<\/h5><div class=\"brxe-text\"><p>Th\u1eddi gian s\u1ea3n xu\u1ea5t ti\u00eau chu\u1ea9n c\u1ee7a ch\u00fang t\u00f4i l\u00e0 10-15 ng\u00e0y l\u00e0m vi\u1ec7c, c\u1ed9ng v\u1edbi th\u1eddi gian giao h\u00e0ng. Ch\u00fang t\u00f4i c\u0169ng c\u00f3 th\u1ec3 nhanh ch\u00f3ng ho\u00e0n th\u00e0nh \u0111\u01a1n h\u00e0ng c\u1ee7a b\u1ea1n mi\u1ec5n ph\u00ed. Ch\u00fang t\u00f4i c\u0169ng mi\u1ec5n ph\u00ed cho c\u00e1c \u0111\u01a1n h\u00e0ng g\u1ea5p.<\/p><\/div><\/div><div id=\"brxe-uhrnvg\" class=\"brxe-block\"><h5 class=\"brxe-heading\">C\u00f3 th\u1ec3 l\u00e0m \u0111\u01a1n h\u00e0ng g\u1ea5p kh\u00f4ng?<\/h5><div class=\"brxe-text\"><p>\u0110\u00fang v\u1eady, ch\u00fang t\u00f4i l\u00e0m \u0111\u01a1n h\u00e0ng g\u1ea5p mi\u1ec5n ph\u00ed, xin vui l\u00f2ng li\u00ean h\u1ec7 ngay \u0111\u1ec3 \u0111\u1ea3m b\u1ea3o r\u1eb1ng ch\u00fang t\u00f4i c\u00f3 th\u1ec3 s\u1ea3n xu\u1ea5t ch\u00fang cho b\u1ea1n c\u00e0ng s\u1edbm c\u00e0ng t\u1ed1t.<\/p><\/div><\/div><div id=\"brxe-myixcc\" class=\"brxe-block\"><h5 class=\"brxe-heading\">Socks \u0111\u01b0\u1ee3c s\u1ea3n xu\u1ea5t v\u00e0 giao h\u00e0ng t\u1eeb \u0111\u00e2u?<\/h5><div class=\"brxe-text\"><p>Socks \u0111\u01b0\u1ee3c s\u1ea3n xu\u1ea5t trong nh\u00e0 m\u00e1y c\u1ee7a ch\u00fang t\u00f4i t\u1ea1i th\u00e0nh ph\u1ed1 Zhujia, Trung Qu\u1ed1c, v\u00e0 vi\u1ec7c giao h\u00e0ng th\u01b0\u1eddng xuy\u00ean qua c\u1ea3ng Ningbo.<\/p><\/div><\/div><div id=\"brxe-oanwnu\" class=\"brxe-block\"><h5 class=\"brxe-heading\">C\u00f3 th\u1ec3 giao h\u00e0ng qu\u1ed1c t\u1ebf kh\u00f4ng?<\/h5><div class=\"brxe-text\"><p>\u0110\u00fang v\u1eady, socks c\u1ee7a ch\u00fang t\u00f4i \u0111\u01b0\u1ee3c giao h\u00e0ng kh\u1eafp th\u1ebf gi\u1edbi. Tuy nhi\u00ean, c\u00e1c khu v\u1ef1c kh\u00e1c nhau c\u00f3 c\u00e1c ch\u00ednh s\u00e1ch kh\u00e1c nhau, v\u00e0 c\u00f3 th\u1ec3 c\u00f3 th\u00eam thu\u1ebf ho\u1eb7c ph\u1ee5 ph\u00ed.<\/p><\/div><\/div><div id=\"brxe-yarzrr\" class=\"brxe-block\"><h5 class=\"brxe-heading\">T\u00f4i c\u00f3 th\u1ec3 theo d\u00f5i vi\u1ec7c giao h\u00e0ng c\u1ee7a \u0111\u01a1n h\u00e0ng socks kh\u00f4ng?<\/h5><div class=\"brxe-text\"><p>Khi giao h\u00e0ng, ch\u00fang t\u00f4i s\u1ebd g\u1eedi email th\u00f4ng tin m\u00e3 theo d\u00f5i.<\/p><\/div><\/div>\t\t\t\t\t\t\t\t<\/div>\n\t\t\t\t<\/div>\n\t\t\t\t<div class=\"elementor-element elementor-element-b4e56e8 elementor-widget elementor-widget-text-editor\" data-id=\"b4e56e8\" data-element_type=\"widget\" data-e-type=\"widget\" data-widget_type=\"text-editor.default\">\n\t\t\t\t<div class=\"elementor-widget-container\">\n\t\t\t\t\t\t\t\t\t<h2 id=\"brxe-errtwg\" class=\"brxe-heading\">Th\u00f4ng tin gi\u00e1 c\u1ea3<\/h2><div id=\"brxe-awluus\" class=\"brxe-block\"><h5 class=\"brxe-heading\">Gi\u00e1 c\u1ee7a \u0111\u00f4i t\u1ea5t l\u00e0 bao nhi\u00eau?<\/h5><div class=\"brxe-text\"><p>Gi\u00e1 c\u1ea3 ph\u1ee5 thu\u1ed9c v\u00e0o s\u1ed1 l\u01b0\u1ee3ng \u0111\u01a1n \u0111\u1eb7t h\u00e0ng c\u1ee7a t\u1ea5t, th\u01b0\u1eddng th\u00ec s\u1ed1 l\u01b0\u1ee3ng l\u1edbn h\u01a1n, s\u1ebd nh\u1eadn \u0111\u01b0\u1ee3c nhi\u1ec1u gi\u1ea3m gi\u00e1 h\u01a1n. Ch\u00fang t\u00f4i kh\u00f4ng th\u1ec3 cung c\u1ea5p gi\u00e1 c\u1ee5 th\u1ec3 t\u1ea1i \u0111\u00e2y, vui l\u00f2ng li\u00ean h\u1ec7 v\u1edbi\u00a0<strong><a href=\"https:\/\/customsockmanufacturer.com\/vi\/contact\/\" target=\"_blank\" rel=\"noreferrer noopener\">\u0111\u1ed9i ng\u0169 b\u00e1n h\u00e0ng<\/a><\/strong>\u00a0\u0111\u1ec3 bi\u1ebft gi\u00e1 ch\u00ednh x\u00e1c.<\/p><\/div><\/div><div id=\"brxe-wdylxo\" class=\"brxe-block\"><h5 class=\"brxe-heading\">C\u00f3 ph\u00ed ph\u00e1t sinh n\u00e0o kh\u00f4ng?<\/h5><div class=\"brxe-text\"><p>Kh\u00f4ng c\u00f3 ph\u00ed ph\u00e1t sinh, kh\u00f4ng c\u00f3 ph\u00ed thi\u1ebft l\u1eadp v\u00e0 kh\u00f4ng c\u00f3 ph\u00ed g\u1ea5p.<\/p><\/div><\/div><div id=\"brxe-djoysf\" class=\"brxe-block\"><h5 class=\"brxe-heading\">B\u1ea1n ch\u1ea5p nh\u1eadn ph\u01b0\u01a1ng th\u1ee9c thanh to\u00e1n n\u00e0o?<\/h5><div class=\"brxe-text\"><p>Ch\u00fang t\u00f4i ch\u1ea5p nh\u1eadn th\u1ebb t\u00edn d\u1ee5ng, PayPal v\u00e0 chuy\u1ec3n kho\u1ea3n ng\u00e2n h\u00e0ng (T\/T) \u0111\u1ec3 ti\u1ec7n l\u1ee3i cho b\u1ea1n.<\/p><\/div><\/div>\t\t\t\t\t\t\t\t<\/div>\n\t\t\t\t<\/div>\n\t\t\t\t\t<\/div>\n\t\t\t\t<\/div>\n\t\t<div class=\"elementor-element elementor-element-02f3d74 e-flex e-con-boxed e-con e-parent\" data-id=\"02f3d74\" data-element_type=\"container\" data-e-type=\"container\">\n\t\t\t\t\t<div class=\"e-con-inner\">\n\t\t\t\t<div class=\"elementor-element elementor-element-a05c0e7 elementor-widget elementor-widget-heading\" data-id=\"a05c0e7\" data-element_type=\"widget\" data-e-type=\"widget\" data-widget_type=\"heading.default\">\n\t\t\t\t<div class=\"elementor-widget-container\">\n\t\t\t\t\t<h2 class=\"elementor-heading-title elementor-size-default\">C\u00f2n c\u00f3 c\u00e2u h\u1ecfi n\u00e0o kh\u00f4ng?<\/h2>\t\t\t\t<\/div>\n\t\t\t\t<\/div>\n\t\t\t\t<div class=\"elementor-element elementor-element-4ecdc5d elementor-widget elementor-widget-heading\" data-id=\"4ecdc5d\" data-element_type=\"widget\" data-e-type=\"widget\" data-widget_type=\"heading.default\">\n\t\t\t\t<div class=\"elementor-widget-container\">\n\t\t\t\t\t<span class=\"elementor-heading-title elementor-size-default\">\u0110\u1ed9i ng\u0169 h\u1ed7 tr\u1ee3 c\u1ee7a ch\u00fang t\u00f4i c\u00f3 th\u1ec3 tr\u1ea3 l\u1eddi b\u1ea5t k\u1ef3 c\u00e2u h\u1ecfi n\u00e0o b\u1ea1n c\u00f3 v\u1ec1 t\u1ea5t custom.\n<\/span>\t\t\t\t<\/div>\n\t\t\t\t<\/div>\n\t\t\t\t<div class=\"elementor-element elementor-element-570ebf7 elementor-align-center elementor-widget elementor-widget-button\" data-id=\"570ebf7\" data-element_type=\"widget\" data-e-type=\"widget\" data-widget_type=\"button.default\">\n\t\t\t\t<div class=\"elementor-widget-container\">\n\t\t\t\t\t\t\t\t\t<div class=\"elementor-button-wrapper\">\n\t\t\t\t\t<a class=\"elementor-button elementor-button-link elementor-size-sm\" href=\"https:\/\/customsockmanufacturer.com\/vi\/contact\/\">\n\t\t\t\t\t\t<span class=\"elementor-button-content-wrapper\">\n\t\t\t\t\t\t\t\t\t<span class=\"elementor-button-text\">Li\u00ean h\u1ec7 v\u1edbi ch\u00fang t\u00f4i<\/span>\n\t\t\t\t\t<\/span>\n\t\t\t\t\t<\/a>\n\t\t\t\t<\/div>\n\t\t\t\t\t\t\t\t<\/div>\n\t\t\t\t<\/div>\n\t\t\t\t\t<\/div>\n\t\t\t\t<\/div>\n\t\t\t\t<\/div>","protected":false},"excerpt":{"rendered":"<p>C\u00e2u h\u1ecfi th\u01b0\u1eddng g\u1eb7p Mu\u1ed1n t\u1ea1o nh\u1eefng \u0111\u00f4i\u889c\u5b50 t\u00f9y ch\u1ec9nh? Quy tr\u00ecnh n\u00e0y r\u1ea5t \u0111\u01a1n gi\u1ea3n \u2013 ch\u00fang t\u00f4i ch\u1ec9 c\u1ea7n \u00fd t\u01b0\u1edfng ho\u1eb7c logo c\u1ee7a b\u1ea1n \u0111\u1ec3 thi\u1ebft k\u1ebf v\u00e0 s\u1ea3n xu\u1ea5t \u0111\u00f4i\u889c\u5b50 ho\u00e0n h\u1ea3o c\u1ee7a b\u1ea1n. Xem c\u00e2u h\u1ecfi th\u01b0\u1eddng g\u1eb7p d\u01b0\u1edbi \u0111\u00e2y \u0111\u1ec3 bi\u1ebft th\u00eam v\u1ec1 d\u1ecbch v\u1ee5 t\u00f9y ch\u1ec9nh c\u1ee7a ch\u00fang t\u00f4i. N\u1ebfu b\u1ea1n kh\u00f4ng t\u00ecm th\u1ea5y \u0111i\u1ec1u m\u00ecnh c\u1ea7n, xin vui l\u00f2ng li\u00ean h\u1ec7 v\u1edbi ch\u00fang t\u00f4i tr\u1ef1c ti\u1ebfp! Th\u00f4ng tin chung\u2026&nbsp;<a href=\"https:\/\/customsockmanufacturer.com\/vi\/resources\/faqs\/\" rel=\"bookmark\">\u0110\u1ecdc ti\u1ebfp &gt;&gt;<span class=\"screen-reader-text\">C\u00e2u h\u1ecfi th\u01b0\u1eddng g\u1eb7p<\/span><\/a><\/p>","protected":false},"author":1,"featured_media":0,"parent":1796,"menu_order":0,"comment_status":"closed","ping_status":"closed","template":"page-templates\/template-pagebuilder-full-width.php","meta":{"_acf_changed":false,"neve_meta_sidebar":"","neve_meta_container":"","neve_meta_enable_content_width":"off","neve_meta_content_width":100,"neve_meta_title_alignment":"","neve_meta_author_avatar":"","neve_post_elements_order":"","neve_meta_disable_header":"","neve_meta_disable_footer":"","neve_meta_disable_title":"","footnotes":""},"class_list":["post-1812","page","type-page","status-publish","hentry"],"acf":[],"_links":{"self":[{"href":"https:\/\/customsockmanufacturer.com\/vi\/wp-json\/wp\/v2\/pages\/1812","targetHints":{"allow":["GET"]}}],"collection":[{"href":"https:\/\/customsockmanufacturer.com\/vi\/wp-json\/wp\/v2\/pages"}],"about":[{"href":"https:\/\/customsockmanufacturer.com\/vi\/wp-json\/wp\/v2\/types\/page"}],"author":[{"embeddable":true,"href":"https:\/\/customsockmanufacturer.com\/vi\/wp-json\/wp\/v2\/users\/1"}],"replies":[{"embeddable":true,"href":"https:\/\/customsockmanufacturer.com\/vi\/wp-json\/wp\/v2\/comments?post=1812"}],"version-history":[{"count":5,"href":"https:\/\/customsockmanufacturer.com\/vi\/wp-json\/wp\/v2\/pages\/1812\/revisions"}],"predecessor-version":[{"id":3141,"href":"https:\/\/customsockmanufacturer.com\/vi\/wp-json\/wp\/v2\/pages\/1812\/revisions\/3141"}],"up":[{"embeddable":true,"href":"https:\/\/customsockmanufacturer.com\/vi\/wp-json\/wp\/v2\/pages\/1796"}],"wp:attachment":[{"href":"https:\/\/customsockmanufacturer.com\/vi\/wp-json\/wp\/v2\/media?parent=1812"}],"curies":[{"name":"wp","href":"https:\/\/api.w.org\/{rel}","templated":true}]}}