{"id":1796,"date":"2024-06-06T01:47:56","date_gmt":"2024-06-06T01:47:56","guid":{"rendered":"https:\/\/customsockmanufacturer.com\/?page_id=1796"},"modified":"2024-06-06T02:14:03","modified_gmt":"2024-06-06T02:14:03","slug":"resources","status":"publish","type":"page","link":"https:\/\/customsockmanufacturer.com\/vi\/resources\/","title":{"rendered":"T\u00e0i nguy\u00ean"},"content":{"rendered":"<div data-elementor-type=\"wp-page\" data-elementor-id=\"1796\" class=\"elementor elementor-1796\" data-elementor-post-type=\"page\">\n\t\t\t\t<div class=\"elementor-element elementor-element-3a986b5 e-flex e-con-boxed e-con e-parent\" data-id=\"3a986b5\" data-element_type=\"container\" data-e-type=\"container\">\n\t\t\t\t\t<div class=\"e-con-inner\">\n\t\t\t\t<div class=\"elementor-element elementor-element-c2c27a6 elementor-widget__width-initial elementor-widget elementor-widget-heading\" data-id=\"c2c27a6\" data-element_type=\"widget\" data-e-type=\"widget\" data-widget_type=\"heading.default\">\n\t\t\t\t<div class=\"elementor-widget-container\">\n\t\t\t\t\t<h2 class=\"elementor-heading-title elementor-size-default\">\u00c1o len handmade v\u00e0 nh\u1eefng m\u00f3n \u0111\u1ed3 th\u00fa v\u1ecb<\/h2>\t\t\t\t<\/div>\n\t\t\t\t<\/div>\n\t\t\t\t<div class=\"elementor-element elementor-element-e8cc48c elementor-widget elementor-widget-heading\" data-id=\"e8cc48c\" data-element_type=\"widget\" data-e-type=\"widget\" data-widget_type=\"heading.default\">\n\t\t\t\t<div class=\"elementor-widget-container\">\n\t\t\t\t\t<div class=\"elementor-heading-title elementor-size-default\">T\u00ecm hi\u1ec3u c\u00e1ch b\u1eaft \u0111\u1ea7u h\u00e0nh tr\u00ecnh len handmade v\u00e0 \u00e1o len c\u00e1 nh\u00e2n h\u00f3a c\u1ee7a b\u1ea1n ngay t\u1ea1i \u0111\u00e2y, v\u00e0 \u01a1, b\u1ea1n c\u00f2n c\u00f3 th\u1ec3 t\u00ecm th\u1ea5y m\u1ed9t s\u1ed1 t\u00e0i nguy\u00ean mi\u1ec5n ph\u00ed th\u00fa v\u1ecb ngay t\u1ea1i \u0111\u00e2y n\u1eefa!<\/div>\t\t\t\t<\/div>\n\t\t\t\t<\/div>\n\t\t\t\t\t<\/div>\n\t\t\t\t<\/div>\n\t\t<div class=\"elementor-element elementor-element-02b734c e-grid e-con-boxed e-con e-parent\" data-id=\"02b734c\" data-element_type=\"container\" data-e-type=\"container\">\n\t\t\t\t\t<div class=\"e-con-inner\">\n\t\t\t\t<div class=\"elementor-element elementor-element-5383c8d elementor-widget__width-inherit elementor-widget elementor-widget-ucaddon_content_box\" data-id=\"5383c8d\" data-element_type=\"widget\" data-e-type=\"widget\" data-widget_type=\"ucaddon_content_box.default\">\n\t\t\t\t<div class=\"elementor-widget-container\">\n\t\t\t\t\t\n<!-- start Content Box -->\n<style>\/* widget: Content Box *\/\n\n.uc_content_box_elementor_5383c8d .content-box .img-boxs{transition: 0.3s; position: relative; overflow: hidden;}\n.uc_content_box_elementor_5383c8d .content-box .img-boxs img{height: 100%;    display: block;    transition: 0.3s; object-fit: Cover;    transform: scale(100%);}\n.uc_content_box_elementor_5383c8d .content-box .img-boxs a{display:flex;    justify-content: center;}\n\n<\/style>\n\n<div class=\"uc_content_box_elementor_5383c8d\">\n  <div class=\"content-box\">\n    <div class=\"img-boxs\">\n    <a href=\"#\" target=\"\" title=\"\"><img decoding=\"async\" src=\"https:\/\/customsockmanufacturer.com\/wp-content\/uploads\/2024\/06\/10002-5.jpg\"><\/a>\n    <\/div>\n    <div class=\"contents\">\n      <h3><a href=\"\">C\u00e1ch ho\u1ea1t \u0111\u1ed9ng<\/a><\/h3>\n      <p>H\u1ecdc c\u00e1ch d\u1ec5 d\u00e0ng b\u1eaft \u0111\u1ea7u c\u00e1 nh\u00e2n h\u00f3a \u00e1o len v\u00e0\u889c\u5b50 c\u1ee7a b\u1ea1n ngay t\u1ea1i \u0111\u00e2y!<\/p>      <a href=\"#\" target=\"\" title=\"\"><button>H\u1ecdc th\u00eam &gt;<\/button><\/a>\n    <\/div>\n  <\/div>\n<\/div>\n<!-- end Content Box -->\t\t\t\t<\/div>\n\t\t\t\t<\/div>\n\t\t\t\t<div class=\"elementor-element elementor-element-2552de4 elementor-widget__width-inherit elementor-widget elementor-widget-ucaddon_content_box\" data-id=\"2552de4\" data-element_type=\"widget\" data-e-type=\"widget\" data-widget_type=\"ucaddon_content_box.default\">\n\t\t\t\t<div class=\"elementor-widget-container\">\n\t\t\t\t\t\n<!-- start Content Box -->\n<style>\/* widget: Content Box *\/\n\n.uc_content_box_elementor_2552de4 .content-box .img-boxs{transition: 0.3s; position: relative; overflow: hidden;}\n.uc_content_box_elementor_2552de4 .content-box .img-boxs img{height: 100%;    display: block;    transition: 0.3s; object-fit: Cover;    transform: scale(100%);}\n.uc_content_box_elementor_2552de4 .content-box .img-boxs a{display:flex;    justify-content: center;}\n\n<\/style>\n\n<div class=\"uc_content_box_elementor_2552de4\">\n  <div class=\"content-box\">\n    <div class=\"img-boxs\">\n    <a href=\"#\" target=\"\" title=\"\"><img decoding=\"async\" src=\"https:\/\/customsockmanufacturer.com\/wp-content\/uploads\/2024\/06\/10003-1.webp\"><\/a>\n    <\/div>\n    <div class=\"contents\">\n      <h3><a href=\"\">B\u00e1o m\u1eabu thi\u1ebft k\u1ebf v\u00e0 c\u00f4ng c\u1ee5<\/a><\/h3>\n      <p>T\u1ea3i xu\u1ed1ng c\u00e1c m\u1eabu mi\u1ec5n ph\u00ed v\u00e0 c\u00f4ng c\u1ee5 \u0111\u1ec3 thi\u1ebft k\u1ebf s\u1ea3n ph\u1ea9m \u00e1o len v\u00e0\u889c\u5b50 c\u1ee7a b\u1ea1n.<\/p>      <a href=\"#\" target=\"\" title=\"\"><button> Nh\u1eadn m\u1eabu v\u00e0 c\u00f4ng c\u1ee5 &gt;<\/button><\/a>\n    <\/div>\n  <\/div>\n<\/div>\n<!-- end Content Box -->\t\t\t\t<\/div>\n\t\t\t\t<\/div>\n\t\t\t\t<div class=\"elementor-element elementor-element-0d34070 elementor-widget__width-inherit elementor-widget elementor-widget-ucaddon_content_box\" data-id=\"0d34070\" data-element_type=\"widget\" data-e-type=\"widget\" data-widget_type=\"ucaddon_content_box.default\">\n\t\t\t\t<div class=\"elementor-widget-container\">\n\t\t\t\t\t\n<!-- start Content Box -->\n<style>\/* widget: Content Box *\/\n\n.uc_content_box_elementor_0d34070 .content-box .img-boxs{transition: 0.3s; position: relative; overflow: hidden;}\n.uc_content_box_elementor_0d34070 .content-box .img-boxs img{height: 100%;    display: block;    transition: 0.3s; object-fit: Cover;    transform: scale(100%);}\n.uc_content_box_elementor_0d34070 .content-box .img-boxs a{display:flex;    justify-content: center;}\n\n<\/style>\n\n<div class=\"uc_content_box_elementor_0d34070\">\n  <div class=\"content-box\">\n    <div class=\"img-boxs\">\n    <a href=\"#\" target=\"\" title=\"\"><img decoding=\"async\" src=\"https:\/\/customsockmanufacturer.com\/wp-content\/uploads\/2024\/06\/10004-4.jpg\"><\/a>\n    <\/div>\n    <div class=\"contents\">\n      <h3><a href=\"\">T\u00f9y ch\u1ecdn v\u00e0 phong c\u00e1ch c\u00e1 nh\u00e2n h\u00f3a<\/a><\/h3>\n      <p>T\u00ecm hi\u1ec3u v\u1ec1 c\u00e1c t\u00f9y ch\u1ecdn v\u00e0 phong c\u00e1ch c\u00f3 th\u1ec3 t\u00f9y ch\u1ec9nh, nh\u01b0 k\u00edch th\u01b0\u1edbc, chi\u1ec1u cao v\u00e0 c\u00f4ng ngh\u1ec7 b\u1ed5 sung.<\/p>      <a href=\"#\" target=\"\" title=\"\"><button>H\u1ecdc th\u00eam &gt;<\/button><\/a>\n    <\/div>\n  <\/div>\n<\/div>\n<!-- end Content Box -->\t\t\t\t<\/div>\n\t\t\t\t<\/div>\n\t\t\t\t<div class=\"elementor-element elementor-element-80f9d0f elementor-widget__width-inherit elementor-widget elementor-widget-ucaddon_content_box\" data-id=\"80f9d0f\" data-element_type=\"widget\" data-e-type=\"widget\" data-widget_type=\"ucaddon_content_box.default\">\n\t\t\t\t<div class=\"elementor-widget-container\">\n\t\t\t\t\t\n<!-- start Content Box -->\n<style>\/* widget: Content Box *\/\n\n.uc_content_box_elementor_80f9d0f .content-box .img-boxs{transition: 0.3s; position: relative; overflow: hidden;}\n.uc_content_box_elementor_80f9d0f .content-box .img-boxs img{height: 100%;    display: block;    transition: 0.3s; object-fit: Cover;    transform: scale(100%);}\n.uc_content_box_elementor_80f9d0f .content-box .img-boxs a{display:flex;    justify-content: center;}\n\n<\/style>\n\n<div class=\"uc_content_box_elementor_80f9d0f\">\n  <div class=\"content-box\">\n    <div class=\"img-boxs\">\n    <a href=\"#\" target=\"\" title=\"\"><img decoding=\"async\" src=\"https:\/\/customsockmanufacturer.com\/wp-content\/uploads\/2024\/06\/10005-1.webp\"><\/a>\n    <\/div>\n    <div class=\"contents\">\n      <h3><a href=\"\">Danh s\u00e1ch m\u00e0u s\u1ee3i<\/a><\/h3>\n      <p>T\u00ecm hi\u1ec3u v\u1ec1 c\u00e1c t\u00f9y ch\u1ecdn v\u00e0 phong c\u00e1ch c\u00f3 th\u1ec3 t\u00f9y ch\u1ec9nh, nh\u01b0 k\u00edch th\u01b0\u1edbc, chi\u1ec1u cao v\u00e0 c\u00f4ng ngh\u1ec7 b\u1ed5 sung.<\/p>      <a href=\"#\" target=\"\" title=\"\"><button>H\u1ecdc th\u00eam &gt;<\/button><\/a>\n    <\/div>\n  <\/div>\n<\/div>\n<!-- end Content Box -->\t\t\t\t<\/div>\n\t\t\t\t<\/div>\n\t\t\t\t<div class=\"elementor-element elementor-element-2010958 elementor-widget__width-inherit elementor-widget elementor-widget-ucaddon_content_box\" data-id=\"2010958\" data-element_type=\"widget\" data-e-type=\"widget\" data-widget_type=\"ucaddon_content_box.default\">\n\t\t\t\t<div class=\"elementor-widget-container\">\n\t\t\t\t\t\n<!-- start Content Box -->\n<style>\/* widget: Content Box *\/\n\n.uc_content_box_elementor_2010958 .content-box .img-boxs{transition: 0.3s; position: relative; overflow: hidden;}\n.uc_content_box_elementor_2010958 .content-box .img-boxs img{height: 100%;    display: block;    transition: 0.3s; object-fit: Cover;    transform: scale(100%);}\n.uc_content_box_elementor_2010958 .content-box .img-boxs a{display:flex;    justify-content: center;}\n\n<\/style>\n\n<div class=\"uc_content_box_elementor_2010958\">\n  <div class=\"content-box\">\n    <div class=\"img-boxs\">\n    <a href=\"#\" target=\"\" title=\"\"><img decoding=\"async\" src=\"https:\/\/customsockmanufacturer.com\/wp-content\/uploads\/2024\/06\/10006-2.jpg\"><\/a>\n    <\/div>\n    <div class=\"contents\">\n      <h3><a href=\"\">K\u00edch th\u01b0\u1edbc\u889c\u5b50<\/a><\/h3>\n      <p>Xem th\u01b0 vi\u1ec7n s\u1ea3n ph\u1ea9m nh\u00e3n tr\u1eafng c\u1ee7a ch\u00fang t\u00f4i, ch\u1ecdn m\u1ed9t \u0111\u1ec3 b\u1eaft \u0111\u1ea7u quy tr\u00ecnh c\u00e1 nh\u00e2n h\u00f3a c\u1ee7a b\u1ea1n!<\/p>      <a href=\"#\" target=\"\" title=\"\"><button>H\u1ecdc th\u00eam &gt;<\/button><\/a>\n    <\/div>\n  <\/div>\n<\/div>\n<!-- end Content Box -->\t\t\t\t<\/div>\n\t\t\t\t<\/div>\n\t\t\t\t<div class=\"elementor-element elementor-element-6508832 elementor-widget__width-inherit elementor-widget elementor-widget-ucaddon_content_box\" data-id=\"6508832\" data-element_type=\"widget\" data-e-type=\"widget\" data-widget_type=\"ucaddon_content_box.default\">\n\t\t\t\t<div class=\"elementor-widget-container\">\n\t\t\t\t\t\n<!-- start Content Box -->\n<style>\/* widget: Content Box *\/\n\n.uc_content_box_elementor_6508832 .content-box .img-boxs{transition: 0.3s; position: relative; overflow: hidden;}\n.uc_content_box_elementor_6508832 .content-box .img-boxs img{height: 100%;    display: block;    transition: 0.3s; object-fit: Cover;    transform: scale(100%);}\n.uc_content_box_elementor_6508832 .content-box .img-boxs a{display:flex;    justify-content: center;}\n\n<\/style>\n\n<div class=\"uc_content_box_elementor_6508832\">\n  <div class=\"content-box\">\n    <div class=\"img-boxs\">\n    <a href=\"#\" target=\"\" title=\"\"><img decoding=\"async\" src=\"https:\/\/customsockmanufacturer.com\/wp-content\/uploads\/2024\/06\/Three-pairs-of-custom-dress-socks-on-the-table.webp\"><\/a>\n    <\/div>\n    <div class=\"contents\">\n      <h3><a href=\"\">C\u00e2u h\u1ecfi th\u01b0\u1eddng g\u1eb7p (FAQ)<\/a><\/h3>\n      <p>C\u00f3 g\u00ec c\u1ea7n bi\u1ebft? D\u01b0\u1edbi \u0111\u00e2y l\u00e0 c\u00e2u tr\u1ea3 l\u1eddi cho h\u1ea7u h\u1ebft c\u00e1c c\u00e2u h\u1ecfi c\u1ee7a b\u1ea1n.<\/p>      <a href=\"#\" target=\"\" title=\"\"><button>H\u1ecdc th\u00eam &gt;<\/button><\/a>\n    <\/div>\n  <\/div>\n<\/div>\n<!-- end Content Box -->\t\t\t\t<\/div>\n\t\t\t\t<\/div>\n\t\t\t\t\t<\/div>\n\t\t\t\t<\/div>\n\t\t\t\t<\/div>","protected":false},"excerpt":{"rendered":"<p>May m\u1eb7c t\u1ef1 l\u00e0m v\u00e0 \u0111\u1ed3 th\u00fa v\u1ecb T\u1ea5t c\u1ea3 nh\u1eefng g\u00ec b\u1ea1n c\u1ea7n \u0111\u1ec1u c\u00f3 ngay \u0111\u00e2y! T\u00ecm hi\u1ec3u c\u00e1ch b\u1eaft \u0111\u1ea7u h\u00e0nh tr\u00ecnh may \u0111\u1ed3 ch\u00e2n t\u1ef1 l\u00e0m v\u00e0 may m\u1eb7c c\u1ee7a b\u1ea1n \u1edf \u0111\u00e2y, v\u00e0 hey, b\u1ea1n c\u00f2n c\u00f3 th\u1ec3 t\u00ecm th\u1ea5y m\u1ed9t s\u1ed1 t\u00e0i nguy\u00ean mi\u1ec5n ph\u00ed th\u00fa v\u1ecb ngay \u0111\u00e2y n\u1eefa! C\u00e1ch ho\u1ea1t \u0111\u1ed9ng H\u1ecdc c\u00e1ch d\u1ec5 d\u00e0ng b\u1eaft \u0111\u1ea7u t\u00f9y ch\u1ec9nh \u0111\u1ed3 ch\u00e2n v\u00e0 may m\u1eb7c c\u1ee7a b\u1ea1n ngay \u0111\u00e2y! T\u00ecm hi\u1ec3u th\u00eam\u2026&nbsp;<a href=\"https:\/\/customsockmanufacturer.com\/vi\/resources\/\" rel=\"bookmark\">\u0110\u1ecdc ti\u1ebfp &gt;&gt;<span class=\"screen-reader-text\">T\u00e0i nguy\u00ean<\/span><\/a><\/p>","protected":false},"author":1,"featured_media":0,"parent":0,"menu_order":0,"comment_status":"closed","ping_status":"closed","template":"page-templates\/template-pagebuilder-full-width.php","meta":{"_acf_changed":false,"neve_meta_sidebar":"","neve_meta_container":"","neve_meta_enable_content_width":"off","neve_meta_content_width":100,"neve_meta_title_alignment":"","neve_meta_author_avatar":"","neve_post_elements_order":"","neve_meta_disable_header":"","neve_meta_disable_footer":"","neve_meta_disable_title":"","footnotes":""},"class_list":["post-1796","page","type-page","status-publish","hentry"],"acf":[],"_links":{"self":[{"href":"https:\/\/customsockmanufacturer.com\/vi\/wp-json\/wp\/v2\/pages\/1796","targetHints":{"allow":["GET"]}}],"collection":[{"href":"https:\/\/customsockmanufacturer.com\/vi\/wp-json\/wp\/v2\/pages"}],"about":[{"href":"https:\/\/customsockmanufacturer.com\/vi\/wp-json\/wp\/v2\/types\/page"}],"author":[{"embeddable":true,"href":"https:\/\/customsockmanufacturer.com\/vi\/wp-json\/wp\/v2\/users\/1"}],"replies":[{"embeddable":true,"href":"https:\/\/customsockmanufacturer.com\/vi\/wp-json\/wp\/v2\/comments?post=1796"}],"version-history":[{"count":58,"href":"https:\/\/customsockmanufacturer.com\/vi\/wp-json\/wp\/v2\/pages\/1796\/revisions"}],"predecessor-version":[{"id":1884,"href":"https:\/\/customsockmanufacturer.com\/vi\/wp-json\/wp\/v2\/pages\/1796\/revisions\/1884"}],"wp:attachment":[{"href":"https:\/\/customsockmanufacturer.com\/vi\/wp-json\/wp\/v2\/media?parent=1796"}],"curies":[{"name":"wp","href":"https:\/\/api.w.org\/{rel}","templated":true}]}}