{"id":1812,"date":"2024-06-06T01:51:21","date_gmt":"2024-06-06T01:51:21","guid":{"rendered":"https:\/\/customsockmanufacturer.com\/?page_id=1812"},"modified":"2025-05-29T15:04:40","modified_gmt":"2025-05-29T07:04:40","slug":"faqs","status":"publish","type":"page","link":"https:\/\/customsockmanufacturer.com\/sv\/resources\/faqs\/","title":{"rendered":"Vanliga fr\u00e5gor (FAQ)"},"content":{"rendered":"<div data-elementor-type=\"wp-page\" data-elementor-id=\"1812\" class=\"elementor elementor-1812\" data-elementor-post-type=\"page\">\n\t\t\t\t<div class=\"elementor-element elementor-element-efd3745 e-flex e-con-boxed e-con e-parent\" data-id=\"efd3745\" data-element_type=\"container\" data-e-type=\"container\">\n\t\t\t\t\t<div class=\"e-con-inner\">\n\t\t<div class=\"elementor-element elementor-element-922995b e-flex e-con-boxed e-con e-child\" data-id=\"922995b\" data-element_type=\"container\" data-e-type=\"container\">\n\t\t\t\t\t<div class=\"e-con-inner\">\n\t\t\t\t<div class=\"elementor-element elementor-element-30cf772 elementor-widget elementor-widget-heading\" data-id=\"30cf772\" data-element_type=\"widget\" data-e-type=\"widget\" data-widget_type=\"heading.default\">\n\t\t\t\t<div class=\"elementor-widget-container\">\n\t\t\t\t\t<h2 class=\"elementor-heading-title elementor-size-default\">14. Vanliga fr\u00e5gor<\/h2>\t\t\t\t<\/div>\n\t\t\t\t<\/div>\n\t\t\t\t<div class=\"elementor-element elementor-element-d35ca5c elementor-widget elementor-widget-text-editor\" data-id=\"d35ca5c\" data-element_type=\"widget\" data-e-type=\"widget\" data-widget_type=\"text-editor.default\">\n\t\t\t\t<div class=\"elementor-widget-container\">\n\t\t\t\t\t\t\t\t\t<p>Vill du skapa anpassade strumpor? Processen \u00e4r oerh\u00f6rt enkel \u2013 vi beh\u00f6ver bara din id\u00e9 eller logotyp f\u00f6r att designa och tillverka dina perfekta strumpor. Bl\u00e4ddra igenom v\u00e5ra vanliga fr\u00e5gor nedan f\u00f6r att l\u00e4ra dig mer om v\u00e5ra anpassningstj\u00e4nster. Om du inte hittar vad du s\u00f6ker, v\u00e4nligen kontakta oss direkt!<\/p>\t\t\t\t\t\t\t\t<\/div>\n\t\t\t\t<\/div>\n\t\t\t\t\t<\/div>\n\t\t\t\t<\/div>\n\t\t<div class=\"elementor-element elementor-element-eaa3bc9 e-con-full e-flex e-con e-child\" data-id=\"eaa3bc9\" data-element_type=\"container\" data-e-type=\"container\">\n\t\t\t\t<div class=\"elementor-element elementor-element-f79173d elementor-widget elementor-widget-image\" data-id=\"f79173d\" data-element_type=\"widget\" data-e-type=\"widget\" data-widget_type=\"image.default\">\n\t\t\t\t<div class=\"elementor-widget-container\">\n\t\t\t\t\t\t\t\t\t\t\t\t\t\t\t<img fetchpriority=\"high\" decoding=\"async\" width=\"700\" height=\"467\" src=\"https:\/\/customsockmanufacturer.com\/wp-content\/uploads\/2024\/06\/Socks-display-shelf-min.webp\" class=\"attachment-large size-large wp-image-2138\" alt=\"\" srcset=\"https:\/\/customsockmanufacturer.com\/wp-content\/uploads\/2024\/06\/Socks-display-shelf-min.webp 700w, https:\/\/customsockmanufacturer.com\/wp-content\/uploads\/2024\/06\/Socks-display-shelf-min-300x200.webp 300w\" sizes=\"(max-width: 700px) 100vw, 700px\" \/>\t\t\t\t\t\t\t\t\t\t\t\t\t\t\t<\/div>\n\t\t\t\t<\/div>\n\t\t\t\t<\/div>\n\t\t\t\t\t<\/div>\n\t\t\t\t<\/div>\n\t\t<div class=\"elementor-element elementor-element-dcef87f e-flex e-con-boxed e-con e-parent\" data-id=\"dcef87f\" data-element_type=\"container\" data-e-type=\"container\" data-settings=\"{&quot;background_background&quot;:&quot;classic&quot;}\">\n\t\t\t\t\t<div class=\"e-con-inner\">\n\t\t\t\t<div class=\"elementor-element elementor-element-a686a39 elementor-widget elementor-widget-heading\" data-id=\"a686a39\" data-element_type=\"widget\" data-e-type=\"widget\" data-widget_type=\"heading.default\">\n\t\t\t\t<div class=\"elementor-widget-container\">\n\t\t\t\t\t<h2 class=\"elementor-heading-title elementor-size-default\">Allm\u00e4n information<\/h2>\t\t\t\t<\/div>\n\t\t\t\t<\/div>\n\t\t\t\t<div class=\"elementor-element elementor-element-599116b elementor-widget elementor-widget-text-editor\" data-id=\"599116b\" data-element_type=\"widget\" data-e-type=\"widget\" data-widget_type=\"text-editor.default\">\n\t\t\t\t<div class=\"elementor-widget-container\">\n\t\t\t\t\t\t\t\t\t<div id=\"brxe-mizdyp\" class=\"brxe-block\"><h5 class=\"brxe-heading\">Vad \u00e4r CloudSocks?<\/h5><div class=\"brxe-text\"><p>CloudSocks \u00e4r en premiumstrumpatillverkningsfabrik som specialiserar sig p\u00e5 anpassad strumpdesign och produktion i Kina. Vi exporterar h\u00f6gkvalitativa anpassade strumpor \u00f6ver hela v\u00e4rlden. V\u00e5ra anpassade strumpor \u00e4r perfekta f\u00f6r butiker, e-handelsf\u00f6retag, f\u00f6retagsg\u00e5vor, varum\u00e4rkespromotion och specialarrangemang.<\/p><\/div><\/div><div id=\"brxe-rkpviy\" class=\"brxe-block\"><h5 class=\"brxe-heading\">Var \u00e4r ditt f\u00f6retag bel\u00e4get?<\/h5><div class=\"brxe-text\"><p>V\u00e5ra tillverkningsanl\u00e4ggningar \u00e4r baserade i Zhuji City, Zhejiang Province \u2013 k\u00e4nd som Kinas \u201cStrumpahuvudstad\u201d p\u00e5 grund av sin rika historia i textilproduktion.<\/p><\/div><\/div><div id=\"brxe-ixubug\" class=\"brxe-block\"><h5 class=\"brxe-heading\">Hur skiljer sig CloudSocks fr\u00e5n konkurrenterna?<\/h5><div class=\"brxe-text\"><p>Design, produktion och enstegs anpassad f\u00f6rpackning \u2013 sockanpassningstj\u00e4nst. Snabb leverans och insisterar p\u00e5 att g\u00f6ra de mest bekv\u00e4ma strumporna<\/p><\/div><\/div><div id=\"brxe-mzxfjc\" class=\"brxe-block\"><h5 class=\"brxe-heading\">Vilka typer av strumpor kan jag g\u00f6ra?<\/h5><div class=\"brxe-text\"><p>Vi tillverkar virkade strumpor och v\u00e4vda jacquard-strumpor i olika f\u00e4rger. Se mer\u00a0<a href=\"https:\/\/customsockmanufacturer.com\/sv\/custom-socks\/#options-for-custom-socks\" target=\"_blank\" rel=\"noreferrer noopener\"><strong>strumpval<\/strong><\/a>.<\/p><\/div><\/div><div id=\"brxe-fkzyaz\" class=\"brxe-block\"><h5 class=\"brxe-heading\">Hur b\u00f6rjar jag med anpassning av strumpor?<\/h5><div class=\"brxe-text\"><p>Fyll i formul\u00e4ret p\u00e5 v\u00e5r\u00a0<a href=\"https:\/\/customsockmanufacturer.com\/sv\/contact\/\" target=\"_blank\" rel=\"noreferrer noopener\"><strong>kontaktida<\/strong><\/a>, eller skicka ett e-postmeddelande till\u00a0<a href=\"mailto:ycct@outlook.com\">ycct@outlook.com<\/a><\/p><\/div><\/div><div id=\"brxe-nscash\" class=\"brxe-block\"><h5 class=\"brxe-heading\">Kan jag f\u00e5 strumpprover innan jag best\u00e4ller?<\/h5><div class=\"brxe-text\"><p>Absolut! Vi tillhandah\u00e5ller gratis strumpprover (fraktkostnader tillkommer). Vi skickar dig specifika stilar och f\u00e4rger du \u00e4r intresserad av.<\/p><\/div><\/div><div id=\"brxe-dkqcbu\" class=\"brxe-block\"><h5 class=\"brxe-heading\">Vilka typer av strumpor kan fabrikerna producera?<\/h5><div class=\"brxe-text\"><p>V\u00e5r fabrik kan tillverka n\u00e4stan alla vanliga strumpetyper, inklusive: <a href=\"https:\/\/customsockmanufacturer.com\/sv\/custom-logo-socks\/\" target=\"_blank\" rel=\"noreferrer noopener\">Anpassade logotypstrumpor<\/a>,\u00a0<a href=\"https:\/\/customsockmanufacturer.com\/sv\/custom-baseball-stirrup-socks\/\" target=\"_blank\" rel=\"noreferrer noopener\">Anpassade basebollstrumpor<\/a>,\u00a0<a href=\"https:\/\/customsockmanufacturer.com\/sv\/custom-dress-socks\/\" target=\"_blank\" rel=\"noreferrer noopener\">Anpassade feststrumpor<\/a>\u2026 och m\u00e5nga fler. Om du har en specifik strumpstil i \u00e5tanke, v\u00e4nligen kontakta oss f\u00f6r att diskutera dina anpassningsbehov.<\/p><\/div><\/div>\t\t\t\t\t\t\t\t<\/div>\n\t\t\t\t<\/div>\n\t\t\t\t<div class=\"elementor-element elementor-element-3b8f3ad elementor-widget elementor-widget-text-editor\" data-id=\"3b8f3ad\" data-element_type=\"widget\" data-e-type=\"widget\" data-widget_type=\"text-editor.default\">\n\t\t\t\t<div class=\"elementor-widget-container\">\n\t\t\t\t\t\t\t\t\t<h2 id=\"brxe-fkoppt\" class=\"brxe-heading\">Orderinformation<\/h2><div id=\"brxe-pxbgze\" class=\"brxe-block\"><h5 class=\"brxe-heading\">Vilken \u00e4r den minsta best\u00e4llningsm\u00e4ngden (MOQ) f\u00f6r anpassade strumpor?<\/h5><div class=\"brxe-text\"><p>De flesta av v\u00e5ra strumpstylar har ingen minsta best\u00e4llningskrav. Klicka h\u00e4r f\u00f6r att se strumpetyper utan minsta best\u00e4llningskrav. Vissa specialstrumpor (fuktavvisande gummistrumpor, elitstrumpor, ulliga strumpor, femt\u00e5lsstrumpor, etc.) kr\u00e4ver minsta best\u00e4llningar p\u00e5 500-1000 par.<\/p><\/div><\/div><div id=\"brxe-omflmf\" class=\"brxe-block\"><h5>Vilka storlekar erbjuder ni f\u00f6r anpassade strumpor?<\/h5><p>Vi kan tillverka strumpor f\u00f6r alla fotstorlekar. Vi erbjuder ocks\u00e5 flexibla \u201cEN STORLEK\u201d-alternativ som bekv\u00e4mt passar de flesta vuxna f\u00f6tter \u2013 perfekt f\u00f6r logotypstrumpor, bomullstrumpor och m\u00e4rkta stilar.<\/p><h5>Erbjuder ni anpassad strumpf\u00f6rpackning?<\/h5><p>Ja! Vi tillhandah\u00e5ller omfattande strumpf\u00f6rpackningsdesign- och tillverkningsj\u00e4nster, levererar f\u00e4rdiga f\u00f6r detaljhandel produkter. Alternativen str\u00e4cker sig fr\u00e5n gratis grundl\u00e4ggande f\u00f6rpackning till omfattande anpassade f\u00f6rpackningsl\u00f6sningar.<\/p><h5>Vilka strump l\u00e4ngder finns tillg\u00e4ngliga?<\/h5><p>V\u00e4lj fr\u00e5n v\u00e5r fullst\u00e4ndiga sortiment: osynliga strumpor, ankelstrumpor, byxbenstrumpor, midjesl\u00e5nga strumpor, kn\u00e4sl\u00e5nga strumpor, kn\u00e4strumpor och h\u00f6vl\u00e5nga strumpor.<\/p><h5>Vilka materialer anv\u00e4nder ni f\u00f6r tr\u00f6stransporter?<\/h5><p>Vi anv\u00e4nder huvudsakligen h\u00f6gkvalitativ bomull f\u00f6r v\u00e5ra tr\u00f6stransporter. Baserat p\u00e5 era specifika krav arbetar vi ocks\u00e5 med material som nylon, bambufiber och andra specialiserade textilier.<\/p><\/div>\t\t\t\t\t\t\t\t<\/div>\n\t\t\t\t<\/div>\n\t\t\t\t<div class=\"elementor-element elementor-element-a6dac2f elementor-widget elementor-widget-text-editor\" data-id=\"a6dac2f\" data-element_type=\"widget\" data-e-type=\"widget\" data-widget_type=\"text-editor.default\">\n\t\t\t\t<div class=\"elementor-widget-container\">\n\t\t\t\t\t\t\t\t\t<h2 id=\"brxe-mbiuzg\" class=\"brxe-heading\">Designprocess<\/h2><div id=\"brxe-wcsnnl\" class=\"brxe-block\"><h5 class=\"brxe-heading\">\u00c4r sockdesign gratis?<\/h5><div class=\"brxe-text\"><p>Ja, f\u00f6r alla kunder \u00e4r design gratis, vi har dedikerade designers som hj\u00e4lper kunder.<\/p><\/div><\/div><div id=\"brxe-jyqzww\" class=\"brxe-block\"><h5 class=\"brxe-heading\">Hur l\u00e5ng tid tar det att f\u00e5 sockdesign?<\/h5><div class=\"brxe-text\"><p>Vi levererar vanligtvis sockdesignkoncept inom 1-3 dagar. Under kontorstid kan vi ofta leverera design inom bara n\u00e5gra timmar.<\/p><\/div><\/div><div id=\"brxe-gzjzic\" class=\"brxe-block\"><h5 class=\"brxe-heading\">Kan jag skicka in mitt eget design?<\/h5><div class=\"brxe-text\"><p>Ja, vi accepterar designfiler i vilket format som helst. Vi rekommenderar att du anv\u00e4nder v\u00e5r <strong><a href=\"https:\/\/customsockmanufacturer.com\/sv\/socks-mockup-download\/\" target=\"_blank\" rel=\"noreferrer noopener\">sockdesign mockup<\/a><\/strong>\u00a0f\u00f6r att accelerera designen.<\/p><\/div><\/div><div id=\"brxe-uqcawc\" class=\"brxe-block\"><h5 class=\"brxe-heading\">Finns det ett tak f\u00f6r antalet f\u00e4rger i sockdesignen?<\/h5><div class=\"brxe-text\"><p>Ja, det finns ett tak f\u00f6r antalet f\u00e4rger. Generellt sett kan en enkel design anv\u00e4nda h\u00f6gst 8 f\u00e4rger, och en komplex design kan anv\u00e4nda h\u00f6gst 5 f\u00e4rger. Detta \u00e4r dock inte s\u00e4kert.\u00a0<strong><a href=\"https:\/\/customsockmanufacturer.com\/sv\/contact\/\" target=\"_blank\" rel=\"noreferrer noopener\">Skicka din design till v\u00e5rt team<\/a><\/strong>\u00a0f\u00f6r att se om vi kan g\u00f6ra n\u00e5got f\u00f6r dig. och designst\u00f6d \u00e4r gratis!<\/p><\/div><\/div><div id=\"brxe-azzypg\" class=\"brxe-block\"><h5 class=\"brxe-heading\">Kan ni skapa tr\u00f6stransporter med olika design f\u00f6r v\u00e4nster och h\u00f6ger f\u00f6tter?<\/h5><div class=\"brxe-text\"><p>Ja! Vi kan producera olikf\u00e4rgade par med unika design f\u00f6r v\u00e4nster och h\u00f6ger tr\u00f6stransporter.<\/p><\/div><\/div><div id=\"brxe-xnnlxx\" class=\"brxe-block\"><h5 class=\"brxe-heading\">Har jag ingen id\u00e9 om att designa tr\u00f6stransporter, kan jag f\u00e5 hj\u00e4lp?<\/h5><div class=\"brxe-text\"><p>Inget problem! V\u00e5r erfarna designteam kan skapa tr\u00f6stransporterdesigner som \u00e4r perfekt anpassade f\u00f6r ditt varum\u00e4rke eller f\u00f6retag. Vi erbjuder gratis designtj\u00e4nster och obegr\u00e4nsade revisioner tills du \u00e4r helt n\u00f6jd.<\/p><\/div><\/div>\t\t\t\t\t\t\t\t<\/div>\n\t\t\t\t<\/div>\n\t\t\t\t<div class=\"elementor-element elementor-element-53b4ad8 elementor-widget elementor-widget-text-editor\" data-id=\"53b4ad8\" data-element_type=\"widget\" data-e-type=\"widget\" data-widget_type=\"text-editor.default\">\n\t\t\t\t<div class=\"elementor-widget-container\">\n\t\t\t\t\t\t\t\t\t<h2 id=\"brxe-gnvhki\" class=\"brxe-heading\">Produktion och Leverans<\/h2><div id=\"brxe-nswowm\" class=\"brxe-block\"><h5 class=\"brxe-heading\">Vilken leveranstid \u00e4r det f\u00f6r anpassade tr\u00f6stransporter?<\/h5><div class=\"brxe-text\"><p>V\u00e5rt standardproduktionsjobb \u00e4r 10-15 arbetsdagar, plus leveranstid. Vi kan ocks\u00e5 expederas din order utan kostnad. Vi \u00e4r ocks\u00e5 f\u00f6r gratis br\u00e5dskande order.<\/p><\/div><\/div><div id=\"brxe-uhrnvg\" class=\"brxe-block\"><h5 class=\"brxe-heading\">Kan ni g\u00f6ra br\u00e5dskande order?<\/h5><div class=\"brxe-text\"><p>Ja, vi g\u00f6r br\u00e5dskande order utan kostnad, v\u00e4nligen kontakta oss nu f\u00f6r att s\u00e4kerst\u00e4lla att vi kan producera dem f\u00f6r dig s\u00e5 snabbt som m\u00f6jligt.<\/p><\/div><\/div><div id=\"brxe-myixcc\" class=\"brxe-block\"><h5 class=\"brxe-heading\">Var tillverkas och skickas tr\u00f6stransporter fr\u00e5n?<\/h5><div class=\"brxe-text\"><p>Tr\u00f6stransporter tillverkas i v\u00e5r egen fabrik i Zhuji City, Kina, och leveransen sker vanligtvis genom Ningbo hamn.<\/p><\/div><\/div><div id=\"brxe-oanwnu\" class=\"brxe-block\"><h5 class=\"brxe-heading\">Kan det skickas internationellt?<\/h5><div class=\"brxe-text\"><p>Ja, v\u00e5ra tr\u00f6stransporter skickas \u00f6ver hela v\u00e4rlden. Emellertid kan olika regioner ha olika policyer, och det kan finnas fler skatter eller till\u00e4gg.<\/p><\/div><\/div><div id=\"brxe-yarzrr\" class=\"brxe-block\"><h5 class=\"brxe-heading\">Kan jag sp\u00e5ra leveransen av tr\u00f6stransporterbest\u00e4llningar?<\/h5><div class=\"brxe-text\"><p>N\u00e4r det har skickats, skickar vi en e-post med sp\u00e5rningskodinformationen.<\/p><\/div><\/div>\t\t\t\t\t\t\t\t<\/div>\n\t\t\t\t<\/div>\n\t\t\t\t<div class=\"elementor-element elementor-element-b4e56e8 elementor-widget elementor-widget-text-editor\" data-id=\"b4e56e8\" data-element_type=\"widget\" data-e-type=\"widget\" data-widget_type=\"text-editor.default\">\n\t\t\t\t<div class=\"elementor-widget-container\">\n\t\t\t\t\t\t\t\t\t<h2 id=\"brxe-errtwg\" class=\"brxe-heading\">Prissinformation<\/h2><div id=\"brxe-awluus\" class=\"brxe-block\"><h5 class=\"brxe-heading\">Vilken \u00e4r priset p\u00e5 strumpor?<\/h5><div class=\"brxe-text\"><p>Priset beror p\u00e5 m\u00e4ngden best\u00e4llda strumpor, vanligtvis desto st\u00f6rre m\u00e4ngd, desto st\u00f6rre rabatt kommer att erh\u00e5llas. Vi kan inte ge det specifika priset h\u00e4r, v\u00e4nligen kontakta v\u00e5r\u00a0<strong><a href=\"https:\/\/customsockmanufacturer.com\/sv\/contact\/\" target=\"_blank\" rel=\"noreferrer noopener\">f\u00f6rs\u00e4ljningslag<\/a><\/strong>\u00a0f\u00f6r det exakta priset.<\/p><\/div><\/div><div id=\"brxe-wdylxo\" class=\"brxe-block\"><h5 class=\"brxe-heading\">Finns det n\u00e5gra ytterligare avgifter?<\/h5><div class=\"brxe-text\"><p>Det finns inga ytterligare avgifter, ingen upps\u00e4ttningsavgift och ingen br\u00e5dskande avgift.<\/p><\/div><\/div><div id=\"brxe-djoysf\" class=\"brxe-block\"><h5 class=\"brxe-heading\">Vilka betalningsmetoder accepterar ni?<\/h5><div class=\"brxe-text\"><p>Vi accepterar kreditkort, PayPal och bank\u00f6verf\u00f6ringar (T\/T) f\u00f6r din bekv\u00e4mlighet.<\/p><\/div><\/div>\t\t\t\t\t\t\t\t<\/div>\n\t\t\t\t<\/div>\n\t\t\t\t\t<\/div>\n\t\t\t\t<\/div>\n\t\t<div class=\"elementor-element elementor-element-02f3d74 e-flex e-con-boxed e-con e-parent\" data-id=\"02f3d74\" data-element_type=\"container\" data-e-type=\"container\">\n\t\t\t\t\t<div class=\"e-con-inner\">\n\t\t\t\t<div class=\"elementor-element elementor-element-a05c0e7 elementor-widget elementor-widget-heading\" data-id=\"a05c0e7\" data-element_type=\"widget\" data-e-type=\"widget\" data-widget_type=\"heading.default\">\n\t\t\t\t<div class=\"elementor-widget-container\">\n\t\t\t\t\t<h2 class=\"elementor-heading-title elementor-size-default\">Har du fortfarande fr\u00e5gor?<\/h2>\t\t\t\t<\/div>\n\t\t\t\t<\/div>\n\t\t\t\t<div class=\"elementor-element elementor-element-4ecdc5d elementor-widget elementor-widget-heading\" data-id=\"4ecdc5d\" data-element_type=\"widget\" data-e-type=\"widget\" data-widget_type=\"heading.default\">\n\t\t\t\t<div class=\"elementor-widget-container\">\n\t\t\t\t\t<span class=\"elementor-heading-title elementor-size-default\">V\u00e5rt supportteam kan besvara alla fr\u00e5gor du kan ha om anpassade strumpor.\n<\/span>\t\t\t\t<\/div>\n\t\t\t\t<\/div>\n\t\t\t\t<div class=\"elementor-element elementor-element-570ebf7 elementor-align-center elementor-widget elementor-widget-button\" data-id=\"570ebf7\" data-element_type=\"widget\" data-e-type=\"widget\" data-widget_type=\"button.default\">\n\t\t\t\t<div class=\"elementor-widget-container\">\n\t\t\t\t\t\t\t\t\t<div class=\"elementor-button-wrapper\">\n\t\t\t\t\t<a class=\"elementor-button elementor-button-link elementor-size-sm\" href=\"https:\/\/customsockmanufacturer.com\/sv\/contact\/\">\n\t\t\t\t\t\t<span class=\"elementor-button-content-wrapper\">\n\t\t\t\t\t\t\t\t\t<span class=\"elementor-button-text\">Kontakt Oss<\/span>\n\t\t\t\t\t<\/span>\n\t\t\t\t\t<\/a>\n\t\t\t\t<\/div>\n\t\t\t\t\t\t\t\t<\/div>\n\t\t\t\t<\/div>\n\t\t\t\t\t<\/div>\n\t\t\t\t<\/div>\n\t\t\t\t<\/div>","protected":false},"excerpt":{"rendered":"<p>Vanliga fr\u00e5gor Vill du skapa anpassade strumpor? Processen \u00e4r oerh\u00f6rt enkel \u2013 vi beh\u00f6ver bara din id\u00e9 eller logotyp f\u00f6r att designa och tillverka dina perfekta strumpor. Bl\u00e4ddra genom v\u00e5ra vanliga fr\u00e5gor nedan f\u00f6r att l\u00e4ra dig mer om v\u00e5ra anpassningstj\u00e4nster. Om du inte hittar vad du s\u00f6ker, v\u00e4nligen kontakta oss direkt! Allm\u00e4n information\u2026&nbsp;<a href=\"https:\/\/customsockmanufacturer.com\/sv\/resources\/faqs\/\" rel=\"bookmark\">L\u00e4s mer \u00bb<span class=\"screen-reader-text\">Vanliga fr\u00e5gor (FAQ)<\/span><\/a><\/p>","protected":false},"author":1,"featured_media":0,"parent":1796,"menu_order":0,"comment_status":"closed","ping_status":"closed","template":"page-templates\/template-pagebuilder-full-width.php","meta":{"_acf_changed":false,"neve_meta_sidebar":"","neve_meta_container":"","neve_meta_enable_content_width":"off","neve_meta_content_width":100,"neve_meta_title_alignment":"","neve_meta_author_avatar":"","neve_post_elements_order":"","neve_meta_disable_header":"","neve_meta_disable_footer":"","neve_meta_disable_title":"","footnotes":""},"class_list":["post-1812","page","type-page","status-publish","hentry"],"acf":[],"_links":{"self":[{"href":"https:\/\/customsockmanufacturer.com\/sv\/wp-json\/wp\/v2\/pages\/1812","targetHints":{"allow":["GET"]}}],"collection":[{"href":"https:\/\/customsockmanufacturer.com\/sv\/wp-json\/wp\/v2\/pages"}],"about":[{"href":"https:\/\/customsockmanufacturer.com\/sv\/wp-json\/wp\/v2\/types\/page"}],"author":[{"embeddable":true,"href":"https:\/\/customsockmanufacturer.com\/sv\/wp-json\/wp\/v2\/users\/1"}],"replies":[{"embeddable":true,"href":"https:\/\/customsockmanufacturer.com\/sv\/wp-json\/wp\/v2\/comments?post=1812"}],"version-history":[{"count":5,"href":"https:\/\/customsockmanufacturer.com\/sv\/wp-json\/wp\/v2\/pages\/1812\/revisions"}],"predecessor-version":[{"id":3141,"href":"https:\/\/customsockmanufacturer.com\/sv\/wp-json\/wp\/v2\/pages\/1812\/revisions\/3141"}],"up":[{"embeddable":true,"href":"https:\/\/customsockmanufacturer.com\/sv\/wp-json\/wp\/v2\/pages\/1796"}],"wp:attachment":[{"href":"https:\/\/customsockmanufacturer.com\/sv\/wp-json\/wp\/v2\/media?parent=1812"}],"curies":[{"name":"wp","href":"https:\/\/api.w.org\/{rel}","templated":true}]}}