{"id":1810,"date":"2024-06-06T01:51:01","date_gmt":"2024-06-06T01:51:01","guid":{"rendered":"https:\/\/customsockmanufacturer.com\/?page_id=1810"},"modified":"2025-04-29T14:13:13","modified_gmt":"2025-04-29T06:13:13","slug":"socks-size","status":"publish","type":"page","link":"https:\/\/customsockmanufacturer.com\/sv\/resources\/socks-size\/","title":{"rendered":"Strumpstorlek"},"content":{"rendered":"<div data-elementor-type=\"wp-page\" data-elementor-id=\"1810\" class=\"elementor elementor-1810\" data-elementor-post-type=\"page\">\n\t\t\t\t<div class=\"elementor-element elementor-element-966ace6 e-flex e-con-boxed e-con e-parent\" data-id=\"966ace6\" data-element_type=\"container\" data-e-type=\"container\">\n\t\t\t\t\t<div class=\"e-con-inner\">\n\t\t\t\t<div class=\"elementor-element elementor-element-734c71a elementor-widget elementor-widget-heading\" data-id=\"734c71a\" data-element_type=\"widget\" data-e-type=\"widget\" data-widget_type=\"heading.default\">\n\t\t\t\t<div class=\"elementor-widget-container\">\n\t\t\t\t\t<h2 class=\"elementor-heading-title elementor-size-default\">Anpassad strumpfsstorlek<\/h2>\t\t\t\t<\/div>\n\t\t\t\t<\/div>\n\t\t\t\t<div class=\"elementor-element elementor-element-2e53a49 elementor-widget elementor-widget-heading\" data-id=\"2e53a49\" data-element_type=\"widget\" data-e-type=\"widget\" data-widget_type=\"heading.default\">\n\t\t\t\t<div class=\"elementor-widget-container\">\n\t\t\t\t\t<div class=\"elementor-heading-title elementor-size-default\">Vi har strumpor f\u00f6r de flesta fotstorlekar! V\u00e4lj bara storleken du vill anv\u00e4nda f\u00f6r att b\u00f6rja anpassa ditt perfekta par.<\/div>\t\t\t\t<\/div>\n\t\t\t\t<\/div>\n\t\t\t\t\t<\/div>\n\t\t\t\t<\/div>\n\t\t<div class=\"elementor-element elementor-element-30b1437 e-flex e-con-boxed e-con e-parent\" data-id=\"30b1437\" data-element_type=\"container\" data-e-type=\"container\">\n\t\t\t\t\t<div class=\"e-con-inner\">\n\t\t\t\t<div class=\"elementor-element elementor-element-e9fad4b elementor-widget elementor-widget-heading\" data-id=\"e9fad4b\" data-element_type=\"widget\" data-e-type=\"widget\" data-widget_type=\"heading.default\">\n\t\t\t\t<div class=\"elementor-widget-container\">\n\t\t\t\t\t<h3 class=\"elementor-heading-title elementor-size-default\">1. En storlek<\/h3>\t\t\t\t<\/div>\n\t\t\t\t<\/div>\n\t\t\t\t<div class=\"elementor-element elementor-element-3c755f9 elementor-widget elementor-widget-text-editor\" data-id=\"3c755f9\" data-element_type=\"widget\" data-e-type=\"widget\" data-widget_type=\"text-editor.default\">\n\t\t\t\t<div class=\"elementor-widget-container\">\n\t\t\t\t\t\t\t\t\t<p>V\u00e5ra \u201cen storlek\u201d strumpor t\u00e4cker fotstorleksintervallet: US skostorlek 7-11, EU skostorlek 39-43, UK skostorlek 6-10. De flesta f\u00f6retag g\u00f6r vanligtvis enstorlek-passar-all-strumpor, designade f\u00f6r att passa de flesta m\u00e4nniskor p\u00e5 grund av deras goda stretchighet.<\/p><p>F\u00f6r sm\u00e5f\u00f6retag eller startups \u00e4r \u201cen storlek\u201d ett utm\u00e4rkt val, du beh\u00f6ver inte hantera m\u00e5nga strumpstorlekar.<\/p>\t\t\t\t\t\t\t\t<\/div>\n\t\t\t\t<\/div>\n\t\t\t\t\t<\/div>\n\t\t\t\t<\/div>\n\t\t<div class=\"elementor-element elementor-element-c6205ff e-flex e-con-boxed e-con e-parent\" data-id=\"c6205ff\" data-element_type=\"container\" data-e-type=\"container\">\n\t\t\t\t\t<div class=\"e-con-inner\">\n\t\t\t\t<div class=\"elementor-element elementor-element-f517570 elementor-widget elementor-widget-heading\" data-id=\"f517570\" data-element_type=\"widget\" data-e-type=\"widget\" data-widget_type=\"heading.default\">\n\t\t\t\t<div class=\"elementor-widget-container\">\n\t\t\t\t\t<h3 class=\"elementor-heading-title elementor-size-default\">2. Vanlig storlek<\/h3>\t\t\t\t<\/div>\n\t\t\t\t<\/div>\n\t\t\t\t<div class=\"elementor-element elementor-element-88898dd elementor-widget elementor-widget-text-editor\" data-id=\"88898dd\" data-element_type=\"widget\" data-e-type=\"widget\" data-widget_type=\"text-editor.default\">\n\t\t\t\t<div class=\"elementor-widget-container\">\n\t\t\t\t\t\t\t\t\t<div class=\"brxe-text\"><p>Kunder v\u00e4ljer de flesta storlekar n\u00e4r de anpassar strumpor<\/p><\/div>\t\t\t\t\t\t\t\t<\/div>\n\t\t\t\t<\/div>\n\t\t\t\t<div class=\"elementor-element elementor-element-a0c2016 elementor-widget elementor-widget-text-editor\" data-id=\"a0c2016\" data-element_type=\"widget\" data-e-type=\"widget\" data-widget_type=\"text-editor.default\">\n\t\t\t\t<div class=\"elementor-widget-container\">\n\t\t\t\t\t\t\t\t\t<table class=\"tg\"><thead><tr><th>Strumpstorlek<\/th><th>UK skostorlek<\/th><th>EU skostorlek<\/th><th>US skostorlek<\/th><\/tr><\/thead><tbody><tr><td>XS<\/td><td>1-2<\/td><td>34-35<\/td><td>2-3<\/td><\/tr><tr><td>S<\/td><td>3-5<\/td><td>36-38<\/td><td>4-6<\/td><\/tr><tr><td>M<\/td><td>6-7<\/td><td>39-41<\/td><td>7-8<\/td><\/tr><tr><td>L<\/td><td>8-10<\/td><td>42-44<\/td><td>9-11<\/td><\/tr><tr><td>XL<\/td><td>10.5-12<\/td><td>45-47<\/td><td>11.5-13<\/td><\/tr><\/tbody><\/table>\t\t\t\t\t\t\t\t<\/div>\n\t\t\t\t<\/div>\n\t\t\t\t\t<\/div>\n\t\t\t\t<\/div>\n\t\t<div class=\"elementor-element elementor-element-2653533 e-flex e-con-boxed e-con e-parent\" data-id=\"2653533\" data-element_type=\"container\" data-e-type=\"container\">\n\t\t\t\t\t<div class=\"e-con-inner\">\n\t\t\t\t<div class=\"elementor-element elementor-element-38d46f6 elementor-widget elementor-widget-heading\" data-id=\"38d46f6\" data-element_type=\"widget\" data-e-type=\"widget\" data-widget_type=\"heading.default\">\n\t\t\t\t<div class=\"elementor-widget-container\">\n\t\t\t\t\t<h3 class=\"elementor-heading-title elementor-size-default\">3. Ovanlig storlek<\/h3>\t\t\t\t<\/div>\n\t\t\t\t<\/div>\n\t\t\t\t<div class=\"elementor-element elementor-element-161bdc5 elementor-widget elementor-widget-text-editor\" data-id=\"161bdc5\" data-element_type=\"widget\" data-e-type=\"widget\" data-widget_type=\"text-editor.default\">\n\t\t\t\t<div class=\"elementor-widget-container\">\n\t\t\t\t\t\t\t\t\t<div class=\"brxe-text\"><p>Vi kan personifiera babystrumpor och barnstrumpor. Och vi kan ocks\u00e5 anpassa vissa st\u00f6rre strumpor ocks\u00e5! F\u00f6r n\u00e5gra fr\u00e5gor, v\u00e4nligen\u00a0<a href=\"https:\/\/customsockmanufacturer.com\/sv\/contact\/\">kontakta oss<\/a>.<\/p><\/div>\t\t\t\t\t\t\t\t<\/div>\n\t\t\t\t<\/div>\n\t\t\t\t\t<\/div>\n\t\t\t\t<\/div>\n\t\t\t\t<\/div>","protected":false},"excerpt":{"rendered":"<p>Anpassad t\u00e5lsko storlek Vi har t\u00e5lskor f\u00f6r de flesta fotstorlekar! V\u00e4lj bara storleken du vill b\u00f6rja med f\u00f6r att anpassa din perfekta par.&nbsp;<a href=\"https:\/\/customsockmanufacturer.com\/sv\/resources\/socks-size\/\" rel=\"bookmark\">L\u00e4s mer \u00bb<span class=\"screen-reader-text\">Strumpstorlek<\/span><\/a><\/p>","protected":false},"author":1,"featured_media":0,"parent":1796,"menu_order":0,"comment_status":"closed","ping_status":"closed","template":"page-templates\/template-pagebuilder-full-width.php","meta":{"_acf_changed":false,"neve_meta_sidebar":"","neve_meta_container":"","neve_meta_enable_content_width":"off","neve_meta_content_width":100,"neve_meta_title_alignment":"","neve_meta_author_avatar":"","neve_post_elements_order":"","neve_meta_disable_header":"","neve_meta_disable_footer":"","neve_meta_disable_title":"","footnotes":""},"class_list":["post-1810","page","type-page","status-publish","hentry"],"acf":[],"_links":{"self":[{"href":"https:\/\/customsockmanufacturer.com\/sv\/wp-json\/wp\/v2\/pages\/1810","targetHints":{"allow":["GET"]}}],"collection":[{"href":"https:\/\/customsockmanufacturer.com\/sv\/wp-json\/wp\/v2\/pages"}],"about":[{"href":"https:\/\/customsockmanufacturer.com\/sv\/wp-json\/wp\/v2\/types\/page"}],"author":[{"embeddable":true,"href":"https:\/\/customsockmanufacturer.com\/sv\/wp-json\/wp\/v2\/users\/1"}],"replies":[{"embeddable":true,"href":"https:\/\/customsockmanufacturer.com\/sv\/wp-json\/wp\/v2\/comments?post=1810"}],"version-history":[{"count":5,"href":"https:\/\/customsockmanufacturer.com\/sv\/wp-json\/wp\/v2\/pages\/1810\/revisions"}],"predecessor-version":[{"id":2643,"href":"https:\/\/customsockmanufacturer.com\/sv\/wp-json\/wp\/v2\/pages\/1810\/revisions\/2643"}],"up":[{"embeddable":true,"href":"https:\/\/customsockmanufacturer.com\/sv\/wp-json\/wp\/v2\/pages\/1796"}],"wp:attachment":[{"href":"https:\/\/customsockmanufacturer.com\/sv\/wp-json\/wp\/v2\/media?parent=1810"}],"curies":[{"name":"wp","href":"https:\/\/api.w.org\/{rel}","templated":true}]}}