{"id":1812,"date":"2024-06-06T01:51:21","date_gmt":"2024-06-06T01:51:21","guid":{"rendered":"https:\/\/customsockmanufacturer.com\/?page_id=1812"},"modified":"2025-05-29T15:04:40","modified_gmt":"2025-05-29T07:04:40","slug":"faqs","status":"publish","type":"page","link":"https:\/\/customsockmanufacturer.com\/sl\/resources\/faqs\/","title":{"rendered":"Pogosto postavljeni vpra\u0161anja"},"content":{"rendered":"<div data-elementor-type=\"wp-page\" data-elementor-id=\"1812\" class=\"elementor elementor-1812\" data-elementor-post-type=\"page\">\n\t\t\t\t<div class=\"elementor-element elementor-element-efd3745 e-flex e-con-boxed e-con e-parent\" data-id=\"efd3745\" data-element_type=\"container\" data-e-type=\"container\">\n\t\t\t\t\t<div class=\"e-con-inner\">\n\t\t<div class=\"elementor-element elementor-element-922995b e-flex e-con-boxed e-con e-child\" data-id=\"922995b\" data-element_type=\"container\" data-e-type=\"container\">\n\t\t\t\t\t<div class=\"e-con-inner\">\n\t\t\t\t<div class=\"elementor-element elementor-element-30cf772 elementor-widget elementor-widget-heading\" data-id=\"30cf772\" data-element_type=\"widget\" data-e-type=\"widget\" data-widget_type=\"heading.default\">\n\t\t\t\t<div class=\"elementor-widget-container\">\n\t\t\t\t\t<h2 class=\"elementor-heading-title elementor-size-default\">Frequently Asked Questions<\/h2>\t\t\t\t<\/div>\n\t\t\t\t<\/div>\n\t\t\t\t<div class=\"elementor-element elementor-element-d35ca5c elementor-widget elementor-widget-text-editor\" data-id=\"d35ca5c\" data-element_type=\"widget\" data-e-type=\"widget\" data-widget_type=\"text-editor.default\">\n\t\t\t\t<div class=\"elementor-widget-container\">\n\t\t\t\t\t\t\t\t\t<p>1.\u017deli\u0161te kreirati posebne \u010depelice? Proces je izjemno enostaven \u2013 potrebujemo samo va\u0161o idejo ali logotip za na\u010drtovanje in proizvodnjo va\u0161ih idealnih \u010depelic. Preberite na\u0161i pogosto postavljeni vpra\u0161anja spodaj za ve\u010d informacij o na\u0161ih servizih za prilagojenost. \u010ce ne najdete, kar i\u0161\u010dete, obrnite se priamo na nas!<\/p>\t\t\t\t\t\t\t\t<\/div>\n\t\t\t\t<\/div>\n\t\t\t\t\t<\/div>\n\t\t\t\t<\/div>\n\t\t<div class=\"elementor-element elementor-element-eaa3bc9 e-con-full e-flex e-con e-child\" data-id=\"eaa3bc9\" data-element_type=\"container\" data-e-type=\"container\">\n\t\t\t\t<div class=\"elementor-element elementor-element-f79173d elementor-widget elementor-widget-image\" data-id=\"f79173d\" data-element_type=\"widget\" data-e-type=\"widget\" data-widget_type=\"image.default\">\n\t\t\t\t<div class=\"elementor-widget-container\">\n\t\t\t\t\t\t\t\t\t\t\t\t\t\t\t<img fetchpriority=\"high\" decoding=\"async\" width=\"700\" height=\"467\" src=\"https:\/\/customsockmanufacturer.com\/wp-content\/uploads\/2024\/06\/Socks-display-shelf-min.webp\" class=\"attachment-large size-large wp-image-2138\" alt=\"\" srcset=\"https:\/\/customsockmanufacturer.com\/wp-content\/uploads\/2024\/06\/Socks-display-shelf-min.webp 700w, https:\/\/customsockmanufacturer.com\/wp-content\/uploads\/2024\/06\/Socks-display-shelf-min-300x200.webp 300w\" sizes=\"(max-width: 700px) 100vw, 700px\" \/>\t\t\t\t\t\t\t\t\t\t\t\t\t\t\t<\/div>\n\t\t\t\t<\/div>\n\t\t\t\t<\/div>\n\t\t\t\t\t<\/div>\n\t\t\t\t<\/div>\n\t\t<div class=\"elementor-element elementor-element-dcef87f e-flex e-con-boxed e-con e-parent\" data-id=\"dcef87f\" data-element_type=\"container\" data-e-type=\"container\" data-settings=\"{&quot;background_background&quot;:&quot;classic&quot;}\">\n\t\t\t\t\t<div class=\"e-con-inner\">\n\t\t\t\t<div class=\"elementor-element elementor-element-a686a39 elementor-widget elementor-widget-heading\" data-id=\"a686a39\" data-element_type=\"widget\" data-e-type=\"widget\" data-widget_type=\"heading.default\">\n\t\t\t\t<div class=\"elementor-widget-container\">\n\t\t\t\t\t<h2 class=\"elementor-heading-title elementor-size-default\">2.Obi\u010dajne informacije<\/h2>\t\t\t\t<\/div>\n\t\t\t\t<\/div>\n\t\t\t\t<div class=\"elementor-element elementor-element-599116b elementor-widget elementor-widget-text-editor\" data-id=\"599116b\" data-element_type=\"widget\" data-e-type=\"widget\" data-widget_type=\"text-editor.default\">\n\t\t\t\t<div class=\"elementor-widget-container\">\n\t\t\t\t\t\t\t\t\t<div id=\"brxe-mizdyp\" class=\"brxe-block\"><h5 class=\"brxe-heading\">3.Kaj so CloudSocks?<\/h5><div class=\"brxe-text\"><p>4.CloudSocks je prva\u010dni proizvajalec \u010depelica v Kini, ki se posebej specializira za prilagojeno na\u010drtovanje in proizvodnjo \u010depelic. Izkazujevamo visoko kakovostne prilagojene \u010depelice po vsem svetu. Na\u0161e prilagojene \u010depelice so idealne za trgovine, e-trgovino, korporativne darili, promocijo brendov in blagajne za posebne dogodke.<\/p><\/div><\/div><div id=\"brxe-rkpviy\" class=\"brxe-block\"><h5 class=\"brxe-heading\">5.Kje je va\u0161a podjetja le\u017ei?<\/h5><div class=\"brxe-text\"><p>6.Na\u0161e proizvodne ustanove so sede\u017e v mestu Zhuji, provinca Zhejiang \u2013 znan kot \u201cSock Capital\u201d Kine zaradi bogate zgodovine v proizvodnji tekstila.<\/p><\/div><\/div><div id=\"brxe-ixubug\" class=\"brxe-block\"><h5 class=\"brxe-heading\">7.Kako se CloudSocks razlikujejo od konkuren\u010dnih podjetij?<\/h5><div class=\"brxe-text\"><p>8.Na\u010drtovanje, proizvodnja in prilagojena pakiranje enostavna storitev za prilagojeno na\u010drtovanje \u010depelica. Hitro obro\u010dno obdobje in trdimo, da izdelamo najudobnej\u0161e \u010depelice<\/p><\/div><\/div><div id=\"brxe-mzxfjc\" class=\"brxe-block\"><h5 class=\"brxe-heading\">9.Kak\u0161ne \u010depelice lahko naredim?<\/h5><div class=\"brxe-text\"><p>10.Izdelujemo tkane \u010depelice in tkane \u010depelice v razli\u010dnih barvah. Ve\u010d\u00a0<a href=\"https:\/\/customsockmanufacturer.com\/sl\/custom-socks\/#options-for-custom-socks\" target=\"_blank\" rel=\"noreferrer noopener\"><strong>11.mogo\u010dnosti \u010depelica<\/strong><\/a>.<\/p><\/div><\/div><div id=\"brxe-fkzyaz\" class=\"brxe-block\"><h5 class=\"brxe-heading\">12.Kako za\u010deti z prilagojanjem \u010depelica?<\/h5><div class=\"brxe-text\"><p>13.Po\u0161iljite obrazec na na\u0161i\u00a0<a href=\"https:\/\/customsockmanufacturer.com\/sl\/contact\/\" target=\"_blank\" rel=\"noreferrer noopener\"><strong>14.strani za stik<\/strong><\/a>15., ali po\u0161ljite e-po\u0161to na\u00a0<a href=\"mailto:ycct@outlook.com\">ycct@outlook.com<\/a><\/p><\/div><\/div><div id=\"brxe-nscash\" class=\"brxe-block\"><h5 class=\"brxe-heading\">16.Mo\u017eem prejeti vzor\u010dek \u010depelica pred naro\u010dilom?<\/h5><div class=\"brxe-text\"><p>17.Absolutno! Pridobivamo brezpla\u010dne vzor\u010dke \u010depelica (za\u0161iljne stro\u0161ke se upo\u0161tevajo). Po\u0161ljevamo vam specifi\u010dne stili in barve, ki vas zanima.<\/p><\/div><\/div><div id=\"brxe-dkqcbu\" class=\"brxe-block\"><h5 class=\"brxe-heading\">18.Kak\u0161ne vrste \u010depelica lahko tovarna izdeluje?<\/h5><div class=\"brxe-text\"><p>19.Na\u0161a tovarna lahko izdeluje skoraj vse obi\u010dajne vrste \u010depelica, vklju\u010dno z: <a href=\"https:\/\/customsockmanufacturer.com\/sl\/custom-logo-socks\/\" target=\"_blank\" rel=\"noreferrer noopener\">17. Prilagojene logotipske \u010depelje<\/a>,\u00a0<a href=\"https:\/\/customsockmanufacturer.com\/sl\/custom-baseball-stirrup-socks\/\" target=\"_blank\" rel=\"noreferrer noopener\">20.Prilagojene baseball \u010depelice<\/a>,\u00a0<a href=\"https:\/\/customsockmanufacturer.com\/sl\/custom-dress-socks\/\" target=\"_blank\" rel=\"noreferrer noopener\">Posebni oble\u010dni \u010devlji<\/a>21.\u2026 in mnogo drugih. \u010ce imate v mislih specifi\u010dno vrsto \u010depelica, obrnite se na nas za razpravo o va\u0161ih potrebah po prilagojanju.<\/p><\/div><\/div>\t\t\t\t\t\t\t\t<\/div>\n\t\t\t\t<\/div>\n\t\t\t\t<div class=\"elementor-element elementor-element-3b8f3ad elementor-widget elementor-widget-text-editor\" data-id=\"3b8f3ad\" data-element_type=\"widget\" data-e-type=\"widget\" data-widget_type=\"text-editor.default\">\n\t\t\t\t<div class=\"elementor-widget-container\">\n\t\t\t\t\t\t\t\t\t<h2 id=\"brxe-fkoppt\" class=\"brxe-heading\">22.Informacije o naro\u010dilu<\/h2><div id=\"brxe-pxbgze\" class=\"brxe-block\"><h5 class=\"brxe-heading\">23.Kaj je najmanj\u0161e koli\u010dino (MOQ) za prilagojene \u010depelice?<\/h5><div class=\"brxe-text\"><p>24.V ve\u010dini na\u0161ih stilov \u010depelica ni zahtevano najmanj\u0161e koli\u010dino. Kliknite tu za pregled stilov \u010depelica brez najmanj\u0161e koli\u010dine. Nekateri posebni stili \u010depelica (ne lepljive gume\u010dne \u010depelice, elitne \u010depelice, svilene \u010depelice, petprstne \u010depelice itd.) zahtevajo najmanj\u0161e koli\u010dine 500-1000 parov.<\/p><\/div><\/div><div id=\"brxe-omflmf\" class=\"brxe-block\"><h5>25.Kak\u0161ne velikosti ponujate za prilagojene \u010depelice?<\/h5><p>26.Mo\u017eemo izdelati \u010depelice za vse velikosti nog. Ponujamo tudi razli\u010dne mo\u017enosti \u201cJEDNA VELIKOST\u201d, ki se komfortno prilega ve\u010dini odraslih nog \u2013 idealne za logotipne \u010depelice, bomba\u010dne \u010depelice in ozna\u010dene stili.<\/p><h5>27.Ponujate li prilagojeno pakiranje \u010d<\/h5><p>Yes! We provide comprehensive sock packaging design and production services, delivering retail-ready products. Options range from complimentary basic packaging to elaborate custom packaging solutions.<\/p><h5>What sock lengths are available?<\/h5><p>Choose from our complete range: no-show socks, ankle socks, crew socks, mid-calf socks, calf-length socks, knee-high socks, and thigh-high socks.<\/p><h5>Kako materiali uporabljate za proizvodnjo \u010depelj?<\/h5><p>Na\u0161a osnovna snaga so visoko kakovostna bomba\u010dna vlakna za na\u0161i tkani \u010depelji. glede na va\u0161e posebne zahteve, sodelujemo tudi z materiali kot nijlon, bambusna vlakna in drugimi posebnimi tekstilami.<\/p><\/div>\t\t\t\t\t\t\t\t<\/div>\n\t\t\t\t<\/div>\n\t\t\t\t<div class=\"elementor-element elementor-element-a6dac2f elementor-widget elementor-widget-text-editor\" data-id=\"a6dac2f\" data-element_type=\"widget\" data-e-type=\"widget\" data-widget_type=\"text-editor.default\">\n\t\t\t\t<div class=\"elementor-widget-container\">\n\t\t\t\t\t\t\t\t\t<h2 id=\"brxe-mbiuzg\" class=\"brxe-heading\">Proces dizajna<\/h2><div id=\"brxe-wcsnnl\" class=\"brxe-block\"><h5 class=\"brxe-heading\">Dizajn \u010depelj je brezpla\u010den?<\/h5><div class=\"brxe-text\"><p>Da, za vse kupce je dizajn brezpla\u010den, imamo dedikirane dizajnerje, ki pomagajo kupcem.<\/p><\/div><\/div><div id=\"brxe-jyqzww\" class=\"brxe-block\"><h5 class=\"brxe-heading\">Koliko \u010dasa lahko dobim dizajn \u010depelj?<\/h5><div class=\"brxe-text\"><p>Obi\u010dajno dostavimo koncepte \u010depeljnih dizajnov v 1-3 dneh. Med uradnimi urami lahko pogosto ponudimo dizajne \u017ee v zgolj nekaj urah.<\/p><\/div><\/div><div id=\"brxe-gzjzic\" class=\"brxe-block\"><h5 class=\"brxe-heading\">lahko vam po\u0161ljete svoj lasten dizajn?<\/h5><div class=\"brxe-text\"><p>Da, sprejemamo vse oblike datotek za dizajn. Pre\u8350am\u043e vam, da uporabite na\u0161 <strong><a href=\"https:\/\/customsockmanufacturer.com\/sl\/socks-mockup-download\/\" target=\"_blank\" rel=\"noreferrer noopener\">vzorec za predstavitve \u010depeljnih dizajnov<\/a><\/strong>\u00a0da bi pospe\u0161ili dizajn.<\/p><\/div><\/div><div id=\"brxe-uqcawc\" class=\"brxe-block\"><h5 class=\"brxe-heading\">Ali je omejitev \u0161tevila barv v dizajnu \u010depelj?<\/h5><div class=\"brxe-text\"><p>Da, obstaja omejitev za \u0161tevilo barv. Obi\u010dajno lahko uporabi enostaven dizajn najve\u010d 8 barv, in zapleteni dizajn najve\u010d 5 barv. To pa ni popolnoma dolo\u010deno.\u00a0<strong><a href=\"https:\/\/customsockmanufacturer.com\/sl\/contact\/\" target=\"_blank\" rel=\"noreferrer noopener\">Po\u0161ljite va\u0161 dizajn na\u0161i ekipi<\/a><\/strong>\u00a0da bi videli, ali lahko za vas naredimo nekaj. in podpora za dizajn je brezpla\u010dna!<\/p><\/div><\/div><div id=\"brxe-azzypg\" class=\"brxe-block\"><h5 class=\"brxe-heading\">Lahko kreirate \u010depelje s razli\u010dnimi dizajni za levo in desno nogo?<\/h5><div class=\"brxe-text\"><p>Da! lahko izdelamo neusklajene para s edinstvenimi dizajni za levo in desno \u010depelj.<\/p><\/div><\/div><div id=\"brxe-xnnlxx\" class=\"brxe-block\"><h5 class=\"brxe-heading\">Nisem imel ideje za dizajn \u010depelj, lahko dobim pomo\u010d?<\/h5><div class=\"brxe-text\"><p>Ni te\u017eave! Na\u0161i izku\u0161eni dizajnerski ekipa lahko ustvari \u010depeljne dizajne, ki so popolnoma prilagojeni va\u0161i marki ali podjetju. Ponujemo brezpla\u010dne dizajnerske usluge in neskon\u010dne popravke, dokler niste popolnoma zadovoljni.<\/p><\/div><\/div>\t\t\t\t\t\t\t\t<\/div>\n\t\t\t\t<\/div>\n\t\t\t\t<div class=\"elementor-element elementor-element-53b4ad8 elementor-widget elementor-widget-text-editor\" data-id=\"53b4ad8\" data-element_type=\"widget\" data-e-type=\"widget\" data-widget_type=\"text-editor.default\">\n\t\t\t\t<div class=\"elementor-widget-container\">\n\t\t\t\t\t\t\t\t\t<h2 id=\"brxe-gnvhki\" class=\"brxe-heading\">Proizvodnja in dostava<\/h2><div id=\"brxe-nswowm\" class=\"brxe-block\"><h5 class=\"brxe-heading\">Kako dolgo traja dostava na izdelane \u010depelje?<\/h5><div class=\"brxe-text\"><p>Na\u0161a obi\u010dajna proizvodnja traja 10-15 delovnih dni, plus \u010das dostave. lahko tudi brezpla\u010dno pospe\u0161imo va\u0161 naro\u010dilo. Tudi za hitre naro\u010dila smo brezpla\u010dni.<\/p><\/div><\/div><div id=\"brxe-uhrnvg\" class=\"brxe-block\"><h5 class=\"brxe-heading\">Lahko naredimo hitre naro\u010dila?<\/h5><div class=\"brxe-text\"><p>Da, naredimo hitra naro\u010dila brezpla\u010dno, prosimo, obrnite se na nas takoj, da bi bili prepri\u010dani, da jih lahko izdelamo za vas takoj.<\/p><\/div><\/div><div id=\"brxe-myixcc\" class=\"brxe-block\"><h5 class=\"brxe-heading\">Kje so \u010depelje izdelane in poslane?<\/h5><div class=\"brxe-text\"><p>\u010cepelje so izdelane v na\u0161i lastni tovarni v mestu Zhuji, Kitajska, in posiljka je obi\u010dajno preko pristani\u0161\u010da Ningbo.<\/p><\/div><\/div><div id=\"brxe-oanwnu\" class=\"brxe-block\"><h5 class=\"brxe-heading\">Lahko bo poslano mednarodno?<\/h5><div class=\"brxe-text\"><p>Da, na\u0161e \u010depelje so poslane po vsem svetu. razli\u010dne regije imajo razli\u010dne politike, in lahko bo vi\u0161je davke ali posebne naknade.<\/p><\/div><\/div><div id=\"brxe-yarzrr\" class=\"brxe-block\"><h5 class=\"brxe-heading\">lahko sledim dostavi naro\u010dil \u010depelj?<\/h5><div class=\"brxe-text\"><p>Ob izdelavi bomo po\u0161lili va\u0161em e-po\u0161tnemu naslovu informacije o sleditvi.<\/p><\/div><\/div>\t\t\t\t\t\t\t\t<\/div>\n\t\t\t\t<\/div>\n\t\t\t\t<div class=\"elementor-element elementor-element-b4e56e8 elementor-widget elementor-widget-text-editor\" data-id=\"b4e56e8\" data-element_type=\"widget\" data-e-type=\"widget\" data-widget_type=\"text-editor.default\">\n\t\t\t\t<div class=\"elementor-widget-container\">\n\t\t\t\t\t\t\t\t\t<h2 id=\"brxe-errtwg\" class=\"brxe-heading\">Informacije o cenah<\/h2><div id=\"brxe-awluus\" class=\"brxe-block\"><h5 class=\"brxe-heading\">Kako velik je cene za \u010dolnike?<\/h5><div class=\"brxe-text\"><p>Cena odvisi od koli\u010dine naro\u010denih \u010dolnkov, obi\u010dno ve\u010dja koli\u010dina pomeni ve\u010dje popusta. Ne moremo ponuditi specifi\u010dne cene tu, prosimo obrnite se na na\u0161o\u00a0<strong><a href=\"https:\/\/customsockmanufacturer.com\/sl\/contact\/\" target=\"_blank\" rel=\"noreferrer noopener\">prodajno ekipo<\/a><\/strong>\u00a0za natan\u010dno ceno.<\/p><\/div><\/div><div id=\"brxe-wdylxo\" class=\"brxe-block\"><h5 class=\"brxe-heading\">Ali so kaj dodatne naknade?<\/h5><div class=\"brxe-text\"><p>Ni dodatnih nakad, ni nastavitvenih nakad, ni po\u017earnih nakad.<\/p><\/div><\/div><div id=\"brxe-djoysf\" class=\"brxe-block\"><h5 class=\"brxe-heading\">Kake pla\u010dilne metode sprejemate?<\/h5><div class=\"brxe-text\"><p>Sprejemamo kreditne kartice, PayPal in ban\u010dne prevoze (T\/T) za va\u0161e ugodnosti.<\/p><\/div><\/div>\t\t\t\t\t\t\t\t<\/div>\n\t\t\t\t<\/div>\n\t\t\t\t\t<\/div>\n\t\t\t\t<\/div>\n\t\t<div class=\"elementor-element elementor-element-02f3d74 e-flex e-con-boxed e-con e-parent\" data-id=\"02f3d74\" data-element_type=\"container\" data-e-type=\"container\">\n\t\t\t\t\t<div class=\"e-con-inner\">\n\t\t\t\t<div class=\"elementor-element elementor-element-a05c0e7 elementor-widget elementor-widget-heading\" data-id=\"a05c0e7\" data-element_type=\"widget\" data-e-type=\"widget\" data-widget_type=\"heading.default\">\n\t\t\t\t<div class=\"elementor-widget-container\">\n\t\t\t\t\t<h2 class=\"elementor-heading-title elementor-size-default\">\u0160e vedno imate vpra\u0161anja?<\/h2>\t\t\t\t<\/div>\n\t\t\t\t<\/div>\n\t\t\t\t<div class=\"elementor-element elementor-element-4ecdc5d elementor-widget elementor-widget-heading\" data-id=\"4ecdc5d\" data-element_type=\"widget\" data-e-type=\"widget\" data-widget_type=\"heading.default\">\n\t\t\t\t<div class=\"elementor-widget-container\">\n\t\t\t\t\t<span class=\"elementor-heading-title elementor-size-default\">Na\u0161a podporna ekipa lahko odgovori na vse va\u0161e vpra\u0161anja o posebnih \u010dolnkih.\n<\/span>\t\t\t\t<\/div>\n\t\t\t\t<\/div>\n\t\t\t\t<div class=\"elementor-element elementor-element-570ebf7 elementor-align-center elementor-widget elementor-widget-button\" data-id=\"570ebf7\" data-element_type=\"widget\" data-e-type=\"widget\" data-widget_type=\"button.default\">\n\t\t\t\t<div class=\"elementor-widget-container\">\n\t\t\t\t\t\t\t\t\t<div class=\"elementor-button-wrapper\">\n\t\t\t\t\t<a class=\"elementor-button elementor-button-link elementor-size-sm\" href=\"https:\/\/customsockmanufacturer.com\/sl\/contact\/\">\n\t\t\t\t\t\t<span class=\"elementor-button-content-wrapper\">\n\t\t\t\t\t\t\t\t\t<span class=\"elementor-button-text\">Konektujte se do nas<\/span>\n\t\t\t\t\t<\/span>\n\t\t\t\t\t<\/a>\n\t\t\t\t<\/div>\n\t\t\t\t\t\t\t\t<\/div>\n\t\t\t\t<\/div>\n\t\t\t\t\t<\/div>\n\t\t\t\t<\/div>\n\t\t\t\t<\/div>","protected":false},"excerpt":{"rendered":"<p>Pogosto vpra\u0161anja \u017deli\u0161 izdelati posebne \u010depele? Proces je izjemno preprost \u2013 potrebujemo samo tvojo idejo ali logotip za zasnovo in izdelavo tvojih perfektnih \u010depele. Preberi na\u0161e pogosto vpra\u0161ane vpra\u0161anja spodaj za ve\u010d informacij o na\u0161ih servizih za prilagojenost. \u010ce ne najde\u0161, kar iskane\u0161, prosimo, neposredno nas kontaktiraj! Splo\u0161ne informacije\u2026&nbsp;<a href=\"https:\/\/customsockmanufacturer.com\/sl\/resources\/faqs\/\" rel=\"bookmark\">Preberi ve\u010d \u00bb<span class=\"screen-reader-text\">Pogosto postavljeni vpra\u0161anja<\/span><\/a><\/p>","protected":false},"author":1,"featured_media":0,"parent":1796,"menu_order":0,"comment_status":"closed","ping_status":"closed","template":"page-templates\/template-pagebuilder-full-width.php","meta":{"_acf_changed":false,"neve_meta_sidebar":"","neve_meta_container":"","neve_meta_enable_content_width":"off","neve_meta_content_width":100,"neve_meta_title_alignment":"","neve_meta_author_avatar":"","neve_post_elements_order":"","neve_meta_disable_header":"","neve_meta_disable_footer":"","neve_meta_disable_title":"","footnotes":""},"class_list":["post-1812","page","type-page","status-publish","hentry"],"acf":[],"_links":{"self":[{"href":"https:\/\/customsockmanufacturer.com\/sl\/wp-json\/wp\/v2\/pages\/1812","targetHints":{"allow":["GET"]}}],"collection":[{"href":"https:\/\/customsockmanufacturer.com\/sl\/wp-json\/wp\/v2\/pages"}],"about":[{"href":"https:\/\/customsockmanufacturer.com\/sl\/wp-json\/wp\/v2\/types\/page"}],"author":[{"embeddable":true,"href":"https:\/\/customsockmanufacturer.com\/sl\/wp-json\/wp\/v2\/users\/1"}],"replies":[{"embeddable":true,"href":"https:\/\/customsockmanufacturer.com\/sl\/wp-json\/wp\/v2\/comments?post=1812"}],"version-history":[{"count":5,"href":"https:\/\/customsockmanufacturer.com\/sl\/wp-json\/wp\/v2\/pages\/1812\/revisions"}],"predecessor-version":[{"id":3141,"href":"https:\/\/customsockmanufacturer.com\/sl\/wp-json\/wp\/v2\/pages\/1812\/revisions\/3141"}],"up":[{"embeddable":true,"href":"https:\/\/customsockmanufacturer.com\/sl\/wp-json\/wp\/v2\/pages\/1796"}],"wp:attachment":[{"href":"https:\/\/customsockmanufacturer.com\/sl\/wp-json\/wp\/v2\/media?parent=1812"}],"curies":[{"name":"wp","href":"https:\/\/api.w.org\/{rel}","templated":true}]}}