{"id":1812,"date":"2024-06-06T01:51:21","date_gmt":"2024-06-06T01:51:21","guid":{"rendered":"https:\/\/customsockmanufacturer.com\/?page_id=1812"},"modified":"2025-05-29T15:04:40","modified_gmt":"2025-05-29T07:04:40","slug":"faqs","status":"publish","type":"page","link":"https:\/\/customsockmanufacturer.com\/ro\/resources\/faqs\/","title":{"rendered":"FAQ"},"content":{"rendered":"<div data-elementor-type=\"wp-page\" data-elementor-id=\"1812\" class=\"elementor elementor-1812\" data-elementor-post-type=\"page\">\n\t\t\t\t<div class=\"elementor-element elementor-element-efd3745 e-flex e-con-boxed e-con e-parent\" data-id=\"efd3745\" data-element_type=\"container\" data-e-type=\"container\">\n\t\t\t\t\t<div class=\"e-con-inner\">\n\t\t<div class=\"elementor-element elementor-element-922995b e-flex e-con-boxed e-con e-child\" data-id=\"922995b\" data-element_type=\"container\" data-e-type=\"container\">\n\t\t\t\t\t<div class=\"e-con-inner\">\n\t\t\t\t<div class=\"elementor-element elementor-element-30cf772 elementor-widget elementor-widget-heading\" data-id=\"30cf772\" data-element_type=\"widget\" data-e-type=\"widget\" data-widget_type=\"heading.default\">\n\t\t\t\t<div class=\"elementor-widget-container\">\n\t\t\t\t\t<h2 class=\"elementor-heading-title elementor-size-default\">\u00centreb\u0103ri Frecvente<\/h2>\t\t\t\t<\/div>\n\t\t\t\t<\/div>\n\t\t\t\t<div class=\"elementor-element elementor-element-d35ca5c elementor-widget elementor-widget-text-editor\" data-id=\"d35ca5c\" data-element_type=\"widget\" data-e-type=\"widget\" data-widget_type=\"text-editor.default\">\n\t\t\t\t<div class=\"elementor-widget-container\">\n\t\t\t\t\t\t\t\t\t<p>1. Dori\u021bi s\u0103 crea\u021bi \u0219osete personalizate? Procesul este extrem de simplu \u2013 avem nevoie doar de ideea sau logo-ul dumneavoastr\u0103 pentru a proiecta \u0219i a fabrica \u0219osetele perfecte. Rula\u021bi prin \u00eentreb\u0103rile noastre frecvente de mai jos pentru a afla mai multe despre serviciile noastre de personalizare. Dac\u0103 nu g\u0103si\u021bi ceea ce c\u0103uta\u021bi, v\u0103 rug\u0103m s\u0103 ne contacta\u021bi direct!<\/p>\t\t\t\t\t\t\t\t<\/div>\n\t\t\t\t<\/div>\n\t\t\t\t\t<\/div>\n\t\t\t\t<\/div>\n\t\t<div class=\"elementor-element elementor-element-eaa3bc9 e-con-full e-flex e-con e-child\" data-id=\"eaa3bc9\" data-element_type=\"container\" data-e-type=\"container\">\n\t\t\t\t<div class=\"elementor-element elementor-element-f79173d elementor-widget elementor-widget-image\" data-id=\"f79173d\" data-element_type=\"widget\" data-e-type=\"widget\" data-widget_type=\"image.default\">\n\t\t\t\t<div class=\"elementor-widget-container\">\n\t\t\t\t\t\t\t\t\t\t\t\t\t\t\t<img fetchpriority=\"high\" decoding=\"async\" width=\"700\" height=\"467\" src=\"https:\/\/customsockmanufacturer.com\/wp-content\/uploads\/2024\/06\/Socks-display-shelf-min.webp\" class=\"attachment-large size-large wp-image-2138\" alt=\"\" srcset=\"https:\/\/customsockmanufacturer.com\/wp-content\/uploads\/2024\/06\/Socks-display-shelf-min.webp 700w, https:\/\/customsockmanufacturer.com\/wp-content\/uploads\/2024\/06\/Socks-display-shelf-min-300x200.webp 300w\" sizes=\"(max-width: 700px) 100vw, 700px\" \/>\t\t\t\t\t\t\t\t\t\t\t\t\t\t\t<\/div>\n\t\t\t\t<\/div>\n\t\t\t\t<\/div>\n\t\t\t\t\t<\/div>\n\t\t\t\t<\/div>\n\t\t<div class=\"elementor-element elementor-element-dcef87f e-flex e-con-boxed e-con e-parent\" data-id=\"dcef87f\" data-element_type=\"container\" data-e-type=\"container\" data-settings=\"{&quot;background_background&quot;:&quot;classic&quot;}\">\n\t\t\t\t\t<div class=\"e-con-inner\">\n\t\t\t\t<div class=\"elementor-element elementor-element-a686a39 elementor-widget elementor-widget-heading\" data-id=\"a686a39\" data-element_type=\"widget\" data-e-type=\"widget\" data-widget_type=\"heading.default\">\n\t\t\t\t<div class=\"elementor-widget-container\">\n\t\t\t\t\t<h2 class=\"elementor-heading-title elementor-size-default\">2. Informa\u021bii generale<\/h2>\t\t\t\t<\/div>\n\t\t\t\t<\/div>\n\t\t\t\t<div class=\"elementor-element elementor-element-599116b elementor-widget elementor-widget-text-editor\" data-id=\"599116b\" data-element_type=\"widget\" data-e-type=\"widget\" data-widget_type=\"text-editor.default\">\n\t\t\t\t<div class=\"elementor-widget-container\">\n\t\t\t\t\t\t\t\t\t<div id=\"brxe-mizdyp\" class=\"brxe-block\"><h5 class=\"brxe-heading\">3. Ce sunt CloudSocks?<\/h5><div class=\"brxe-text\"><p>4. CloudSocks este o fabric\u0103 de produc\u021bie de \u0219osete de calitate superioar\u0103, specializat\u0103 \u00een proiectarea \u0219i produc\u021bia personalizat\u0103 de \u0219osete \u00een China. Export\u0103m \u0219osete personalizate de \u00eenalt\u0103 calitate la nivel mondial. \u0218osetele noastre personalizate sunt perfecte pentru magazine de retail, afaceri de comer\u021b electronic, cadouri corporate, promovare de brand \u0219i produse pentru evenimente speciale.<\/p><\/div><\/div><div id=\"brxe-rkpviy\" class=\"brxe-block\"><h5 class=\"brxe-heading\">Unde se afl\u0103 afacerea dumneavoastr\u0103?<\/h5><div class=\"brxe-text\"><p>5. Fabricile noastre de produc\u021bie sunt situate \u00een ora\u0219ul Zhuji, provincia Zhejiang \u2013 cunoscut sub numele de \u201cCapitala \u0218osetelor\u201d a Chinei, datorit\u0103 istoriei sale bogate \u00een produc\u021bia textil\u0103.<\/p><\/div><\/div><div id=\"brxe-ixubug\" class=\"brxe-block\"><h5 class=\"brxe-heading\">6. Cum se diferen\u021biaz\u0103 CloudSocks de concuren\u021bi?<\/h5><div class=\"brxe-text\"><p>Serviciu complet de personalizare a \u0219osetelor, inclusiv design, produc\u021bie \u0219i ambalare personalizat\u0103. Turnaround rapid \u0219i insisten\u021b\u0103 asupra fabric\u0103rii celor mai confortabile \u0219osete.<\/p><\/div><\/div><div id=\"brxe-mzxfjc\" class=\"brxe-block\"><h5 class=\"brxe-heading\">Ce tip de \u0219osete pot face?<\/h5><div class=\"brxe-text\"><p>Facem \u0219osete tricotate \u0219i \u0219osete Jacquard \u00een diferite culori. Vezi mai multe\u00a0<a href=\"https:\/\/customsockmanufacturer.com\/ro\/custom-socks\/#options-for-custom-socks\" target=\"_blank\" rel=\"noreferrer noopener\"><strong>Op\u021biuni de \u0219osete<\/strong><\/a>.<\/p><\/div><\/div><div id=\"brxe-fkzyaz\" class=\"brxe-block\"><h5 class=\"brxe-heading\">Cum \u00eencep personalizarea \u0219osetelor?<\/h5><div class=\"brxe-text\"><p>V\u0103 rug\u0103m s\u0103 completa\u021bi formularul de pe\u00a0<a href=\"https:\/\/customsockmanufacturer.com\/ro\/contact\/\" target=\"_blank\" rel=\"noreferrer noopener\"><strong>pagina noastr\u0103 de contact<\/strong><\/a>7. sau trimite\u021bi un e-mail la\u00a0<a href=\"mailto:ycct@outlook.com\">ycct@outlook.com<\/a><\/p><\/div><\/div><div id=\"brxe-nscash\" class=\"brxe-block\"><h5 class=\"brxe-heading\">8. Pot primi mostre de \u0219osete \u00eenainte de comand\u0103?<\/h5><div class=\"brxe-text\"><p>9. Absolut! Oferim mostre gratuite de \u0219osete (se aplic\u0103 costuri de transport). Vom trimite stilurile \u0219i culorile specifice la care sunte\u021bi interesa\u021bi.<\/p><\/div><\/div><div id=\"brxe-dkqcbu\" class=\"brxe-block\"><h5 class=\"brxe-heading\">Ce tipuri de \u0219osete poate produce fabrica?<\/h5><div class=\"brxe-text\"><p>10. Fabrica noastr\u0103 poate fabrica aproape toate tipurile comune de \u0219osete, inclusiv: <a href=\"https:\/\/customsockmanufacturer.com\/ro\/custom-logo-socks\/\" target=\"_blank\" rel=\"noreferrer noopener\">\u0218oete Logo Personalizate<\/a>,\u00a0<a href=\"https:\/\/customsockmanufacturer.com\/ro\/custom-baseball-stirrup-socks\/\" target=\"_blank\" rel=\"noreferrer noopener\">\u0218osete personalizate pentru baseball<\/a>,\u00a0<a href=\"https:\/\/customsockmanufacturer.com\/ro\/custom-dress-socks\/\" target=\"_blank\" rel=\"noreferrer noopener\">Cizme de balet personalizate<\/a>11. \u0219i multe altele. Dac\u0103 ave\u021bi \u00een minte un stil specific de \u0219osete, v\u0103 rug\u0103m s\u0103 ne contacta\u021bi pentru a discuta nevoile dumneavoastr\u0103 de personalizare.<\/p><\/div><\/div>\t\t\t\t\t\t\t\t<\/div>\n\t\t\t\t<\/div>\n\t\t\t\t<div class=\"elementor-element elementor-element-3b8f3ad elementor-widget elementor-widget-text-editor\" data-id=\"3b8f3ad\" data-element_type=\"widget\" data-e-type=\"widget\" data-widget_type=\"text-editor.default\">\n\t\t\t\t<div class=\"elementor-widget-container\">\n\t\t\t\t\t\t\t\t\t<h2 id=\"brxe-fkoppt\" class=\"brxe-heading\">12. Informa\u021bii despre comand\u0103<\/h2><div id=\"brxe-pxbgze\" class=\"brxe-block\"><h5 class=\"brxe-heading\">13. Ce este cantitatea minim\u0103 de comand\u0103 (MOQ) pentru \u0219osete personalizate?<\/h5><div class=\"brxe-text\"><p>14. Majoritatea stilurilor noastre de \u0219osete nu au cerin\u021b\u0103 de minim\u0103 comand\u0103. Clic aici pentru a vedea tipurile de \u0219osete f\u0103r\u0103 minim\u0103 comand\u0103. Anumite \u0219osete speciale (\u0219osete antiderapante, \u0219osete de elit\u0103, \u0219osete m\u0103tasoase, \u0219osete cu cinci degete, etc.) necesit\u0103 comenzi minime de 500-1000 perechi.<\/p><\/div><\/div><div id=\"brxe-omflmf\" class=\"brxe-block\"><h5>15. Care m\u0103rimi oferi\u021bi pentru \u0219osete personalizate?<\/h5><p>16. Putem produce \u0219osete pentru toate m\u0103rimile picioarelor. De asemenea, oferim op\u021biuni \u201cUNA M\u0102RIMI\u201d versatile, care se potrivesc confortabil la majoritatea picioarelor adul\u021bilor \u2013 perfecte pentru \u0219osete cu logo, \u0219osete din bumbac \u0219i stiluri brandizate.<\/p><h5>17. Oferi\u021bi ambalare personalizat\u0103 pentru \u0219osete?<\/h5><p>18. Da! Oferim servicii complete de design \u0219i produc\u021bie a ambalajelor pentru \u0219osete, livr\u00e2nd produse gata pentru retail. Op\u021biunile variaz\u0103 de la ambalare de baz\u0103 gratuit\u0103 p\u00e2n\u0103 la solu\u021bii personalizate elaborate.<\/p><h5>19. Care lungimi de \u0219osete sunt disponibile?<\/h5><p>20. Alege\u021bi din gama noastr\u0103 complet\u0103: \u0219osete invizibile, \u0219osete la glezn\u0103, \u0219osete la genunchi, \u0219osete la mijlocul gleznei, \u0219osete la \u00een\u0103l\u021bimea gleznei, \u0219osete la \u00een\u0103l\u021bimea genunchiului \u0219i \u0219osete la \u00een\u0103l\u021bimea coapselor.<\/p><h5>21. Care materiale utiliza\u021bi pentru produc\u021bia \u0219osetelor?<\/h5><p>22. Utiliz\u0103m \u00een principal bumbac de \u00eenalt\u0103 calitate pentru \u0219osetele noastre tricotate. \u00cen func\u021bie de cerin\u021bele dumneavoastr\u0103 specifice, lucr\u0103m \u0219i cu materiale precum nailon, fibru de bambus \u0219i alte textile specializate.<\/p><\/div>\t\t\t\t\t\t\t\t<\/div>\n\t\t\t\t<\/div>\n\t\t\t\t<div class=\"elementor-element elementor-element-a6dac2f elementor-widget elementor-widget-text-editor\" data-id=\"a6dac2f\" data-element_type=\"widget\" data-e-type=\"widget\" data-widget_type=\"text-editor.default\">\n\t\t\t\t<div class=\"elementor-widget-container\">\n\t\t\t\t\t\t\t\t\t<h2 id=\"brxe-mbiuzg\" class=\"brxe-heading\">23. Procesul de design<\/h2><div id=\"brxe-wcsnnl\" class=\"brxe-block\"><h5 class=\"brxe-heading\">24. Designul \u0219osetelor este gratuit?<\/h5><div class=\"brxe-text\"><p>25. Da, pentru to\u021bi clien\u021bii, designul este gratuit, avem designeri dedica\u021bi pentru a ajuta clien\u021bii.<\/p><\/div><\/div><div id=\"brxe-jyqzww\" class=\"brxe-block\"><h5 class=\"brxe-heading\">26. C\u00e2t timp pot ob\u021bine designul \u0219osetelor?<\/h5><div class=\"brxe-text\"><p>27. De obicei, livr\u0103m conceptele de design ale \u0219osetelor \u00een 1-3 zile. \u00cen timp<\/p><\/div><\/div><div id=\"brxe-gzjzic\" class=\"brxe-block\"><h5 class=\"brxe-heading\">Can I send you my own design?<\/h5><div class=\"brxe-text\"><p>Yes, We accept design files in any format. We recommend that you use our <strong><a href=\"https:\/\/customsockmanufacturer.com\/ro\/socks-mockup-download\/\" target=\"_blank\" rel=\"noreferrer noopener\">sock design mockup<\/a><\/strong>\u00a0s\u0103 accelereze designul.<\/p><\/div><\/div><div id=\"brxe-uqcawc\" class=\"brxe-block\"><h5 class=\"brxe-heading\">Este o limit\u0103 pentru num\u0103rul de culori \u00een designul ciorapilor?<\/h5><div class=\"brxe-text\"><p>Da, exist\u0103 o limit\u0103 pentru num\u0103rul de culori. \u00cen general, un design simplu poate folosi maxim 8 culori, iar un design complex maxim 5 culori. Cu toate acestea, acest lucru nu este sigur.\u00a0<strong><a href=\"https:\/\/customsockmanufacturer.com\/ro\/contact\/\" target=\"_blank\" rel=\"noreferrer noopener\">Trimite\u021bi designul dvs. echipei noastre<\/a><\/strong>\u00a0pentru a vedea dac\u0103 putem face ceva pentru dumneavoastr\u0103. \u0219i suportul pentru design este gratuit!<\/p><\/div><\/div><div id=\"brxe-azzypg\" class=\"brxe-block\"><h5 class=\"brxe-heading\">Po\u021bi crea ciorapi cu designe diferite pentru piciorul st\u00e2ng \u0219i cel drept?<\/h5><div class=\"brxe-text\"><p>Da! Putem produce perechi neconcordante cu designe unice pentru ciorapii st\u00e2ngi \u0219i drepti.<\/p><\/div><\/div><div id=\"brxe-xnnlxx\" class=\"brxe-block\"><h5 class=\"brxe-heading\">Nu am idee cum s\u0103 designez ciorapi, pot primi ajutor?<\/h5><div class=\"brxe-text\"><p>F\u0103r\u0103 probleme! Echipa noastr\u0103 de design experimentat\u0103 poate crea designuri de ciorapi perfect potrivite pentru marca sau compania dvs. Oferim servicii de design gratuite \u0219i revizuiri nelimitate p\u00e2n\u0103 c\u00e2nd sunte\u021bi complet satisf\u0103cut.<\/p><\/div><\/div>\t\t\t\t\t\t\t\t<\/div>\n\t\t\t\t<\/div>\n\t\t\t\t<div class=\"elementor-element elementor-element-53b4ad8 elementor-widget elementor-widget-text-editor\" data-id=\"53b4ad8\" data-element_type=\"widget\" data-e-type=\"widget\" data-widget_type=\"text-editor.default\">\n\t\t\t\t<div class=\"elementor-widget-container\">\n\t\t\t\t\t\t\t\t\t<h2 id=\"brxe-gnvhki\" class=\"brxe-heading\">Produc\u021bie \u0219i Livrare<\/h2><div id=\"brxe-nswowm\" class=\"brxe-block\"><h5 class=\"brxe-heading\">Ce este timpul de livrare pentru ciorape personalizate?<\/h5><div class=\"brxe-text\"><p>Timpul nostru standard de produc\u021bie este de 10-15 zile lucr\u0103toare, plus timpul de livrare. De asemenea, putem urgenta comanda dvs. gratuit. Suntem \u0219i pentru comenzi de urgen\u021b\u0103 gratuite.<\/p><\/div><\/div><div id=\"brxe-uhrnvg\" class=\"brxe-block\"><h5 class=\"brxe-heading\">Po\u021bi face comenzi de urgen\u021b\u0103?<\/h5><div class=\"brxe-text\"><p>Da, facem comenzi de urgen\u021b\u0103 gratuit, v\u0103 rug\u0103m s\u0103 ne contacta\u021bi acum pentru a ne asigura c\u0103 le putem produce pentru dumneavoastr\u0103 c\u00e2t mai cur\u00e2nd posibil.<\/p><\/div><\/div><div id=\"brxe-myixcc\" class=\"brxe-block\"><h5 class=\"brxe-heading\">Unde sunt fabricate \u0219i expediate ciorapele?<\/h5><div class=\"brxe-text\"><p>Ciorapele sunt produse \u00een fabrica noastr\u0103 din ora\u0219ul Zhuji, China, iar expedierea este de obicei prin Portul Ningbo.<\/p><\/div><\/div><div id=\"brxe-oanwnu\" class=\"brxe-block\"><h5 class=\"brxe-heading\">Poate fi expediat interna\u021bional?<\/h5><div class=\"brxe-text\"><p>Da, ciorapele noastre sunt expediate \u00een toat\u0103 lumea. Cu toate acestea, diferitele regiuni au politici diferite \u0219i pot exista taxe sau tarife suplimentare.<\/p><\/div><\/div><div id=\"brxe-yarzrr\" class=\"brxe-block\"><h5 class=\"brxe-heading\">Pot urm\u0103ri expedierea comenzilor de ciorapi?<\/h5><div class=\"brxe-text\"><p>Odat\u0103 expediate, v\u0103 vom trimite prin email informa\u021biile de cod de urm\u0103rire.<\/p><\/div><\/div>\t\t\t\t\t\t\t\t<\/div>\n\t\t\t\t<\/div>\n\t\t\t\t<div class=\"elementor-element elementor-element-b4e56e8 elementor-widget elementor-widget-text-editor\" data-id=\"b4e56e8\" data-element_type=\"widget\" data-e-type=\"widget\" data-widget_type=\"text-editor.default\">\n\t\t\t\t<div class=\"elementor-widget-container\">\n\t\t\t\t\t\t\t\t\t<h2 id=\"brxe-errtwg\" class=\"brxe-heading\">Informa\u021bii despre Pre\u021buri<\/h2><div id=\"brxe-awluus\" class=\"brxe-block\"><h5 class=\"brxe-heading\">Ce este pre\u021bul ciorapilor?<\/h5><div class=\"brxe-text\"><p>Pre\u021bul depinde de cantitatea comenzii de ciorapi, de obicei, c\u00e2t mai mare este cantitatea, cu at\u00e2t mai mare va fi discountul. Nu putem oferi pre\u021bul specific aici, v\u0103 rug\u0103m s\u0103 contacta\u021bi\u00a0<strong><a href=\"https:\/\/customsockmanufacturer.com\/ro\/contact\/\" target=\"_blank\" rel=\"noreferrer noopener\">echipa noastr\u0103 de v\u00e2nz\u0103ri<\/a><\/strong>\u00a0pentru pre\u021bul exact.<\/p><\/div><\/div><div id=\"brxe-wdylxo\" class=\"brxe-block\"><h5 class=\"brxe-heading\">Exist\u0103 alte taxe suplimentare?<\/h5><div class=\"brxe-text\"><p>Nu exist\u0103 taxe suplimentare, f\u0103r\u0103 taxe de configurare \u0219i f\u0103r\u0103 taxe de urgen\u021b\u0103.<\/p><\/div><\/div><div id=\"brxe-djoysf\" class=\"brxe-block\"><h5 class=\"brxe-heading\">Ce metode de plat\u0103 accepta\u021bi?<\/h5><div class=\"brxe-text\"><p>Accept\u0103m carduri de credit, PayPal \u0219i transferuri bancare (T\/T) pentru convenien\u021ba dvs.<\/p><\/div><\/div>\t\t\t\t\t\t\t\t<\/div>\n\t\t\t\t<\/div>\n\t\t\t\t\t<\/div>\n\t\t\t\t<\/div>\n\t\t<div class=\"elementor-element elementor-element-02f3d74 e-flex e-con-boxed e-con e-parent\" data-id=\"02f3d74\" data-element_type=\"container\" data-e-type=\"container\">\n\t\t\t\t\t<div class=\"e-con-inner\">\n\t\t\t\t<div class=\"elementor-element elementor-element-a05c0e7 elementor-widget elementor-widget-heading\" data-id=\"a05c0e7\" data-element_type=\"widget\" data-e-type=\"widget\" data-widget_type=\"heading.default\">\n\t\t\t\t<div class=\"elementor-widget-container\">\n\t\t\t\t\t<h2 class=\"elementor-heading-title elementor-size-default\">Still have questions?<\/h2>\t\t\t\t<\/div>\n\t\t\t\t<\/div>\n\t\t\t\t<div class=\"elementor-element elementor-element-4ecdc5d elementor-widget elementor-widget-heading\" data-id=\"4ecdc5d\" data-element_type=\"widget\" data-e-type=\"widget\" data-widget_type=\"heading.default\">\n\t\t\t\t<div class=\"elementor-widget-container\">\n\t\t\t\t\t<span class=\"elementor-heading-title elementor-size-default\">Echipa noastr\u0103 de suport poate r\u0103spunde la orice \u00eentrebare ave\u021bi despre ciorape personalizate.\n<\/span>\t\t\t\t<\/div>\n\t\t\t\t<\/div>\n\t\t\t\t<div class=\"elementor-element elementor-element-570ebf7 elementor-align-center elementor-widget elementor-widget-button\" data-id=\"570ebf7\" data-element_type=\"widget\" data-e-type=\"widget\" data-widget_type=\"button.default\">\n\t\t\t\t<div class=\"elementor-widget-container\">\n\t\t\t\t\t\t\t\t\t<div class=\"elementor-button-wrapper\">\n\t\t\t\t\t<a class=\"elementor-button elementor-button-link elementor-size-sm\" href=\"https:\/\/customsockmanufacturer.com\/ro\/contact\/\">\n\t\t\t\t\t\t<span class=\"elementor-button-content-wrapper\">\n\t\t\t\t\t\t\t\t\t<span class=\"elementor-button-text\">Contacta\u021bi-ne<\/span>\n\t\t\t\t\t<\/span>\n\t\t\t\t\t<\/a>\n\t\t\t\t<\/div>\n\t\t\t\t\t\t\t\t<\/div>\n\t\t\t\t<\/div>\n\t\t\t\t\t<\/div>\n\t\t\t\t<\/div>\n\t\t\t\t<\/div>","protected":false},"excerpt":{"rendered":"<p>\u00centreb\u0103ri Frecvente Dori\u021bi s\u0103 crea\u021bi \u0219osete personalizate? Procesul este extrem de simplu \u2013 avem nevoie doar de ideea sau logo-ul dvs. pentru a proiecta \u0219i a fabrica \u0219osetele perfecte. Citi\u021bi \u00eentreb\u0103rile frecvente de mai jos pentru a afla mai multe despre serviciile noastre de personalizare. Dac\u0103 nu g\u0103si\u021bi ceea ce c\u0103uta\u021bi, v\u0103 rug\u0103m s\u0103 ne contacta\u021bi direct! Informa\u021bii Generale\u2026&nbsp;<a href=\"https:\/\/customsockmanufacturer.com\/ro\/resources\/faqs\/\" rel=\"bookmark\">Cite\u0219te mai mult &gt;&gt;<span class=\"screen-reader-text\">FAQ<\/span><\/a><\/p>","protected":false},"author":1,"featured_media":0,"parent":1796,"menu_order":0,"comment_status":"closed","ping_status":"closed","template":"page-templates\/template-pagebuilder-full-width.php","meta":{"_acf_changed":false,"neve_meta_sidebar":"","neve_meta_container":"","neve_meta_enable_content_width":"off","neve_meta_content_width":100,"neve_meta_title_alignment":"","neve_meta_author_avatar":"","neve_post_elements_order":"","neve_meta_disable_header":"","neve_meta_disable_footer":"","neve_meta_disable_title":"","footnotes":""},"class_list":["post-1812","page","type-page","status-publish","hentry"],"acf":[],"_links":{"self":[{"href":"https:\/\/customsockmanufacturer.com\/ro\/wp-json\/wp\/v2\/pages\/1812","targetHints":{"allow":["GET"]}}],"collection":[{"href":"https:\/\/customsockmanufacturer.com\/ro\/wp-json\/wp\/v2\/pages"}],"about":[{"href":"https:\/\/customsockmanufacturer.com\/ro\/wp-json\/wp\/v2\/types\/page"}],"author":[{"embeddable":true,"href":"https:\/\/customsockmanufacturer.com\/ro\/wp-json\/wp\/v2\/users\/1"}],"replies":[{"embeddable":true,"href":"https:\/\/customsockmanufacturer.com\/ro\/wp-json\/wp\/v2\/comments?post=1812"}],"version-history":[{"count":5,"href":"https:\/\/customsockmanufacturer.com\/ro\/wp-json\/wp\/v2\/pages\/1812\/revisions"}],"predecessor-version":[{"id":3141,"href":"https:\/\/customsockmanufacturer.com\/ro\/wp-json\/wp\/v2\/pages\/1812\/revisions\/3141"}],"up":[{"embeddable":true,"href":"https:\/\/customsockmanufacturer.com\/ro\/wp-json\/wp\/v2\/pages\/1796"}],"wp:attachment":[{"href":"https:\/\/customsockmanufacturer.com\/ro\/wp-json\/wp\/v2\/media?parent=1812"}],"curies":[{"name":"wp","href":"https:\/\/api.w.org\/{rel}","templated":true}]}}