{"id":1812,"date":"2024-06-06T01:51:21","date_gmt":"2024-06-06T01:51:21","guid":{"rendered":"https:\/\/customsockmanufacturer.com\/?page_id=1812"},"modified":"2025-05-29T15:04:40","modified_gmt":"2025-05-29T07:04:40","slug":"faqs","status":"publish","type":"page","link":"https:\/\/customsockmanufacturer.com\/it\/resources\/faqs\/","title":{"rendered":"Domande frequenti"},"content":{"rendered":"<div data-elementor-type=\"wp-page\" data-elementor-id=\"1812\" class=\"elementor elementor-1812\" data-elementor-post-type=\"page\">\n\t\t\t\t<div class=\"elementor-element elementor-element-efd3745 e-flex e-con-boxed e-con e-parent\" data-id=\"efd3745\" data-element_type=\"container\" data-e-type=\"container\">\n\t\t\t\t\t<div class=\"e-con-inner\">\n\t\t<div class=\"elementor-element elementor-element-922995b e-flex e-con-boxed e-con e-child\" data-id=\"922995b\" data-element_type=\"container\" data-e-type=\"container\">\n\t\t\t\t\t<div class=\"e-con-inner\">\n\t\t\t\t<div class=\"elementor-element elementor-element-30cf772 elementor-widget elementor-widget-heading\" data-id=\"30cf772\" data-element_type=\"widget\" data-e-type=\"widget\" data-widget_type=\"heading.default\">\n\t\t\t\t<div class=\"elementor-widget-container\">\n\t\t\t\t\t<h2 class=\"elementor-heading-title elementor-size-default\">Domande Frequenti<\/h2>\t\t\t\t<\/div>\n\t\t\t\t<\/div>\n\t\t\t\t<div class=\"elementor-element elementor-element-d35ca5c elementor-widget elementor-widget-text-editor\" data-id=\"d35ca5c\" data-element_type=\"widget\" data-e-type=\"widget\" data-widget_type=\"text-editor.default\">\n\t\t\t\t<div class=\"elementor-widget-container\">\n\t\t\t\t\t\t\t\t\t<p>Cerchi di creare calze personalizzate? Il processo \u00e8 incredibilmente semplice \u2013 ci serve solo la tua idea o logo per progettare e produrre le tue calze perfette. Esplora le nostre domande frequenti qui sotto per saperne di pi\u00f9 sui nostri servizi di personalizzazione. Se non trovi ci\u00f2 che cerchi, contattaci direttamente!<\/p>\t\t\t\t\t\t\t\t<\/div>\n\t\t\t\t<\/div>\n\t\t\t\t\t<\/div>\n\t\t\t\t<\/div>\n\t\t<div class=\"elementor-element elementor-element-eaa3bc9 e-con-full e-flex e-con e-child\" data-id=\"eaa3bc9\" data-element_type=\"container\" data-e-type=\"container\">\n\t\t\t\t<div class=\"elementor-element elementor-element-f79173d elementor-widget elementor-widget-image\" data-id=\"f79173d\" data-element_type=\"widget\" data-e-type=\"widget\" data-widget_type=\"image.default\">\n\t\t\t\t<div class=\"elementor-widget-container\">\n\t\t\t\t\t\t\t\t\t\t\t\t\t\t\t<img fetchpriority=\"high\" decoding=\"async\" width=\"700\" height=\"467\" src=\"https:\/\/customsockmanufacturer.com\/wp-content\/uploads\/2024\/06\/Socks-display-shelf-min.webp\" class=\"attachment-large size-large wp-image-2138\" alt=\"\" srcset=\"https:\/\/customsockmanufacturer.com\/wp-content\/uploads\/2024\/06\/Socks-display-shelf-min.webp 700w, https:\/\/customsockmanufacturer.com\/wp-content\/uploads\/2024\/06\/Socks-display-shelf-min-300x200.webp 300w\" sizes=\"(max-width: 700px) 100vw, 700px\" \/>\t\t\t\t\t\t\t\t\t\t\t\t\t\t\t<\/div>\n\t\t\t\t<\/div>\n\t\t\t\t<\/div>\n\t\t\t\t\t<\/div>\n\t\t\t\t<\/div>\n\t\t<div class=\"elementor-element elementor-element-dcef87f e-flex e-con-boxed e-con e-parent\" data-id=\"dcef87f\" data-element_type=\"container\" data-e-type=\"container\" data-settings=\"{&quot;background_background&quot;:&quot;classic&quot;}\">\n\t\t\t\t\t<div class=\"e-con-inner\">\n\t\t\t\t<div class=\"elementor-element elementor-element-a686a39 elementor-widget elementor-widget-heading\" data-id=\"a686a39\" data-element_type=\"widget\" data-e-type=\"widget\" data-widget_type=\"heading.default\">\n\t\t\t\t<div class=\"elementor-widget-container\">\n\t\t\t\t\t<h2 class=\"elementor-heading-title elementor-size-default\">Informazioni Generali<\/h2>\t\t\t\t<\/div>\n\t\t\t\t<\/div>\n\t\t\t\t<div class=\"elementor-element elementor-element-599116b elementor-widget elementor-widget-text-editor\" data-id=\"599116b\" data-element_type=\"widget\" data-e-type=\"widget\" data-widget_type=\"text-editor.default\">\n\t\t\t\t<div class=\"elementor-widget-container\">\n\t\t\t\t\t\t\t\t\t<div id=\"brxe-mizdyp\" class=\"brxe-block\"><h5 class=\"brxe-heading\">Cos'\u00e8 CloudSocks?<\/h5><div class=\"brxe-text\"><p>CloudSocks \u00e8 una fabbrica di produzione di calze di lusso specializzata nella progettazione e produzione di calze personalizzate in Cina. Esportiamo calze personalizzate di alta qualit\u00e0 in tutto il mondo. Le nostre calze personalizzate sono perfette per negozi di rivendita, attivit\u00e0 di e-commerce, regali aziendali, promozione di marchi e merchandise per eventi speciali.<\/p><\/div><\/div><div id=\"brxe-rkpviy\" class=\"brxe-block\"><h5 class=\"brxe-heading\">Dove \u00e8 situata la tua attivit\u00e0?<\/h5><div class=\"brxe-text\"><p>Le nostre strutture di produzione sono situate a Zhuji City, Zhejiang Province \u2013 conosciuta come la \u201cCapitale delle Calze\u201d della Cina per la sua ricca storia nella produzione tessile.<\/p><\/div><\/div><div id=\"brxe-ixubug\" class=\"brxe-block\"><h5 class=\"brxe-heading\">Come si differenzia CloudSocks dai concorrenti?<\/h5><div class=\"brxe-text\"><p>Servizio di personalizzazione delle calze one-stop per progettazione, produzione e confezionamento personalizzato. Tempi di consegna rapidi e insistenza nel produrre le calze pi\u00f9 comode.<\/p><\/div><\/div><div id=\"brxe-mzxfjc\" class=\"brxe-block\"><h5 class=\"brxe-heading\">Di che tipo di calze posso fare?<\/h5><div class=\"brxe-text\"><p>Facciamo calze magliate e calze jacquard intrecciate in diversi colori. Guarda di pi\u00f9\u00a0<a href=\"https:\/\/customsockmanufacturer.com\/it\/custom-socks\/#options-for-custom-socks\" target=\"_blank\" rel=\"noreferrer noopener\"><strong>opzioni di calze<\/strong><\/a>.<\/p><\/div><\/div><div id=\"brxe-fkzyaz\" class=\"brxe-block\"><h5 class=\"brxe-heading\">Come iniziare a personalizzare le calze?<\/h5><div class=\"brxe-text\"><p>Compila il modulo sulla nostra\u00a0<a href=\"https:\/\/customsockmanufacturer.com\/it\/contact\/\" target=\"_blank\" rel=\"noreferrer noopener\"><strong>pagina dei contatti<\/strong><\/a>Oppure invia un'e-mail a\u00a0<a href=\"mailto:ycct@outlook.com\">ycct@outlook.com<\/a><\/p><\/div><\/div><div id=\"brxe-nscash\" class=\"brxe-block\"><h5 class=\"brxe-heading\">Posso ricevere campioni di calze prima di ordinare?<\/h5><div class=\"brxe-text\"><p>Assolutamente! Forniamo campioni di calze gratuiti (i costi di spedizione si applicano). Ti invieremo i stili e i colori specifici di tuo interesse.<\/p><\/div><\/div><div id=\"brxe-dkqcbu\" class=\"brxe-block\"><h5 class=\"brxe-heading\">Quale tipo di calze pu\u00f2 produrre la fabbrica?<\/h5><div class=\"brxe-text\"><p>La nostra fabbrica pu\u00f2 produrre quasi tutti i tipi di calze comuni, inclusi: <a href=\"https:\/\/customsockmanufacturer.com\/it\/custom-logo-socks\/\" target=\"_blank\" rel=\"noreferrer noopener\">Custom Logo Socks<\/a>,\u00a0<a href=\"https:\/\/customsockmanufacturer.com\/it\/custom-baseball-stirrup-socks\/\" target=\"_blank\" rel=\"noreferrer noopener\">Calze da baseball personalizzate<\/a>,\u00a0<a href=\"https:\/\/customsockmanufacturer.com\/it\/custom-dress-socks\/\" target=\"_blank\" rel=\"noreferrer noopener\">Calzini da cerbottana personalizzati<\/a>\u2026 e molto altro. Se hai in mente un tipo specifico di calza, contattaci per discutere delle tue esigenze di personalizzazione.<\/p><\/div><\/div>\t\t\t\t\t\t\t\t<\/div>\n\t\t\t\t<\/div>\n\t\t\t\t<div class=\"elementor-element elementor-element-3b8f3ad elementor-widget elementor-widget-text-editor\" data-id=\"3b8f3ad\" data-element_type=\"widget\" data-e-type=\"widget\" data-widget_type=\"text-editor.default\">\n\t\t\t\t<div class=\"elementor-widget-container\">\n\t\t\t\t\t\t\t\t\t<h2 id=\"brxe-fkoppt\" class=\"brxe-heading\">Informazioni sull'Ordine<\/h2><div id=\"brxe-pxbgze\" class=\"brxe-block\"><h5 class=\"brxe-heading\">Qual \u00e8 la quantit\u00e0 minima di ordine (MOQ) per le calze personalizzate?<\/h5><div class=\"brxe-text\"><p>La maggior parte dei nostri stili di calze non ha un requisito minimo di ordine. Clicca qui per visualizzare i tipi di calze senza requisito minimo di ordine. Alcune calze speciali (calze antiscivolo in gomma, calze di \u00e9lite, calze pelose, calze a cinque dita, ecc.) richiedono ordini minimi di 500-1000 paia.<\/p><\/div><\/div><div id=\"brxe-omflmf\" class=\"brxe-block\"><h5>In che taglie offrite le calze personalizzate?<\/h5><p>Possiamo produrre calze per tutte le taglie dei piedi. Offriamo anche opzioni \u201cUNICA TAGLIA\u201d flessibili che si adattano comodamente alla maggior parte dei piedi degli adulti \u2013 perfette per calze con logo, calze in cotone e stili con marchio.<\/p><h5>Offrite confezionamento personalizzato per le calze?<\/h5><p>S\u00ec! Forniamo servizi di progettazione e produzione di confezionamento di calze completi, consegnando prodotti pronti per la vendita. Le opzioni vanno dai confezionamenti di base gratuiti a soluzioni di confezionamento personalizzate elaborate.<\/p><h5>Quali lunghezze di calze sono disponibili?<\/h5><p>Scegli dalla nostra gamma completa: calze invisibili, calze alla caviglia, calze da mezza gamba, calze al polpaccio, calze alla gamba, calze a ginocchio e calze a coscia.<\/p><h5>Quali materiali utilizzate per la produzione di calze?<\/h5><p>Utilizziamo principalmente cotone di alta qualit\u00e0 per le nostre calze a maglia. Sulla base delle tue specifiche esigenze, lavoriamo anche con materiali come nylon, fibra di bamb\u00f9 e altri tessuti specializzati.<\/p><\/div>\t\t\t\t\t\t\t\t<\/div>\n\t\t\t\t<\/div>\n\t\t\t\t<div class=\"elementor-element elementor-element-a6dac2f elementor-widget elementor-widget-text-editor\" data-id=\"a6dac2f\" data-element_type=\"widget\" data-e-type=\"widget\" data-widget_type=\"text-editor.default\">\n\t\t\t\t<div class=\"elementor-widget-container\">\n\t\t\t\t\t\t\t\t\t<h2 id=\"brxe-mbiuzg\" class=\"brxe-heading\">Processo di Progettazione<\/h2><div id=\"brxe-wcsnnl\" class=\"brxe-block\"><h5 class=\"brxe-heading\">La progettazione delle calze \u00e8 gratuita?<\/h5><div class=\"brxe-text\"><p>S\u00ec, per tutti i clienti, la progettazione \u00e8 gratuita, abbiamo designer dedicati per aiutare i clienti.<\/p><\/div><\/div><div id=\"brxe-jyqzww\" class=\"brxe-block\"><h5 class=\"brxe-heading\">Quanto tempo ci vuole per ottenere la progettazione delle calze?<\/h5><div class=\"brxe-text\"><p>Di solito consegniamo concetti di progettazione di calze entro 1-3 giorni. Durante gli orari di lavoro, spesso possiamo fornire progetti in poche ore.<\/p><\/div><\/div><div id=\"brxe-gzjzic\" class=\"brxe-block\"><h5 class=\"brxe-heading\">Posso inviarvi il mio proprio design?<\/h5><div class=\"brxe-text\"><p>S\u00ec, accettiamo file di design in qualsiasi formato. Raccomandiamo di utilizzare il nostro <strong><a href=\"https:\/\/customsockmanufacturer.com\/it\/socks-mockup-download\/\" target=\"_blank\" rel=\"noreferrer noopener\">mockup di progettazione delle calze<\/a><\/strong>\u00a0accelerare il design.<\/p><\/div><\/div><div id=\"brxe-uqcawc\" class=\"brxe-block\"><h5 class=\"brxe-heading\">C'\u00e8 un limite al numero di colori nel design delle calze?<\/h5><div class=\"brxe-text\"><p>S\u00ec, c'\u00e8 un limite per il numero di colori. Generalmente, un design semplice pu\u00f2 utilizzare un massimo di 8 colori, e un design complesso pu\u00f2 utilizzare un massimo di 5 colori. Tuttavia, questo non \u00e8 certo.\u00a0<strong><a href=\"https:\/\/customsockmanufacturer.com\/it\/contact\/\" target=\"_blank\" rel=\"noreferrer noopener\">Invia il tuo design alla nostra squadra<\/a><\/strong>\u00a0per vedere se possiamo fare qualcosa per te. e il supporto al design \u00e8 gratuito!<\/p><\/div><\/div><div id=\"brxe-azzypg\" class=\"brxe-block\"><h5 class=\"brxe-heading\">Puoi creare calze con design diversi per piede destro e sinistro?<\/h5><div class=\"brxe-text\"><p>S\u00ec! Possiamo produrre paia non allineate con design unici per calze destra e sinistra.<\/p><\/div><\/div><div id=\"brxe-xnnlxx\" class=\"brxe-block\"><h5 class=\"brxe-heading\">Non ho idea di come progettare calze, posso ottenere aiuto?<\/h5><div class=\"brxe-text\"><p>Nessun problema! La nostra squadra di design esperta pu\u00f2 creare progetti di calze perfettamente adatti al tuo marchio o azienda. Offriamo servizi di design gratuiti e revisioni illimitate fino a quando non sei completamente soddisfatto.<\/p><\/div><\/div>\t\t\t\t\t\t\t\t<\/div>\n\t\t\t\t<\/div>\n\t\t\t\t<div class=\"elementor-element elementor-element-53b4ad8 elementor-widget elementor-widget-text-editor\" data-id=\"53b4ad8\" data-element_type=\"widget\" data-e-type=\"widget\" data-widget_type=\"text-editor.default\">\n\t\t\t\t<div class=\"elementor-widget-container\">\n\t\t\t\t\t\t\t\t\t<h2 id=\"brxe-gnvhki\" class=\"brxe-heading\">Produzione e Spedizione<\/h2><div id=\"brxe-nswowm\" class=\"brxe-block\"><h5 class=\"brxe-heading\">Qual \u00e8 il tempo di consegna per calze personalizzate?<\/h5><div class=\"brxe-text\"><p>Il nostro tempo di produzione standard \u00e8 di 10-15 giorni lavorativi, pi\u00f9 il tempo di spedizione. Possiamo anche accelerare il tuo ordine gratuitamente. Offriamo anche ordini di urgenza gratuiti.<\/p><\/div><\/div><div id=\"brxe-uhrnvg\" class=\"brxe-block\"><h5 class=\"brxe-heading\">Puoi fare ordini di urgenza?<\/h5><div class=\"brxe-text\"><p>S\u00ec, facciamo ordini di urgenza gratuiti, contattaci ora per assicurarti che possiamo produrli per te il pi\u00f9 velocemente possibile.<\/p><\/div><\/div><div id=\"brxe-myixcc\" class=\"brxe-block\"><h5 class=\"brxe-heading\">Dove vengono prodotte e spedito le calze?<\/h5><div class=\"brxe-text\"><p>Le calze vengono prodotte nella nostra fabbrica propria a Zhuji City, Cina, e il trasporto \u00e8 solitamente attraverso il porto di Ningbo.<\/p><\/div><\/div><div id=\"brxe-oanwnu\" class=\"brxe-block\"><h5 class=\"brxe-heading\">Pu\u00f2 essere spedito internazionalmente?<\/h5><div class=\"brxe-text\"><p>S\u00ec, le nostre calze vengono spedite in tutto il mondo. Tuttavia, diverse regioni hanno diverse politiche, e potrebbero esserci tasse o supplementi aggiuntivi.<\/p><\/div><\/div><div id=\"brxe-yarzrr\" class=\"brxe-block\"><h5 class=\"brxe-heading\">Posso tracciare la spedizione degli ordini di calze?<\/h5><div class=\"brxe-text\"><p>Una volta spediti, ti invieremo via email le informazioni sul codice di tracciamento.<\/p><\/div><\/div>\t\t\t\t\t\t\t\t<\/div>\n\t\t\t\t<\/div>\n\t\t\t\t<div class=\"elementor-element elementor-element-b4e56e8 elementor-widget elementor-widget-text-editor\" data-id=\"b4e56e8\" data-element_type=\"widget\" data-e-type=\"widget\" data-widget_type=\"text-editor.default\">\n\t\t\t\t<div class=\"elementor-widget-container\">\n\t\t\t\t\t\t\t\t\t<h2 id=\"brxe-errtwg\" class=\"brxe-heading\">Informazioni sui Prezzi<\/h2><div id=\"brxe-awluus\" class=\"brxe-block\"><h5 class=\"brxe-heading\">Qual \u00e8 il prezzo delle calze?<\/h5><div class=\"brxe-text\"><p>Il prezzo dipende dalla quantit\u00e0 dell'ordine di calze, di solito maggiore \u00e8 la quantit\u00e0, maggiore sar\u00e0 lo sconto. Non possiamo fornire il prezzo specifico qui, per favore contatta la nostra\u00a0<strong><a href=\"https:\/\/customsockmanufacturer.com\/it\/contact\/\" target=\"_blank\" rel=\"noreferrer noopener\">squadra di vendita<\/a><\/strong>\u00a0per il prezzo esatto.<\/p><\/div><\/div><div id=\"brxe-wdylxo\" class=\"brxe-block\"><h5 class=\"brxe-heading\">Ci sono spese aggiuntive?<\/h5><div class=\"brxe-text\"><p>Non ci sono spese aggiuntive, n\u00e9 spese di configurazione n\u00e9 spese di urgenza.<\/p><\/div><\/div><div id=\"brxe-djoysf\" class=\"brxe-block\"><h5 class=\"brxe-heading\">Quali metodi di pagamento accettate?<\/h5><div class=\"brxe-text\"><p>Accettiamo carte di credito, PayPal e trasferimenti bancari (T\/T) per la tua convenienza.<\/p><\/div><\/div>\t\t\t\t\t\t\t\t<\/div>\n\t\t\t\t<\/div>\n\t\t\t\t\t<\/div>\n\t\t\t\t<\/div>\n\t\t<div class=\"elementor-element elementor-element-02f3d74 e-flex e-con-boxed e-con e-parent\" data-id=\"02f3d74\" data-element_type=\"container\" data-e-type=\"container\">\n\t\t\t\t\t<div class=\"e-con-inner\">\n\t\t\t\t<div class=\"elementor-element elementor-element-a05c0e7 elementor-widget elementor-widget-heading\" data-id=\"a05c0e7\" data-element_type=\"widget\" data-e-type=\"widget\" data-widget_type=\"heading.default\">\n\t\t\t\t<div class=\"elementor-widget-container\">\n\t\t\t\t\t<h2 class=\"elementor-heading-title elementor-size-default\">Hai ancora domande?<\/h2>\t\t\t\t<\/div>\n\t\t\t\t<\/div>\n\t\t\t\t<div class=\"elementor-element elementor-element-4ecdc5d elementor-widget elementor-widget-heading\" data-id=\"4ecdc5d\" data-element_type=\"widget\" data-e-type=\"widget\" data-widget_type=\"heading.default\">\n\t\t\t\t<div class=\"elementor-widget-container\">\n\t\t\t\t\t<span class=\"elementor-heading-title elementor-size-default\">La nostra squadra di supporto pu\u00f2 rispondere a qualsiasi domanda potresti avere sui calzi personalizzati.\n<\/span>\t\t\t\t<\/div>\n\t\t\t\t<\/div>\n\t\t\t\t<div class=\"elementor-element elementor-element-570ebf7 elementor-align-center elementor-widget elementor-widget-button\" data-id=\"570ebf7\" data-element_type=\"widget\" data-e-type=\"widget\" data-widget_type=\"button.default\">\n\t\t\t\t<div class=\"elementor-widget-container\">\n\t\t\t\t\t\t\t\t\t<div class=\"elementor-button-wrapper\">\n\t\t\t\t\t<a class=\"elementor-button elementor-button-link elementor-size-sm\" href=\"https:\/\/customsockmanufacturer.com\/it\/contact\/\">\n\t\t\t\t\t\t<span class=\"elementor-button-content-wrapper\">\n\t\t\t\t\t\t\t\t\t<span class=\"elementor-button-text\">Contattaci<\/span>\n\t\t\t\t\t<\/span>\n\t\t\t\t\t<\/a>\n\t\t\t\t<\/div>\n\t\t\t\t\t\t\t\t<\/div>\n\t\t\t\t<\/div>\n\t\t\t\t\t<\/div>\n\t\t\t\t<\/div>\n\t\t\t\t<\/div>","protected":false},"excerpt":{"rendered":"<p>Domande frequenti Vuoi creare calze personalizzate? Il processo \u00e8 incredibilmente semplice \u2013 ci serve solo la tua idea o logo per progettare e produrre le tue calze perfette. Esamina le nostre domande frequenti di seguito per saperne di pi\u00f9 sui nostri servizi di personalizzazione. Se non trovi ci\u00f2 che cerchi, contattaci direttamente! Informazioni generali\u2026&nbsp;<a href=\"https:\/\/customsockmanufacturer.com\/it\/resources\/faqs\/\" rel=\"bookmark\">Continua a leggere &gt;&gt;<span class=\"screen-reader-text\">Domande frequenti<\/span><\/a><\/p>","protected":false},"author":1,"featured_media":0,"parent":1796,"menu_order":0,"comment_status":"closed","ping_status":"closed","template":"page-templates\/template-pagebuilder-full-width.php","meta":{"_acf_changed":false,"neve_meta_sidebar":"","neve_meta_container":"","neve_meta_enable_content_width":"off","neve_meta_content_width":100,"neve_meta_title_alignment":"","neve_meta_author_avatar":"","neve_post_elements_order":"","neve_meta_disable_header":"","neve_meta_disable_footer":"","neve_meta_disable_title":"","footnotes":""},"class_list":["post-1812","page","type-page","status-publish","hentry"],"acf":[],"_links":{"self":[{"href":"https:\/\/customsockmanufacturer.com\/it\/wp-json\/wp\/v2\/pages\/1812","targetHints":{"allow":["GET"]}}],"collection":[{"href":"https:\/\/customsockmanufacturer.com\/it\/wp-json\/wp\/v2\/pages"}],"about":[{"href":"https:\/\/customsockmanufacturer.com\/it\/wp-json\/wp\/v2\/types\/page"}],"author":[{"embeddable":true,"href":"https:\/\/customsockmanufacturer.com\/it\/wp-json\/wp\/v2\/users\/1"}],"replies":[{"embeddable":true,"href":"https:\/\/customsockmanufacturer.com\/it\/wp-json\/wp\/v2\/comments?post=1812"}],"version-history":[{"count":5,"href":"https:\/\/customsockmanufacturer.com\/it\/wp-json\/wp\/v2\/pages\/1812\/revisions"}],"predecessor-version":[{"id":3141,"href":"https:\/\/customsockmanufacturer.com\/it\/wp-json\/wp\/v2\/pages\/1812\/revisions\/3141"}],"up":[{"embeddable":true,"href":"https:\/\/customsockmanufacturer.com\/it\/wp-json\/wp\/v2\/pages\/1796"}],"wp:attachment":[{"href":"https:\/\/customsockmanufacturer.com\/it\/wp-json\/wp\/v2\/media?parent=1812"}],"curies":[{"name":"wp","href":"https:\/\/api.w.org\/{rel}","templated":true}]}}