{"id":1812,"date":"2024-06-06T01:51:21","date_gmt":"2024-06-06T01:51:21","guid":{"rendered":"https:\/\/customsockmanufacturer.com\/?page_id=1812"},"modified":"2025-05-29T15:04:40","modified_gmt":"2025-05-29T07:04:40","slug":"faqs","status":"publish","type":"page","link":"https:\/\/customsockmanufacturer.com\/gd\/resources\/faqs\/","title":{"rendered":"Mu dhuine"},"content":{"rendered":"<div data-elementor-type=\"wp-page\" data-elementor-id=\"1812\" class=\"elementor elementor-1812\" data-elementor-post-type=\"page\">\n\t\t\t\t<div class=\"elementor-element elementor-element-efd3745 e-flex e-con-boxed e-con e-parent\" data-id=\"efd3745\" data-element_type=\"container\" data-e-type=\"container\">\n\t\t\t\t\t<div class=\"e-con-inner\">\n\t\t<div class=\"elementor-element elementor-element-922995b e-flex e-con-boxed e-con e-child\" data-id=\"922995b\" data-element_type=\"container\" data-e-type=\"container\">\n\t\t\t\t\t<div class=\"e-con-inner\">\n\t\t\t\t<div class=\"elementor-element elementor-element-30cf772 elementor-widget elementor-widget-heading\" data-id=\"30cf772\" data-element_type=\"widget\" data-e-type=\"widget\" data-widget_type=\"heading.default\">\n\t\t\t\t<div class=\"elementor-widget-container\">\n\t\t\t\t\t<h2 class=\"elementor-heading-title elementor-size-default\">Tha thu a' toirt bheagairt na bheagaidh an latha!<\/h2>\t\t\t\t<\/div>\n\t\t\t\t<\/div>\n\t\t\t\t<div class=\"elementor-element elementor-element-d35ca5c elementor-widget elementor-widget-text-editor\" data-id=\"d35ca5c\" data-element_type=\"widget\" data-e-type=\"widget\" data-widget_type=\"text-editor.default\">\n\t\t\t\t<div class=\"elementor-widget-container\">\n\t\t\t\t\t\t\t\t\t<p>1. Airsonach a' lorg airson seachnadh sochs p\u00e0rsonail? An t-inneachd a tha gu math-dhath airson a' dol gu math \u2013 feumaidtear p\u00e0rtaidheachadh no logo a tha ort a' seachnadh is a' leagan a dh\u00e8anamh do sochs p\u00e0rsonail. Brabhsaich na ciamaragan coimhseach a tha gu math gu math a tha gu math gu math a tha gu math a tha gu math a tha gu math a tha gu math a tha gu math a tha gu math a tha gu math a tha gu math a tha gu math a tha gu math a tha gu math a tha gu math a tha gu math a tha gu math a tha gu math a tha gu math a tha gu math a tha gu math a tha gu math a tha gu math a tha gu math a tha gu math a tha gu math a tha gu math a tha gu math a tha gu math a tha gu math a tha gu math a tha gu math a tha gu math a tha gu math a tha gu math a tha gu math a tha gu math a tha gu math a tha gu math a tha gu math a tha gu math a tha gu math a tha gu math a tha gu math a tha gu math a tha gu math a tha gu math a tha gu math a tha gu math a tha gu math a tha gu math a tha gu math a tha gu math a tha gu math a tha gu math a tha gu math a tha gu math a tha gu math a tha gu math a tha gu math a tha gu math a tha gu math a tha gu math a tha gu math a tha gu math a tha gu math a tha gu math a tha gu math a tha gu math a tha gu math a tha gu math a tha gu math a tha gu math a tha gu math a tha gu math a tha gu math a tha gu math a tha gu math a tha gu math a tha gu math a tha gu math a tha gu math a tha gu math a tha gu math a tha gu math a tha gu math a tha gu math a tha gu math a tha gu math a tha gu math a tha gu math a tha gu math a tha gu math a tha gu math a tha gu math a tha gu math a tha gu math a tha gu math a tha gu math a tha gu math a tha gu math a tha gu math a tha gu math a tha gu math a tha gu math a tha gu math a tha gu math a tha gu math a tha gu math a tha gu math a tha gu math a tha gu math a tha gu math a tha gu math a tha gu math a tha gu math a tha gu math a tha gu math a tha gu math a tha gu math a tha gu math a tha gu math a tha gu math a tha gu math a tha gu math a tha gu math a tha gu math a tha gu math a tha gu math a tha gu math a tha gu math a tha gu math a tha gu math a tha gu math a tha gu math a tha gu math a tha gu math a tha gu math a tha gu math a tha gu math a tha gu math a tha gu math a tha gu math a tha gu math a tha gu math a tha gu math a tha gu math a tha gu math a tha gu math a tha gu math a tha gu math a tha gu math a tha gu math a tha gu math a tha gu math a tha gu math a tha gu math a tha gu math a tha gu math a tha gu math a tha gu math a tha gu math a tha gu math a tha gu math a tha gu math a tha gu math a tha gu math a tha gu math a tha gu math a tha gu math a tha gu math a tha gu math a tha gu math a tha gu math a tha gu math a tha gu math a tha gu math a tha gu math a tha gu math a tha gu math a tha gu math a tha gu math a tha gu math a tha gu math a tha gu math a tha gu math a tha gu math a tha gu math a tha gu math a tha gu math a tha gu math a tha gu math a tha gu math a tha gu math a tha gu math a tha gu math a tha gu math a tha gu math a tha gu math a tha gu math a tha gu math a tha gu math a tha gu math a tha gu math a tha gu math a tha gu math a tha gu math a tha gu math a tha gu math a tha gu math a tha gu math a tha gu math a tha gu math a tha gu math a tha gu math a tha gu math a tha gu math a tha gu math a tha gu math a tha gu math a tha gu math a tha gu math a tha gu math a tha gu math a tha gu math a tha gu math a tha gu math a tha gu math a tha gu math a tha gu math<\/p>\t\t\t\t\t\t\t\t<\/div>\n\t\t\t\t<\/div>\n\t\t\t\t\t<\/div>\n\t\t\t\t<\/div>\n\t\t<div class=\"elementor-element elementor-element-eaa3bc9 e-con-full e-flex e-con e-child\" data-id=\"eaa3bc9\" data-element_type=\"container\" data-e-type=\"container\">\n\t\t\t\t<div class=\"elementor-element elementor-element-f79173d elementor-widget elementor-widget-image\" data-id=\"f79173d\" data-element_type=\"widget\" data-e-type=\"widget\" data-widget_type=\"image.default\">\n\t\t\t\t<div class=\"elementor-widget-container\">\n\t\t\t\t\t\t\t\t\t\t\t\t\t\t\t<img fetchpriority=\"high\" decoding=\"async\" width=\"700\" height=\"467\" src=\"https:\/\/customsockmanufacturer.com\/wp-content\/uploads\/2024\/06\/Socks-display-shelf-min.webp\" class=\"attachment-large size-large wp-image-2138\" alt=\"\" srcset=\"https:\/\/customsockmanufacturer.com\/wp-content\/uploads\/2024\/06\/Socks-display-shelf-min.webp 700w, https:\/\/customsockmanufacturer.com\/wp-content\/uploads\/2024\/06\/Socks-display-shelf-min-300x200.webp 300w\" sizes=\"(max-width: 700px) 100vw, 700px\" \/>\t\t\t\t\t\t\t\t\t\t\t\t\t\t\t<\/div>\n\t\t\t\t<\/div>\n\t\t\t\t<\/div>\n\t\t\t\t\t<\/div>\n\t\t\t\t<\/div>\n\t\t<div class=\"elementor-element elementor-element-dcef87f e-flex e-con-boxed e-con e-parent\" data-id=\"dcef87f\" data-element_type=\"container\" data-e-type=\"container\" data-settings=\"{&quot;background_background&quot;:&quot;classic&quot;}\">\n\t\t\t\t\t<div class=\"e-con-inner\">\n\t\t\t\t<div class=\"elementor-element elementor-element-a686a39 elementor-widget elementor-widget-heading\" data-id=\"a686a39\" data-element_type=\"widget\" data-e-type=\"widget\" data-widget_type=\"heading.default\">\n\t\t\t\t<div class=\"elementor-widget-container\">\n\t\t\t\t\t<h2 class=\"elementor-heading-title elementor-size-default\">General Information<\/h2>\t\t\t\t<\/div>\n\t\t\t\t<\/div>\n\t\t\t\t<div class=\"elementor-element elementor-element-599116b elementor-widget elementor-widget-text-editor\" data-id=\"599116b\" data-element_type=\"widget\" data-e-type=\"widget\" data-widget_type=\"text-editor.default\">\n\t\t\t\t<div class=\"elementor-widget-container\">\n\t\t\t\t\t\t\t\t\t<div id=\"brxe-mizdyp\" class=\"brxe-block\"><h5 class=\"brxe-heading\">What is CloudSocks?<\/h5><div class=\"brxe-text\"><p>CloudSocks is a premium sock manufacturing factory specializing in custom sock design and production in China. We export high-quality custom socks worldwide. Our customized socks are perfect for retail stores, e-commerce businesses, corporate gifts, brand promotion, and special event merchandise.<\/p><\/div><\/div><div id=\"brxe-rkpviy\" class=\"brxe-block\"><h5 class=\"brxe-heading\">Where is your business located?<\/h5><div class=\"brxe-text\"><p>Our manufacturing facilities are based in Zhuji City, Zhejiang Province \u2013 known as China\u2019s \u201cSock Capital\u201d for its rich history in textile production.<\/p><\/div><\/div><div id=\"brxe-ixubug\" class=\"brxe-block\"><h5 class=\"brxe-heading\">How does CloudSocks differ from competitors?<\/h5><div class=\"brxe-text\"><p>Design, production, and customized packaging one-stop socks customization service. Quick turnaround and insist on making the most comfortable socks<\/p><\/div><\/div><div id=\"brxe-mzxfjc\" class=\"brxe-block\"><h5 class=\"brxe-heading\">What kind of socks can I make?<\/h5><div class=\"brxe-text\"><p>We make knitted socks and weave jacquard socks in different colors. See more\u00a0<a href=\"https:\/\/customsockmanufacturer.com\/gd\/custom-socks\/#options-for-custom-socks\" target=\"_blank\" rel=\"noreferrer noopener\"><strong>socks options<\/strong><\/a>.<\/p><\/div><\/div><div id=\"brxe-fkzyaz\" class=\"brxe-block\"><h5 class=\"brxe-heading\">How to start customizing socks?<\/h5><div class=\"brxe-text\"><p>Please fill in the form on our\u00a0<a href=\"https:\/\/customsockmanufacturer.com\/gd\/contact\/\" target=\"_blank\" rel=\"noreferrer noopener\"><strong>contact page<\/strong><\/a>, or send an email to\u00a0<a href=\"mailto:ycct@outlook.com\">ycct@outlook.com<\/a><\/p><\/div><\/div><div id=\"brxe-nscash\" class=\"brxe-block\"><h5 class=\"brxe-heading\">Can I receive sock samples before ordering?<\/h5><div class=\"brxe-text\"><p>Absolutely! We provide free sock samples (shipping costs apply). We\u2019ll send you the specific styles and colors you\u2019re interested in.<\/p><\/div><\/div><div id=\"brxe-dkqcbu\" class=\"brxe-block\"><h5 class=\"brxe-heading\">What types of socks can the factory produce?<\/h5><div class=\"brxe-text\"><p>Our factory can manufacture virtually all common sock types, including: <a href=\"https:\/\/customsockmanufacturer.com\/gd\/custom-logo-socks\/\" target=\"_blank\" rel=\"noreferrer noopener\">Ta f\u00e8isean-sock leamaid d\u00f9thchasail a' sguail.<\/a>,\u00a0<a href=\"https:\/\/customsockmanufacturer.com\/gd\/custom-baseball-stirrup-socks\/\" target=\"_blank\" rel=\"noreferrer noopener\">Custom Baseball Socks<\/a>,\u00a0<a href=\"https:\/\/customsockmanufacturer.com\/gd\/custom-dress-socks\/\" target=\"_blank\" rel=\"noreferrer noopener\">S\u00f2casan crew<\/a>\u2026 and many more. If you have a specific sock style in mind, please contact us to discuss your customization needs.<\/p><\/div><\/div>\t\t\t\t\t\t\t\t<\/div>\n\t\t\t\t<\/div>\n\t\t\t\t<div class=\"elementor-element elementor-element-3b8f3ad elementor-widget elementor-widget-text-editor\" data-id=\"3b8f3ad\" data-element_type=\"widget\" data-e-type=\"widget\" data-widget_type=\"text-editor.default\">\n\t\t\t\t<div class=\"elementor-widget-container\">\n\t\t\t\t\t\t\t\t\t<h2 id=\"brxe-fkoppt\" class=\"brxe-heading\">Order Information<\/h2><div id=\"brxe-pxbgze\" class=\"brxe-block\"><h5 class=\"brxe-heading\">What is the minimum order quantity (MOQ) for custom socks?<\/h5><div class=\"brxe-text\"><p>Most of our sock styles have no minimum order requirement. Click here to view sock types with no minimum order. Certain specialty socks (non-slip rubber socks, elite socks, fuzzy socks, five-toe socks, etc.) require minimum orders of 500-1000 pairs.<\/p><\/div><\/div><div id=\"brxe-omflmf\" class=\"brxe-block\"><h5>What sizes do you offer for custom socks?<\/h5><p>We can produce socks for all foot sizes. We also offer versatile \u201cONE SIZE\u201d options that comfortably fit most adult feet \u2013 perfect for logo socks, cotton socks, and branded styles.<\/p><h5>Do you offer custom sock packaging?<\/h5><p>Yes! We provide comprehensive sock packaging design and production services, delivering retail-ready products. Options range from complimentary basic packaging to elaborate custom packaging solutions.<\/p><h5>What sock lengths are available?<\/h5><p>Choose from our complete range: no-show socks, ankle socks, crew socks, mid-calf socks, calf-length socks, knee-high socks, and thigh-high socks.<\/p><h5>1. D\u00e8anamaid d\u00e8anamh an t-s\u00f2c le dooilcheagan a tha a' gu math?<\/h5><p>2. Feasgarainn a tha feasgarainn a tha a' cleachdadh cotton deochuileach airson a' chiad cheann de na s\u00f2cachan a tha a' gu math. A tha seachnadh gu math a tha a' gu math a tha feasgarainn a tha a' gleachdadh le dooilcheagan a tha a' gu math mar nylon, fe\u00f2il-chroin, agus dealbhan-lainnean eile.<\/p><\/div>\t\t\t\t\t\t\t\t<\/div>\n\t\t\t\t<\/div>\n\t\t\t\t<div class=\"elementor-element elementor-element-a6dac2f elementor-widget elementor-widget-text-editor\" data-id=\"a6dac2f\" data-element_type=\"widget\" data-e-type=\"widget\" data-widget_type=\"text-editor.default\">\n\t\t\t\t<div class=\"elementor-widget-container\">\n\t\t\t\t\t\t\t\t\t<h2 id=\"brxe-mbiuzg\" class=\"brxe-heading\">3. Pr\u00f2iseact Dearbhadh<\/h2><div id=\"brxe-wcsnnl\" class=\"brxe-block\"><h5 class=\"brxe-heading\">4. An eil deearbhadh a tha a' seachnadh p\u00e0rtaidhean s\u00f2cachan?<\/h5><div class=\"brxe-text\"><p>5. D\u00e8anamaid, airson a h-uile c\u00e8adchuidear, tha an deearbhadh dearg, feasgarainn a tha a' seachnadh dearg c\u00e8adchuidearachd a tha a' cuideachadh do chuidearachdan.<\/p><\/div><\/div><div id=\"brxe-jyqzww\" class=\"brxe-block\"><h5 class=\"brxe-heading\">6. Ciamar a tha thu a' faighinn dearbhadh s\u00f2cachan?<\/h5><div class=\"brxe-text\"><p>7. Feasgarainn a tha feasgarainn a tha a' seachnadh iomadachan dearbhadh s\u00f2cachan a tha a' gu math a tha a' dol gu math ann an 1-3 latha. Ged a tha seachnadh ann an c\u00e8adlach, feasgarainn a tha feasgarainn a tha a' seachnadh dearg a tha a' dol gu math a tha a' dol gu math a tha a' dol gu math a tha a' dol gu math a tha a' dol gu math a tha a' dol gu math a tha a' dol gu math a tha a' dol gu math a tha a' dol gu math a tha a' dol gu math a tha a' dol gu math a tha a' dol gu math a tha a' dol gu math a tha a' dol gu math a tha a' dol gu math a tha a' dol gu math a tha a' dol gu math a tha a' dol gu math a tha a' dol gu math a tha a' dol gu math a tha a' dol gu math a tha a' dol gu math a tha a' dol gu math a tha a' dol gu math a tha a' dol gu math a tha a' dol gu math a tha a' dol gu math a tha a' dol gu math a tha a' dol gu math a tha a' dol gu math a tha a' dol gu math a tha a' dol gu math a tha a' dol gu math a tha a' dol gu math a tha a' dol gu math a tha a' dol gu math a tha a' dol gu math a tha a' dol gu math a tha a' dol gu math a tha a' dol gu math a tha a' dol gu math a tha a' dol gu math a tha a' dol gu math a tha a' dol gu math a tha a' dol gu math a tha a' dol gu math a tha a' dol gu math a tha a' dol gu math a tha a' dol gu math a tha a' dol gu math a tha a' dol gu math a tha a' dol gu math a tha a' dol gu math a tha a' dol gu math a tha a' dol gu math a tha a' dol gu math a tha a' dol gu math a tha a' dol gu math a tha a' dol gu math a tha a' dol gu math a tha a' dol gu math a tha a' dol gu math a tha a' dol gu math a tha a' dol gu math a tha a' dol gu math a tha a' dol gu math a tha a' dol gu math a tha a' dol gu math a tha a' dol gu math a tha a' dol gu math a tha a' dol gu math a tha a' dol gu math a tha a' dol gu math a tha a' dol gu math a tha a' dol gu math a tha a' dol gu math a tha a' dol gu math a tha a' dol gu math a tha a' dol gu math a tha a' dol gu math a tha a' dol gu math a tha a' dol gu math a tha a' dol gu math a tha a' dol gu math a tha a' dol gu math a tha a' dol gu math a tha a' dol gu math a tha a' dol gu math a tha a' dol gu math a tha a' dol gu math a tha a' dol gu math a tha a' dol gu math a tha a' dol gu math a tha<\/p><\/div><\/div><div id=\"brxe-gzjzic\" class=\"brxe-block\"><h5 class=\"brxe-heading\">Can I send you my own design?<\/h5><div class=\"brxe-text\"><p>Yes, We accept design files in any format. We recommend that you use our <strong><a href=\"https:\/\/customsockmanufacturer.com\/gd\/socks-mockup-download\/\" target=\"_blank\" rel=\"noreferrer noopener\">sock design mockup<\/a><\/strong>\u00a0to speed up the design.<\/p><\/div><\/div><div id=\"brxe-uqcawc\" class=\"brxe-block\"><h5 class=\"brxe-heading\">Is there a limit to the number of colors in the socks design?<\/h5><div class=\"brxe-text\"><p>Yes, there has a limit for the colors number. Generally, a simple design can use a maximum of 8 colors, and a complex design can use a maximum of 5 colors. However, this is not certain.\u00a0<strong><a href=\"https:\/\/customsockmanufacturer.com\/gd\/contact\/\" target=\"_blank\" rel=\"noreferrer noopener\">Send your design to our team<\/a><\/strong>\u00a0to see if we can do anything for you. and design support is free!<\/p><\/div><\/div><div id=\"brxe-azzypg\" class=\"brxe-block\"><h5 class=\"brxe-heading\">Can you create socks with different designs for left and right feet?<\/h5><div class=\"brxe-text\"><p>Yes! We can produce mismatched pairs with unique designs for left and right socks.<\/p><\/div><\/div><div id=\"brxe-xnnlxx\" class=\"brxe-block\"><h5 class=\"brxe-heading\">I have no idea to design socks, can get help?<\/h5><div class=\"brxe-text\"><p>No problem! Our experienced design team can create sock designs perfectly suited to your brand or company. We offer free design services and unlimited revisions until you\u2019re completely satisfied.<\/p><\/div><\/div>\t\t\t\t\t\t\t\t<\/div>\n\t\t\t\t<\/div>\n\t\t\t\t<div class=\"elementor-element elementor-element-53b4ad8 elementor-widget elementor-widget-text-editor\" data-id=\"53b4ad8\" data-element_type=\"widget\" data-e-type=\"widget\" data-widget_type=\"text-editor.default\">\n\t\t\t\t<div class=\"elementor-widget-container\">\n\t\t\t\t\t\t\t\t\t<h2 id=\"brxe-gnvhki\" class=\"brxe-heading\">Production and Shipping<\/h2><div id=\"brxe-nswowm\" class=\"brxe-block\"><h5 class=\"brxe-heading\">What is the delivery time for custom socks?<\/h5><div class=\"brxe-text\"><p>Our standard production time is 10-15 working days, plus shipping time. we can also expedite your order free of charge. We are also for free rush orders.<\/p><\/div><\/div><div id=\"brxe-uhrnvg\" class=\"brxe-block\"><h5 class=\"brxe-heading\">Can make rush orders?<\/h5><div class=\"brxe-text\"><p>Yes, we make rush orders for free, please contact us now to ensure that we can produce them for you as soon as possible.<\/p><\/div><\/div><div id=\"brxe-myixcc\" class=\"brxe-block\"><h5 class=\"brxe-heading\">Where are the socks manufactured and shipped from?<\/h5><div class=\"brxe-text\"><p>Socks are produced in our own factory in Zhuji City, China, and the shipment is usually through Ningbo Port.<\/p><\/div><\/div><div id=\"brxe-oanwnu\" class=\"brxe-block\"><h5 class=\"brxe-heading\">Can it be shipped internationally?<\/h5><div class=\"brxe-text\"><p>Yes, our socks are shipped all over the world. However, different regions have different policies, and there may be more taxes or surcharges.<\/p><\/div><\/div><div id=\"brxe-yarzrr\" class=\"brxe-block\"><h5 class=\"brxe-heading\">Can I track the shipment of socks orders?<\/h5><div class=\"brxe-text\"><p>Once shipped, we will email you the tracking code information.<\/p><\/div><\/div>\t\t\t\t\t\t\t\t<\/div>\n\t\t\t\t<\/div>\n\t\t\t\t<div class=\"elementor-element elementor-element-b4e56e8 elementor-widget elementor-widget-text-editor\" data-id=\"b4e56e8\" data-element_type=\"widget\" data-e-type=\"widget\" data-widget_type=\"text-editor.default\">\n\t\t\t\t<div class=\"elementor-widget-container\">\n\t\t\t\t\t\t\t\t\t<h2 id=\"brxe-errtwg\" class=\"brxe-heading\">Fiosrachadh Price<\/h2><div id=\"brxe-awluus\" class=\"brxe-block\"><h5 class=\"brxe-heading\">Ciamar a tha an dochar nan sochdan?<\/h5><div class=\"brxe-text\"><p>An dochar tapadh air iomad na sochdan a chur i ord, mar a chanas, ciamar a tha an t-iomad m\u00f2r, cuideachd a tha an dochar ga cheangal. Nighear an dochar s\u00f2nnaichte an-seach, tapadh leat leugachadh le our se\u00f2rsaichean seirbheisean.\u00a0<strong><a href=\"https:\/\/customsockmanufacturer.com\/gd\/contact\/\" target=\"_blank\" rel=\"noreferrer noopener\">se\u00f2rsaichean seirbheisean na se\u00f2rsaichean<\/a><\/strong>\u00a0airson dochar s\u00f2nnaichte.<\/p><\/div><\/div><div id=\"brxe-wdylxo\" class=\"brxe-block\"><h5 class=\"brxe-heading\">An urrainn dhut c\u00e8inn ciusaichean a chur air an d\u00e8anamh?<\/h5><div class=\"brxe-text\"><p>Chan eil c\u00e8inn ciusaichean a chur air an d\u00e8anamh, chan eil c\u00e8inn chuideachadh p\u00e0rtaidhe, chan eil c\u00e8inn ciusaichean c\u00f9iseachadh.<\/p><\/div><\/div><div id=\"brxe-djoysf\" class=\"brxe-block\"><h5 class=\"brxe-heading\">D\u00e8 an se\u00f2rsa cuideachadh p\u00e0rtaidhe a ghabh thu a ghn\u00e0th?<\/h5><div class=\"brxe-text\"><p>Ghabh thu c\u00e1rtaichean cuideachadh, PayPal is trasdachadh c\u00f9r (T\/T) airson do chuideachadh.<\/p><\/div><\/div>\t\t\t\t\t\t\t\t<\/div>\n\t\t\t\t<\/div>\n\t\t\t\t\t<\/div>\n\t\t\t\t<\/div>\n\t\t<div class=\"elementor-element elementor-element-02f3d74 e-flex e-con-boxed e-con e-parent\" data-id=\"02f3d74\" data-element_type=\"container\" data-e-type=\"container\">\n\t\t\t\t\t<div class=\"e-con-inner\">\n\t\t\t\t<div class=\"elementor-element elementor-element-a05c0e7 elementor-widget elementor-widget-heading\" data-id=\"a05c0e7\" data-element_type=\"widget\" data-e-type=\"widget\" data-widget_type=\"heading.default\">\n\t\t\t\t<div class=\"elementor-widget-container\">\n\t\t\t\t\t<h2 class=\"elementor-heading-title elementor-size-default\">An urrainn dhut c\u00e8istean a thaobh c\u00e8istean?<\/h2>\t\t\t\t<\/div>\n\t\t\t\t<\/div>\n\t\t\t\t<div class=\"elementor-element elementor-element-4ecdc5d elementor-widget elementor-widget-heading\" data-id=\"4ecdc5d\" data-element_type=\"widget\" data-e-type=\"widget\" data-widget_type=\"heading.default\">\n\t\t\t\t<div class=\"elementor-widget-container\">\n\t\t\t\t\t<span class=\"elementor-heading-title elementor-size-default\">'S urrainn do cheannas a thaobh se\u00f2rsaichean seirbheisean againn cuideachadh airson an fhreagairt do ch\u00e8istean a thaobh sochdan gn\u00e0thach.\n<\/span>\t\t\t\t<\/div>\n\t\t\t\t<\/div>\n\t\t\t\t<div class=\"elementor-element elementor-element-570ebf7 elementor-align-center elementor-widget elementor-widget-button\" data-id=\"570ebf7\" data-element_type=\"widget\" data-e-type=\"widget\" data-widget_type=\"button.default\">\n\t\t\t\t<div class=\"elementor-widget-container\">\n\t\t\t\t\t\t\t\t\t<div class=\"elementor-button-wrapper\">\n\t\t\t\t\t<a class=\"elementor-button elementor-button-link elementor-size-sm\" href=\"https:\/\/customsockmanufacturer.com\/gd\/contact\/\">\n\t\t\t\t\t\t<span class=\"elementor-button-content-wrapper\">\n\t\t\t\t\t\t\t\t\t<span class=\"elementor-button-text\">Teaghlachainn<\/span>\n\t\t\t\t\t<\/span>\n\t\t\t\t\t<\/a>\n\t\t\t\t<\/div>\n\t\t\t\t\t\t\t\t<\/div>\n\t\t\t\t<\/div>\n\t\t\t\t\t<\/div>\n\t\t\t\t<\/div>\n\t\t\t\t<\/div>","protected":false},"excerpt":{"rendered":"<p>Ciamarachdan C\u00e8ileachdan&nbsp;<a href=\"https:\/\/customsockmanufacturer.com\/gd\/resources\/faqs\/\" rel=\"bookmark\">Read More \u00bb<span class=\"screen-reader-text\">Mu dhuine<\/span><\/a><\/p>","protected":false},"author":1,"featured_media":0,"parent":1796,"menu_order":0,"comment_status":"closed","ping_status":"closed","template":"page-templates\/template-pagebuilder-full-width.php","meta":{"_acf_changed":false,"neve_meta_sidebar":"","neve_meta_container":"","neve_meta_enable_content_width":"off","neve_meta_content_width":100,"neve_meta_title_alignment":"","neve_meta_author_avatar":"","neve_post_elements_order":"","neve_meta_disable_header":"","neve_meta_disable_footer":"","neve_meta_disable_title":"","footnotes":""},"class_list":["post-1812","page","type-page","status-publish","hentry"],"acf":[],"_links":{"self":[{"href":"https:\/\/customsockmanufacturer.com\/gd\/wp-json\/wp\/v2\/pages\/1812","targetHints":{"allow":["GET"]}}],"collection":[{"href":"https:\/\/customsockmanufacturer.com\/gd\/wp-json\/wp\/v2\/pages"}],"about":[{"href":"https:\/\/customsockmanufacturer.com\/gd\/wp-json\/wp\/v2\/types\/page"}],"author":[{"embeddable":true,"href":"https:\/\/customsockmanufacturer.com\/gd\/wp-json\/wp\/v2\/users\/1"}],"replies":[{"embeddable":true,"href":"https:\/\/customsockmanufacturer.com\/gd\/wp-json\/wp\/v2\/comments?post=1812"}],"version-history":[{"count":5,"href":"https:\/\/customsockmanufacturer.com\/gd\/wp-json\/wp\/v2\/pages\/1812\/revisions"}],"predecessor-version":[{"id":3141,"href":"https:\/\/customsockmanufacturer.com\/gd\/wp-json\/wp\/v2\/pages\/1812\/revisions\/3141"}],"up":[{"embeddable":true,"href":"https:\/\/customsockmanufacturer.com\/gd\/wp-json\/wp\/v2\/pages\/1796"}],"wp:attachment":[{"href":"https:\/\/customsockmanufacturer.com\/gd\/wp-json\/wp\/v2\/media?parent=1812"}],"curies":[{"name":"wp","href":"https:\/\/api.w.org\/{rel}","templated":true}]}}