{"id":1812,"date":"2024-06-06T01:51:21","date_gmt":"2024-06-06T01:51:21","guid":{"rendered":"https:\/\/customsockmanufacturer.com\/?page_id=1812"},"modified":"2025-05-29T15:04:40","modified_gmt":"2025-05-29T07:04:40","slug":"faqs","status":"publish","type":"page","link":"https:\/\/customsockmanufacturer.com\/fr\/resources\/faqs\/","title":{"rendered":"FAQ"},"content":{"rendered":"<div data-elementor-type=\"wp-page\" data-elementor-id=\"1812\" class=\"elementor elementor-1812\" data-elementor-post-type=\"page\">\n\t\t\t\t<div class=\"elementor-element elementor-element-efd3745 e-flex e-con-boxed e-con e-parent\" data-id=\"efd3745\" data-element_type=\"container\" data-e-type=\"container\">\n\t\t\t\t\t<div class=\"e-con-inner\">\n\t\t<div class=\"elementor-element elementor-element-922995b e-flex e-con-boxed e-con e-child\" data-id=\"922995b\" data-element_type=\"container\" data-e-type=\"container\">\n\t\t\t\t\t<div class=\"e-con-inner\">\n\t\t\t\t<div class=\"elementor-element elementor-element-30cf772 elementor-widget elementor-widget-heading\" data-id=\"30cf772\" data-element_type=\"widget\" data-e-type=\"widget\" data-widget_type=\"heading.default\">\n\t\t\t\t<div class=\"elementor-widget-container\">\n\t\t\t\t\t<h2 class=\"elementor-heading-title elementor-size-default\">Questions Fr\u00e9quentes<\/h2>\t\t\t\t<\/div>\n\t\t\t\t<\/div>\n\t\t\t\t<div class=\"elementor-element elementor-element-d35ca5c elementor-widget elementor-widget-text-editor\" data-id=\"d35ca5c\" data-element_type=\"widget\" data-e-type=\"widget\" data-widget_type=\"text-editor.default\">\n\t\t\t\t<div class=\"elementor-widget-container\">\n\t\t\t\t\t\t\t\t\t<p>1. Looking to create custom socks? The process is incredibly simple \u2013 we just need your idea or logo to design and manufacture your perfect socks. Browse our frequently asked questions below to learn more about our customization services. If you can\u2019t find what you\u2019re looking for, please contact us directly!<\/p>\t\t\t\t\t\t\t\t<\/div>\n\t\t\t\t<\/div>\n\t\t\t\t\t<\/div>\n\t\t\t\t<\/div>\n\t\t<div class=\"elementor-element elementor-element-eaa3bc9 e-con-full e-flex e-con e-child\" data-id=\"eaa3bc9\" data-element_type=\"container\" data-e-type=\"container\">\n\t\t\t\t<div class=\"elementor-element elementor-element-f79173d elementor-widget elementor-widget-image\" data-id=\"f79173d\" data-element_type=\"widget\" data-e-type=\"widget\" data-widget_type=\"image.default\">\n\t\t\t\t<div class=\"elementor-widget-container\">\n\t\t\t\t\t\t\t\t\t\t\t\t\t\t\t<img fetchpriority=\"high\" decoding=\"async\" width=\"700\" height=\"467\" src=\"https:\/\/customsockmanufacturer.com\/wp-content\/uploads\/2024\/06\/Socks-display-shelf-min.webp\" class=\"attachment-large size-large wp-image-2138\" alt=\"\" srcset=\"https:\/\/customsockmanufacturer.com\/wp-content\/uploads\/2024\/06\/Socks-display-shelf-min.webp 700w, https:\/\/customsockmanufacturer.com\/wp-content\/uploads\/2024\/06\/Socks-display-shelf-min-300x200.webp 300w\" sizes=\"(max-width: 700px) 100vw, 700px\" \/>\t\t\t\t\t\t\t\t\t\t\t\t\t\t\t<\/div>\n\t\t\t\t<\/div>\n\t\t\t\t<\/div>\n\t\t\t\t\t<\/div>\n\t\t\t\t<\/div>\n\t\t<div class=\"elementor-element elementor-element-dcef87f e-flex e-con-boxed e-con e-parent\" data-id=\"dcef87f\" data-element_type=\"container\" data-e-type=\"container\" data-settings=\"{&quot;background_background&quot;:&quot;classic&quot;}\">\n\t\t\t\t\t<div class=\"e-con-inner\">\n\t\t\t\t<div class=\"elementor-element elementor-element-a686a39 elementor-widget elementor-widget-heading\" data-id=\"a686a39\" data-element_type=\"widget\" data-e-type=\"widget\" data-widget_type=\"heading.default\">\n\t\t\t\t<div class=\"elementor-widget-container\">\n\t\t\t\t\t<h2 class=\"elementor-heading-title elementor-size-default\">Je cherche \u00e0 cr\u00e9er des chaussettes personnalis\u00e9es ? Le processus est incroyablement simple \u2013 nous avons besoin de votre id\u00e9e ou logo pour concevoir et fabriquer vos chaussettes parfaites. Parcourez nos questions fr\u00e9quentes ci-dessous pour en savoir plus sur nos services de personnalisation. Si vous ne trouvez pas ce que vous cherchez, veuillez nous contacter directement !<\/h2>\t\t\t\t<\/div>\n\t\t\t\t<\/div>\n\t\t\t\t<div class=\"elementor-element elementor-element-599116b elementor-widget elementor-widget-text-editor\" data-id=\"599116b\" data-element_type=\"widget\" data-e-type=\"widget\" data-widget_type=\"text-editor.default\">\n\t\t\t\t<div class=\"elementor-widget-container\">\n\t\t\t\t\t\t\t\t\t<div id=\"brxe-mizdyp\" class=\"brxe-block\"><h5 class=\"brxe-heading\">2. General Information<\/h5><div class=\"brxe-text\"><p>Informations g\u00e9n\u00e9rales<\/p><\/div><\/div><div id=\"brxe-rkpviy\" class=\"brxe-block\"><h5 class=\"brxe-heading\">O\u00f9 est situ\u00e9e votre entreprise ?<\/h5><div class=\"brxe-text\"><p>3. What is CloudSocks?<\/p><\/div><\/div><div id=\"brxe-ixubug\" class=\"brxe-block\"><h5 class=\"brxe-heading\">Qu'est-ce que CloudSocks ?<\/h5><div class=\"brxe-text\"><p>Service de personnalisation de chaussettes sous un seul toit pour la conception, la production et l'emballage personnalis\u00e9. D\u00e9lai de fabrication rapide et insistance sur la fabrication des chaussettes les plus confortables.<\/p><\/div><\/div><div id=\"brxe-mzxfjc\" class=\"brxe-block\"><h5 class=\"brxe-heading\">Quel type de chaussettes puis-je faire ?<\/h5><div class=\"brxe-text\"><p>Nous fabriquons des chaussettes tricot\u00e9es et des chaussettes jacquard de diff\u00e9rentes couleurs. Voir plus\u00a0<a href=\"https:\/\/customsockmanufacturer.com\/fr\/custom-socks\/#options-for-custom-socks\" target=\"_blank\" rel=\"noreferrer noopener\"><strong>Options de chaussettes<\/strong><\/a>.<\/p><\/div><\/div><div id=\"brxe-fkzyaz\" class=\"brxe-block\"><h5 class=\"brxe-heading\">Comment commencer \u00e0 personnaliser des chaussettes ?<\/h5><div class=\"brxe-text\"><p>Veuillez remplir le formulaire sur notre\u00a0<a href=\"https:\/\/customsockmanufacturer.com\/fr\/contact\/\" target=\"_blank\" rel=\"noreferrer noopener\"><strong>page de contact<\/strong><\/a>4. CloudSocks is a premium sock manufacturing factory specializing in custom sock design and production in China. We export high-quality custom socks worldwide. Our customized socks are perfect for retail stores, e-commerce businesses, corporate gifts, brand promotion, and special event merchandise.\u00a0<a href=\"mailto:ycct@outlook.com\">ycct@outlook.com<\/a><\/p><\/div><\/div><div id=\"brxe-nscash\" class=\"brxe-block\"><h5 class=\"brxe-heading\">CloudSocks est une usine de fabrication de chaussettes de luxe sp\u00e9cialis\u00e9e dans la conception et la production de chaussettes personnalis\u00e9es en Chine. Nous exportons des chaussettes personnalis\u00e9es de haute qualit\u00e9 dans le monde entier. Nos chaussettes personnalis\u00e9es sont parfaites pour les magasins de d\u00e9tail, les entreprises de commerce \u00e9lectronique, les cadeaux d'entreprise, la promotion de la marque et les produits sp\u00e9ciaux pour \u00e9v\u00e9nements.<\/h5><div class=\"brxe-text\"><p>5. Our manufacturing facilities are based in Zhuji City, Zhejiang Province \u2013 known as China\u2019s \u201cSock Capital\u201d for its rich history in textile production.<\/p><\/div><\/div><div id=\"brxe-dkqcbu\" class=\"brxe-block\"><h5 class=\"brxe-heading\">Quels types de chaussettes peut la fabrique produire ?<\/h5><div class=\"brxe-text\"><p>Nos installations de fabrication sont situ\u00e9es dans la ville de Zhuji, dans la province du Zhejiang \u2013 connue sous le nom de la \u201cCapitale des Chaussettes\u201d en Chine pour son riche histoire de production textile. <a href=\"https:\/\/customsockmanufacturer.com\/fr\/custom-logo-socks\/\" target=\"_blank\" rel=\"noreferrer noopener\">Chaussettes Logot\u00e9es Personnalis\u00e9es<\/a>,\u00a0<a href=\"https:\/\/customsockmanufacturer.com\/fr\/custom-baseball-stirrup-socks\/\" target=\"_blank\" rel=\"noreferrer noopener\">Chaussettes de baseball personnalis\u00e9es<\/a>,\u00a0<a href=\"https:\/\/customsockmanufacturer.com\/fr\/custom-dress-socks\/\" target=\"_blank\" rel=\"noreferrer noopener\">Chaussettes de costume<\/a>6. How does CloudSocks differ from competitors?<\/p><\/div><\/div>\t\t\t\t\t\t\t\t<\/div>\n\t\t\t\t<\/div>\n\t\t\t\t<div class=\"elementor-element elementor-element-3b8f3ad elementor-widget elementor-widget-text-editor\" data-id=\"3b8f3ad\" data-element_type=\"widget\" data-e-type=\"widget\" data-widget_type=\"text-editor.default\">\n\t\t\t\t<div class=\"elementor-widget-container\">\n\t\t\t\t\t\t\t\t\t<h2 id=\"brxe-fkoppt\" class=\"brxe-heading\">Comment CloudSocks se diff\u00e9rencie-t-elle de la concurrence ?<\/h2><div id=\"brxe-pxbgze\" class=\"brxe-block\"><h5 class=\"brxe-heading\">7. , or send an email to<\/h5><div class=\"brxe-text\"><p>ou envoyez un email \u00e0<\/p><\/div><\/div><div id=\"brxe-omflmf\" class=\"brxe-block\"><h5>8. Can I receive sock samples before ordering?<\/h5><p>Puis-je recevoir des \u00e9chantillons de chaussettes avant de commander ?<\/p><h5>9. Absolutely! We provide free sock samples (shipping costs apply). We\u2019ll send you the specific styles and colors you\u2019re interested in.<\/h5><p>Absolument ! Nous offrons des \u00e9chantillons de chaussettes gratuits (les frais de livraison s'appliquent). Nous vous enverrons les styles et couleurs sp\u00e9cifiques qui vous int\u00e9ressent.<\/p><h5>10. Our factory can manufacture virtually all common sock types, including:<\/h5><p>Notre usine peut fabriquer pratiquement tous les types de chaussettes courants, y compris :<\/p><h5>11. \u2026 and many more. If you have a specific sock style in mind, please contact us to discuss your customization needs.<\/h5><p>\u2026 et bien d'autres. Si vous avez un style de chaussette sp\u00e9cifique en t\u00eate, veuillez nous contacter pour discuter de vos besoins de personnalisation.<\/p><\/div>\t\t\t\t\t\t\t\t<\/div>\n\t\t\t\t<\/div>\n\t\t\t\t<div class=\"elementor-element elementor-element-a6dac2f elementor-widget elementor-widget-text-editor\" data-id=\"a6dac2f\" data-element_type=\"widget\" data-e-type=\"widget\" data-widget_type=\"text-editor.default\">\n\t\t\t\t<div class=\"elementor-widget-container\">\n\t\t\t\t\t\t\t\t\t<h2 id=\"brxe-mbiuzg\" class=\"brxe-heading\">12. Order Information<\/h2><div id=\"brxe-wcsnnl\" class=\"brxe-block\"><h5 class=\"brxe-heading\">Informations sur les commandes<\/h5><div class=\"brxe-text\"><p>13. What is the minimum order quantity (MOQ) for custom socks?<\/p><\/div><\/div><div id=\"brxe-jyqzww\" class=\"brxe-block\"><h5 class=\"brxe-heading\">Qu'est-ce que la quantit\u00e9 minimale de commande (MOQ) pour les chaussettes personnalis\u00e9es ?<\/h5><div class=\"brxe-text\"><p>14. Most of our sock styles have no minimum order requirement. Click here to view sock types with no minimum order. Certain specialty socks (non-slip rubber socks, elite socks, fluffy socks, five-toe socks, etc.) require minimum orders of 500-1000 pairs.<\/p><\/div><\/div><div id=\"brxe-gzjzic\" class=\"brxe-block\"><h5 class=\"brxe-heading\">La plupart de nos styles de chaussettes n'ont pas de exigence minimale de commande. Cliquez ici pour voir les types de chaussettes sans exigence minimale de commande. Certaines chaussettes sp\u00e9cialis\u00e9es (chaussettes en caoutchouc antid\u00e9rapant, chaussettes d'\u00e9lite, chaussettes douces, chaussettes \u00e0 cinq doigts, etc.) n\u00e9cessitent des commandes minimales de 500 \u00e0 1000 paires.<\/h5><div class=\"brxe-text\"><p>15. What sizes do you offer for custom socks? <strong><a href=\"https:\/\/customsockmanufacturer.com\/fr\/socks-mockup-download\/\" target=\"_blank\" rel=\"noreferrer noopener\">Quelles tailles proposez-vous pour les chaussettes personnalis\u00e9es ?<\/a><\/strong>\u00a0Pour acc\u00e9l\u00e9rer le design.<\/p><\/div><\/div><div id=\"brxe-uqcawc\" class=\"brxe-block\"><h5 class=\"brxe-heading\">Y a-t-il une limite au nombre de couleurs dans le design des chaussettes ?<\/h5><div class=\"brxe-text\"><p>Oui, il y a une limite pour le nombre de couleurs. G\u00e9n\u00e9ralement, un design simple peut utiliser un maximum de 8 couleurs, et un design complexe peut utiliser un maximum de 5 couleurs. Cependant, cela n'est pas certain.\u00a0<strong><a href=\"https:\/\/customsockmanufacturer.com\/fr\/contact\/\" target=\"_blank\" rel=\"noreferrer noopener\">Envoyez votre design \u00e0 notre \u00e9quipe<\/a><\/strong>\u00a0pour voir si nous pouvons faire quelque chose pour vous. et le soutien de conception est gratuit !<\/p><\/div><\/div><div id=\"brxe-azzypg\" class=\"brxe-block\"><h5 class=\"brxe-heading\">Pouvez-vous cr\u00e9er des chaussettes avec des designs diff\u00e9rents pour les pieds gauche et droit ?<\/h5><div class=\"brxe-text\"><p>Oui ! Nous pouvons produire des paires non jumel\u00e9es avec des designs uniques pour les chaussettes gauche et droite.<\/p><\/div><\/div><div id=\"brxe-xnnlxx\" class=\"brxe-block\"><h5 class=\"brxe-heading\">Je n'ai aucune id\u00e9e de concevoir des chaussettes, puis-je obtenir de l'aide ?<\/h5><div class=\"brxe-text\"><p>Pas de probl\u00e8me ! Notre \u00e9quipe de conception exp\u00e9riment\u00e9e peut cr\u00e9er des conceptions de chaussettes parfaitement adapt\u00e9es \u00e0 votre marque ou entreprise. Nous offrons des services de conception gratuits et des r\u00e9visions illimit\u00e9es jusqu'\u00e0 ce que vous soyez compl\u00e8tement satisfait.<\/p><\/div><\/div>\t\t\t\t\t\t\t\t<\/div>\n\t\t\t\t<\/div>\n\t\t\t\t<div class=\"elementor-element elementor-element-53b4ad8 elementor-widget elementor-widget-text-editor\" data-id=\"53b4ad8\" data-element_type=\"widget\" data-e-type=\"widget\" data-widget_type=\"text-editor.default\">\n\t\t\t\t<div class=\"elementor-widget-container\">\n\t\t\t\t\t\t\t\t\t<h2 id=\"brxe-gnvhki\" class=\"brxe-heading\">Production et Livraison<\/h2><div id=\"brxe-nswowm\" class=\"brxe-block\"><h5 class=\"brxe-heading\">Quel est le d\u00e9lai de livraison pour les chaussettes personnalis\u00e9es ?<\/h5><div class=\"brxe-text\"><p>Notre temps de production standard est de 10 \u00e0 15 jours ouvrables, plus le temps de livraison. Nous pouvons \u00e9galement acc\u00e9l\u00e9rer votre commande gratuitement. Nous sommes \u00e9galement pour des commandes d'urgence gratuites.<\/p><\/div><\/div><div id=\"brxe-uhrnvg\" class=\"brxe-block\"><h5 class=\"brxe-heading\">Pouvez-vous passer des commandes d'urgence ?<\/h5><div class=\"brxe-text\"><p>Oui, nous faisons des commandes d'urgence gratuites, veuillez nous contacter maintenant pour nous assurer que nous pouvons les produire pour vous le plus rapidement possible.<\/p><\/div><\/div><div id=\"brxe-myixcc\" class=\"brxe-block\"><h5 class=\"brxe-heading\">O\u00f9 sont les chaussettes fabriqu\u00e9es et exp\u00e9di\u00e9es ?<\/h5><div class=\"brxe-text\"><p>Les chaussettes sont produites dans notre propre usine \u00e0 Zhuji City, en Chine, et l'exp\u00e9dition est g\u00e9n\u00e9ralement via le port de Ningbo.<\/p><\/div><\/div><div id=\"brxe-oanwnu\" class=\"brxe-block\"><h5 class=\"brxe-heading\">Peut-il \u00eatre exp\u00e9di\u00e9 \u00e0 l'international ?<\/h5><div class=\"brxe-text\"><p>Oui, nos chaussettes sont exp\u00e9di\u00e9es dans le monde entier. Cependant, diff\u00e9rentes r\u00e9gions ont des politiques diff\u00e9rentes et il peut y avoir plus de taxes ou de frais suppl\u00e9mentaires.<\/p><\/div><\/div><div id=\"brxe-yarzrr\" class=\"brxe-block\"><h5 class=\"brxe-heading\">Puis-je suivre l'exp\u00e9dition des commandes de chaussettes ?<\/h5><div class=\"brxe-text\"><p>Une fois exp\u00e9di\u00e9es, nous vous enverrons par e-mail les informations de code de suivi.<\/p><\/div><\/div>\t\t\t\t\t\t\t\t<\/div>\n\t\t\t\t<\/div>\n\t\t\t\t<div class=\"elementor-element elementor-element-b4e56e8 elementor-widget elementor-widget-text-editor\" data-id=\"b4e56e8\" data-element_type=\"widget\" data-e-type=\"widget\" data-widget_type=\"text-editor.default\">\n\t\t\t\t<div class=\"elementor-widget-container\">\n\t\t\t\t\t\t\t\t\t<h2 id=\"brxe-errtwg\" class=\"brxe-heading\">Informations sur les prix<\/h2><div id=\"brxe-awluus\" class=\"brxe-block\"><h5 class=\"brxe-heading\">Quel est le prix des chaussettes ?<\/h5><div class=\"brxe-text\"><p>Le prix d\u00e9pend de la quantit\u00e9 de commande de chaussettes, g\u00e9n\u00e9ralement, plus la quantit\u00e9 est grande, plus les rabais seront obtenus. Nous ne pouvons pas fournir le prix sp\u00e9cifique ici, veuillez contacter notre\u00a0<strong><a href=\"https:\/\/customsockmanufacturer.com\/fr\/contact\/\" target=\"_blank\" rel=\"noreferrer noopener\">\u00e9quipe de vente<\/a><\/strong>\u00a0pour le prix exact.<\/p><\/div><\/div><div id=\"brxe-wdylxo\" class=\"brxe-block\"><h5 class=\"brxe-heading\">Y a-t-il des frais suppl\u00e9mentaires ?<\/h5><div class=\"brxe-text\"><p>Il n'y a pas de frais suppl\u00e9mentaires, pas de frais de configuration, et pas de frais d'urgence.<\/p><\/div><\/div><div id=\"brxe-djoysf\" class=\"brxe-block\"><h5 class=\"brxe-heading\">Quelles m\u00e9thodes de paiement acceptez-vous ?<\/h5><div class=\"brxe-text\"><p>Nous acceptons les cartes de cr\u00e9dit, PayPal et les virements bancaires (T\/T) pour votre commodit\u00e9.<\/p><\/div><\/div>\t\t\t\t\t\t\t\t<\/div>\n\t\t\t\t<\/div>\n\t\t\t\t\t<\/div>\n\t\t\t\t<\/div>\n\t\t<div class=\"elementor-element elementor-element-02f3d74 e-flex e-con-boxed e-con e-parent\" data-id=\"02f3d74\" data-element_type=\"container\" data-e-type=\"container\">\n\t\t\t\t\t<div class=\"e-con-inner\">\n\t\t\t\t<div class=\"elementor-element elementor-element-a05c0e7 elementor-widget elementor-widget-heading\" data-id=\"a05c0e7\" data-element_type=\"widget\" data-e-type=\"widget\" data-widget_type=\"heading.default\">\n\t\t\t\t<div class=\"elementor-widget-container\">\n\t\t\t\t\t<h2 class=\"elementor-heading-title elementor-size-default\">Avez-vous encore des questions ?<\/h2>\t\t\t\t<\/div>\n\t\t\t\t<\/div>\n\t\t\t\t<div class=\"elementor-element elementor-element-4ecdc5d elementor-widget elementor-widget-heading\" data-id=\"4ecdc5d\" data-element_type=\"widget\" data-e-type=\"widget\" data-widget_type=\"heading.default\">\n\t\t\t\t<div class=\"elementor-widget-container\">\n\t\t\t\t\t<span class=\"elementor-heading-title elementor-size-default\">Notre \u00e9quipe de support peut r\u00e9pondre \u00e0 toutes les questions que vous pourriez avoir sur les chaussettes personnalis\u00e9es.\n<\/span>\t\t\t\t<\/div>\n\t\t\t\t<\/div>\n\t\t\t\t<div class=\"elementor-element elementor-element-570ebf7 elementor-align-center elementor-widget elementor-widget-button\" data-id=\"570ebf7\" data-element_type=\"widget\" data-e-type=\"widget\" data-widget_type=\"button.default\">\n\t\t\t\t<div class=\"elementor-widget-container\">\n\t\t\t\t\t\t\t\t\t<div class=\"elementor-button-wrapper\">\n\t\t\t\t\t<a class=\"elementor-button elementor-button-link elementor-size-sm\" href=\"https:\/\/customsockmanufacturer.com\/fr\/contact\/\">\n\t\t\t\t\t\t<span class=\"elementor-button-content-wrapper\">\n\t\t\t\t\t\t\t\t\t<span class=\"elementor-button-text\">Contact Us<\/span>\n\t\t\t\t\t<\/span>\n\t\t\t\t\t<\/a>\n\t\t\t\t<\/div>\n\t\t\t\t\t\t\t\t<\/div>\n\t\t\t\t<\/div>\n\t\t\t\t\t<\/div>\n\t\t\t\t<\/div>\n\t\t\t\t<\/div>","protected":false},"excerpt":{"rendered":"<p>Foire aux questions Souhaitez-vous cr\u00e9er des chaussettes personnalis\u00e9es ? Le processus est incroyablement simple \u2013 nous avons besoin de votre id\u00e9e ou logo pour concevoir et fabriquer vos chaussettes parfaites. Parcourez nos questions fr\u00e9quentes ci-dessous pour en savoir plus sur nos services de personnalisation. Si vous ne trouvez pas ce que vous cherchez, veuillez nous contacter directement ! Informations g\u00e9n\u00e9rales\u2026&nbsp;<a href=\"https:\/\/customsockmanufacturer.com\/fr\/resources\/faqs\/\" rel=\"bookmark\">Lire la suite &gt;&gt;<span class=\"screen-reader-text\">FAQ<\/span><\/a><\/p>","protected":false},"author":1,"featured_media":0,"parent":1796,"menu_order":0,"comment_status":"closed","ping_status":"closed","template":"page-templates\/template-pagebuilder-full-width.php","meta":{"_acf_changed":false,"neve_meta_sidebar":"","neve_meta_container":"","neve_meta_enable_content_width":"off","neve_meta_content_width":100,"neve_meta_title_alignment":"","neve_meta_author_avatar":"","neve_post_elements_order":"","neve_meta_disable_header":"","neve_meta_disable_footer":"","neve_meta_disable_title":"","footnotes":""},"class_list":["post-1812","page","type-page","status-publish","hentry"],"acf":[],"_links":{"self":[{"href":"https:\/\/customsockmanufacturer.com\/fr\/wp-json\/wp\/v2\/pages\/1812","targetHints":{"allow":["GET"]}}],"collection":[{"href":"https:\/\/customsockmanufacturer.com\/fr\/wp-json\/wp\/v2\/pages"}],"about":[{"href":"https:\/\/customsockmanufacturer.com\/fr\/wp-json\/wp\/v2\/types\/page"}],"author":[{"embeddable":true,"href":"https:\/\/customsockmanufacturer.com\/fr\/wp-json\/wp\/v2\/users\/1"}],"replies":[{"embeddable":true,"href":"https:\/\/customsockmanufacturer.com\/fr\/wp-json\/wp\/v2\/comments?post=1812"}],"version-history":[{"count":5,"href":"https:\/\/customsockmanufacturer.com\/fr\/wp-json\/wp\/v2\/pages\/1812\/revisions"}],"predecessor-version":[{"id":3141,"href":"https:\/\/customsockmanufacturer.com\/fr\/wp-json\/wp\/v2\/pages\/1812\/revisions\/3141"}],"up":[{"embeddable":true,"href":"https:\/\/customsockmanufacturer.com\/fr\/wp-json\/wp\/v2\/pages\/1796"}],"wp:attachment":[{"href":"https:\/\/customsockmanufacturer.com\/fr\/wp-json\/wp\/v2\/media?parent=1812"}],"curies":[{"name":"wp","href":"https:\/\/api.w.org\/{rel}","templated":true}]}}