{"id":1810,"date":"2024-06-06T01:51:01","date_gmt":"2024-06-06T01:51:01","guid":{"rendered":"https:\/\/customsockmanufacturer.com\/?page_id=1810"},"modified":"2025-04-29T14:13:13","modified_gmt":"2025-04-29T06:13:13","slug":"socks-size","status":"publish","type":"page","link":"https:\/\/customsockmanufacturer.com\/fr\/resources\/socks-size\/","title":{"rendered":"Taille des chaussettes"},"content":{"rendered":"<div data-elementor-type=\"wp-page\" data-elementor-id=\"1810\" class=\"elementor elementor-1810\" data-elementor-post-type=\"page\">\n\t\t\t\t<div class=\"elementor-element elementor-element-966ace6 e-flex e-con-boxed e-con e-parent\" data-id=\"966ace6\" data-element_type=\"container\" data-e-type=\"container\">\n\t\t\t\t\t<div class=\"e-con-inner\">\n\t\t\t\t<div class=\"elementor-element elementor-element-734c71a elementor-widget elementor-widget-heading\" data-id=\"734c71a\" data-element_type=\"widget\" data-e-type=\"widget\" data-widget_type=\"heading.default\">\n\t\t\t\t<div class=\"elementor-widget-container\">\n\t\t\t\t\t<h2 class=\"elementor-heading-title elementor-size-default\">Taille de chaussettes personnalis\u00e9e<\/h2>\t\t\t\t<\/div>\n\t\t\t\t<\/div>\n\t\t\t\t<div class=\"elementor-element elementor-element-2e53a49 elementor-widget elementor-widget-heading\" data-id=\"2e53a49\" data-element_type=\"widget\" data-e-type=\"widget\" data-widget_type=\"heading.default\">\n\t\t\t\t<div class=\"elementor-widget-container\">\n\t\t\t\t\t<div class=\"elementor-heading-title elementor-size-default\">Nous avons des chaussettes pour la plupart des tailles de pieds ! Choisissez simplement la taille que vous souhaitez pour commencer \u00e0 personnaliser votre paire parfaite.<\/div>\t\t\t\t<\/div>\n\t\t\t\t<\/div>\n\t\t\t\t\t<\/div>\n\t\t\t\t<\/div>\n\t\t<div class=\"elementor-element elementor-element-30b1437 e-flex e-con-boxed e-con e-parent\" data-id=\"30b1437\" data-element_type=\"container\" data-e-type=\"container\">\n\t\t\t\t\t<div class=\"e-con-inner\">\n\t\t\t\t<div class=\"elementor-element elementor-element-e9fad4b elementor-widget elementor-widget-heading\" data-id=\"e9fad4b\" data-element_type=\"widget\" data-e-type=\"widget\" data-widget_type=\"heading.default\">\n\t\t\t\t<div class=\"elementor-widget-container\">\n\t\t\t\t\t<h3 class=\"elementor-heading-title elementor-size-default\">1. Une taille<\/h3>\t\t\t\t<\/div>\n\t\t\t\t<\/div>\n\t\t\t\t<div class=\"elementor-element elementor-element-3c755f9 elementor-widget elementor-widget-text-editor\" data-id=\"3c755f9\" data-element_type=\"widget\" data-e-type=\"widget\" data-widget_type=\"text-editor.default\">\n\t\t\t\t<div class=\"elementor-widget-container\">\n\t\t\t\t\t\t\t\t\t<p>Nos chaussettes de \"taille unique\" couvrent la gamme de tailles de pieds : taille de chaussure US 7-11, taille de chaussure UE 39-43, taille de chaussure UK 6-10. La plupart des entreprises fabriquent g\u00e9n\u00e9ralement des chaussettes de taille unique, con\u00e7ues pour s'adapter \u00e0 la plupart des gens en raison de leur bonne \u00e9lastique.<\/p><p>Pour les petites entreprises ou les startups, \"taille unique\" est un excellent choix, vous n'avez pas besoin de g\u00e9rer trop de tailles de chaussettes.<\/p>\t\t\t\t\t\t\t\t<\/div>\n\t\t\t\t<\/div>\n\t\t\t\t\t<\/div>\n\t\t\t\t<\/div>\n\t\t<div class=\"elementor-element elementor-element-c6205ff e-flex e-con-boxed e-con e-parent\" data-id=\"c6205ff\" data-element_type=\"container\" data-e-type=\"container\">\n\t\t\t\t\t<div class=\"e-con-inner\">\n\t\t\t\t<div class=\"elementor-element elementor-element-f517570 elementor-widget elementor-widget-heading\" data-id=\"f517570\" data-element_type=\"widget\" data-e-type=\"widget\" data-widget_type=\"heading.default\">\n\t\t\t\t<div class=\"elementor-widget-container\">\n\t\t\t\t\t<h3 class=\"elementor-heading-title elementor-size-default\">2. Taille courante<\/h3>\t\t\t\t<\/div>\n\t\t\t\t<\/div>\n\t\t\t\t<div class=\"elementor-element elementor-element-88898dd elementor-widget elementor-widget-text-editor\" data-id=\"88898dd\" data-element_type=\"widget\" data-e-type=\"widget\" data-widget_type=\"text-editor.default\">\n\t\t\t\t<div class=\"elementor-widget-container\">\n\t\t\t\t\t\t\t\t\t<div class=\"brxe-text\"><p>Les clients choisissent les tailles les plus courantes lors de la personnalisation de chaussettes<\/p><\/div>\t\t\t\t\t\t\t\t<\/div>\n\t\t\t\t<\/div>\n\t\t\t\t<div class=\"elementor-element elementor-element-a0c2016 elementor-widget elementor-widget-text-editor\" data-id=\"a0c2016\" data-element_type=\"widget\" data-e-type=\"widget\" data-widget_type=\"text-editor.default\">\n\t\t\t\t<div class=\"elementor-widget-container\">\n\t\t\t\t\t\t\t\t\t<table class=\"tg\"><thead><tr><th>Taille des chaussettes<\/th><th>Taille de chaussure UK<\/th><th>Taille de chaussure UE<\/th><th>Taille de chaussure US<\/th><\/tr><\/thead><tbody><tr><td>XS<\/td><td>1-2<\/td><td>34-35<\/td><td>2-3<\/td><\/tr><tr><td>S<\/td><td>3-5<\/td><td>36-38<\/td><td>4-6<\/td><\/tr><tr><td>M<\/td><td>6-7<\/td><td>39-41<\/td><td>7-8<\/td><\/tr><tr><td>L<\/td><td>8-10<\/td><td>42-44<\/td><td>9-11<\/td><\/tr><tr><td>XL<\/td><td>10.5-12<\/td><td>45-47<\/td><td>11.5-13<\/td><\/tr><\/tbody><\/table>\t\t\t\t\t\t\t\t<\/div>\n\t\t\t\t<\/div>\n\t\t\t\t\t<\/div>\n\t\t\t\t<\/div>\n\t\t<div class=\"elementor-element elementor-element-2653533 e-flex e-con-boxed e-con e-parent\" data-id=\"2653533\" data-element_type=\"container\" data-e-type=\"container\">\n\t\t\t\t\t<div class=\"e-con-inner\">\n\t\t\t\t<div class=\"elementor-element elementor-element-38d46f6 elementor-widget elementor-widget-heading\" data-id=\"38d46f6\" data-element_type=\"widget\" data-e-type=\"widget\" data-widget_type=\"heading.default\">\n\t\t\t\t<div class=\"elementor-widget-container\">\n\t\t\t\t\t<h3 class=\"elementor-heading-title elementor-size-default\">3. Taille inhabituelle<\/h3>\t\t\t\t<\/div>\n\t\t\t\t<\/div>\n\t\t\t\t<div class=\"elementor-element elementor-element-161bdc5 elementor-widget elementor-widget-text-editor\" data-id=\"161bdc5\" data-element_type=\"widget\" data-e-type=\"widget\" data-widget_type=\"text-editor.default\">\n\t\t\t\t<div class=\"elementor-widget-container\">\n\t\t\t\t\t\t\t\t\t<div class=\"brxe-text\"><p>Nous pouvons personnaliser des chaussettes pour b\u00e9b\u00e9s et des chaussettes pour enfants. Et nous pouvons \u00e9galement personnaliser certaines chaussettes de grande taille \u00e9galement ! Pour toute question, veuillez\u00a0<a href=\"https:\/\/customsockmanufacturer.com\/fr\/contact\/\">nous contacter<\/a>.<\/p><\/div>\t\t\t\t\t\t\t\t<\/div>\n\t\t\t\t<\/div>\n\t\t\t\t\t<\/div>\n\t\t\t\t<\/div>\n\t\t\t\t<\/div>","protected":false},"excerpt":{"rendered":"<p>Taille de chaussettes personnalis\u00e9e Nous avons des chaussettes pour la plupart des tailles de pieds ! Choisissez simplement la taille que vous souhaitez pour commencer \u00e0 personnaliser votre paire parfaite.&nbsp;<a href=\"https:\/\/customsockmanufacturer.com\/fr\/resources\/socks-size\/\" rel=\"bookmark\">Lire la suite &gt;&gt;<span class=\"screen-reader-text\">Taille des chaussettes<\/span><\/a><\/p>","protected":false},"author":1,"featured_media":0,"parent":1796,"menu_order":0,"comment_status":"closed","ping_status":"closed","template":"page-templates\/template-pagebuilder-full-width.php","meta":{"_acf_changed":false,"neve_meta_sidebar":"","neve_meta_container":"","neve_meta_enable_content_width":"off","neve_meta_content_width":100,"neve_meta_title_alignment":"","neve_meta_author_avatar":"","neve_post_elements_order":"","neve_meta_disable_header":"","neve_meta_disable_footer":"","neve_meta_disable_title":"","footnotes":""},"class_list":["post-1810","page","type-page","status-publish","hentry"],"acf":[],"_links":{"self":[{"href":"https:\/\/customsockmanufacturer.com\/fr\/wp-json\/wp\/v2\/pages\/1810","targetHints":{"allow":["GET"]}}],"collection":[{"href":"https:\/\/customsockmanufacturer.com\/fr\/wp-json\/wp\/v2\/pages"}],"about":[{"href":"https:\/\/customsockmanufacturer.com\/fr\/wp-json\/wp\/v2\/types\/page"}],"author":[{"embeddable":true,"href":"https:\/\/customsockmanufacturer.com\/fr\/wp-json\/wp\/v2\/users\/1"}],"replies":[{"embeddable":true,"href":"https:\/\/customsockmanufacturer.com\/fr\/wp-json\/wp\/v2\/comments?post=1810"}],"version-history":[{"count":5,"href":"https:\/\/customsockmanufacturer.com\/fr\/wp-json\/wp\/v2\/pages\/1810\/revisions"}],"predecessor-version":[{"id":2643,"href":"https:\/\/customsockmanufacturer.com\/fr\/wp-json\/wp\/v2\/pages\/1810\/revisions\/2643"}],"up":[{"embeddable":true,"href":"https:\/\/customsockmanufacturer.com\/fr\/wp-json\/wp\/v2\/pages\/1796"}],"wp:attachment":[{"href":"https:\/\/customsockmanufacturer.com\/fr\/wp-json\/wp\/v2\/media?parent=1810"}],"curies":[{"name":"wp","href":"https:\/\/api.w.org\/{rel}","templated":true}]}}