{"id":1812,"date":"2024-06-06T01:51:21","date_gmt":"2024-06-06T01:51:21","guid":{"rendered":"https:\/\/customsockmanufacturer.com\/?page_id=1812"},"modified":"2025-05-29T15:04:40","modified_gmt":"2025-05-29T07:04:40","slug":"faqs","status":"publish","type":"page","link":"https:\/\/customsockmanufacturer.com\/fi\/resources\/faqs\/","title":{"rendered":"FAQ"},"content":{"rendered":"<div data-elementor-type=\"wp-page\" data-elementor-id=\"1812\" class=\"elementor elementor-1812\" data-elementor-post-type=\"page\">\n\t\t\t\t<div class=\"elementor-element elementor-element-efd3745 e-flex e-con-boxed e-con e-parent\" data-id=\"efd3745\" data-element_type=\"container\" data-e-type=\"container\">\n\t\t\t\t\t<div class=\"e-con-inner\">\n\t\t<div class=\"elementor-element elementor-element-922995b e-flex e-con-boxed e-con e-child\" data-id=\"922995b\" data-element_type=\"container\" data-e-type=\"container\">\n\t\t\t\t\t<div class=\"e-con-inner\">\n\t\t\t\t<div class=\"elementor-element elementor-element-30cf772 elementor-widget elementor-widget-heading\" data-id=\"30cf772\" data-element_type=\"widget\" data-e-type=\"widget\" data-widget_type=\"heading.default\">\n\t\t\t\t<div class=\"elementor-widget-container\">\n\t\t\t\t\t<h2 class=\"elementor-heading-title elementor-size-default\">Frequently Asked Questions<\/h2>\t\t\t\t<\/div>\n\t\t\t\t<\/div>\n\t\t\t\t<div class=\"elementor-element elementor-element-d35ca5c elementor-widget elementor-widget-text-editor\" data-id=\"d35ca5c\" data-element_type=\"widget\" data-e-type=\"widget\" data-widget_type=\"text-editor.default\">\n\t\t\t\t<div class=\"elementor-widget-container\">\n\t\t\t\t\t\t\t\t\t<p>1. Etsitko r\u00e4\u00e4t\u00e4l\u00f6ityj\u00e4 sukkia? Prosessi on eritt\u00e4in yksinkertainen \u2013 tarvitsemme vain ideasi tai logosi suunnitellaksemme ja valmistellaksemme t\u00e4ydelliset sukkasi. Tutki alla olevia usein kysytyksi\u00e4 oppiaksesi lis\u00e4\u00e4 r\u00e4\u00e4t\u00e4l\u00f6intipalveluistamme. Jos et l\u00f6yd\u00e4 etsim\u00e4\u00e4si, ota suoraan yhteytt\u00e4!<\/p>\t\t\t\t\t\t\t\t<\/div>\n\t\t\t\t<\/div>\n\t\t\t\t\t<\/div>\n\t\t\t\t<\/div>\n\t\t<div class=\"elementor-element elementor-element-eaa3bc9 e-con-full e-flex e-con e-child\" data-id=\"eaa3bc9\" data-element_type=\"container\" data-e-type=\"container\">\n\t\t\t\t<div class=\"elementor-element elementor-element-f79173d elementor-widget elementor-widget-image\" data-id=\"f79173d\" data-element_type=\"widget\" data-e-type=\"widget\" data-widget_type=\"image.default\">\n\t\t\t\t<div class=\"elementor-widget-container\">\n\t\t\t\t\t\t\t\t\t\t\t\t\t\t\t<img fetchpriority=\"high\" decoding=\"async\" width=\"700\" height=\"467\" src=\"https:\/\/customsockmanufacturer.com\/wp-content\/uploads\/2024\/06\/Socks-display-shelf-min.webp\" class=\"attachment-large size-large wp-image-2138\" alt=\"\" srcset=\"https:\/\/customsockmanufacturer.com\/wp-content\/uploads\/2024\/06\/Socks-display-shelf-min.webp 700w, https:\/\/customsockmanufacturer.com\/wp-content\/uploads\/2024\/06\/Socks-display-shelf-min-300x200.webp 300w\" sizes=\"(max-width: 700px) 100vw, 700px\" \/>\t\t\t\t\t\t\t\t\t\t\t\t\t\t\t<\/div>\n\t\t\t\t<\/div>\n\t\t\t\t<\/div>\n\t\t\t\t\t<\/div>\n\t\t\t\t<\/div>\n\t\t<div class=\"elementor-element elementor-element-dcef87f e-flex e-con-boxed e-con e-parent\" data-id=\"dcef87f\" data-element_type=\"container\" data-e-type=\"container\" data-settings=\"{&quot;background_background&quot;:&quot;classic&quot;}\">\n\t\t\t\t\t<div class=\"e-con-inner\">\n\t\t\t\t<div class=\"elementor-element elementor-element-a686a39 elementor-widget elementor-widget-heading\" data-id=\"a686a39\" data-element_type=\"widget\" data-e-type=\"widget\" data-widget_type=\"heading.default\">\n\t\t\t\t<div class=\"elementor-widget-container\">\n\t\t\t\t\t<h2 class=\"elementor-heading-title elementor-size-default\">2. Yleist\u00e4 tietoa<\/h2>\t\t\t\t<\/div>\n\t\t\t\t<\/div>\n\t\t\t\t<div class=\"elementor-element elementor-element-599116b elementor-widget elementor-widget-text-editor\" data-id=\"599116b\" data-element_type=\"widget\" data-e-type=\"widget\" data-widget_type=\"text-editor.default\">\n\t\t\t\t<div class=\"elementor-widget-container\">\n\t\t\t\t\t\t\t\t\t<div id=\"brxe-mizdyp\" class=\"brxe-block\"><h5 class=\"brxe-heading\">3. Mit\u00e4 CloudSocks on?<\/h5><div class=\"brxe-text\"><p>4. CloudSocks on erityisesti r\u00e4\u00e4t\u00e4l\u00f6ityj\u00e4 sukkia valmistava luksusvalmistaja Kiinassa. Me viemme korkealaatuisia r\u00e4\u00e4t\u00e4l\u00f6ityj\u00e4 sukkia maailmanlaajuisesti. Meid\u00e4n r\u00e4\u00e4t\u00e4l\u00f6idyt sukkamme sopivat t\u00e4ydellisesti kauppoihin, verkkokauppoihin, yrityskoruksiin, br\u00e4ndin edist\u00e4miseen ja erityistapahtumien tuotteisiin.<\/p><\/div><\/div><div id=\"brxe-rkpviy\" class=\"brxe-block\"><h5 class=\"brxe-heading\">miss\u00e4 sijaitsee liikett\u00e4nne?<\/h5><div class=\"brxe-text\"><p>5. Valmistuslaitoksemme sijaitsee Zhuji kaupungissa, Zhejiangin provinssissa \u2013 Kiinan \u201cSukkap\u00e4\u00e4kaupunki\u201d tunnettu sen rikkaan tekstiiliteollisuuden historiasta.<\/p><\/div><\/div><div id=\"brxe-ixubug\" class=\"brxe-block\"><h5 class=\"brxe-heading\">6. Miten CloudSocks eroaa kilpailijoista?<\/h5><div class=\"brxe-text\"><p>Suunnittelu, tuotanto ja r\u00e4\u00e4t\u00e4l\u00f6ity pakkaus yhdess\u00e4 sukosten r\u00e4\u00e4t\u00e4l\u00f6inti palveluna. Nopea kiertokulku ja pysytell\u00e4\u00e4n tekem\u00e4ss\u00e4 kaikkein mukavimpia sukoksia<\/p><\/div><\/div><div id=\"brxe-mzxfjc\" class=\"brxe-block\"><h5 class=\"brxe-heading\">Mink\u00e4 tyyppisi\u00e4 sukoksia voin tehd\u00e4?<\/h5><div class=\"brxe-text\"><p>Teemme neulottuja sukoksia ja verkkosukkia eri v\u00e4reiss\u00e4. Katso lis\u00e4\u00e4\u00a0<a href=\"https:\/\/customsockmanufacturer.com\/fi\/custom-socks\/#options-for-custom-socks\" target=\"_blank\" rel=\"noreferrer noopener\"><strong>sukko vaihtoehdot<\/strong><\/a>.<\/p><\/div><\/div><div id=\"brxe-fkzyaz\" class=\"brxe-block\"><h5 class=\"brxe-heading\">Miten voin aloittaa sukosten r\u00e4\u00e4t\u00e4l\u00f6innin?<\/h5><div class=\"brxe-text\"><p>P\u00e4ivit\u00e4 lomake\u00a0<a href=\"https:\/\/customsockmanufacturer.com\/fi\/contact\/\" target=\"_blank\" rel=\"noreferrer noopener\"><strong>yhteydenottosivulla<\/strong><\/a>7. , tai l\u00e4het\u00e4 s\u00e4hk\u00f6postia\u00a0<a href=\"mailto:ycct@outlook.com\">ycct@outlook.com<\/a><\/p><\/div><\/div><div id=\"brxe-nscash\" class=\"brxe-block\"><h5 class=\"brxe-heading\">8. Voinko saada sukkapattereita tilaamisen edell\u00e4?<\/h5><div class=\"brxe-text\"><p>9. Totta kai! Tarjoamme ilmaisia sukkapattereita (toimituskustannukset sovellettavat). L\u00e4het\u00e4mme sinulle kiinnostuksesi mukaiset tyylit ja v\u00e4rit.<\/p><\/div><\/div><div id=\"brxe-dkqcbu\" class=\"brxe-block\"><h5 class=\"brxe-heading\">Mitk\u00e4 sukosten tyypit tehdas voi tuottaa?<\/h5><div class=\"brxe-text\"><p>10. Tehtaanamme voi valmistaa l\u00e4hes kaikki yleiset sukka-tyypit, mukaan lukien: <a href=\"https:\/\/customsockmanufacturer.com\/fi\/custom-logo-socks\/\" target=\"_blank\" rel=\"noreferrer noopener\">Custom Logo Socks<\/a>,\u00a0<a href=\"https:\/\/customsockmanufacturer.com\/fi\/custom-baseball-stirrup-socks\/\" target=\"_blank\" rel=\"noreferrer noopener\">Mukautetut baseball-sukset<\/a>,\u00a0<a href=\"https:\/\/customsockmanufacturer.com\/fi\/custom-dress-socks\/\" target=\"_blank\" rel=\"noreferrer noopener\">Mukautetut puvussockit<\/a>11. \u2026 ja monia muita. Jos sinulla on tietty sukka-tyyli mieless\u00e4, ota yhteytt\u00e4 keskustellaksesi r\u00e4\u00e4t\u00e4l\u00f6intitarpeistasi.<\/p><\/div><\/div>\t\t\t\t\t\t\t\t<\/div>\n\t\t\t\t<\/div>\n\t\t\t\t<div class=\"elementor-element elementor-element-3b8f3ad elementor-widget elementor-widget-text-editor\" data-id=\"3b8f3ad\" data-element_type=\"widget\" data-e-type=\"widget\" data-widget_type=\"text-editor.default\">\n\t\t\t\t<div class=\"elementor-widget-container\">\n\t\t\t\t\t\t\t\t\t<h2 id=\"brxe-fkoppt\" class=\"brxe-heading\">12. Tilauksen tiedot<\/h2><div id=\"brxe-pxbgze\" class=\"brxe-block\"><h5 class=\"brxe-heading\">13. Mik\u00e4 on r\u00e4\u00e4t\u00e4l\u00f6ityjen sukien v\u00e4himm\u00e4istilausm\u00e4\u00e4r\u00e4 (MOQ)?<\/h5><div class=\"brxe-text\"><p>14. Suurin osa sukka-tyypeist\u00e4mme ei vaadi v\u00e4himm\u00e4istilausta. Napsauta t\u00e4st\u00e4 tarkastellaksesi sukka-tyyppej\u00e4, joilla ei ole v\u00e4himm\u00e4istilausta. Tiettyj\u00e4 erikoissukkia (liukuesteill\u00e4 varustetut sukat, huippusukat, villasukat, viisitoista sormen sukat jne.) vaatii v\u00e4himm\u00e4istilausta 500-1000 paria.<\/p><\/div><\/div><div id=\"brxe-omflmf\" class=\"brxe-block\"><h5>15. Mitk\u00e4 kokot vaihtoehdot tarjoatte r\u00e4\u00e4t\u00e4l\u00f6ityille sukille?<\/h5><p>16. Voimme valmistaa sukia kaikille jalkakokojen kokoille. Tarjoamme my\u00f6s monipuolisia \u201cYKSI KOOTA\u201d -vaihtoehtoja, jotka istuvat mukavasti suurimmalle osalle aikuisten jalkoja \u2013 t\u00e4ydellisi\u00e4 logosukkia, puuvillasukkia ja br\u00e4ndatuille tyyleille.<\/p><h5>17. Tarjoatteko r\u00e4\u00e4t\u00e4l\u00f6ityj\u00e4 sukkapakkauksia?<\/h5><p>18. Kyll\u00e4! Tarjoamme kattavia sukkapakkauksen suunnittelua ja tuotantoa palveluita, toimitettuamme valmiiksi kaupan tuotteita. Vaihtoehdot vaihtelevat ilmaisesta peruspakkauksesta yksityiskohtaisiin mukautettuihin pakkausratkaisuihin.<\/p><h5>19. Mitk\u00e4 sukien pituudet ovat saatavilla?<\/h5><p>20. Valitse t\u00e4ydellisest\u00e4 valikoimastamme: n\u00e4kym\u00e4tt\u00f6m\u00e4t sukat, nilkkasukat, kainalosukat, keskivartalosukat, varvasosat, polvisukat ja rintavarsisukat.<\/p><h5>21. Mit\u00e4 materiaaleja k\u00e4yt\u00e4tte sukien valmistuksessa?<\/h5><p>22. K\u00e4yt\u00e4mme p\u00e4\u00e4asiassa korkealaatuista puuvillaa ompelemissamme sukissa. T\u00e4ysin mukautetun vaatimuksesi mukaan ty\u00f6skentelemme my\u00f6s materiaalien kuten nylonin, bambufibrin ja muiden erikoistekstiil<\/p><\/div>\t\t\t\t\t\t\t\t<\/div>\n\t\t\t\t<\/div>\n\t\t\t\t<div class=\"elementor-element elementor-element-a6dac2f elementor-widget elementor-widget-text-editor\" data-id=\"a6dac2f\" data-element_type=\"widget\" data-e-type=\"widget\" data-widget_type=\"text-editor.default\">\n\t\t\t\t<div class=\"elementor-widget-container\">\n\t\t\t\t\t\t\t\t\t<h2 id=\"brxe-mbiuzg\" class=\"brxe-heading\">Design Process<\/h2><div id=\"brxe-wcsnnl\" class=\"brxe-block\"><h5 class=\"brxe-heading\">Socks design is free?<\/h5><div class=\"brxe-text\"><p>Yes, for all customers, design is free, we have dedicated designers to help customers.<\/p><\/div><\/div><div id=\"brxe-jyqzww\" class=\"brxe-block\"><h5 class=\"brxe-heading\">How long can I get sock design?<\/h5><div class=\"brxe-text\"><p>We typically deliver sock design concepts within 1-3 days. During business hours, we can often provide designs within just a few hours.<\/p><\/div><\/div><div id=\"brxe-gzjzic\" class=\"brxe-block\"><h5 class=\"brxe-heading\">Can I send you my own design?<\/h5><div class=\"brxe-text\"><p>Yes, We accept design files in any format. We recommend that you use our <strong><a href=\"https:\/\/customsockmanufacturer.com\/fi\/socks-mockup-download\/\" target=\"_blank\" rel=\"noreferrer noopener\">sock design mockup<\/a><\/strong>\u00a0nope<\/p><\/div><\/div><div id=\"brxe-uqcawc\" class=\"brxe-block\"><h5 class=\"brxe-heading\">Onko rajoitus sukkien suunnittelun v\u00e4rej\u00e4 koskien?<\/h5><div class=\"brxe-text\"><p>Kyll\u00e4, v\u00e4rim\u00e4\u00e4r\u00e4ll\u00e4 on rajoitus. Yleens\u00e4 yksinkertainen suunnitelma voi k\u00e4ytt\u00e4\u00e4 enint\u00e4\u00e4n 8 v\u00e4ri\u00e4, ja monimutkainen suunnitelma voi k\u00e4ytt\u00e4\u00e4 enint\u00e4\u00e4n 5 v\u00e4ri\u00e4. T\u00e4m\u00e4 ei kuitenkaan ole varmaa.\u00a0<strong><a href=\"https:\/\/customsockmanufacturer.com\/fi\/contact\/\" target=\"_blank\" rel=\"noreferrer noopener\">L\u00e4het\u00e4 suunnittelusi tiimillemme<\/a><\/strong>\u00a0n\u00e4hd\u00e4ksemme voimmeko tehd\u00e4 jotain sinulle. ja suunnittelutuki on ilmainen!<\/p><\/div><\/div><div id=\"brxe-azzypg\" class=\"brxe-block\"><h5 class=\"brxe-heading\">Voitko luoda sukkia, joissa on erilaisia suunnitelmia vasemmalle ja oikealle jalalle?<\/h5><div class=\"brxe-text\"><p>Kyll\u00e4! Voimme tuottaa ep\u00e4t\u00e4ydelliset parit, joissa on ainutlaatuisia suunnitelmia vasemmille ja oikeille sukkille.<\/p><\/div><\/div><div id=\"brxe-xnnlxx\" class=\"brxe-block\"><h5 class=\"brxe-heading\">Minulla ei ole ideaa suunnitella sukkia, voinko saada apua?<\/h5><div class=\"brxe-text\"><p>Ei ongelmaa! Kokenut suunnittelutiimimme voi luoda sukkasuunnitelmia t\u00e4ydellisesti sopivia br\u00e4ndillesi tai yrityksellesi. Tarjoamme ilmaisia suunnittelupalveluita ja rajoittumatonta muokkausta, kunnes olet t\u00e4ysin tyytyv\u00e4inen.<\/p><\/div><\/div>\t\t\t\t\t\t\t\t<\/div>\n\t\t\t\t<\/div>\n\t\t\t\t<div class=\"elementor-element elementor-element-53b4ad8 elementor-widget elementor-widget-text-editor\" data-id=\"53b4ad8\" data-element_type=\"widget\" data-e-type=\"widget\" data-widget_type=\"text-editor.default\">\n\t\t\t\t<div class=\"elementor-widget-container\">\n\t\t\t\t\t\t\t\t\t<h2 id=\"brxe-gnvhki\" class=\"brxe-heading\">Tuotanto ja toimitus<\/h2><div id=\"brxe-nswowm\" class=\"brxe-block\"><h5 class=\"brxe-heading\">Mik\u00e4 on r\u00e4\u00e4t\u00e4l\u00f6ityjen sukkojen toimitusaika?<\/h5><div class=\"brxe-text\"><p>Vakioitu tuotantoaika on 10-15 ty\u00f6p\u00e4iv\u00e4\u00e4, plus toimitusaika. Voimme my\u00f6s nopeuttaa tilaustasi ilman lis\u00e4kustannuksia. Tarjoamme my\u00f6s ilmaisia kiireellisi\u00e4 tilaustuja.<\/p><\/div><\/div><div id=\"brxe-uhrnvg\" class=\"brxe-block\"><h5 class=\"brxe-heading\">Voimmeko tehd\u00e4 kiireellisi\u00e4 tilaustuja?<\/h5><div class=\"brxe-text\"><p>Kyll\u00e4, teemme kiireellisi\u00e4 tilaustuja ilmaiseksi, ota yhteytt\u00e4 meille nyt varmistaaksesi, ett\u00e4 voimme tuottaa ne sinulle mahdollisimman pian.<\/p><\/div><\/div><div id=\"brxe-myixcc\" class=\"brxe-block\"><h5 class=\"brxe-heading\">Miss\u00e4 sukot valmistetaan ja toimitetaan?<\/h5><div class=\"brxe-text\"><p>Sukat valmistetaan omassa tehtaassamme Zhuji Cityss\u00e4, Kiinassa, ja toimitus tapahtuu yleens\u00e4 Ningbo-portista.<\/p><\/div><\/div><div id=\"brxe-oanwnu\" class=\"brxe-block\"><h5 class=\"brxe-heading\">Voiko se toimitettava kansainv\u00e4lisesti?<\/h5><div class=\"brxe-text\"><p>Kyll\u00e4, sukamme toimitetaan kaikkialle maailmaan. Eri alueilla on kuitenkin erilaisia lakeja, ja voi olla lis\u00e4verot tai maksut.<\/p><\/div><\/div><div id=\"brxe-yarzrr\" class=\"brxe-block\"><h5 class=\"brxe-heading\">Voinko seurata sukkojen tilausten toimitusta?<\/h5><div class=\"brxe-text\"><p>Kun se on l\u00e4hetetty, l\u00e4hett\u00e4mme sinulle seurantakooditiedot s\u00e4hk\u00f6postitse.<\/p><\/div><\/div>\t\t\t\t\t\t\t\t<\/div>\n\t\t\t\t<\/div>\n\t\t\t\t<div class=\"elementor-element elementor-element-b4e56e8 elementor-widget elementor-widget-text-editor\" data-id=\"b4e56e8\" data-element_type=\"widget\" data-e-type=\"widget\" data-widget_type=\"text-editor.default\">\n\t\t\t\t<div class=\"elementor-widget-container\">\n\t\t\t\t\t\t\t\t\t<h2 id=\"brxe-errtwg\" class=\"brxe-heading\">Hinta-info<\/h2><div id=\"brxe-awluus\" class=\"brxe-block\"><h5 class=\"brxe-heading\">Mik\u00e4 on sukkojen hinta?<\/h5><div class=\"brxe-text\"><p>Hinta riippuu tilausten m\u00e4\u00e4r\u00e4st\u00e4, yleens\u00e4 mit\u00e4 suurempi m\u00e4\u00e4r\u00e4, sit\u00e4 suurempi alennus saadaan. Emme voi tarjota tarkkaa hintaa t\u00e4\u00e4ll\u00e4, ota yhteytt\u00e4\u00a0<strong><a href=\"https:\/\/customsockmanufacturer.com\/fi\/contact\/\" target=\"_blank\" rel=\"noreferrer noopener\">myyntitiimimme<\/a><\/strong>\u00a0tarkalle hinnalle.<\/p><\/div><\/div><div id=\"brxe-wdylxo\" class=\"brxe-block\"><h5 class=\"brxe-heading\">Onko lis\u00e4kustannuksia?<\/h5><div class=\"brxe-text\"><p>Ei lis\u00e4kustannuksia, ei asennusmaksuja eik\u00e4 kiireellisyysmaksuja.<\/p><\/div><\/div><div id=\"brxe-djoysf\" class=\"brxe-block\"><h5 class=\"brxe-heading\">Miten hyv\u00e4ksytte maksut?<\/h5><div class=\"brxe-text\"><p>Hyv\u00e4ksymme luottokortit, PayPalin ja pankkisiirrot (T\/T) mukavuudeksi.<\/p><\/div><\/div>\t\t\t\t\t\t\t\t<\/div>\n\t\t\t\t<\/div>\n\t\t\t\t\t<\/div>\n\t\t\t\t<\/div>\n\t\t<div class=\"elementor-element elementor-element-02f3d74 e-flex e-con-boxed e-con e-parent\" data-id=\"02f3d74\" data-element_type=\"container\" data-e-type=\"container\">\n\t\t\t\t\t<div class=\"e-con-inner\">\n\t\t\t\t<div class=\"elementor-element elementor-element-a05c0e7 elementor-widget elementor-widget-heading\" data-id=\"a05c0e7\" data-element_type=\"widget\" data-e-type=\"widget\" data-widget_type=\"heading.default\">\n\t\t\t\t<div class=\"elementor-widget-container\">\n\t\t\t\t\t<h2 class=\"elementor-heading-title elementor-size-default\">Onko sinulla viel\u00e4 kysymyksi\u00e4?<\/h2>\t\t\t\t<\/div>\n\t\t\t\t<\/div>\n\t\t\t\t<div class=\"elementor-element elementor-element-4ecdc5d elementor-widget elementor-widget-heading\" data-id=\"4ecdc5d\" data-element_type=\"widget\" data-e-type=\"widget\" data-widget_type=\"heading.default\">\n\t\t\t\t<div class=\"elementor-widget-container\">\n\t\t\t\t\t<span class=\"elementor-heading-title elementor-size-default\">Tukenamme tiimi voi vastata mihin tahansa kysymykseen, jonka sinulla saattaa olla r\u00e4\u00e4t\u00e4l\u00f6idyist\u00e4 sukista.\n<\/span>\t\t\t\t<\/div>\n\t\t\t\t<\/div>\n\t\t\t\t<div class=\"elementor-element elementor-element-570ebf7 elementor-align-center elementor-widget elementor-widget-button\" data-id=\"570ebf7\" data-element_type=\"widget\" data-e-type=\"widget\" data-widget_type=\"button.default\">\n\t\t\t\t<div class=\"elementor-widget-container\">\n\t\t\t\t\t\t\t\t\t<div class=\"elementor-button-wrapper\">\n\t\t\t\t\t<a class=\"elementor-button elementor-button-link elementor-size-sm\" href=\"https:\/\/customsockmanufacturer.com\/fi\/contact\/\">\n\t\t\t\t\t\t<span class=\"elementor-button-content-wrapper\">\n\t\t\t\t\t\t\t\t\t<span class=\"elementor-button-text\">Yhteydenotot<\/span>\n\t\t\t\t\t<\/span>\n\t\t\t\t\t<\/a>\n\t\t\t\t<\/div>\n\t\t\t\t\t\t\t\t<\/div>\n\t\t\t\t<\/div>\n\t\t\t\t\t<\/div>\n\t\t\t\t<\/div>\n\t\t\t\t<\/div>","protected":false},"excerpt":{"rendered":"<p>Usein kysytyt kysymykset Haluatko luoda mukautettuja sukkia? Prosessi on eritt\u00e4in yksinkertainen \u2013 tarvitsemme vain ideasi tai logosi suunnitellaksemme ja valmistellaksemme t\u00e4ydelliset sukkasi. Tutki alla olevia usein kysytyt kysymykset saadaksesi lis\u00e4tietoja mukautuspalveluistamme. Jos et l\u00f6yd\u00e4 etsim\u00e4\u00e4si, ota suoraan yhteytt\u00e4! Yleist\u00e4 tietoa\u2026&nbsp;<a href=\"https:\/\/customsockmanufacturer.com\/fi\/resources\/faqs\/\" rel=\"bookmark\">Lue lis\u00e4\u00e4 &gt;&gt;<span class=\"screen-reader-text\">FAQ<\/span><\/a><\/p>","protected":false},"author":1,"featured_media":0,"parent":1796,"menu_order":0,"comment_status":"closed","ping_status":"closed","template":"page-templates\/template-pagebuilder-full-width.php","meta":{"_acf_changed":false,"neve_meta_sidebar":"","neve_meta_container":"","neve_meta_enable_content_width":"off","neve_meta_content_width":100,"neve_meta_title_alignment":"","neve_meta_author_avatar":"","neve_post_elements_order":"","neve_meta_disable_header":"","neve_meta_disable_footer":"","neve_meta_disable_title":"","footnotes":""},"class_list":["post-1812","page","type-page","status-publish","hentry"],"acf":[],"_links":{"self":[{"href":"https:\/\/customsockmanufacturer.com\/fi\/wp-json\/wp\/v2\/pages\/1812","targetHints":{"allow":["GET"]}}],"collection":[{"href":"https:\/\/customsockmanufacturer.com\/fi\/wp-json\/wp\/v2\/pages"}],"about":[{"href":"https:\/\/customsockmanufacturer.com\/fi\/wp-json\/wp\/v2\/types\/page"}],"author":[{"embeddable":true,"href":"https:\/\/customsockmanufacturer.com\/fi\/wp-json\/wp\/v2\/users\/1"}],"replies":[{"embeddable":true,"href":"https:\/\/customsockmanufacturer.com\/fi\/wp-json\/wp\/v2\/comments?post=1812"}],"version-history":[{"count":5,"href":"https:\/\/customsockmanufacturer.com\/fi\/wp-json\/wp\/v2\/pages\/1812\/revisions"}],"predecessor-version":[{"id":3141,"href":"https:\/\/customsockmanufacturer.com\/fi\/wp-json\/wp\/v2\/pages\/1812\/revisions\/3141"}],"up":[{"embeddable":true,"href":"https:\/\/customsockmanufacturer.com\/fi\/wp-json\/wp\/v2\/pages\/1796"}],"wp:attachment":[{"href":"https:\/\/customsockmanufacturer.com\/fi\/wp-json\/wp\/v2\/media?parent=1812"}],"curies":[{"name":"wp","href":"https:\/\/api.w.org\/{rel}","templated":true}]}}