{"id":1796,"date":"2024-06-06T01:47:56","date_gmt":"2024-06-06T01:47:56","guid":{"rendered":"https:\/\/customsockmanufacturer.com\/?page_id=1796"},"modified":"2024-06-06T02:14:03","modified_gmt":"2024-06-06T02:14:03","slug":"resources","status":"publish","type":"page","link":"https:\/\/customsockmanufacturer.com\/fi\/resources\/","title":{"rendered":"Resurssit"},"content":{"rendered":"<div data-elementor-type=\"wp-page\" data-elementor-id=\"1796\" class=\"elementor elementor-1796\" data-elementor-post-type=\"page\">\n\t\t\t\t<div class=\"elementor-element elementor-element-3a986b5 e-flex e-con-boxed e-con e-parent\" data-id=\"3a986b5\" data-element_type=\"container\" data-e-type=\"container\">\n\t\t\t\t\t<div class=\"e-con-inner\">\n\t\t\t\t<div class=\"elementor-element elementor-element-c2c27a6 elementor-widget__width-initial elementor-widget elementor-widget-heading\" data-id=\"c2c27a6\" data-element_type=\"widget\" data-e-type=\"widget\" data-widget_type=\"heading.default\">\n\t\t\t\t<div class=\"elementor-widget-container\">\n\t\t\t\t\t<h2 class=\"elementor-heading-title elementor-size-default\">Mukautetut neuletuvat ja hienoa tavaraa<\/h2>\t\t\t\t<\/div>\n\t\t\t\t<\/div>\n\t\t\t\t<div class=\"elementor-element elementor-element-e8cc48c elementor-widget elementor-widget-heading\" data-id=\"e8cc48c\" data-element_type=\"widget\" data-e-type=\"widget\" data-widget_type=\"heading.default\">\n\t\t\t\t<div class=\"elementor-widget-container\">\n\t\t\t\t\t<div class=\"elementor-heading-title elementor-size-default\">Tutki, miten aloittaa mukautettujen sukkien ja neuletuvien matka t\u00e4\u00e4lt\u00e4, ja hei, l\u00f6yd\u00e4t my\u00f6s joitakin hienoja ilmaisia resursseja t\u00e4\u00e4lt\u00e4!<\/div>\t\t\t\t<\/div>\n\t\t\t\t<\/div>\n\t\t\t\t\t<\/div>\n\t\t\t\t<\/div>\n\t\t<div class=\"elementor-element elementor-element-02b734c e-grid e-con-boxed e-con e-parent\" data-id=\"02b734c\" data-element_type=\"container\" data-e-type=\"container\">\n\t\t\t\t\t<div class=\"e-con-inner\">\n\t\t\t\t<div class=\"elementor-element elementor-element-5383c8d elementor-widget__width-inherit elementor-widget elementor-widget-ucaddon_content_box\" data-id=\"5383c8d\" data-element_type=\"widget\" data-e-type=\"widget\" data-widget_type=\"ucaddon_content_box.default\">\n\t\t\t\t<div class=\"elementor-widget-container\">\n\t\t\t\t\t\n<!-- start Content Box -->\n<style>\/* widget: Content Box *\/\n\n.uc_content_box_elementor_5383c8d .content-box .img-boxs{transition: 0.3s; position: relative; overflow: hidden;}\n.uc_content_box_elementor_5383c8d .content-box .img-boxs img{height: 100%;    display: block;    transition: 0.3s; object-fit: Cover;    transform: scale(100%);}\n.uc_content_box_elementor_5383c8d .content-box .img-boxs a{display:flex;    justify-content: center;}\n\n<\/style>\n\n<div class=\"uc_content_box_elementor_5383c8d\">\n  <div class=\"content-box\">\n    <div class=\"img-boxs\">\n    <a href=\"#\" target=\"\" title=\"\"><img decoding=\"async\" src=\"https:\/\/customsockmanufacturer.com\/wp-content\/uploads\/2024\/06\/10002-5.jpg\"><\/a>\n    <\/div>\n    <div class=\"contents\">\n      <h3><a href=\"\">Kuinka toimii<\/a><\/h3>\n      <p>Opeta, kuinka helppoa pit\u00e4isi olla aloittaa mukauttamaan sukkia ja neuletuvia t\u00e4\u00e4lt\u00e4!<\/p>      <a href=\"#\" target=\"\" title=\"\"><button>Lis\u00e4\u00e4 tietoa &gt;<\/button><\/a>\n    <\/div>\n  <\/div>\n<\/div>\n<!-- end Content Box -->\t\t\t\t<\/div>\n\t\t\t\t<\/div>\n\t\t\t\t<div class=\"elementor-element elementor-element-2552de4 elementor-widget__width-inherit elementor-widget elementor-widget-ucaddon_content_box\" data-id=\"2552de4\" data-element_type=\"widget\" data-e-type=\"widget\" data-widget_type=\"ucaddon_content_box.default\">\n\t\t\t\t<div class=\"elementor-widget-container\">\n\t\t\t\t\t\n<!-- start Content Box -->\n<style>\/* widget: Content Box *\/\n\n.uc_content_box_elementor_2552de4 .content-box .img-boxs{transition: 0.3s; position: relative; overflow: hidden;}\n.uc_content_box_elementor_2552de4 .content-box .img-boxs img{height: 100%;    display: block;    transition: 0.3s; object-fit: Cover;    transform: scale(100%);}\n.uc_content_box_elementor_2552de4 .content-box .img-boxs a{display:flex;    justify-content: center;}\n\n<\/style>\n\n<div class=\"uc_content_box_elementor_2552de4\">\n  <div class=\"content-box\">\n    <div class=\"img-boxs\">\n    <a href=\"#\" target=\"\" title=\"\"><img decoding=\"async\" src=\"https:\/\/customsockmanufacturer.com\/wp-content\/uploads\/2024\/06\/10003-1.webp\"><\/a>\n    <\/div>\n    <div class=\"contents\">\n      <h3><a href=\"\">Design-mockup &amp; ty\u00f6kalut<\/a><\/h3>\n      <p>Lataa ilmaisia mallipohjia ja ty\u00f6kaluja sukkien ja neuletuvien tuotteiden suunnitteluun.<\/p>      <a href=\"#\" target=\"\" title=\"\"><button> Hanki esikatselu- ja ty\u00f6kalut &gt;<\/button><\/a>\n    <\/div>\n  <\/div>\n<\/div>\n<!-- end Content Box -->\t\t\t\t<\/div>\n\t\t\t\t<\/div>\n\t\t\t\t<div class=\"elementor-element elementor-element-0d34070 elementor-widget__width-inherit elementor-widget elementor-widget-ucaddon_content_box\" data-id=\"0d34070\" data-element_type=\"widget\" data-e-type=\"widget\" data-widget_type=\"ucaddon_content_box.default\">\n\t\t\t\t<div class=\"elementor-widget-container\">\n\t\t\t\t\t\n<!-- start Content Box -->\n<style>\/* widget: Content Box *\/\n\n.uc_content_box_elementor_0d34070 .content-box .img-boxs{transition: 0.3s; position: relative; overflow: hidden;}\n.uc_content_box_elementor_0d34070 .content-box .img-boxs img{height: 100%;    display: block;    transition: 0.3s; object-fit: Cover;    transform: scale(100%);}\n.uc_content_box_elementor_0d34070 .content-box .img-boxs a{display:flex;    justify-content: center;}\n\n<\/style>\n\n<div class=\"uc_content_box_elementor_0d34070\">\n  <div class=\"content-box\">\n    <div class=\"img-boxs\">\n    <a href=\"#\" target=\"\" title=\"\"><img decoding=\"async\" src=\"https:\/\/customsockmanufacturer.com\/wp-content\/uploads\/2024\/06\/10004-4.jpg\"><\/a>\n    <\/div>\n    <div class=\"contents\">\n      <h3><a href=\"\">Mukautusvaihtoehdot ja tyylit<\/a><\/h3>\n      <p>Tutki mukautettavissa olevia vaihtoehtoja ja tyylej\u00e4, kuten kokoa, korkeutta ja lis\u00e4tekniikkaa.<\/p>      <a href=\"#\" target=\"\" title=\"\"><button>Lis\u00e4\u00e4 tietoa &gt;<\/button><\/a>\n    <\/div>\n  <\/div>\n<\/div>\n<!-- end Content Box -->\t\t\t\t<\/div>\n\t\t\t\t<\/div>\n\t\t\t\t<div class=\"elementor-element elementor-element-80f9d0f elementor-widget__width-inherit elementor-widget elementor-widget-ucaddon_content_box\" data-id=\"80f9d0f\" data-element_type=\"widget\" data-e-type=\"widget\" data-widget_type=\"ucaddon_content_box.default\">\n\t\t\t\t<div class=\"elementor-widget-container\">\n\t\t\t\t\t\n<!-- start Content Box -->\n<style>\/* widget: Content Box *\/\n\n.uc_content_box_elementor_80f9d0f .content-box .img-boxs{transition: 0.3s; position: relative; overflow: hidden;}\n.uc_content_box_elementor_80f9d0f .content-box .img-boxs img{height: 100%;    display: block;    transition: 0.3s; object-fit: Cover;    transform: scale(100%);}\n.uc_content_box_elementor_80f9d0f .content-box .img-boxs a{display:flex;    justify-content: center;}\n\n<\/style>\n\n<div class=\"uc_content_box_elementor_80f9d0f\">\n  <div class=\"content-box\">\n    <div class=\"img-boxs\">\n    <a href=\"#\" target=\"\" title=\"\"><img decoding=\"async\" src=\"https:\/\/customsockmanufacturer.com\/wp-content\/uploads\/2024\/06\/10005-1.webp\"><\/a>\n    <\/div>\n    <div class=\"contents\">\n      <h3><a href=\"\">Ylij\u00e4\u00e4m\u00e4v\u00e4ri lista<\/a><\/h3>\n      <p>Tutki mukautettavissa olevia vaihtoehtoja ja tyylej\u00e4, kuten kokoa, korkeutta ja lis\u00e4tekniikkaa.<\/p>      <a href=\"#\" target=\"\" title=\"\"><button>Lis\u00e4\u00e4 tietoa &gt;<\/button><\/a>\n    <\/div>\n  <\/div>\n<\/div>\n<!-- end Content Box -->\t\t\t\t<\/div>\n\t\t\t\t<\/div>\n\t\t\t\t<div class=\"elementor-element elementor-element-2010958 elementor-widget__width-inherit elementor-widget elementor-widget-ucaddon_content_box\" data-id=\"2010958\" data-element_type=\"widget\" data-e-type=\"widget\" data-widget_type=\"ucaddon_content_box.default\">\n\t\t\t\t<div class=\"elementor-widget-container\">\n\t\t\t\t\t\n<!-- start Content Box -->\n<style>\/* widget: Content Box *\/\n\n.uc_content_box_elementor_2010958 .content-box .img-boxs{transition: 0.3s; position: relative; overflow: hidden;}\n.uc_content_box_elementor_2010958 .content-box .img-boxs img{height: 100%;    display: block;    transition: 0.3s; object-fit: Cover;    transform: scale(100%);}\n.uc_content_box_elementor_2010958 .content-box .img-boxs a{display:flex;    justify-content: center;}\n\n<\/style>\n\n<div class=\"uc_content_box_elementor_2010958\">\n  <div class=\"content-box\">\n    <div class=\"img-boxs\">\n    <a href=\"#\" target=\"\" title=\"\"><img decoding=\"async\" src=\"https:\/\/customsockmanufacturer.com\/wp-content\/uploads\/2024\/06\/10006-2.jpg\"><\/a>\n    <\/div>\n    <div class=\"contents\">\n      <h3><a href=\"\">Sukkan kokoa<\/a><\/h3>\n      <p>Tutki valkovalkoinen tuotevalikoimaamme, valitse yksi aloittaaksesi mukautusprosessin!<\/p>      <a href=\"#\" target=\"\" title=\"\"><button>Lis\u00e4\u00e4 tietoa &gt;<\/button><\/a>\n    <\/div>\n  <\/div>\n<\/div>\n<!-- end Content Box -->\t\t\t\t<\/div>\n\t\t\t\t<\/div>\n\t\t\t\t<div class=\"elementor-element elementor-element-6508832 elementor-widget__width-inherit elementor-widget elementor-widget-ucaddon_content_box\" data-id=\"6508832\" data-element_type=\"widget\" data-e-type=\"widget\" data-widget_type=\"ucaddon_content_box.default\">\n\t\t\t\t<div class=\"elementor-widget-container\">\n\t\t\t\t\t\n<!-- start Content Box -->\n<style>\/* widget: Content Box *\/\n\n.uc_content_box_elementor_6508832 .content-box .img-boxs{transition: 0.3s; position: relative; overflow: hidden;}\n.uc_content_box_elementor_6508832 .content-box .img-boxs img{height: 100%;    display: block;    transition: 0.3s; object-fit: Cover;    transform: scale(100%);}\n.uc_content_box_elementor_6508832 .content-box .img-boxs a{display:flex;    justify-content: center;}\n\n<\/style>\n\n<div class=\"uc_content_box_elementor_6508832\">\n  <div class=\"content-box\">\n    <div class=\"img-boxs\">\n    <a href=\"#\" target=\"\" title=\"\"><img decoding=\"async\" src=\"https:\/\/customsockmanufacturer.com\/wp-content\/uploads\/2024\/06\/Three-pairs-of-custom-dress-socks-on-the-table.webp\"><\/a>\n    <\/div>\n    <div class=\"contents\">\n      <h3><a href=\"\">FAQ<\/a><\/h3>\n      <p>Mit\u00e4 sinun on tiedett\u00e4v\u00e4? T\u00e4ss\u00e4 ovat vastaukset useimpiin kysymyksiisi.<\/p>      <a href=\"#\" target=\"\" title=\"\"><button>Lis\u00e4\u00e4 tietoa &gt;<\/button><\/a>\n    <\/div>\n  <\/div>\n<\/div>\n<!-- end Content Box -->\t\t\t\t<\/div>\n\t\t\t\t<\/div>\n\t\t\t\t\t<\/div>\n\t\t\t\t<\/div>\n\t\t\t\t<\/div>","protected":false},"excerpt":{"rendered":"<p>Mukautetut neulot ja hienoa stuff Kaikki tarvitsemasi on t\u00e4\u00e4ll\u00e4! Tutki, miten aloittaa mukautetut sukkien ja neulot matkasi t\u00e4\u00e4ll\u00e4, ja hei, l\u00f6yd\u00e4t my\u00f6s joitakin hienoja ilmainisia resursseja t\u00e4\u00e4lt\u00e4! Miten se toimii Tutki, miten helppoa tulisi olla aloittaa mukauttamaan sukkiasi ja neulot t\u00e4\u00e4ll\u00e4! Lis\u00e4\u00e4 tietoa\u2026&nbsp;<a href=\"https:\/\/customsockmanufacturer.com\/fi\/resources\/\" rel=\"bookmark\">Lue lis\u00e4\u00e4 &gt;&gt;<span class=\"screen-reader-text\">Resurssit<\/span><\/a><\/p>","protected":false},"author":1,"featured_media":0,"parent":0,"menu_order":0,"comment_status":"closed","ping_status":"closed","template":"page-templates\/template-pagebuilder-full-width.php","meta":{"_acf_changed":false,"neve_meta_sidebar":"","neve_meta_container":"","neve_meta_enable_content_width":"off","neve_meta_content_width":100,"neve_meta_title_alignment":"","neve_meta_author_avatar":"","neve_post_elements_order":"","neve_meta_disable_header":"","neve_meta_disable_footer":"","neve_meta_disable_title":"","footnotes":""},"class_list":["post-1796","page","type-page","status-publish","hentry"],"acf":[],"_links":{"self":[{"href":"https:\/\/customsockmanufacturer.com\/fi\/wp-json\/wp\/v2\/pages\/1796","targetHints":{"allow":["GET"]}}],"collection":[{"href":"https:\/\/customsockmanufacturer.com\/fi\/wp-json\/wp\/v2\/pages"}],"about":[{"href":"https:\/\/customsockmanufacturer.com\/fi\/wp-json\/wp\/v2\/types\/page"}],"author":[{"embeddable":true,"href":"https:\/\/customsockmanufacturer.com\/fi\/wp-json\/wp\/v2\/users\/1"}],"replies":[{"embeddable":true,"href":"https:\/\/customsockmanufacturer.com\/fi\/wp-json\/wp\/v2\/comments?post=1796"}],"version-history":[{"count":58,"href":"https:\/\/customsockmanufacturer.com\/fi\/wp-json\/wp\/v2\/pages\/1796\/revisions"}],"predecessor-version":[{"id":1884,"href":"https:\/\/customsockmanufacturer.com\/fi\/wp-json\/wp\/v2\/pages\/1796\/revisions\/1884"}],"wp:attachment":[{"href":"https:\/\/customsockmanufacturer.com\/fi\/wp-json\/wp\/v2\/media?parent=1796"}],"curies":[{"name":"wp","href":"https:\/\/api.w.org\/{rel}","templated":true}]}}