{"id":1812,"date":"2024-06-06T01:51:21","date_gmt":"2024-06-06T01:51:21","guid":{"rendered":"https:\/\/customsockmanufacturer.com\/?page_id=1812"},"modified":"2025-05-29T15:04:40","modified_gmt":"2025-05-29T07:04:40","slug":"faqs","status":"publish","type":"page","link":"https:\/\/customsockmanufacturer.com\/et\/resources\/faqs\/","title":{"rendered":"FAQ"},"content":{"rendered":"<div data-elementor-type=\"wp-page\" data-elementor-id=\"1812\" class=\"elementor elementor-1812\" data-elementor-post-type=\"page\">\n\t\t\t\t<div class=\"elementor-element elementor-element-efd3745 e-flex e-con-boxed e-con e-parent\" data-id=\"efd3745\" data-element_type=\"container\" data-e-type=\"container\">\n\t\t\t\t\t<div class=\"e-con-inner\">\n\t\t<div class=\"elementor-element elementor-element-922995b e-flex e-con-boxed e-con e-child\" data-id=\"922995b\" data-element_type=\"container\" data-e-type=\"container\">\n\t\t\t\t\t<div class=\"e-con-inner\">\n\t\t\t\t<div class=\"elementor-element elementor-element-30cf772 elementor-widget elementor-widget-heading\" data-id=\"30cf772\" data-element_type=\"widget\" data-e-type=\"widget\" data-widget_type=\"heading.default\">\n\t\t\t\t<div class=\"elementor-widget-container\">\n\t\t\t\t\t<h2 class=\"elementor-heading-title elementor-size-default\">K\u00fcsimusi, mis esinevad sageli<\/h2>\t\t\t\t<\/div>\n\t\t\t\t<\/div>\n\t\t\t\t<div class=\"elementor-element elementor-element-d35ca5c elementor-widget elementor-widget-text-editor\" data-id=\"d35ca5c\" data-element_type=\"widget\" data-e-type=\"widget\" data-widget_type=\"text-editor.default\">\n\t\t\t\t<div class=\"elementor-widget-container\">\n\t\t\t\t\t\t\t\t\t<p>1. Otsimeelisega k\u00e4sitsi ehitada kesisid? Protsess on v\u00e4ga lihtne \u2013 meil vaja vaid teie idee v\u00f5i logo disainimiseks ja kesisid tootmiseks. Uurige all olevaid korduvalt k\u00fcsitud k\u00fcsimusi, et saada rohkem teavet meie m\u00fcntimisTeenustest. Kui te ei leia soovitud, palun kontakteeruge meiega otse!<\/p>\t\t\t\t\t\t\t\t<\/div>\n\t\t\t\t<\/div>\n\t\t\t\t\t<\/div>\n\t\t\t\t<\/div>\n\t\t<div class=\"elementor-element elementor-element-eaa3bc9 e-con-full e-flex e-con e-child\" data-id=\"eaa3bc9\" data-element_type=\"container\" data-e-type=\"container\">\n\t\t\t\t<div class=\"elementor-element elementor-element-f79173d elementor-widget elementor-widget-image\" data-id=\"f79173d\" data-element_type=\"widget\" data-e-type=\"widget\" data-widget_type=\"image.default\">\n\t\t\t\t<div class=\"elementor-widget-container\">\n\t\t\t\t\t\t\t\t\t\t\t\t\t\t\t<img fetchpriority=\"high\" decoding=\"async\" width=\"700\" height=\"467\" src=\"https:\/\/customsockmanufacturer.com\/wp-content\/uploads\/2024\/06\/Socks-display-shelf-min.webp\" class=\"attachment-large size-large wp-image-2138\" alt=\"\" srcset=\"https:\/\/customsockmanufacturer.com\/wp-content\/uploads\/2024\/06\/Socks-display-shelf-min.webp 700w, https:\/\/customsockmanufacturer.com\/wp-content\/uploads\/2024\/06\/Socks-display-shelf-min-300x200.webp 300w\" sizes=\"(max-width: 700px) 100vw, 700px\" \/>\t\t\t\t\t\t\t\t\t\t\t\t\t\t\t<\/div>\n\t\t\t\t<\/div>\n\t\t\t\t<\/div>\n\t\t\t\t\t<\/div>\n\t\t\t\t<\/div>\n\t\t<div class=\"elementor-element elementor-element-dcef87f e-flex e-con-boxed e-con e-parent\" data-id=\"dcef87f\" data-element_type=\"container\" data-e-type=\"container\" data-settings=\"{&quot;background_background&quot;:&quot;classic&quot;}\">\n\t\t\t\t\t<div class=\"e-con-inner\">\n\t\t\t\t<div class=\"elementor-element elementor-element-a686a39 elementor-widget elementor-widget-heading\" data-id=\"a686a39\" data-element_type=\"widget\" data-e-type=\"widget\" data-widget_type=\"heading.default\">\n\t\t\t\t<div class=\"elementor-widget-container\">\n\t\t\t\t\t<h2 class=\"elementor-heading-title elementor-size-default\">2. \u00dcldinfot<\/h2>\t\t\t\t<\/div>\n\t\t\t\t<\/div>\n\t\t\t\t<div class=\"elementor-element elementor-element-599116b elementor-widget elementor-widget-text-editor\" data-id=\"599116b\" data-element_type=\"widget\" data-e-type=\"widget\" data-widget_type=\"text-editor.default\">\n\t\t\t\t<div class=\"elementor-widget-container\">\n\t\t\t\t\t\t\t\t\t<div id=\"brxe-mizdyp\" class=\"brxe-block\"><h5 class=\"brxe-heading\">3. Mis on CloudSocks?<\/h5><div class=\"brxe-text\"><p>4. CloudSocks on tasemeline kesisid tootmisfabriik, mis spetsialiseerub kesisid k\u00e4sitsi disainimise ja tootmisel Hiinas. Me ekspordime k\u00f5ike kvaliteetseid kesisid maailma \u00fcle. Meie m\u00fcntitud kesisid on t\u00e4iuslikud retailkauplustele, e-kaubandusettev\u00f5tetele, ettev\u00f5tte jaamile, br\u00e4ndi edastamisele ja eris\u00fcndmuste toordealadest.<\/p><\/div><\/div><div id=\"brxe-rkpviy\" class=\"brxe-block\"><h5 class=\"brxe-heading\">5. Kus on teie ettev\u00f5tte asukoht?<\/h5><div class=\"brxe-text\"><p>6. Meie tootmisasutused asuvad Zhuji linnas, Zhejiangi provintsis \u2013 mis on tuntud kui Hiina \u201cKesisid pealinn\u201d tema rikkaliku tootmisajaloogu t\u00f5ttu.<\/p><\/div><\/div><div id=\"brxe-ixubug\" class=\"brxe-block\"><h5 class=\"brxe-heading\">7. Kuidas CloudSocks erineb konkurenditest?<\/h5><div class=\"brxe-text\"><p>8. Disain, tootmine ja m\u00fcntimis pakendus \u00fchest paigast \u2013 kiirelt l\u00e4bi viidav m\u00fcntimis teenus. Kinnitame, et meie kesisid on k\u00f5ige mugavamad.<\/p><\/div><\/div><div id=\"brxe-mzxfjc\" class=\"brxe-block\"><h5 class=\"brxe-heading\">9. Mis t\u00fc\u00fcpi kesisid saan teha?<\/h5><div class=\"brxe-text\"><p>10. Me tootme \u00f5\u00f5ndatud kesisid ja v\u00e4rvitud Jacquard-kesisid erinevatel v\u00e4rvidel. Vaata edasi\u00a0<a href=\"https:\/\/customsockmanufacturer.com\/et\/custom-socks\/#options-for-custom-socks\" target=\"_blank\" rel=\"noreferrer noopener\"><strong>11. kesisid valikuid<\/strong><\/a>.<\/p><\/div><\/div><div id=\"brxe-fkzyaz\" class=\"brxe-block\"><h5 class=\"brxe-heading\">12. Kuidas alustada kesisid m\u00fcntimist?<\/h5><div class=\"brxe-text\"><p>13. Palun t\u00e4ida meie\u00a0<a href=\"https:\/\/customsockmanufacturer.com\/et\/contact\/\" target=\"_blank\" rel=\"noreferrer noopener\"><strong>14. kontakteerumislehek\u00fclje<\/strong><\/a>15. , v\u00f5i saada e-posti\u00a0<a href=\"mailto:ycct@outlook.com\">ycct@outlook.com<\/a><\/p><\/div><\/div><div id=\"brxe-nscash\" class=\"brxe-block\"><h5 class=\"brxe-heading\">16. V\u00f5tan ma enne tellimist kesisid n\u00e4idiseid?<\/h5><div class=\"brxe-text\"><p>17. Absoluutselt! Me pakume tasuta kesisid n\u00e4idiseid (saadetavuse kulud kehtivad). Saadame teile t\u00e4psed stili ja v\u00e4rvid, mis teid huvitavad.<\/p><\/div><\/div><div id=\"brxe-dkqcbu\" class=\"brxe-block\"><h5 class=\"brxe-heading\">18. Millist t\u00fc\u00fcpi kesisid fabrik tootab?<\/h5><div class=\"brxe-text\"><p>19. Meie fabrik tootab praktiliselt k\u00f5iki tavakesisid, sealhulgas: <a href=\"https:\/\/customsockmanufacturer.com\/et\/custom-logo-socks\/\" target=\"_blank\" rel=\"noreferrer noopener\">Custom Logo Socks<\/a>,\u00a0<a href=\"https:\/\/customsockmanufacturer.com\/et\/custom-baseball-stirrup-socks\/\" target=\"_blank\" rel=\"noreferrer noopener\">20. M\u00fcntimisbaseebid<\/a>,\u00a0<a href=\"https:\/\/customsockmanufacturer.com\/et\/custom-dress-socks\/\" target=\"_blank\" rel=\"noreferrer noopener\">Personaliseeritud ballikangarid<\/a>21. \u2026 ja palju teisi. Kui teil on mingi kindel kesisi stiil silmas, palun kontakteeruge meiega, et arutada teie m\u00fcntimisn\u00f5udeid.<\/p><\/div><\/div>\t\t\t\t\t\t\t\t<\/div>\n\t\t\t\t<\/div>\n\t\t\t\t<div class=\"elementor-element elementor-element-3b8f3ad elementor-widget elementor-widget-text-editor\" data-id=\"3b8f3ad\" data-element_type=\"widget\" data-e-type=\"widget\" data-widget_type=\"text-editor.default\">\n\t\t\t\t<div class=\"elementor-widget-container\">\n\t\t\t\t\t\t\t\t\t<h2 id=\"brxe-fkoppt\" class=\"brxe-heading\">22. Tellimisinfo<\/h2><div id=\"brxe-pxbgze\" class=\"brxe-block\"><h5 class=\"brxe-heading\">23. Mis on m\u00fcntimisesid jaoks v\u00e4him tellimiskogus (MOQ)?<\/h5><div class=\"brxe-text\"><p>24. Enamikus meie kesisi stili on v\u00e4hemalt tellimisn\u00f5uet. Kl\u00f5psage siia, et vaadata kesisid, mis pole v\u00e4hemalt tellimiseks. M\u00f5ned spetsiaalsed kesisid (kiirelt r\u00e4ndavad kesisid, eriteenistus kesisid, paksud kesisid, viisjalgised kesisid jne.) n\u00f5uavad v\u00e4hemalt tellimisi 500-1000 paarini.<\/p><\/div><\/div><div id=\"brxe-omflmf\" class=\"brxe-block\"><h5>25. Milliseid suuri te pakute m\u00fcntimisesid?<\/h5><p>26. Me tootme kesisid k\u00f5ikide jalgadesuuruste jaoks. Me pakume ka mugavat \u201c\u00dcHE SUURUSE\u201d valikut, mis sobib k\u00f5ige t\u00e4iskasvanute jalgadele \u2013 t\u00e4iuslik logo kesisid, puuvillasesid ja br\u00e4nditud stiile jaoks.<\/p><h5>27. Pakutad te kesisid m\u00fcntimist pakendust?<\/h5><p>28. Jah! Me pakume t\u00e4ielikku kesisid pakenduse disainimise ja tootmis teenust, annades valmis m\u00fc\u00fcgitavad toordealad. Valikud ulatuvad tasuta p\u00f5hinevast pakendusest kuni k\u00f5rgetasemest m\u00fcntimis pakendusele.<\/p><h5>29. Mis pikkusega kesis<\/h5><p>Choose from our complete range: no-show socks, ankle socks, crew socks, mid-calf socks, calf-length socks, knee-high socks, and thigh-high socks.<\/p><h5>Mis millid laudusedega, mida kasutate sokkide tootmisel?<\/h5><p>Peamiselt kasutame k\u00f5rgekvalituse kotonit meie \u00f5\u00f5netud sokkide jaoks. S\u00f5ltuvalt teie spetsiifilistest n\u00f5uandedest t\u00f6\u00f6tleme ka materjalidest nagu niloon, bambusfibril ja muude spetsialistest tekstiilidest.<\/p><\/div>\t\t\t\t\t\t\t\t<\/div>\n\t\t\t\t<\/div>\n\t\t\t\t<div class=\"elementor-element elementor-element-a6dac2f elementor-widget elementor-widget-text-editor\" data-id=\"a6dac2f\" data-element_type=\"widget\" data-e-type=\"widget\" data-widget_type=\"text-editor.default\">\n\t\t\t\t<div class=\"elementor-widget-container\">\n\t\t\t\t\t\t\t\t\t<h2 id=\"brxe-mbiuzg\" class=\"brxe-heading\">Disainiprosess<\/h2><div id=\"brxe-wcsnnl\" class=\"brxe-block\"><h5 class=\"brxe-heading\">On sokkide disain vaba?<\/h5><div class=\"brxe-text\"><p>Jah, k\u00f5ikidele klientidele on disain vaba, meil on erakorralised disainerid, kes aitavad klientidele.<\/p><\/div><\/div><div id=\"brxe-jyqzww\" class=\"brxe-block\"><h5 class=\"brxe-heading\">Kui kiiresti saan omandada sokkide disaini?<\/h5><div class=\"brxe-text\"><p>Tavaliselt tarbime 1-3 p\u00e4eva sokkide disainikontsentide tootmiseks. T\u00f6\u00f6ajal on meil sageli v\u00f5imalik disainid vaid paar tundi jooksul pakkuda.<\/p><\/div><\/div><div id=\"brxe-gzjzic\" class=\"brxe-block\"><h5 class=\"brxe-heading\">Kas saan teile saata oma disaini?<\/h5><div class=\"brxe-text\"><p>Jah, me v\u00f5tame vastu disainifaili igas formaadis. Soovitame, et kasutage meie <strong><a href=\"https:\/\/customsockmanufacturer.com\/et\/socks-mockup-download\/\" target=\"_blank\" rel=\"noreferrer noopener\">sokkide disainimudeli<\/a><\/strong>\u00a0disaini kiirendamiseks.<\/p><\/div><\/div><div id=\"brxe-uqcawc\" class=\"brxe-block\"><h5 class=\"brxe-heading\">On muudatuste arvu piirangud sokkide disainis?<\/h5><div class=\"brxe-text\"><p>Jah, on piirangud v\u00e4rvide arvu jaoks. Tavaliselt v\u00f5ib lihtne disain kasutada kuni 8 v\u00e4rvi, ja keerukas disain kuni 5 v\u00e4rvi. Kuid see ei ole kindel.\u00a0<strong><a href=\"https:\/\/customsockmanufacturer.com\/et\/contact\/\" target=\"_blank\" rel=\"noreferrer noopener\">Saada oma disain meie meeskonnale<\/a><\/strong>\u00a0n\u00e4gemaks, kas me saame teile midagi pakkuda. ja disainitugi on vaba!<\/p><\/div><\/div><div id=\"brxe-azzypg\" class=\"brxe-block\"><h5 class=\"brxe-heading\">Kas saate looda sokke, mis on erinevad paremale ja vasakule jalale?<\/h5><div class=\"brxe-text\"><p>Jah! Me saame tootma mitmekesid paarjuuri, mis on unikaalsed paremale ja vasakule sokstile.<\/p><\/div><\/div><div id=\"brxe-xnnlxx\" class=\"brxe-block\"><h5 class=\"brxe-heading\">Minul pole mingeid ideid sokkide disainimiseks, kas saan abi?<\/h5><div class=\"brxe-text\"><p>\u00dcheks t\u00f5en\u00e4osusega! Meie kogemuslik disainigrupp loob sokkide disaine, mis on t\u00e4ielikult sobivad teie br\u00e4ndi v\u00f5i ettev\u00f5tte jaoks. Me pakkume vaba disainitust ja l\u00fcmiseid muudatusi kuni saate t\u00e4ielikult rahul olnud.<\/p><\/div><\/div>\t\t\t\t\t\t\t\t<\/div>\n\t\t\t\t<\/div>\n\t\t\t\t<div class=\"elementor-element elementor-element-53b4ad8 elementor-widget elementor-widget-text-editor\" data-id=\"53b4ad8\" data-element_type=\"widget\" data-e-type=\"widget\" data-widget_type=\"text-editor.default\">\n\t\t\t\t<div class=\"elementor-widget-container\">\n\t\t\t\t\t\t\t\t\t<h2 id=\"brxe-gnvhki\" class=\"brxe-heading\">Tootmine ja laadimine<\/h2><div id=\"brxe-nswowm\" class=\"brxe-block\"><h5 class=\"brxe-heading\">Millal on kesisokkide tootmise toime?<\/h5><div class=\"brxe-text\"><p>Meie standard tootusaeg on 10-15 t\u00f6\u00f6p\u00e4eva, seej\u00e4rel laadimisaeg. me teeme ka tellimusi vabalt kiirendada. Me pakkume ka vabalt kiiret tellimust.<\/p><\/div><\/div><div id=\"brxe-uhrnvg\" class=\"brxe-block\"><h5 class=\"brxe-heading\">Kas me saame kiiret tellimust?<\/h5><div class=\"brxe-text\"><p>Jah, me teeme kiiret tellimust vabalt, palun kontakteeruge meiega n\u00fc\u00fcd, et kindlustada, et me saame need teile kui varem v\u00f5imalik tootma.<\/p><\/div><\/div><div id=\"brxe-myixcc\" class=\"brxe-block\"><h5 class=\"brxe-heading\">Kust sokud toodetakse ja laadetakse?<\/h5><div class=\"brxe-text\"><p>Sokud toodetakse meie omane tehases Zhuji linnas, Hiinas, ja laadimine on tavaliselt l\u00e4bi Ningbo sadama.<\/p><\/div><\/div><div id=\"brxe-oanwnu\" class=\"brxe-block\"><h5 class=\"brxe-heading\">Kas see saab laadida rahvusvaheliselt?<\/h5><div class=\"brxe-text\"><p>Jah, meie sokud laadetakse kogu maailma. Kuid erinevates piirkondades on erinevad tingimused, ja v\u00f5ib olla rohkem makse v\u00f5i lisakulu.<\/p><\/div><\/div><div id=\"brxe-yarzrr\" class=\"brxe-block\"><h5 class=\"brxe-heading\">Kas saan j\u00e4lgida sokkide tellimuste laadimist?<\/h5><div class=\"brxe-text\"><p>P\u00e4rast laadimist saadame teile e-maili j\u00e4lgimiskoodi teabe.<\/p><\/div><\/div>\t\t\t\t\t\t\t\t<\/div>\n\t\t\t\t<\/div>\n\t\t\t\t<div class=\"elementor-element elementor-element-b4e56e8 elementor-widget elementor-widget-text-editor\" data-id=\"b4e56e8\" data-element_type=\"widget\" data-e-type=\"widget\" data-widget_type=\"text-editor.default\">\n\t\t\t\t<div class=\"elementor-widget-container\">\n\t\t\t\t\t\t\t\t\t<h2 id=\"brxe-errtwg\" class=\"brxe-heading\">Hinnainfo<\/h2><div id=\"brxe-awluus\" class=\"brxe-block\"><h5 class=\"brxe-heading\">Mis on soidete hind?<\/h5><div class=\"brxe-text\"><p>Hinda s\u00f5ltub soidete tellimuse kogusest, tavaliselt kui suurem on kogus, seda rohkem allahinda saadakse. Me ei saa siin t\u00e4pset hindu pakkuda, palun kontakteeru meie\u00a0<strong><a href=\"https:\/\/customsockmanufacturer.com\/et\/contact\/\" target=\"_blank\" rel=\"noreferrer noopener\">m\u00fc\u00fcgi meeskonnaga<\/a><\/strong>\u00a0t\u00e4pse hinna jaoks.<\/p><\/div><\/div><div id=\"brxe-wdylxo\" class=\"brxe-block\"><h5 class=\"brxe-heading\">On puudutavusi lisakulu?<\/h5><div class=\"brxe-text\"><p>Lisakulu puudub, ei ole seadistuskulu ega kiiret\u00f6\u00f6 kulua.<\/p><\/div><\/div><div id=\"brxe-djoysf\" class=\"brxe-block\"><h5 class=\"brxe-heading\">Milliseid maksemetodeid te v\u00f5tate?<\/h5><div class=\"brxe-text\"><p>Me v\u00f5tame vastu krediitkaardid, PayPal ja panga\u00fcleved (T\/T) te rahulolu jaoks.<\/p><\/div><\/div>\t\t\t\t\t\t\t\t<\/div>\n\t\t\t\t<\/div>\n\t\t\t\t\t<\/div>\n\t\t\t\t<\/div>\n\t\t<div class=\"elementor-element elementor-element-02f3d74 e-flex e-con-boxed e-con e-parent\" data-id=\"02f3d74\" data-element_type=\"container\" data-e-type=\"container\">\n\t\t\t\t\t<div class=\"e-con-inner\">\n\t\t\t\t<div class=\"elementor-element elementor-element-a05c0e7 elementor-widget elementor-widget-heading\" data-id=\"a05c0e7\" data-element_type=\"widget\" data-e-type=\"widget\" data-widget_type=\"heading.default\">\n\t\t\t\t<div class=\"elementor-widget-container\">\n\t\t\t\t\t<h2 class=\"elementor-heading-title elementor-size-default\">Teed veel k\u00fcsimusi?<\/h2>\t\t\t\t<\/div>\n\t\t\t\t<\/div>\n\t\t\t\t<div class=\"elementor-element elementor-element-4ecdc5d elementor-widget elementor-widget-heading\" data-id=\"4ecdc5d\" data-element_type=\"widget\" data-e-type=\"widget\" data-widget_type=\"heading.default\">\n\t\t\t\t<div class=\"elementor-widget-container\">\n\t\t\t\t\t<span class=\"elementor-heading-title elementor-size-default\">Meie toetuse meeskond saab vastata k\u00f5ikide teile, mis v\u00f5idakse k\u00fcsida k\u00e4sitsi toodetud soidete kohta.\n<\/span>\t\t\t\t<\/div>\n\t\t\t\t<\/div>\n\t\t\t\t<div class=\"elementor-element elementor-element-570ebf7 elementor-align-center elementor-widget elementor-widget-button\" data-id=\"570ebf7\" data-element_type=\"widget\" data-e-type=\"widget\" data-widget_type=\"button.default\">\n\t\t\t\t<div class=\"elementor-widget-container\">\n\t\t\t\t\t\t\t\t\t<div class=\"elementor-button-wrapper\">\n\t\t\t\t\t<a class=\"elementor-button elementor-button-link elementor-size-sm\" href=\"https:\/\/customsockmanufacturer.com\/et\/contact\/\">\n\t\t\t\t\t\t<span class=\"elementor-button-content-wrapper\">\n\t\t\t\t\t\t\t\t\t<span class=\"elementor-button-text\">Liides Meiega<\/span>\n\t\t\t\t\t<\/span>\n\t\t\t\t\t<\/a>\n\t\t\t\t<\/div>\n\t\t\t\t\t\t\t\t<\/div>\n\t\t\t\t<\/div>\n\t\t\t\t\t<\/div>\n\t\t\t\t<\/div>\n\t\t\t\t<\/div>","protected":false},"excerpt":{"rendered":"<p>Pregunatududududududududududududududududududududududududududududududududududududududududududududududududududududududududududududududududududududududududududududududududududududududududududududududududududududududududududududududududududududududududududududududududududududududududududududududududududududududududududududududududududududududududududududududududududududududududududududududududududududududududududududududududududududududududududududududududududududududududududududududududududududududududududududududududududududududududududududududududududududududududududududududududududududududududududududududududududududududududududududududududududududududududududududududududududududududududududududududududududududududududududududududududududududududududududududududududududududududududududududududududududududududududududududududududududududududududududududududududududududududududududududududududududududududududududududududududududududududududududududududududududududududududududududududududududududududududududududududududududududududududududududududududududududududududududududududududududududududududududududududududududududududududududududududududududududududududududududududududududududududududududududududududududududududududududududududududududududududududududududududududududududududududududududududududududududududududududududududududududududududududududududududududududududududududududududududududududududududududududududududududududududududududududududududududududududududududududududududududududududududududududududududududududududududududududududududududududududududududududududududududududududududududududududududududududududududududududududududududududududududududududududududududududududududududududududududududududududududududududududududududududududududududududududududududududududududududududududududududududududududududududududududududududududududududududududududududududududududududududududududududududududududududududududududududududududududududududududududududududududududududududududududududududududududududud&nbsp;<a href=\"https:\/\/customsockmanufacturer.com\/et\/resources\/faqs\/\" rel=\"bookmark\">Loe edasi &gt;&gt;<span class=\"screen-reader-text\">FAQ<\/span><\/a><\/p>","protected":false},"author":1,"featured_media":0,"parent":1796,"menu_order":0,"comment_status":"closed","ping_status":"closed","template":"page-templates\/template-pagebuilder-full-width.php","meta":{"_acf_changed":false,"neve_meta_sidebar":"","neve_meta_container":"","neve_meta_enable_content_width":"off","neve_meta_content_width":100,"neve_meta_title_alignment":"","neve_meta_author_avatar":"","neve_post_elements_order":"","neve_meta_disable_header":"","neve_meta_disable_footer":"","neve_meta_disable_title":"","footnotes":""},"class_list":["post-1812","page","type-page","status-publish","hentry"],"acf":[],"_links":{"self":[{"href":"https:\/\/customsockmanufacturer.com\/et\/wp-json\/wp\/v2\/pages\/1812","targetHints":{"allow":["GET"]}}],"collection":[{"href":"https:\/\/customsockmanufacturer.com\/et\/wp-json\/wp\/v2\/pages"}],"about":[{"href":"https:\/\/customsockmanufacturer.com\/et\/wp-json\/wp\/v2\/types\/page"}],"author":[{"embeddable":true,"href":"https:\/\/customsockmanufacturer.com\/et\/wp-json\/wp\/v2\/users\/1"}],"replies":[{"embeddable":true,"href":"https:\/\/customsockmanufacturer.com\/et\/wp-json\/wp\/v2\/comments?post=1812"}],"version-history":[{"count":5,"href":"https:\/\/customsockmanufacturer.com\/et\/wp-json\/wp\/v2\/pages\/1812\/revisions"}],"predecessor-version":[{"id":3141,"href":"https:\/\/customsockmanufacturer.com\/et\/wp-json\/wp\/v2\/pages\/1812\/revisions\/3141"}],"up":[{"embeddable":true,"href":"https:\/\/customsockmanufacturer.com\/et\/wp-json\/wp\/v2\/pages\/1796"}],"wp:attachment":[{"href":"https:\/\/customsockmanufacturer.com\/et\/wp-json\/wp\/v2\/media?parent=1812"}],"curies":[{"name":"wp","href":"https:\/\/api.w.org\/{rel}","templated":true}]}}