{"id":1812,"date":"2024-06-06T01:51:21","date_gmt":"2024-06-06T01:51:21","guid":{"rendered":"https:\/\/customsockmanufacturer.com\/?page_id=1812"},"modified":"2025-05-29T15:04:40","modified_gmt":"2025-05-29T07:04:40","slug":"faqs","status":"publish","type":"page","link":"https:\/\/customsockmanufacturer.com\/es\/resources\/faqs\/","title":{"rendered":"Preguntas frecuentes"},"content":{"rendered":"<div data-elementor-type=\"wp-page\" data-elementor-id=\"1812\" class=\"elementor elementor-1812\" data-elementor-post-type=\"page\">\n\t\t\t\t<div class=\"elementor-element elementor-element-efd3745 e-flex e-con-boxed e-con e-parent\" data-id=\"efd3745\" data-element_type=\"container\" data-e-type=\"container\">\n\t\t\t\t\t<div class=\"e-con-inner\">\n\t\t<div class=\"elementor-element elementor-element-922995b e-flex e-con-boxed e-con e-child\" data-id=\"922995b\" data-element_type=\"container\" data-e-type=\"container\">\n\t\t\t\t\t<div class=\"e-con-inner\">\n\t\t\t\t<div class=\"elementor-element elementor-element-30cf772 elementor-widget elementor-widget-heading\" data-id=\"30cf772\" data-element_type=\"widget\" data-e-type=\"widget\" data-widget_type=\"heading.default\">\n\t\t\t\t<div class=\"elementor-widget-container\">\n\t\t\t\t\t<h2 class=\"elementor-heading-title elementor-size-default\">Preguntas Frecuentes<\/h2>\t\t\t\t<\/div>\n\t\t\t\t<\/div>\n\t\t\t\t<div class=\"elementor-element elementor-element-d35ca5c elementor-widget elementor-widget-text-editor\" data-id=\"d35ca5c\" data-element_type=\"widget\" data-e-type=\"widget\" data-widget_type=\"text-editor.default\">\n\t\t\t\t<div class=\"elementor-widget-container\">\n\t\t\t\t\t\t\t\t\t<p>\u00bfDesea crear calcetines personalizados? El proceso es incre\u00edblemente simple \u2013 solo necesitamos su idea o logotipo para dise\u00f1ar y fabricar sus calcetines perfectos. Consulte nuestras preguntas frecuentes a continuaci\u00f3n para obtener m\u00e1s informaci\u00f3n sobre nuestros servicios de personalizaci\u00f3n. Si no encuentra lo que est\u00e1 buscando, p\u00f3ngase en contacto directamente con nosotros!<\/p>\t\t\t\t\t\t\t\t<\/div>\n\t\t\t\t<\/div>\n\t\t\t\t\t<\/div>\n\t\t\t\t<\/div>\n\t\t<div class=\"elementor-element elementor-element-eaa3bc9 e-con-full e-flex e-con e-child\" data-id=\"eaa3bc9\" data-element_type=\"container\" data-e-type=\"container\">\n\t\t\t\t<div class=\"elementor-element elementor-element-f79173d elementor-widget elementor-widget-image\" data-id=\"f79173d\" data-element_type=\"widget\" data-e-type=\"widget\" data-widget_type=\"image.default\">\n\t\t\t\t<div class=\"elementor-widget-container\">\n\t\t\t\t\t\t\t\t\t\t\t\t\t\t\t<img fetchpriority=\"high\" decoding=\"async\" width=\"700\" height=\"467\" src=\"https:\/\/customsockmanufacturer.com\/wp-content\/uploads\/2024\/06\/Socks-display-shelf-min.webp\" class=\"attachment-large size-large wp-image-2138\" alt=\"\" srcset=\"https:\/\/customsockmanufacturer.com\/wp-content\/uploads\/2024\/06\/Socks-display-shelf-min.webp 700w, https:\/\/customsockmanufacturer.com\/wp-content\/uploads\/2024\/06\/Socks-display-shelf-min-300x200.webp 300w\" sizes=\"(max-width: 700px) 100vw, 700px\" \/>\t\t\t\t\t\t\t\t\t\t\t\t\t\t\t<\/div>\n\t\t\t\t<\/div>\n\t\t\t\t<\/div>\n\t\t\t\t\t<\/div>\n\t\t\t\t<\/div>\n\t\t<div class=\"elementor-element elementor-element-dcef87f e-flex e-con-boxed e-con e-parent\" data-id=\"dcef87f\" data-element_type=\"container\" data-e-type=\"container\" data-settings=\"{&quot;background_background&quot;:&quot;classic&quot;}\">\n\t\t\t\t\t<div class=\"e-con-inner\">\n\t\t\t\t<div class=\"elementor-element elementor-element-a686a39 elementor-widget elementor-widget-heading\" data-id=\"a686a39\" data-element_type=\"widget\" data-e-type=\"widget\" data-widget_type=\"heading.default\">\n\t\t\t\t<div class=\"elementor-widget-container\">\n\t\t\t\t\t<h2 class=\"elementor-heading-title elementor-size-default\">Informaci\u00f3n general<\/h2>\t\t\t\t<\/div>\n\t\t\t\t<\/div>\n\t\t\t\t<div class=\"elementor-element elementor-element-599116b elementor-widget elementor-widget-text-editor\" data-id=\"599116b\" data-element_type=\"widget\" data-e-type=\"widget\" data-widget_type=\"text-editor.default\">\n\t\t\t\t<div class=\"elementor-widget-container\">\n\t\t\t\t\t\t\t\t\t<div id=\"brxe-mizdyp\" class=\"brxe-block\"><h5 class=\"brxe-heading\">\u00bfQu\u00e9 es CloudSocks?<\/h5><div class=\"brxe-text\"><p>CloudSocks es una f\u00e1brica de fabricaci\u00f3n de calcetines premium especializada en dise\u00f1o y producci\u00f3n de calcetines personalizados en China. Exportamos calcetines personalizados de alta calidad a nivel mundial. Nuestros calcetines personalizados son perfectos para tiendas minoristas, negocios de comercio electr\u00f3nico, regalos corporativos, promoci\u00f3n de marcas y mercanc\u00eda para eventos especiales.<\/p><\/div><\/div><div id=\"brxe-rkpviy\" class=\"brxe-block\"><h5 class=\"brxe-heading\">\u00bfD\u00f3nde se encuentra su negocio?<\/h5><div class=\"brxe-text\"><p>Nuestras instalaciones de fabricaci\u00f3n est\u00e1n ubicadas en la ciudad de Zhuji, Provincia de Zhejiang \u2013 conocida como la \u201cCapital del Calcet\u00edn\u201d de China por su rica historia en la producci\u00f3n textil.<\/p><\/div><\/div><div id=\"brxe-ixubug\" class=\"brxe-block\"><h5 class=\"brxe-heading\">\u00bfC\u00f3mo se diferencia CloudSocks de sus competidores?<\/h5><div class=\"brxe-text\"><p>Dise\u00f1o, producci\u00f3n y paquetizaci\u00f3n personalizada de calcetines en un solo lugar. Entrega r\u00e1pida y insistencia en hacer los calcetines m\u00e1s c\u00f3modos<\/p><\/div><\/div><div id=\"brxe-mzxfjc\" class=\"brxe-block\"><h5 class=\"brxe-heading\">\u00bfQu\u00e9 tipo de calcetines puedo hacer?<\/h5><div class=\"brxe-text\"><p>Fabricamos calcetines de punto y calcetines jacquard en diferentes colores. Ver m\u00e1s\u00a0<a href=\"https:\/\/customsockmanufacturer.com\/es\/custom-socks\/#options-for-custom-socks\" target=\"_blank\" rel=\"noreferrer noopener\"><strong>opciones de calcetines<\/strong><\/a>.<\/p><\/div><\/div><div id=\"brxe-fkzyaz\" class=\"brxe-block\"><h5 class=\"brxe-heading\">\u00bfC\u00f3mo comenzar a personalizar calcetines?<\/h5><div class=\"brxe-text\"><p>Por favor, llene el formulario en nuestra\u00a0<a href=\"https:\/\/customsockmanufacturer.com\/es\/contact\/\" target=\"_blank\" rel=\"noreferrer noopener\"><strong>p\u00e1gina de contacto<\/strong><\/a>, o env\u00ede un correo electr\u00f3nico a\u00a0<a href=\"mailto:ycct@outlook.com\">ycct@outlook.com<\/a><\/p><\/div><\/div><div id=\"brxe-nscash\" class=\"brxe-block\"><h5 class=\"brxe-heading\">\u00bfPuedo recibir muestras de calcetines antes de realizar el pedido?<\/h5><div class=\"brxe-text\"><p>\u00a1Absolutamente! Proporcionamos muestras gratuitas de calcetines (se aplican costos de env\u00edo). Le enviaremos los estilos y colores espec\u00edficos en los que est\u00e1 interesado.<\/p><\/div><\/div><div id=\"brxe-dkqcbu\" class=\"brxe-block\"><h5 class=\"brxe-heading\">\u00bfQu\u00e9 tipos de calcetines puede producir la f\u00e1brica?<\/h5><div class=\"brxe-text\"><p>Nuestra f\u00e1brica puede fabricar pr\u00e1cticamente todos los tipos comunes de calcetines, incluyendo: <a href=\"https:\/\/customsockmanufacturer.com\/es\/custom-logo-socks\/\" target=\"_blank\" rel=\"noreferrer noopener\">Calcetines con Logo Personalizados<\/a>,\u00a0<a href=\"https:\/\/customsockmanufacturer.com\/es\/custom-baseball-stirrup-socks\/\" target=\"_blank\" rel=\"noreferrer noopener\">Calcetines de b\u00e9isbol personalizados<\/a>,\u00a0<a href=\"https:\/\/customsockmanufacturer.com\/es\/custom-dress-socks\/\" target=\"_blank\" rel=\"noreferrer noopener\">Calcetines de vestir personalizados<\/a>\u2026 y muchos m\u00e1s. Si tiene en mente un estilo espec\u00edfico de calcet\u00edn, p\u00f3ngase en contacto con nosotros para discutir sus necesidades de personalizaci\u00f3n.<\/p><\/div><\/div>\t\t\t\t\t\t\t\t<\/div>\n\t\t\t\t<\/div>\n\t\t\t\t<div class=\"elementor-element elementor-element-3b8f3ad elementor-widget elementor-widget-text-editor\" data-id=\"3b8f3ad\" data-element_type=\"widget\" data-e-type=\"widget\" data-widget_type=\"text-editor.default\">\n\t\t\t\t<div class=\"elementor-widget-container\">\n\t\t\t\t\t\t\t\t\t<h2 id=\"brxe-fkoppt\" class=\"brxe-heading\">Informaci\u00f3n de pedido<\/h2><div id=\"brxe-pxbgze\" class=\"brxe-block\"><h5 class=\"brxe-heading\">\u00bfCu\u00e1l es la cantidad m\u00ednima de pedido (MOQ) para calcetines personalizados?<\/h5><div class=\"brxe-text\"><p>La mayor\u00eda de nuestros estilos de calcetines no tienen requerimiento de pedido m\u00ednimo. Haga clic aqu\u00ed para ver los tipos de calcetines sin requerimiento de pedido m\u00ednimo. ciertos calcetines especiales (calcetines antideslizantes de goma, calcetines de \u00e9lite, calcetines acanalados, calcetines de cinco dedos, etc.) requieren pedidos m\u00ednimos de 500-1000 pares.<\/p><\/div><\/div><div id=\"brxe-omflmf\" class=\"brxe-block\"><h5>\u00bfQu\u00e9 tallas ofrecen para calcetines personalizados?<\/h5><p>Podemos producir calcetines para todas las tallas de pies. Tambi\u00e9n ofrecemos opciones vers\u00e1tiles de \u201cUNA TALLA\u201d que se ajustan c\u00f3modamente a la mayor\u00eda de los pies de adultos \u2013 perfectos para calcetines con logotipo, calcetines de algod\u00f3n y estilos con marca.<\/p><h5>\u00bfOfrecen paquetizaci\u00f3n de calcetines personalizados?<\/h5><p>S\u00ed! Proporcionamos servicios integrales de dise\u00f1o y producci\u00f3n de paquetizaci\u00f3n de calcetines, entregando productos listos para la venta. Las opciones van desde paquetizaci\u00f3n b\u00e1sica gratuita hasta soluciones de paquetizaci\u00f3n personalizada elaboradas.<\/p><h5>\u00bfQu\u00e9 longitudes de calcetines est\u00e1n disponibles?<\/h5><p>Elija de nuestra gama completa: calcetines de no mostrar, calcetines de tobillo, calcetines de medias, calcetines de media pierna, calcetines de rodilla, calcetines de muslo y calcetines de cadera.<\/p><h5>\u00bfQu\u00e9 materiales utilizas para la producci\u00f3n de calcetines?<\/h5><p>Principalmente utilizamos algod\u00f3n de alta calidad para nuestros calcetines tejidos. Bas\u00e1ndonos en tus requisitos espec\u00edficos, tambi\u00e9n trabajamos con materiales como nailon, fibra de bamb\u00fa y otros textiles especializados.<\/p><\/div>\t\t\t\t\t\t\t\t<\/div>\n\t\t\t\t<\/div>\n\t\t\t\t<div class=\"elementor-element elementor-element-a6dac2f elementor-widget elementor-widget-text-editor\" data-id=\"a6dac2f\" data-element_type=\"widget\" data-e-type=\"widget\" data-widget_type=\"text-editor.default\">\n\t\t\t\t<div class=\"elementor-widget-container\">\n\t\t\t\t\t\t\t\t\t<h2 id=\"brxe-mbiuzg\" class=\"brxe-heading\">Proceso de Dise\u00f1o<\/h2><div id=\"brxe-wcsnnl\" class=\"brxe-block\"><h5 class=\"brxe-heading\">\u00bfEl dise\u00f1o de calcetines es gratuito?<\/h5><div class=\"brxe-text\"><p>S\u00ed, para todos los clientes, el dise\u00f1o es gratuito, contamos con dise\u00f1adores dedicados para ayudar a los clientes.<\/p><\/div><\/div><div id=\"brxe-jyqzww\" class=\"brxe-block\"><h5 class=\"brxe-heading\">\u00bfCu\u00e1nto tiempo puedo obtener el dise\u00f1o de calcetines?<\/h5><div class=\"brxe-text\"><p>Normalmente entregamos conceptos de dise\u00f1o de calcetines en 1-3 d\u00edas. Durante las horas laborales, a menudo podemos proporcionar dise\u00f1os en solo unas pocas horas.<\/p><\/div><\/div><div id=\"brxe-gzjzic\" class=\"brxe-block\"><h5 class=\"brxe-heading\">\u00bfPuedo enviarle mi propio dise\u00f1o?<\/h5><div class=\"brxe-text\"><p>S\u00ed, aceptamos archivos de dise\u00f1o en cualquier formato. Recomendamos que utilices nuestro <strong><a href=\"https:\/\/customsockmanufacturer.com\/es\/socks-mockup-download\/\" target=\"_blank\" rel=\"noreferrer noopener\">mockup de dise\u00f1o de calcetines<\/a><\/strong>\u00a0para acelerar el dise\u00f1o.<\/p><\/div><\/div><div id=\"brxe-uqcawc\" class=\"brxe-block\"><h5 class=\"brxe-heading\">\u00bfHay un l\u00edmite en el n\u00famero de colores en el dise\u00f1o de calcetines?<\/h5><div class=\"brxe-text\"><p>S\u00ed, hay un l\u00edmite para el n\u00famero de colores. Generalmente, un dise\u00f1o simple puede usar un m\u00e1ximo de 8 colores, y un dise\u00f1o complejo puede usar un m\u00e1ximo de 5 colores. Sin embargo, esto no es definitivo.\u00a0<strong><a href=\"https:\/\/customsockmanufacturer.com\/es\/contact\/\" target=\"_blank\" rel=\"noreferrer noopener\">Env\u00ede su dise\u00f1o a nuestro equipo<\/a><\/strong>\u00a0para ver si podemos hacer algo por usted. y el soporte de dise\u00f1o es gratuito!<\/p><\/div><\/div><div id=\"brxe-azzypg\" class=\"brxe-block\"><h5 class=\"brxe-heading\">\u00bfPueden crear calcetines con diferentes dise\u00f1os para pies izquierdo y derecho?<\/h5><div class=\"brxe-text\"><p>\u00a1S\u00ed! Podemos producir pares desiguales con dise\u00f1os \u00fanicos para calcetines izquierdo y derecho.<\/p><\/div><\/div><div id=\"brxe-xnnlxx\" class=\"brxe-block\"><h5 class=\"brxe-heading\">No tengo idea de dise\u00f1ar calcetines, \u00bfpuedo obtener ayuda?<\/h5><div class=\"brxe-text\"><p>\u00a1No hay problema! Nuestro equipo de dise\u00f1o experimentado puede crear dise\u00f1os de calcetines perfectamente adecuados para tu marca o empresa. Ofrecemos servicios de dise\u00f1o gratuitos y revisiones ilimitadas hasta que est\u00e9 completamente satisfecho.<\/p><\/div><\/div>\t\t\t\t\t\t\t\t<\/div>\n\t\t\t\t<\/div>\n\t\t\t\t<div class=\"elementor-element elementor-element-53b4ad8 elementor-widget elementor-widget-text-editor\" data-id=\"53b4ad8\" data-element_type=\"widget\" data-e-type=\"widget\" data-widget_type=\"text-editor.default\">\n\t\t\t\t<div class=\"elementor-widget-container\">\n\t\t\t\t\t\t\t\t\t<h2 id=\"brxe-gnvhki\" class=\"brxe-heading\">Producci\u00f3n y Env\u00edo<\/h2><div id=\"brxe-nswowm\" class=\"brxe-block\"><h5 class=\"brxe-heading\">\u00bfCu\u00e1l es el tiempo de entrega para calcetines personalizados?<\/h5><div class=\"brxe-text\"><p>Nuestro tiempo de producci\u00f3n est\u00e1ndar es de 10-15 d\u00edas laborables, m\u00e1s tiempo de env\u00edo. Tambi\u00e9n podemos acelerar su pedido de forma gratuita. Tambi\u00e9n estamos abiertos a pedidos de urgencia gratuitos.<\/p><\/div><\/div><div id=\"brxe-uhrnvg\" class=\"brxe-block\"><h5 class=\"brxe-heading\">\u00bfPueden hacer pedidos de urgencia?<\/h5><div class=\"brxe-text\"><p>S\u00ed, hacemos pedidos de urgencia gratuitos, p\u00f3ngase en contacto con nosotros ahora para asegurarnos de que los producimos lo antes posible.<\/p><\/div><\/div><div id=\"brxe-myixcc\" class=\"brxe-block\"><h5 class=\"brxe-heading\">\u00bfD\u00f3nde se producen y env\u00edan los calcetines?<\/h5><div class=\"brxe-text\"><p>Los calcetines se producen en nuestra propia f\u00e1brica en la ciudad de Zhuji, China, y el env\u00edo es generalmente a trav\u00e9s del puerto de Ningbo.<\/p><\/div><\/div><div id=\"brxe-oanwnu\" class=\"brxe-block\"><h5 class=\"brxe-heading\">\u00bfSe puede enviar internacionalmente?<\/h5><div class=\"brxe-text\"><p>S\u00ed, nuestros calcetines se env\u00edan por todo el mundo. Sin embargo, las diferentes regiones tienen diferentes pol\u00edticas, y puede haber m\u00e1s impuestos o cargos adicionales.<\/p><\/div><\/div><div id=\"brxe-yarzrr\" class=\"brxe-block\"><h5 class=\"brxe-heading\">\u00bfPuedo rastrear el env\u00edo de pedidos de calcetines?<\/h5><div class=\"brxe-text\"><p>Una vez que se haya enviado, le enviaremos el c\u00f3digo de seguimiento por correo electr\u00f3nico.<\/p><\/div><\/div>\t\t\t\t\t\t\t\t<\/div>\n\t\t\t\t<\/div>\n\t\t\t\t<div class=\"elementor-element elementor-element-b4e56e8 elementor-widget elementor-widget-text-editor\" data-id=\"b4e56e8\" data-element_type=\"widget\" data-e-type=\"widget\" data-widget_type=\"text-editor.default\">\n\t\t\t\t<div class=\"elementor-widget-container\">\n\t\t\t\t\t\t\t\t\t<h2 id=\"brxe-errtwg\" class=\"brxe-heading\">Informaci\u00f3n de Precios<\/h2><div id=\"brxe-awluus\" class=\"brxe-block\"><h5 class=\"brxe-heading\">\u00bfCu\u00e1l es el precio de los calcetines?<\/h5><div class=\"brxe-text\"><p>El precio depende de la cantidad de pedidos de calcetines, generalmente, cuanto mayor sea la cantidad, mayor ser\u00e1 el descuento. No podemos proporcionar el precio espec\u00edfico aqu\u00ed, por favor contacte con nuestro\u00a0<strong><a href=\"https:\/\/customsockmanufacturer.com\/es\/contact\/\" target=\"_blank\" rel=\"noreferrer noopener\">equipo de ventas<\/a><\/strong>\u00a0para obtener el precio exacto.<\/p><\/div><\/div><div id=\"brxe-wdylxo\" class=\"brxe-block\"><h5 class=\"brxe-heading\">\u00bfHay alg\u00fan cargo adicional?<\/h5><div class=\"brxe-text\"><p>No hay cargos adicionales, ni cargos de configuraci\u00f3n, ni cargos por urgencia.<\/p><\/div><\/div><div id=\"brxe-djoysf\" class=\"brxe-block\"><h5 class=\"brxe-heading\">\u00bfQu\u00e9 m\u00e9todos de pago aceptamos?<\/h5><div class=\"brxe-text\"><p>Aceptamos tarjetas de cr\u00e9dito, PayPal y transferencias bancarias (T\/T) para su conveniencia.<\/p><\/div><\/div>\t\t\t\t\t\t\t\t<\/div>\n\t\t\t\t<\/div>\n\t\t\t\t\t<\/div>\n\t\t\t\t<\/div>\n\t\t<div class=\"elementor-element elementor-element-02f3d74 e-flex e-con-boxed e-con e-parent\" data-id=\"02f3d74\" data-element_type=\"container\" data-e-type=\"container\">\n\t\t\t\t\t<div class=\"e-con-inner\">\n\t\t\t\t<div class=\"elementor-element elementor-element-a05c0e7 elementor-widget elementor-widget-heading\" data-id=\"a05c0e7\" data-element_type=\"widget\" data-e-type=\"widget\" data-widget_type=\"heading.default\">\n\t\t\t\t<div class=\"elementor-widget-container\">\n\t\t\t\t\t<h2 class=\"elementor-heading-title elementor-size-default\">\u00bfTodav\u00eda tienes preguntas?<\/h2>\t\t\t\t<\/div>\n\t\t\t\t<\/div>\n\t\t\t\t<div class=\"elementor-element elementor-element-4ecdc5d elementor-widget elementor-widget-heading\" data-id=\"4ecdc5d\" data-element_type=\"widget\" data-e-type=\"widget\" data-widget_type=\"heading.default\">\n\t\t\t\t<div class=\"elementor-widget-container\">\n\t\t\t\t\t<span class=\"elementor-heading-title elementor-size-default\">Nuestro equipo de soporte puede responder a cualquier pregunta que pueda tener sobre calcetines personalizados.\n<\/span>\t\t\t\t<\/div>\n\t\t\t\t<\/div>\n\t\t\t\t<div class=\"elementor-element elementor-element-570ebf7 elementor-align-center elementor-widget elementor-widget-button\" data-id=\"570ebf7\" data-element_type=\"widget\" data-e-type=\"widget\" data-widget_type=\"button.default\">\n\t\t\t\t<div class=\"elementor-widget-container\">\n\t\t\t\t\t\t\t\t\t<div class=\"elementor-button-wrapper\">\n\t\t\t\t\t<a class=\"elementor-button elementor-button-link elementor-size-sm\" href=\"https:\/\/customsockmanufacturer.com\/es\/contact\/\">\n\t\t\t\t\t\t<span class=\"elementor-button-content-wrapper\">\n\t\t\t\t\t\t\t\t\t<span class=\"elementor-button-text\">Cont\u00e1ctanos<\/span>\n\t\t\t\t\t<\/span>\n\t\t\t\t\t<\/a>\n\t\t\t\t<\/div>\n\t\t\t\t\t\t\t\t<\/div>\n\t\t\t\t<\/div>\n\t\t\t\t\t<\/div>\n\t\t\t\t<\/div>\n\t\t\t\t<\/div>","protected":false},"excerpt":{"rendered":"<p>Preguntas Frecuentes \u00bfDesea crear calcetines personalizados? El proceso es incre\u00edblemente simple \u2013 solo necesitamos su idea o logotipo para dise\u00f1ar y fabricar sus calcetines perfectos. Revise nuestras preguntas frecuentes a continuaci\u00f3n para obtener m\u00e1s informaci\u00f3n sobre nuestros servicios de personalizaci\u00f3n. Si no encuentra lo que busca, p\u00f3ngase en contacto directamente con nosotros! Informaci\u00f3n General\u2026&nbsp;<a href=\"https:\/\/customsockmanufacturer.com\/es\/resources\/faqs\/\" rel=\"bookmark\">Leer m\u00e1s &gt;&gt;<span class=\"screen-reader-text\">Preguntas frecuentes<\/span><\/a><\/p>","protected":false},"author":1,"featured_media":0,"parent":1796,"menu_order":0,"comment_status":"closed","ping_status":"closed","template":"page-templates\/template-pagebuilder-full-width.php","meta":{"_acf_changed":false,"neve_meta_sidebar":"","neve_meta_container":"","neve_meta_enable_content_width":"off","neve_meta_content_width":100,"neve_meta_title_alignment":"","neve_meta_author_avatar":"","neve_post_elements_order":"","neve_meta_disable_header":"","neve_meta_disable_footer":"","neve_meta_disable_title":"","footnotes":""},"class_list":["post-1812","page","type-page","status-publish","hentry"],"acf":[],"_links":{"self":[{"href":"https:\/\/customsockmanufacturer.com\/es\/wp-json\/wp\/v2\/pages\/1812","targetHints":{"allow":["GET"]}}],"collection":[{"href":"https:\/\/customsockmanufacturer.com\/es\/wp-json\/wp\/v2\/pages"}],"about":[{"href":"https:\/\/customsockmanufacturer.com\/es\/wp-json\/wp\/v2\/types\/page"}],"author":[{"embeddable":true,"href":"https:\/\/customsockmanufacturer.com\/es\/wp-json\/wp\/v2\/users\/1"}],"replies":[{"embeddable":true,"href":"https:\/\/customsockmanufacturer.com\/es\/wp-json\/wp\/v2\/comments?post=1812"}],"version-history":[{"count":5,"href":"https:\/\/customsockmanufacturer.com\/es\/wp-json\/wp\/v2\/pages\/1812\/revisions"}],"predecessor-version":[{"id":3141,"href":"https:\/\/customsockmanufacturer.com\/es\/wp-json\/wp\/v2\/pages\/1812\/revisions\/3141"}],"up":[{"embeddable":true,"href":"https:\/\/customsockmanufacturer.com\/es\/wp-json\/wp\/v2\/pages\/1796"}],"wp:attachment":[{"href":"https:\/\/customsockmanufacturer.com\/es\/wp-json\/wp\/v2\/media?parent=1812"}],"curies":[{"name":"wp","href":"https:\/\/api.w.org\/{rel}","templated":true}]}}