{"id":1812,"date":"2024-06-06T01:51:21","date_gmt":"2024-06-06T01:51:21","guid":{"rendered":"https:\/\/customsockmanufacturer.com\/?page_id=1812"},"modified":"2025-05-29T15:04:40","modified_gmt":"2025-05-29T07:04:40","slug":"faqs","status":"publish","type":"page","link":"https:\/\/customsockmanufacturer.com\/eo\/resources\/faqs\/","title":{"rendered":"Foje demitaj Pergotitaj"},"content":{"rendered":"<div data-elementor-type=\"wp-page\" data-elementor-id=\"1812\" class=\"elementor elementor-1812\" data-elementor-post-type=\"page\">\n\t\t\t\t<div class=\"elementor-element elementor-element-efd3745 e-flex e-con-boxed e-con e-parent\" data-id=\"efd3745\" data-element_type=\"container\" data-e-type=\"container\">\n\t\t\t\t\t<div class=\"e-con-inner\">\n\t\t<div class=\"elementor-element elementor-element-922995b e-flex e-con-boxed e-con e-child\" data-id=\"922995b\" data-element_type=\"container\" data-e-type=\"container\">\n\t\t\t\t\t<div class=\"e-con-inner\">\n\t\t\t\t<div class=\"elementor-element elementor-element-30cf772 elementor-widget elementor-widget-heading\" data-id=\"30cf772\" data-element_type=\"widget\" data-e-type=\"widget\" data-widget_type=\"heading.default\">\n\t\t\t\t<div class=\"elementor-widget-container\">\n\t\t\t\t\t<h2 class=\"elementor-heading-title elementor-size-default\">OFte Demanditaj Pergontoj<\/h2>\t\t\t\t<\/div>\n\t\t\t\t<\/div>\n\t\t\t\t<div class=\"elementor-element elementor-element-d35ca5c elementor-widget elementor-widget-text-editor\" data-id=\"d35ca5c\" data-element_type=\"widget\" data-e-type=\"widget\" data-widget_type=\"text-editor.default\">\n\t\t\t\t<div class=\"elementor-widget-container\">\n\t\t\t\t\t\t\t\t\t<p>1. Ser\u0109as krei personigitajn \u015dalvarojn? La procedo estas tre simpla \u2013 ni nur bezonas vian ideon a\u016d emblemon por dezajni kaj fabrikadi viajn perfektojn \u015dalvarojn. Eksploru la ofte demanditajn demandojn sube por lerni pli pri niaj personalizaj servoj. Se vi ne trovas kion vi ser\u0109as, bonvolu kontakti ni direkti!<\/p>\t\t\t\t\t\t\t\t<\/div>\n\t\t\t\t<\/div>\n\t\t\t\t\t<\/div>\n\t\t\t\t<\/div>\n\t\t<div class=\"elementor-element elementor-element-eaa3bc9 e-con-full e-flex e-con e-child\" data-id=\"eaa3bc9\" data-element_type=\"container\" data-e-type=\"container\">\n\t\t\t\t<div class=\"elementor-element elementor-element-f79173d elementor-widget elementor-widget-image\" data-id=\"f79173d\" data-element_type=\"widget\" data-e-type=\"widget\" data-widget_type=\"image.default\">\n\t\t\t\t<div class=\"elementor-widget-container\">\n\t\t\t\t\t\t\t\t\t\t\t\t\t\t\t<img fetchpriority=\"high\" decoding=\"async\" width=\"700\" height=\"467\" src=\"https:\/\/customsockmanufacturer.com\/wp-content\/uploads\/2024\/06\/Socks-display-shelf-min.webp\" class=\"attachment-large size-large wp-image-2138\" alt=\"\" srcset=\"https:\/\/customsockmanufacturer.com\/wp-content\/uploads\/2024\/06\/Socks-display-shelf-min.webp 700w, https:\/\/customsockmanufacturer.com\/wp-content\/uploads\/2024\/06\/Socks-display-shelf-min-300x200.webp 300w\" sizes=\"(max-width: 700px) 100vw, 700px\" \/>\t\t\t\t\t\t\t\t\t\t\t\t\t\t\t<\/div>\n\t\t\t\t<\/div>\n\t\t\t\t<\/div>\n\t\t\t\t\t<\/div>\n\t\t\t\t<\/div>\n\t\t<div class=\"elementor-element elementor-element-dcef87f e-flex e-con-boxed e-con e-parent\" data-id=\"dcef87f\" data-element_type=\"container\" data-e-type=\"container\" data-settings=\"{&quot;background_background&quot;:&quot;classic&quot;}\">\n\t\t\t\t\t<div class=\"e-con-inner\">\n\t\t\t\t<div class=\"elementor-element elementor-element-a686a39 elementor-widget elementor-widget-heading\" data-id=\"a686a39\" data-element_type=\"widget\" data-e-type=\"widget\" data-widget_type=\"heading.default\">\n\t\t\t\t<div class=\"elementor-widget-container\">\n\t\t\t\t\t<h2 class=\"elementor-heading-title elementor-size-default\">2. \u011cenerala Informo<\/h2>\t\t\t\t<\/div>\n\t\t\t\t<\/div>\n\t\t\t\t<div class=\"elementor-element elementor-element-599116b elementor-widget elementor-widget-text-editor\" data-id=\"599116b\" data-element_type=\"widget\" data-e-type=\"widget\" data-widget_type=\"text-editor.default\">\n\t\t\t\t<div class=\"elementor-widget-container\">\n\t\t\t\t\t\t\t\t\t<div id=\"brxe-mizdyp\" class=\"brxe-block\"><h5 class=\"brxe-heading\">3. Kio estas CloudSocks?<\/h5><div class=\"brxe-text\"><p>4. CloudSocks estas premiuma \u015dalvarofabriko speciali\u011danta pri personaligitaj \u015dalvardezajno kaj produktado en \u0108inio. Ni eksportas kvalitajn personaligitajn \u015dalvarojn tutmonde. Niaj personaligitaj \u015dalvaroj estas perfekto por vendo\u015dopoj, komercaj entreprenoj, korporaciaj donacoj, markopromocio, kaj specialaj eventaj varoj.<\/p><\/div><\/div><div id=\"brxe-rkpviy\" class=\"brxe-block\"><h5 class=\"brxe-heading\">5. Kie estas viaj negocaj lokoj?<\/h5><div class=\"brxe-text\"><p>6. Niaj fabrikaj instala\u0135oj estas situataj en la urbo Zhuji, provinco Zhejiang \u2013 konata kiel \u0108inio\u2019s \u201c\u015calvaro\u0109efurbo\u201d pro \u011dia ri\u0109a historio en tekstila produktado.<\/p><\/div><\/div><div id=\"brxe-ixubug\" class=\"brxe-block\"><h5 class=\"brxe-heading\">7. Kiel CloudSocks diferenci\u011das de konkurentoj?<\/h5><div class=\"brxe-text\"><p>8. Dezajno, produktado, kaj personaligita embalo unuflankan servon de \u015dalvarpersonaligo. Rapidan turnon kaj insistas pri farado de la plej komfortaj \u015dalvaroj<\/p><\/div><\/div><div id=\"brxe-mzxfjc\" class=\"brxe-block\"><h5 class=\"brxe-heading\">9. Kian tipojn de \u015dalvaroj povas mi fari?<\/h5><div class=\"brxe-text\"><p>10. Ni faras tricotitajn \u015dalvarojn kaj tujas brodajn \u015dalvarojn en diversaj koloroj. Vidi pli\u00a0<a href=\"https:\/\/customsockmanufacturer.com\/eo\/custom-socks\/#options-for-custom-socks\" target=\"_blank\" rel=\"noreferrer noopener\"><strong>11. \u015calvaraj opcioj<\/strong><\/a>.<\/p><\/div><\/div><div id=\"brxe-fkzyaz\" class=\"brxe-block\"><h5 class=\"brxe-heading\">12. Kiel komenci personaligon de \u015dalvaroj?<\/h5><div class=\"brxe-text\"><p>13. Bonvolu plenigi la formularon sur nia\u00a0<a href=\"https:\/\/customsockmanufacturer.com\/eo\/contact\/\" target=\"_blank\" rel=\"noreferrer noopener\"><strong>14. kontaktpa\u011do<\/strong><\/a>15. , a\u016d sendi retmesa\u011don al\u00a0<a href=\"mailto:ycct@outlook.com\">ycct@outlook.com<\/a><\/p><\/div><\/div><div id=\"brxe-nscash\" class=\"brxe-block\"><h5 class=\"brxe-heading\">16. \u0108u mi povas ricevi \u015dalvarajn ekzemplojn anta\u016d ordono?<\/h5><div class=\"brxe-text\"><p>17. Absolute! Ni provizas liberajn \u015dalvarajn ekzemplojn (aplikas \u015dipadaj kostoj). Ni sendos al vi la specifajn stilojn kaj kolorojn kiuj interesas vin.<\/p><\/div><\/div><div id=\"brxe-dkqcbu\" class=\"brxe-block\"><h5 class=\"brxe-heading\">18. Kian tipojn de \u015dalvaroj la fabriko povas produkti?<\/h5><div class=\"brxe-text\"><p>19. Nia fabriko povas fabrikadi preska\u016d \u0109iujn komunan tipojn de \u015dalvaroj, inkluzive: <a href=\"https:\/\/customsockmanufacturer.com\/eo\/custom-logo-socks\/\" target=\"_blank\" rel=\"noreferrer noopener\">Customanajn Logo Sockojn<\/a>,\u00a0<a href=\"https:\/\/customsockmanufacturer.com\/eo\/custom-baseball-stirrup-socks\/\" target=\"_blank\" rel=\"noreferrer noopener\">20. Personaligitaj Basketa \u015calvaroj<\/a>,\u00a0<a href=\"https:\/\/customsockmanufacturer.com\/eo\/custom-dress-socks\/\" target=\"_blank\" rel=\"noreferrer noopener\">Personajaj vestaj calcedoj<\/a>21. \u2026 kaj multaj aliaj. Se vi havas specifan \u015dalvaran stilon en menso, bonvolu kontakti ni por diskuti viajn personaligaj bezonoj.<\/p><\/div><\/div>\t\t\t\t\t\t\t\t<\/div>\n\t\t\t\t<\/div>\n\t\t\t\t<div class=\"elementor-element elementor-element-3b8f3ad elementor-widget elementor-widget-text-editor\" data-id=\"3b8f3ad\" data-element_type=\"widget\" data-e-type=\"widget\" data-widget_type=\"text-editor.default\">\n\t\t\t\t<div class=\"elementor-widget-container\">\n\t\t\t\t\t\t\t\t\t<h2 id=\"brxe-fkoppt\" class=\"brxe-heading\">22. Ordoinformo<\/h2><div id=\"brxe-pxbgze\" class=\"brxe-block\"><h5 class=\"brxe-heading\">23. Kio estas la minimuma kvanto por ordono (MOQ) por personaligitaj \u015dalvaroj?<\/h5><div class=\"brxe-text\"><p>24. Plejparto de niaj \u015dalvaraj stiloj havas neniun minimuman ordonan postulon. Kliku \u0109i tie por vidi \u015dalvarajn tipojn sen minimuma ordono. Certaj specialaj \u015dalvaroj (ne\u015dovi\u011daj ruberaj \u015dalvaroj, elito\u015dalvaroj, haraj \u015dalvaroj, kvinigaj \u015dalvaroj, ktp.) postulas minimumajn ordonojn de 500-1000 paroj.<\/p><\/div><\/div><div id=\"brxe-omflmf\" class=\"brxe-block\"><h5>25. Kian grandecojn vi oferas por personaligitaj \u015dalvaroj?<\/h5><p>26. Ni povas produkti \u015dalvarojn por \u0109iuj piedgrandecoj. Ni anka\u016d oferas versatile \u201cunu grandeco\u201d opcioj kiuj komforte kovras plej multajn plenkreskulojajn piedojn \u2013 perfekto por emblemo\u015dalvaroj, kotono\u015dalvaroj, kaj markigitaj stiloj.<\/p><h5>27. \u0108u vi oferas personaligitan \u015dalvaran emb<\/h5><p>Yes! We provide comprehensive sock packaging design and production services, delivering retail-ready products. Options range from complimentary basic packaging to elaborate custom packaging solutions.<\/p><h5>What sock lengths are available?<\/h5><p>Choose from our complete range: no-show socks, ankle socks, crew socks, mid-calf socks, calf-length socks, knee-high socks, and thigh-high socks.<\/p><h5>Kial materialoj vi uzas por la produktado de \u015duoj?<\/h5><p>Ni \u0109efe uzas altkvalitan kotono por niaj tricota\u0135\u015duoj. Basite sur viaj specifaj bezonoj, ni anka\u016d laboras kun materialoj kiel nilono, bambufibro kaj aliaj specialaj tekstiloj.<\/p><\/div>\t\t\t\t\t\t\t\t<\/div>\n\t\t\t\t<\/div>\n\t\t\t\t<div class=\"elementor-element elementor-element-a6dac2f elementor-widget elementor-widget-text-editor\" data-id=\"a6dac2f\" data-element_type=\"widget\" data-e-type=\"widget\" data-widget_type=\"text-editor.default\">\n\t\t\t\t<div class=\"elementor-widget-container\">\n\t\t\t\t\t\t\t\t\t<h2 id=\"brxe-mbiuzg\" class=\"brxe-heading\">Proceso de Disegno<\/h2><div id=\"brxe-wcsnnl\" class=\"brxe-block\"><h5 class=\"brxe-heading\">\u0108u la desegno de \u015duoj estas libera?<\/h5><div class=\"brxe-text\"><p>Jes, por \u0109iuj klientoj, la desegno estas libera, ni havas dedikitajn desegnistojn por helpi klientojn.<\/p><\/div><\/div><div id=\"brxe-jyqzww\" class=\"brxe-block\"><h5 class=\"brxe-heading\">Kiel longe povas mi havi desegnon de \u015duoj?<\/h5><div class=\"brxe-text\"><p>Ni kutime liveras desegnojn de \u015duoj en 1-3 tagoj. Dum la komercaj horoj, ni ofte povas fornii desegnojn nur je kelkaj horoj.<\/p><\/div><\/div><div id=\"brxe-gzjzic\" class=\"brxe-block\"><h5 class=\"brxe-heading\">\u0108u mi povas sendi al vi mian propran desegnon?<\/h5><div class=\"brxe-text\"><p>Jes, Ni akceptas desegnajn dosierojn en ajna formo. Ni rekomendas, ke vi uzu nian <strong><a href=\"https:\/\/customsockmanufacturer.com\/eo\/socks-mockup-download\/\" target=\"_blank\" rel=\"noreferrer noopener\">\u015du-desegno-mokupon<\/a><\/strong>\u00a0por akceli la desegnon.<\/p><\/div><\/div><div id=\"brxe-uqcawc\" class=\"brxe-block\"><h5 class=\"brxe-heading\">\u0108u estas limigo al la nombro da koloroj en la desegno de \u015duoj?<\/h5><div class=\"brxe-text\"><p>Jes, ekzistas limigo por la nombro da koloroj. kutime, simpla desegno povas uzi maksimume 8 kolorojn, kaj kompleksa desegno povas uzi maksimume 5 kolorojn. Tamen, tio ne estas certa.\u00a0<strong><a href=\"https:\/\/customsockmanufacturer.com\/eo\/contact\/\" target=\"_blank\" rel=\"noreferrer noopener\">Sendu vian desegnon al nia teamo<\/a><\/strong>\u00a0por vidi \u0109u ni povas fari ion por vi. kaj desegna helpo estas libera!<\/p><\/div><\/div><div id=\"brxe-azzypg\" class=\"brxe-block\"><h5 class=\"brxe-heading\">\u0108u vi povas krei \u015duojn con malsamaj desegnoj por maldekstra kaj dekstra piedoj?<\/h5><div class=\"brxe-text\"><p>Jes! Ni povas produkti nekoncordajn parojn kun unikaj desegnoj por maldekstraj kaj dekstraj \u015duoj.<\/p><\/div><\/div><div id=\"brxe-xnnlxx\" class=\"brxe-block\"><h5 class=\"brxe-heading\">Mi havas nenian ideon pri desegno de \u015duoj, \u0109u mi povas havi helpon?<\/h5><div class=\"brxe-text\"><p>Neniu problema! Niaj spertaj desegnistoj povas krei \u015duajn desegnojn perfecte adaptitajn al via marko a\u016d kompanio. Ni oferas liberajn desegnajn servojn kaj senlimajn reviziojn \u011dis vi estas tute satisdisfekta.<\/p><\/div><\/div>\t\t\t\t\t\t\t\t<\/div>\n\t\t\t\t<\/div>\n\t\t\t\t<div class=\"elementor-element elementor-element-53b4ad8 elementor-widget elementor-widget-text-editor\" data-id=\"53b4ad8\" data-element_type=\"widget\" data-e-type=\"widget\" data-widget_type=\"text-editor.default\">\n\t\t\t\t<div class=\"elementor-widget-container\">\n\t\t\t\t\t\t\t\t\t<h2 id=\"brxe-gnvhki\" class=\"brxe-heading\">Produktado kaj Transporto<\/h2><div id=\"brxe-nswowm\" class=\"brxe-block\"><h5 class=\"brxe-heading\">Kiu estas la liverda tempo por personigitaj \u015duoj?<\/h5><div class=\"brxe-text\"><p>Nia normala produktada tempo estas 10-15 laboraj tagoj, plus la transportda\u016dro. ni anka\u016d povas akceli vian ordon senpage. Ni anka\u016d estas por senpage rapidaj ordonoj.<\/p><\/div><\/div><div id=\"brxe-uhrnvg\" class=\"brxe-block\"><h5 class=\"brxe-heading\">\u0108u vi povas krei rapidajn ordonojn?<\/h5><div class=\"brxe-text\"><p>Jes, ni faras rapidajn ordonojn senpage, bonvolu kontakti ni nun por certigi, ke ni povas produkti ilin por vi kiel eble plej rapide.<\/p><\/div><\/div><div id=\"brxe-myixcc\" class=\"brxe-block\"><h5 class=\"brxe-heading\">Kie estas la \u015duoj produktitaj kaj senditaj el?<\/h5><div class=\"brxe-text\"><p>\u015cuoj estas produktitaj en nia propra fabriko en la urbo Zhuji, \u0108inio, kaj la sendo kutime estas tra la haveno Ningbo.<\/p><\/div><\/div><div id=\"brxe-oanwnu\" class=\"brxe-block\"><h5 class=\"brxe-heading\">\u0108u \u011di povas esti sendita internacie?<\/h5><div class=\"brxe-text\"><p>Jes, niaj \u015duoj estas senditaj tra la tuta mondo. Tamen, diversaj regionoj havas diversajn politikojn, kaj povas esti pli da impostoj a\u016d aldonaj tarifoj.<\/p><\/div><\/div><div id=\"brxe-yarzrr\" class=\"brxe-block\"><h5 class=\"brxe-heading\">\u0108u mi povas sekvi la sendon de ordonoj de \u015duoj?<\/h5><div class=\"brxe-text\"><p>Kiam sendita, ni sendos al vi la informojn de la sekvigo kodo.<\/p><\/div><\/div>\t\t\t\t\t\t\t\t<\/div>\n\t\t\t\t<\/div>\n\t\t\t\t<div class=\"elementor-element elementor-element-b4e56e8 elementor-widget elementor-widget-text-editor\" data-id=\"b4e56e8\" data-element_type=\"widget\" data-e-type=\"widget\" data-widget_type=\"text-editor.default\">\n\t\t\t\t<div class=\"elementor-widget-container\">\n\t\t\t\t\t\t\t\t\t<h2 id=\"brxe-errtwg\" class=\"brxe-heading\">Prezada Informo<\/h2><div id=\"brxe-awluus\" class=\"brxe-block\"><h5 class=\"brxe-heading\">Kiu prezo estas por \u015duoj?<\/h5><div class=\"brxe-text\"><p>La prezo dependas de la kvanto de ordonataj \u015duoj, \u011denerale, la pli granda la kvanto, la pli granda la rabato estos atingata. Ni ne povas provizadi la specifan prezon \u0109i tie, bonvolu kontakti nian\u00a0<strong><a href=\"https:\/\/customsockmanufacturer.com\/eo\/contact\/\" target=\"_blank\" rel=\"noreferrer noopener\">vendteamon<\/a><\/strong>\u00a0por la eksata prezo.<\/p><\/div><\/div><div id=\"brxe-wdylxo\" class=\"brxe-block\"><h5 class=\"brxe-heading\">\u0108u estas ajn pliaj kosto?<\/h5><div class=\"brxe-text\"><p>Ne estas ajn pliaj kosto, neniu agordada kosto, kaj neniu precipa kosto.<\/p><\/div><\/div><div id=\"brxe-djoysf\" class=\"brxe-block\"><h5 class=\"brxe-heading\">Kian pagman metodon vi akceptas?<\/h5><div class=\"brxe-text\"><p>Ni akceptas kreditt kartojn, PayPal, kaj bankajn transigojn (T\/T) por via komforto.<\/p><\/div><\/div>\t\t\t\t\t\t\t\t<\/div>\n\t\t\t\t<\/div>\n\t\t\t\t\t<\/div>\n\t\t\t\t<\/div>\n\t\t<div class=\"elementor-element elementor-element-02f3d74 e-flex e-con-boxed e-con e-parent\" data-id=\"02f3d74\" data-element_type=\"container\" data-e-type=\"container\">\n\t\t\t\t\t<div class=\"e-con-inner\">\n\t\t\t\t<div class=\"elementor-element elementor-element-a05c0e7 elementor-widget elementor-widget-heading\" data-id=\"a05c0e7\" data-element_type=\"widget\" data-e-type=\"widget\" data-widget_type=\"heading.default\">\n\t\t\t\t<div class=\"elementor-widget-container\">\n\t\t\t\t\t<h2 class=\"elementor-heading-title elementor-size-default\">\u011custas ankora\u016daj demandoj?<\/h2>\t\t\t\t<\/div>\n\t\t\t\t<\/div>\n\t\t\t\t<div class=\"elementor-element elementor-element-4ecdc5d elementor-widget elementor-widget-heading\" data-id=\"4ecdc5d\" data-element_type=\"widget\" data-e-type=\"widget\" data-widget_type=\"heading.default\">\n\t\t\t\t<div class=\"elementor-widget-container\">\n\t\t\t\t\t<span class=\"elementor-heading-title elementor-size-default\">Nia subtena teamo povas respondi al ajn demandoj vi povas havi pri personigitaj \u015duoj.\n<\/span>\t\t\t\t<\/div>\n\t\t\t\t<\/div>\n\t\t\t\t<div class=\"elementor-element elementor-element-570ebf7 elementor-align-center elementor-widget elementor-widget-button\" data-id=\"570ebf7\" data-element_type=\"widget\" data-e-type=\"widget\" data-widget_type=\"button.default\">\n\t\t\t\t<div class=\"elementor-widget-container\">\n\t\t\t\t\t\t\t\t\t<div class=\"elementor-button-wrapper\">\n\t\t\t\t\t<a class=\"elementor-button elementor-button-link elementor-size-sm\" href=\"https:\/\/customsockmanufacturer.com\/eo\/contact\/\">\n\t\t\t\t\t\t<span class=\"elementor-button-content-wrapper\">\n\t\t\t\t\t\t\t\t\t<span class=\"elementor-button-text\">Kontakte Ni<\/span>\n\t\t\t\t\t<\/span>\n\t\t\t\t\t<\/a>\n\t\t\t\t<\/div>\n\t\t\t\t\t\t\t\t<\/div>\n\t\t\t\t<\/div>\n\t\t\t\t\t<\/div>\n\t\t\t\t<\/div>\n\t\t\t\t<\/div>","protected":false},"excerpt":{"rendered":"<p>Ofte Demandata Se vi volas krei personigitaj \u015duoj? La procedo estas tre simpla \u2013 ni nur bezonas vian ideon a\u016d emblemon por dezegnado kaj fabrikado de viaj perfektaj \u015duoj. Navigu tra niaj ofte demandataj demandoj malsupre por lerni pli pri niaj servoj de personaligo. Se vi ne trovas kion vi ser\u0109as, bonvolu kontakti ni rekte! \u011cenerala Informo\u2026&nbsp;<a href=\"https:\/\/customsockmanufacturer.com\/eo\/resources\/faqs\/\" rel=\"bookmark\">Legu pli \u00bb<span class=\"screen-reader-text\">Foje demitaj Pergotitaj<\/span><\/a><\/p>","protected":false},"author":1,"featured_media":0,"parent":1796,"menu_order":0,"comment_status":"closed","ping_status":"closed","template":"page-templates\/template-pagebuilder-full-width.php","meta":{"_acf_changed":false,"neve_meta_sidebar":"","neve_meta_container":"","neve_meta_enable_content_width":"off","neve_meta_content_width":100,"neve_meta_title_alignment":"","neve_meta_author_avatar":"","neve_post_elements_order":"","neve_meta_disable_header":"","neve_meta_disable_footer":"","neve_meta_disable_title":"","footnotes":""},"class_list":["post-1812","page","type-page","status-publish","hentry"],"acf":[],"_links":{"self":[{"href":"https:\/\/customsockmanufacturer.com\/eo\/wp-json\/wp\/v2\/pages\/1812","targetHints":{"allow":["GET"]}}],"collection":[{"href":"https:\/\/customsockmanufacturer.com\/eo\/wp-json\/wp\/v2\/pages"}],"about":[{"href":"https:\/\/customsockmanufacturer.com\/eo\/wp-json\/wp\/v2\/types\/page"}],"author":[{"embeddable":true,"href":"https:\/\/customsockmanufacturer.com\/eo\/wp-json\/wp\/v2\/users\/1"}],"replies":[{"embeddable":true,"href":"https:\/\/customsockmanufacturer.com\/eo\/wp-json\/wp\/v2\/comments?post=1812"}],"version-history":[{"count":5,"href":"https:\/\/customsockmanufacturer.com\/eo\/wp-json\/wp\/v2\/pages\/1812\/revisions"}],"predecessor-version":[{"id":3141,"href":"https:\/\/customsockmanufacturer.com\/eo\/wp-json\/wp\/v2\/pages\/1812\/revisions\/3141"}],"up":[{"embeddable":true,"href":"https:\/\/customsockmanufacturer.com\/eo\/wp-json\/wp\/v2\/pages\/1796"}],"wp:attachment":[{"href":"https:\/\/customsockmanufacturer.com\/eo\/wp-json\/wp\/v2\/media?parent=1812"}],"curies":[{"name":"wp","href":"https:\/\/api.w.org\/{rel}","templated":true}]}}