{"id":1812,"date":"2024-06-06T01:51:21","date_gmt":"2024-06-06T01:51:21","guid":{"rendered":"https:\/\/customsockmanufacturer.com\/?page_id=1812"},"modified":"2025-05-29T15:04:40","modified_gmt":"2025-05-29T07:04:40","slug":"faqs","status":"publish","type":"page","link":"https:\/\/customsockmanufacturer.com\/de\/resources\/faqs\/","title":{"rendered":"H\u00e4ufig gestellte Fragen"},"content":{"rendered":"<div data-elementor-type=\"wp-page\" data-elementor-id=\"1812\" class=\"elementor elementor-1812\" data-elementor-post-type=\"page\">\n\t\t\t\t<div class=\"elementor-element elementor-element-efd3745 e-flex e-con-boxed e-con e-parent\" data-id=\"efd3745\" data-element_type=\"container\" data-e-type=\"container\">\n\t\t\t\t\t<div class=\"e-con-inner\">\n\t\t<div class=\"elementor-element elementor-element-922995b e-flex e-con-boxed e-con e-child\" data-id=\"922995b\" data-element_type=\"container\" data-e-type=\"container\">\n\t\t\t\t\t<div class=\"e-con-inner\">\n\t\t\t\t<div class=\"elementor-element elementor-element-30cf772 elementor-widget elementor-widget-heading\" data-id=\"30cf772\" data-element_type=\"widget\" data-e-type=\"widget\" data-widget_type=\"heading.default\">\n\t\t\t\t<div class=\"elementor-widget-container\">\n\t\t\t\t\t<h2 class=\"elementor-heading-title elementor-size-default\">H\u00e4ufig gestellte Fragen<\/h2>\t\t\t\t<\/div>\n\t\t\t\t<\/div>\n\t\t\t\t<div class=\"elementor-element elementor-element-d35ca5c elementor-widget elementor-widget-text-editor\" data-id=\"d35ca5c\" data-element_type=\"widget\" data-e-type=\"widget\" data-widget_type=\"text-editor.default\">\n\t\t\t\t<div class=\"elementor-widget-container\">\n\t\t\t\t\t\t\t\t\t<p>Auf der Suche nach ma\u00dfgefertigten Socken? Der Prozess ist unglaublich einfach \u2013 wir ben\u00f6tigen nur Ihre Idee oder Ihr Logo, um Ihre perfekten Socken zu entwerfen und herzustellen. Durchsuchen Sie unsere h\u00e4ufig gestellten Fragen unten, um mehr \u00fcber unsere Individualisierungsdienstleistungen zu erfahren. Wenn Sie nicht das finden, wonach Sie suchen, kontaktieren Sie uns bitte direkt!<\/p>\t\t\t\t\t\t\t\t<\/div>\n\t\t\t\t<\/div>\n\t\t\t\t\t<\/div>\n\t\t\t\t<\/div>\n\t\t<div class=\"elementor-element elementor-element-eaa3bc9 e-con-full e-flex e-con e-child\" data-id=\"eaa3bc9\" data-element_type=\"container\" data-e-type=\"container\">\n\t\t\t\t<div class=\"elementor-element elementor-element-f79173d elementor-widget elementor-widget-image\" data-id=\"f79173d\" data-element_type=\"widget\" data-e-type=\"widget\" data-widget_type=\"image.default\">\n\t\t\t\t<div class=\"elementor-widget-container\">\n\t\t\t\t\t\t\t\t\t\t\t\t\t\t\t<img fetchpriority=\"high\" decoding=\"async\" width=\"700\" height=\"467\" src=\"https:\/\/customsockmanufacturer.com\/wp-content\/uploads\/2024\/06\/Socks-display-shelf-min.webp\" class=\"attachment-large size-large wp-image-2138\" alt=\"\" srcset=\"https:\/\/customsockmanufacturer.com\/wp-content\/uploads\/2024\/06\/Socks-display-shelf-min.webp 700w, https:\/\/customsockmanufacturer.com\/wp-content\/uploads\/2024\/06\/Socks-display-shelf-min-300x200.webp 300w\" sizes=\"(max-width: 700px) 100vw, 700px\" \/>\t\t\t\t\t\t\t\t\t\t\t\t\t\t\t<\/div>\n\t\t\t\t<\/div>\n\t\t\t\t<\/div>\n\t\t\t\t\t<\/div>\n\t\t\t\t<\/div>\n\t\t<div class=\"elementor-element elementor-element-dcef87f e-flex e-con-boxed e-con e-parent\" data-id=\"dcef87f\" data-element_type=\"container\" data-e-type=\"container\" data-settings=\"{&quot;background_background&quot;:&quot;classic&quot;}\">\n\t\t\t\t\t<div class=\"e-con-inner\">\n\t\t\t\t<div class=\"elementor-element elementor-element-a686a39 elementor-widget elementor-widget-heading\" data-id=\"a686a39\" data-element_type=\"widget\" data-e-type=\"widget\" data-widget_type=\"heading.default\">\n\t\t\t\t<div class=\"elementor-widget-container\">\n\t\t\t\t\t<h2 class=\"elementor-heading-title elementor-size-default\">Allgemeine Informationen<\/h2>\t\t\t\t<\/div>\n\t\t\t\t<\/div>\n\t\t\t\t<div class=\"elementor-element elementor-element-599116b elementor-widget elementor-widget-text-editor\" data-id=\"599116b\" data-element_type=\"widget\" data-e-type=\"widget\" data-widget_type=\"text-editor.default\">\n\t\t\t\t<div class=\"elementor-widget-container\">\n\t\t\t\t\t\t\t\t\t<div id=\"brxe-mizdyp\" class=\"brxe-block\"><h5 class=\"brxe-heading\">Was ist CloudSocks?<\/h5><div class=\"brxe-text\"><p>CloudSocks ist eine Premium-Sockenproduktionsfirma, die sich auf ma\u00dfgefertigte Sockenentw\u00fcrfe und Produktion in China spezialisiert hat. Wir exportieren hochwertige ma\u00dfgefertigte Socken weltweit. Unsere ma\u00dfgefertigten Socken sind ideal f\u00fcr Einzelh\u00e4ndler, E-Commerce-Gesch\u00e4fte, Corporate-Geschenke, Markenpromotion und Merchandise f\u00fcr spezielle Veranstaltungen.<\/p><\/div><\/div><div id=\"brxe-rkpviy\" class=\"brxe-block\"><h5 class=\"brxe-heading\">Wo ist Ihr Gesch\u00e4ft located?<\/h5><div class=\"brxe-text\"><p>Unsere Produktionsst\u00e4tten befinden sich in der Stadt Zhuji, Provinz Zhejiang \u2013 bekannt als Chinas \u201eSocken-Hauptstadt\u201c aufgrund ihrer reichen Geschichte in der Textilproduktion.<\/p><\/div><\/div><div id=\"brxe-ixubug\" class=\"brxe-block\"><h5 class=\"brxe-heading\">Wie unterscheidet sich CloudSocks von Wettbewerbern?<\/h5><div class=\"brxe-text\"><p>Design, Produktion und ma\u00dfgefertigte Verpackung \u2013 einstufige Sockenindividualisierungsdienstleistung. Schneller Durchlauf und Beharrlichkeit auf die bequemsten Socken<\/p><\/div><\/div><div id=\"brxe-mzxfjc\" class=\"brxe-block\"><h5 class=\"brxe-heading\">Welche Art von Socken kann ich machen?<\/h5><div class=\"brxe-text\"><p>Wir machen gestrickte Socken und Jacquard-Socken in verschiedenen Farben. Mehr sehen\u00a0<a href=\"https:\/\/customsockmanufacturer.com\/de\/custom-socks\/#options-for-custom-socks\" target=\"_blank\" rel=\"noreferrer noopener\"><strong>Sockenoptionen<\/strong><\/a>.<\/p><\/div><\/div><div id=\"brxe-fkzyaz\" class=\"brxe-block\"><h5 class=\"brxe-heading\">Wie beginne ich mit der Anpassung von Socken?<\/h5><div class=\"brxe-text\"><p>Bitte f\u00fcllen Sie das Formular auf unserer\u00a0<a href=\"https:\/\/customsockmanufacturer.com\/de\/contact\/\" target=\"_blank\" rel=\"noreferrer noopener\"><strong>Kontaktseite aus<\/strong><\/a>oder senden Sie eine E-Mail an\u00a0<a href=\"mailto:ycct@outlook.com\">ycct@outlook.com<\/a><\/p><\/div><\/div><div id=\"brxe-nscash\" class=\"brxe-block\"><h5 class=\"brxe-heading\">Kann ich vor der Bestellung Sockenmuster erhalten?<\/h5><div class=\"brxe-text\"><p>Absolut! Wir bieten kostenlose Sockenmuster (Versandkosten gelten). Wir senden Ihnen die spezifischen Stile und Farben, die Sie interessieren.<\/p><\/div><\/div><div id=\"brxe-dkqcbu\" class=\"brxe-block\"><h5 class=\"brxe-heading\">Welche Arten von Socken kann die Fabrik herstellen?<\/h5><div class=\"brxe-text\"><p>Unsere Fabrik kann fast alle g\u00e4ngigen Sockentypen herstellen, einschlie\u00dflich: <a href=\"https:\/\/customsockmanufacturer.com\/de\/custom-logo-socks\/\" target=\"_blank\" rel=\"noreferrer noopener\">Individuelle Logo-Socken<\/a>,\u00a0<a href=\"https:\/\/customsockmanufacturer.com\/de\/custom-baseball-stirrup-socks\/\" target=\"_blank\" rel=\"noreferrer noopener\">Ma\u00dfgefertigte Baseballsocken<\/a>,\u00a0<a href=\"https:\/\/customsockmanufacturer.com\/de\/custom-dress-socks\/\" target=\"_blank\" rel=\"noreferrer noopener\">Personalisierte Dress-Socken<\/a>\u2026 und vieles mehr. Wenn Sie einen bestimmten Sockenstil im Kopf haben, kontaktieren Sie uns bitte, um Ihre Individualisierungsanforderungen zu besprechen.<\/p><\/div><\/div>\t\t\t\t\t\t\t\t<\/div>\n\t\t\t\t<\/div>\n\t\t\t\t<div class=\"elementor-element elementor-element-3b8f3ad elementor-widget elementor-widget-text-editor\" data-id=\"3b8f3ad\" data-element_type=\"widget\" data-e-type=\"widget\" data-widget_type=\"text-editor.default\">\n\t\t\t\t<div class=\"elementor-widget-container\">\n\t\t\t\t\t\t\t\t\t<h2 id=\"brxe-fkoppt\" class=\"brxe-heading\">Bestellinformationen<\/h2><div id=\"brxe-pxbgze\" class=\"brxe-block\"><h5 class=\"brxe-heading\">Was ist die Mindestbestellmenge (MOQ) f\u00fcr ma\u00dfgefertigte Socken?<\/h5><div class=\"brxe-text\"><p>Die meisten unserer Sockenstile haben keine Mindestbestellanforderung. Klicken Sie hier, um Sockentypen ohne Mindestbestellmenge anzuzeigen. Einige spezielle Socken (rutschfeste Gummisocken, Elite-Socken, flauschige Socken, F\u00fcnf-Zehen-Socken usw.) erfordern Mindestbestellungen von 500-1000 Paaren.<\/p><\/div><\/div><div id=\"brxe-omflmf\" class=\"brxe-block\"><h5>Welche Gr\u00f6\u00dfen bieten Sie f\u00fcr ma\u00dfgefertigte Socken an?<\/h5><p>Wir k\u00f6nnen Socken f\u00fcr alle Fu\u00dfgr\u00f6\u00dfen herstellen. Wir bieten auch vielseitige \u201eONE SIZE\u201c-Optionen an, die den meisten Erwachsenenf\u00fc\u00dfen bequem passen \u2013 perfekt f\u00fcr Logosocken, Baumwollsocken und markengestaltete Stile.<\/p><h5>Bieten Sie ma\u00dfgefertigte Sockenverpackung an?<\/h5><p>Ja! Wir bieten umfassende Sockenverpackungsdesign- und Produktionsdienste an, die sofort verkaufsf\u00e4hige Produkte liefern. Optionen reichen von kostenlosen grundlegenden Verpackungen bis hin zu aufwendigen ma\u00dfgefertigten Verpackungsl\u00f6sungen.<\/p><h5>Welche Sockenl\u00e4ngen sind erh\u00e4ltlich?<\/h5><p>W\u00e4hlen Sie aus unserem kompletten Sortiment: unsichtbare Socken, Kn\u00f6chelsocken, Kniehochsocken, Wadensocken, Knielanges, Kniehohe und Beinlang.<\/p><h5>Welche Materialien verwenden Sie f\u00fcr die Sockenproduktion?<\/h5><p>Wir verwenden haupts\u00e4chlich hochwertige Baumwolle f\u00fcr unsere gestrickten Socken. Basierend auf Ihren spezifischen Anforderungen arbeiten wir auch mit Materialien wie Nylon, Bambusfaser und anderen spezialisierten Textilien.<\/p><\/div>\t\t\t\t\t\t\t\t<\/div>\n\t\t\t\t<\/div>\n\t\t\t\t<div class=\"elementor-element elementor-element-a6dac2f elementor-widget elementor-widget-text-editor\" data-id=\"a6dac2f\" data-element_type=\"widget\" data-e-type=\"widget\" data-widget_type=\"text-editor.default\">\n\t\t\t\t<div class=\"elementor-widget-container\">\n\t\t\t\t\t\t\t\t\t<h2 id=\"brxe-mbiuzg\" class=\"brxe-heading\">Designprozess<\/h2><div id=\"brxe-wcsnnl\" class=\"brxe-block\"><h5 class=\"brxe-heading\">Ist das Design von Socken kostenlos?<\/h5><div class=\"brxe-text\"><p>Ja, f\u00fcr alle Kunden ist das Design kostenlos, wir haben dedizierte Designer, die Kunden unterst\u00fctzen.<\/p><\/div><\/div><div id=\"brxe-jyqzww\" class=\"brxe-block\"><h5 class=\"brxe-heading\">Wie lange kann ich das Sockendesign erhalten?<\/h5><div class=\"brxe-text\"><p>Wir liefern typischerweise Sockendesignkonzepte innerhalb von 1-3 Tagen. W\u00e4hrend der Gesch\u00e4ftszeiten k\u00f6nnen wir oft innerhalb weniger Stunden Designs liefern.<\/p><\/div><\/div><div id=\"brxe-gzjzic\" class=\"brxe-block\"><h5 class=\"brxe-heading\">Kann ich Ihnen mein eigenes Design senden?<\/h5><div class=\"brxe-text\"><p>Ja, Wir akzeptieren Designdateien in jedem Format. Wir empfehlen, dass Sie unser <strong><a href=\"https:\/\/customsockmanufacturer.com\/de\/socks-mockup-download\/\" target=\"_blank\" rel=\"noreferrer noopener\">Sockendesign-Vorlagen verwenden<\/a><\/strong>\u00a0das Design zu beschleunigen.<\/p><\/div><\/div><div id=\"brxe-uqcawc\" class=\"brxe-block\"><h5 class=\"brxe-heading\">Gibt es eine Obergrenze f\u00fcr die Anzahl der Farben im Sockendesign?<\/h5><div class=\"brxe-text\"><p>Ja, es gibt eine Obergrenze f\u00fcr die Anzahl der Farben. Im Allgemeinen kann ein einfaches Design maximal 8 Farben verwenden, und ein komplexes Design maximal 5 Farben. Dies ist jedoch nicht sicher.\u00a0<strong><a href=\"https:\/\/customsockmanufacturer.com\/de\/contact\/\" target=\"_blank\" rel=\"noreferrer noopener\">Senden Sie Ihr Design an unser Team<\/a><\/strong>\u00a0um zu sehen, ob wir Ihnen helfen k\u00f6nnen. und Designunterst\u00fctzung ist kostenlos!<\/p><\/div><\/div><div id=\"brxe-azzypg\" class=\"brxe-block\"><h5 class=\"brxe-heading\">K\u00f6nnen Sie Socken mit verschiedenen Designs f\u00fcr linke und rechte F\u00fc\u00dfe erstellen?<\/h5><div class=\"brxe-text\"><p>Ja! Wir k\u00f6nnen Mismatch-Paare mit einzigartigen Designs f\u00fcr linke und rechte Socken herstellen.<\/p><\/div><\/div><div id=\"brxe-xnnlxx\" class=\"brxe-block\"><h5 class=\"brxe-heading\">Ich habe keine Idee, wie ich Socken entwerfen soll, kann ich Hilfe bekommen?<\/h5><div class=\"brxe-text\"><p>Kein Problem! Unser erfahrener Designteam kann Sockendesigns perfekt auf Ihre Marke oder Ihr Unternehmen abstimmen. Wir bieten kostenlose Designleistungen und unlimitierte \u00dcberarbeitungen, bis Sie vollst\u00e4ndig zufrieden sind.<\/p><\/div><\/div>\t\t\t\t\t\t\t\t<\/div>\n\t\t\t\t<\/div>\n\t\t\t\t<div class=\"elementor-element elementor-element-53b4ad8 elementor-widget elementor-widget-text-editor\" data-id=\"53b4ad8\" data-element_type=\"widget\" data-e-type=\"widget\" data-widget_type=\"text-editor.default\">\n\t\t\t\t<div class=\"elementor-widget-container\">\n\t\t\t\t\t\t\t\t\t<h2 id=\"brxe-gnvhki\" class=\"brxe-heading\">Produktion und Versand<\/h2><div id=\"brxe-nswowm\" class=\"brxe-block\"><h5 class=\"brxe-heading\">Wie lange dauert die Lieferzeit f\u00fcr ma\u00dfgefertigte Socken?<\/h5><div class=\"brxe-text\"><p>Unsere Standardproduktionszeit betr\u00e4gt 10-15 Arbeitstage, plus Versandzeit. Wir k\u00f6nnen auch Ihre Bestellung kostenlos beschleunigen. Wir sind auch f\u00fcr Eilbestellungen kostenlos.<\/p><\/div><\/div><div id=\"brxe-uhrnvg\" class=\"brxe-block\"><h5 class=\"brxe-heading\">K\u00f6nnen Sie Eilbestellungen annehmen?<\/h5><div class=\"brxe-text\"><p>Ja, wir erstellen Eilbestellungen kostenlos, bitte kontaktieren Sie uns jetzt, um sicherzustellen, dass wir sie so schnell wie m\u00f6glich f\u00fcr Sie produzieren k\u00f6nnen.<\/p><\/div><\/div><div id=\"brxe-myixcc\" class=\"brxe-block\"><h5 class=\"brxe-heading\">Wo werden die Socken hergestellt und versendet?<\/h5><div class=\"brxe-text\"><p>Socken werden in unserer eigenen Fabrik in der Stadt Zhuji, China hergestellt und der Versand erfolgt in der Regel \u00fcber den Hafen Ningbo.<\/p><\/div><\/div><div id=\"brxe-oanwnu\" class=\"brxe-block\"><h5 class=\"brxe-heading\">K\u00f6nnen die Socken international versendet werden?<\/h5><div class=\"brxe-text\"><p>Ja, unsere Socken werden weltweit verschickt. Allerdings gibt es in verschiedenen Regionen unterschiedliche Bestimmungen, und es k\u00f6nnen zus\u00e4tzliche Steuern oder Geb\u00fchren anfallen.<\/p><\/div><\/div><div id=\"brxe-yarzrr\" class=\"brxe-block\"><h5 class=\"brxe-heading\">K\u00f6nnen ich den Versand der Sockenbestellungen verfolgen?<\/h5><div class=\"brxe-text\"><p>Nachdem die Lieferung erfolgt ist, werden wir Ihnen die Informationen zum Verfolgungscode per E-Mail senden.<\/p><\/div><\/div>\t\t\t\t\t\t\t\t<\/div>\n\t\t\t\t<\/div>\n\t\t\t\t<div class=\"elementor-element elementor-element-b4e56e8 elementor-widget elementor-widget-text-editor\" data-id=\"b4e56e8\" data-element_type=\"widget\" data-e-type=\"widget\" data-widget_type=\"text-editor.default\">\n\t\t\t\t<div class=\"elementor-widget-container\">\n\t\t\t\t\t\t\t\t\t<h2 id=\"brxe-errtwg\" class=\"brxe-heading\">Preisinformationen<\/h2><div id=\"brxe-awluus\" class=\"brxe-block\"><h5 class=\"brxe-heading\">Was ist der Preis der Socken?<\/h5><div class=\"brxe-text\"><p>Der Preis h\u00e4ngt von der Menge der Sockenbestellung ab, normalerweise desto gr\u00f6\u00dfer die Menge, desto h\u00f6her der Rabatt. Wir k\u00f6nnen hier keine spezifische Preise angeben, bitte kontaktieren Sie unser\u00a0<strong><a href=\"https:\/\/customsockmanufacturer.com\/de\/contact\/\" target=\"_blank\" rel=\"noreferrer noopener\">Vertriebsteam<\/a><\/strong>\u00a0f\u00fcr den genauen Preis.<\/p><\/div><\/div><div id=\"brxe-wdylxo\" class=\"brxe-block\"><h5 class=\"brxe-heading\">Gibt es zus\u00e4tzliche Geb\u00fchren?<\/h5><div class=\"brxe-text\"><p>Es gibt keine zus\u00e4tzlichen Geb\u00fchren, keine Einrichtungsgeb\u00fchren und keine Eilgeb\u00fchren.<\/p><\/div><\/div><div id=\"brxe-djoysf\" class=\"brxe-block\"><h5 class=\"brxe-heading\">Welche Zahlungsarten akzeptieren Sie?<\/h5><div class=\"brxe-text\"><p>Wir akzeptieren Kreditkarten, PayPal und Bank\u00fcberweisungen (T\/T) f\u00fcr Ihre Bequemlichkeit.<\/p><\/div><\/div>\t\t\t\t\t\t\t\t<\/div>\n\t\t\t\t<\/div>\n\t\t\t\t\t<\/div>\n\t\t\t\t<\/div>\n\t\t<div class=\"elementor-element elementor-element-02f3d74 e-flex e-con-boxed e-con e-parent\" data-id=\"02f3d74\" data-element_type=\"container\" data-e-type=\"container\">\n\t\t\t\t\t<div class=\"e-con-inner\">\n\t\t\t\t<div class=\"elementor-element elementor-element-a05c0e7 elementor-widget elementor-widget-heading\" data-id=\"a05c0e7\" data-element_type=\"widget\" data-e-type=\"widget\" data-widget_type=\"heading.default\">\n\t\t\t\t<div class=\"elementor-widget-container\">\n\t\t\t\t\t<h2 class=\"elementor-heading-title elementor-size-default\">Haben Sie noch Fragen?<\/h2>\t\t\t\t<\/div>\n\t\t\t\t<\/div>\n\t\t\t\t<div class=\"elementor-element elementor-element-4ecdc5d elementor-widget elementor-widget-heading\" data-id=\"4ecdc5d\" data-element_type=\"widget\" data-e-type=\"widget\" data-widget_type=\"heading.default\">\n\t\t\t\t<div class=\"elementor-widget-container\">\n\t\t\t\t\t<span class=\"elementor-heading-title elementor-size-default\">Unser Support-Team kann Ihnen alle Fragen beantworten, die Sie \u00fcber ma\u00dfgefertigte Socken haben k\u00f6nnten.\n<\/span>\t\t\t\t<\/div>\n\t\t\t\t<\/div>\n\t\t\t\t<div class=\"elementor-element elementor-element-570ebf7 elementor-align-center elementor-widget elementor-widget-button\" data-id=\"570ebf7\" data-element_type=\"widget\" data-e-type=\"widget\" data-widget_type=\"button.default\">\n\t\t\t\t<div class=\"elementor-widget-container\">\n\t\t\t\t\t\t\t\t\t<div class=\"elementor-button-wrapper\">\n\t\t\t\t\t<a class=\"elementor-button elementor-button-link elementor-size-sm\" href=\"https:\/\/customsockmanufacturer.com\/de\/contact\/\">\n\t\t\t\t\t\t<span class=\"elementor-button-content-wrapper\">\n\t\t\t\t\t\t\t\t\t<span class=\"elementor-button-text\">Kontaktieren Sie uns<\/span>\n\t\t\t\t\t<\/span>\n\t\t\t\t\t<\/a>\n\t\t\t\t<\/div>\n\t\t\t\t\t\t\t\t<\/div>\n\t\t\t\t<\/div>\n\t\t\t\t\t<\/div>\n\t\t\t\t<\/div>\n\t\t\t\t<\/div>","protected":false},"excerpt":{"rendered":"<p>H\u00e4ufig gestellte Fragen M\u00f6chten Sie ma\u00dfgeschneiderte Socken erstellen? Der Prozess ist au\u00dfergew\u00f6hnlich einfach \u2013 wir ben\u00f6tigen nur Ihre Idee oder Ihr Logo, um Ihre perfekten Socken zu entwerfen und herzustellen. Sehen Sie sich unsere h\u00e4ufig gestellten Fragen unten an, um mehr \u00fcber unsere individualisierten Dienstleistungen zu erfahren. Wenn Sie nicht das finden, wonach Sie suchen, kontaktieren Sie uns bitte direkt! Allgemeine Informationen\u2026&nbsp;<a href=\"https:\/\/customsockmanufacturer.com\/de\/resources\/faqs\/\" rel=\"bookmark\">Mehr lesen &gt;&gt;<span class=\"screen-reader-text\">H\u00e4ufig gestellte Fragen<\/span><\/a><\/p>","protected":false},"author":1,"featured_media":0,"parent":1796,"menu_order":0,"comment_status":"closed","ping_status":"closed","template":"page-templates\/template-pagebuilder-full-width.php","meta":{"_acf_changed":false,"neve_meta_sidebar":"","neve_meta_container":"","neve_meta_enable_content_width":"off","neve_meta_content_width":100,"neve_meta_title_alignment":"","neve_meta_author_avatar":"","neve_post_elements_order":"","neve_meta_disable_header":"","neve_meta_disable_footer":"","neve_meta_disable_title":"","footnotes":""},"class_list":["post-1812","page","type-page","status-publish","hentry"],"acf":[],"_links":{"self":[{"href":"https:\/\/customsockmanufacturer.com\/de\/wp-json\/wp\/v2\/pages\/1812","targetHints":{"allow":["GET"]}}],"collection":[{"href":"https:\/\/customsockmanufacturer.com\/de\/wp-json\/wp\/v2\/pages"}],"about":[{"href":"https:\/\/customsockmanufacturer.com\/de\/wp-json\/wp\/v2\/types\/page"}],"author":[{"embeddable":true,"href":"https:\/\/customsockmanufacturer.com\/de\/wp-json\/wp\/v2\/users\/1"}],"replies":[{"embeddable":true,"href":"https:\/\/customsockmanufacturer.com\/de\/wp-json\/wp\/v2\/comments?post=1812"}],"version-history":[{"count":5,"href":"https:\/\/customsockmanufacturer.com\/de\/wp-json\/wp\/v2\/pages\/1812\/revisions"}],"predecessor-version":[{"id":3141,"href":"https:\/\/customsockmanufacturer.com\/de\/wp-json\/wp\/v2\/pages\/1812\/revisions\/3141"}],"up":[{"embeddable":true,"href":"https:\/\/customsockmanufacturer.com\/de\/wp-json\/wp\/v2\/pages\/1796"}],"wp:attachment":[{"href":"https:\/\/customsockmanufacturer.com\/de\/wp-json\/wp\/v2\/media?parent=1812"}],"curies":[{"name":"wp","href":"https:\/\/api.w.org\/{rel}","templated":true}]}}