{"id":1812,"date":"2024-06-06T01:51:21","date_gmt":"2024-06-06T01:51:21","guid":{"rendered":"https:\/\/customsockmanufacturer.com\/?page_id=1812"},"modified":"2025-05-29T15:04:40","modified_gmt":"2025-05-29T07:04:40","slug":"faqs","status":"publish","type":"page","link":"https:\/\/customsockmanufacturer.com\/cs\/resources\/faqs\/","title":{"rendered":"\u010casto kladen\u00e9 ot\u00e1zky"},"content":{"rendered":"<div data-elementor-type=\"wp-page\" data-elementor-id=\"1812\" class=\"elementor elementor-1812\" data-elementor-post-type=\"page\">\n\t\t\t\t<div class=\"elementor-element elementor-element-efd3745 e-flex e-con-boxed e-con e-parent\" data-id=\"efd3745\" data-element_type=\"container\" data-e-type=\"container\">\n\t\t\t\t\t<div class=\"e-con-inner\">\n\t\t<div class=\"elementor-element elementor-element-922995b e-flex e-con-boxed e-con e-child\" data-id=\"922995b\" data-element_type=\"container\" data-e-type=\"container\">\n\t\t\t\t\t<div class=\"e-con-inner\">\n\t\t\t\t<div class=\"elementor-element elementor-element-30cf772 elementor-widget elementor-widget-heading\" data-id=\"30cf772\" data-element_type=\"widget\" data-e-type=\"widget\" data-widget_type=\"heading.default\">\n\t\t\t\t<div class=\"elementor-widget-container\">\n\t\t\t\t\t<h2 class=\"elementor-heading-title elementor-size-default\">Frequently Asked Questions<\/h2>\t\t\t\t<\/div>\n\t\t\t\t<\/div>\n\t\t\t\t<div class=\"elementor-element elementor-element-d35ca5c elementor-widget elementor-widget-text-editor\" data-id=\"d35ca5c\" data-element_type=\"widget\" data-e-type=\"widget\" data-widget_type=\"text-editor.default\">\n\t\t\t\t<div class=\"elementor-widget-container\">\n\t\t\t\t\t\t\t\t\t<p>1. Hled\u00e1te vytvo\u0159en\u00ed vlastn\u00edch pono\u017eek? Proces je neuv\u011b\u0159iteln\u011b jednoduch\u00fd \u2013 pot\u0159ebujeme jen v\u00e1\u0161 n\u00e1pad nebo logo, abychom navrhli a vyrobili va\u0161e dokonal\u00e9 pono\u017eky. Pro v\u00edce informac\u00ed o na\u0161ich slu\u017eb\u00e1ch p\u0159izp\u016fsoben\u00ed si prohl\u00e9dn\u011bte n\u00ed\u017ee \u010dasto kladen\u00e9 ot\u00e1zky. Pokud nenajdete to, co hled\u00e1te, kontaktujte n\u00e1s p\u0159\u00edmo!<\/p>\t\t\t\t\t\t\t\t<\/div>\n\t\t\t\t<\/div>\n\t\t\t\t\t<\/div>\n\t\t\t\t<\/div>\n\t\t<div class=\"elementor-element elementor-element-eaa3bc9 e-con-full e-flex e-con e-child\" data-id=\"eaa3bc9\" data-element_type=\"container\" data-e-type=\"container\">\n\t\t\t\t<div class=\"elementor-element elementor-element-f79173d elementor-widget elementor-widget-image\" data-id=\"f79173d\" data-element_type=\"widget\" data-e-type=\"widget\" data-widget_type=\"image.default\">\n\t\t\t\t<div class=\"elementor-widget-container\">\n\t\t\t\t\t\t\t\t\t\t\t\t\t\t\t<img fetchpriority=\"high\" decoding=\"async\" width=\"700\" height=\"467\" src=\"https:\/\/customsockmanufacturer.com\/wp-content\/uploads\/2024\/06\/Socks-display-shelf-min.webp\" class=\"attachment-large size-large wp-image-2138\" alt=\"\" srcset=\"https:\/\/customsockmanufacturer.com\/wp-content\/uploads\/2024\/06\/Socks-display-shelf-min.webp 700w, https:\/\/customsockmanufacturer.com\/wp-content\/uploads\/2024\/06\/Socks-display-shelf-min-300x200.webp 300w\" sizes=\"(max-width: 700px) 100vw, 700px\" \/>\t\t\t\t\t\t\t\t\t\t\t\t\t\t\t<\/div>\n\t\t\t\t<\/div>\n\t\t\t\t<\/div>\n\t\t\t\t\t<\/div>\n\t\t\t\t<\/div>\n\t\t<div class=\"elementor-element elementor-element-dcef87f e-flex e-con-boxed e-con e-parent\" data-id=\"dcef87f\" data-element_type=\"container\" data-e-type=\"container\" data-settings=\"{&quot;background_background&quot;:&quot;classic&quot;}\">\n\t\t\t\t\t<div class=\"e-con-inner\">\n\t\t\t\t<div class=\"elementor-element elementor-element-a686a39 elementor-widget elementor-widget-heading\" data-id=\"a686a39\" data-element_type=\"widget\" data-e-type=\"widget\" data-widget_type=\"heading.default\">\n\t\t\t\t<div class=\"elementor-widget-container\">\n\t\t\t\t\t<h2 class=\"elementor-heading-title elementor-size-default\">2. Obecn\u00e9 informace<\/h2>\t\t\t\t<\/div>\n\t\t\t\t<\/div>\n\t\t\t\t<div class=\"elementor-element elementor-element-599116b elementor-widget elementor-widget-text-editor\" data-id=\"599116b\" data-element_type=\"widget\" data-e-type=\"widget\" data-widget_type=\"text-editor.default\">\n\t\t\t\t<div class=\"elementor-widget-container\">\n\t\t\t\t\t\t\t\t\t<div id=\"brxe-mizdyp\" class=\"brxe-block\"><h5 class=\"brxe-heading\">3. Co je CloudSocks?<\/h5><div class=\"brxe-text\"><p>4. CloudSocks je premium tov\u00e1rna na v\u00fdrobu pono\u017eek specializuj\u00edc\u00ed se na p\u0159izp\u016fsoben\u00fd n\u00e1vrh a v\u00fdrobu pono\u017eek v \u010c\u00edn\u011b. Vyr\u00e1b\u00edme vysokou kvalitu p\u0159izp\u016fsoben\u00fdch pono\u017eek po cel\u00e9m sv\u011bt\u011b. Na\u0161e p\u0159izp\u016fsoben\u00e9 pono\u017eky jsou ide\u00e1ln\u00ed pro maloobchod, e-commerce podniky, firemn\u00ed d\u00e1rky, zna\u010dkov\u00e9 propagace a zbo\u017e\u00ed pro speci\u00e1ln\u00ed akce.<\/p><\/div><\/div><div id=\"brxe-rkpviy\" class=\"brxe-block\"><h5 class=\"brxe-heading\">Kde je um\u00edst\u011bna va\u0161e firma?<\/h5><div class=\"brxe-text\"><p>5. Na\u0161e v\u00fdrobn\u00ed za\u0159\u00edzen\u00ed se nach\u00e1z\u00ed ve m\u011bst\u011b Zhuji v provincii Zhejiang \u2013 zn\u00e1m\u00e9m jako \u010c\u00edny \u201cPono\u017ekov\u00e1 hlavn\u00ed m\u011bsto\u201d kv\u016fli jeho bohat\u00e9 historii textiln\u00ed v\u00fdroby.<\/p><\/div><\/div><div id=\"brxe-ixubug\" class=\"brxe-block\"><h5 class=\"brxe-heading\">6. Jak se CloudSocks li\u0161\u00ed od konkurence?<\/h5><div class=\"brxe-text\"><p>N\u00e1vrh, v\u00fdroba a individualizovan\u00e9 balen\u00ed jako jednotn\u00fd slu\u017eby na individualizaci pono\u017eek. Rychl\u00fd \u010das ob\u011bhnut\u00ed a trv\u00e1me na tom, abychom vyrobili nejkomfortn\u011bj\u0161\u00ed pono\u017eky.<\/p><\/div><\/div><div id=\"brxe-mzxfjc\" class=\"brxe-block\"><h5 class=\"brxe-heading\">Jak\u00e9 typy pono\u017eek mohu vyrobit?<\/h5><div class=\"brxe-text\"><p>Vyr\u00e1b\u00edme pleten\u00e9 pono\u017eky a brok\u00e1tov\u00e9 pono\u017eky v r\u016fzn\u00fdch barv\u00e1ch. V\u00edce zde\u00a0<a href=\"https:\/\/customsockmanufacturer.com\/cs\/custom-socks\/#options-for-custom-socks\" target=\"_blank\" rel=\"noreferrer noopener\"><strong>mo\u017enosti pono\u017eek<\/strong><\/a>.<\/p><\/div><\/div><div id=\"brxe-fkzyaz\" class=\"brxe-block\"><h5 class=\"brxe-heading\">Jak za\u010d\u00edt s individualizac\u00ed pono\u017eek?<\/h5><div class=\"brxe-text\"><p>Pros\u00edm vypl\u0148te formul\u00e1\u0159 na na\u0161\u00ed\u00a0<a href=\"https:\/\/customsockmanufacturer.com\/cs\/contact\/\" target=\"_blank\" rel=\"noreferrer noopener\"><strong>kontaktn\u00ed str\u00e1nce<\/strong><\/a>7. nebo za\u0161lete e-mail na\u00a0<a href=\"mailto:ycct@outlook.com\">ycct@outlook.com<\/a><\/p><\/div><\/div><div id=\"brxe-nscash\" class=\"brxe-block\"><h5 class=\"brxe-heading\">8. M\u016f\u017eu dostat vzorky pono\u017eek p\u0159ed objedn\u00e1vkou?<\/h5><div class=\"brxe-text\"><p>9. Rozhodn\u011b! Poskytujeme zdarma vzorky pono\u017eek (dodac\u00ed n\u00e1klady se vztahuj\u00ed). Odesleme v\u00e1m konkr\u00e9tn\u00ed st\u0159ihy a barvy, kter\u00e9 v\u00e1s zaj\u00edmaj\u00ed.<\/p><\/div><\/div><div id=\"brxe-dkqcbu\" class=\"brxe-block\"><h5 class=\"brxe-heading\">Jak\u00e9 typy pono\u017eek m\u016f\u017ee tov\u00e1rna vyrobit?<\/h5><div class=\"brxe-text\"><p>10. Na\u0161e tov\u00e1rna m\u016f\u017ee vyrobit t\u00e9m\u011b\u0159 v\u0161echny b\u011b\u017en\u00e9 typy pono\u017eek, v\u010detn\u011b: <a href=\"https:\/\/customsockmanufacturer.com\/cs\/custom-logo-socks\/\" target=\"_blank\" rel=\"noreferrer noopener\">Custom Logo Socks<\/a>,\u00a0<a href=\"https:\/\/customsockmanufacturer.com\/cs\/custom-baseball-stirrup-socks\/\" target=\"_blank\" rel=\"noreferrer noopener\">Individu\u00e1ln\u00ed baseballov\u00e9 pono\u017eky<\/a>,\u00a0<a href=\"https:\/\/customsockmanufacturer.com\/cs\/custom-dress-socks\/\" target=\"_blank\" rel=\"noreferrer noopener\">V\u00fdrobn\u00ed pono\u017eky na zak\u00e1zku<\/a>11. \u2026 a mnoha dal\u0161\u00edch. Pokud m\u00e1te na mysli konkr\u00e9tn\u00ed st\u0159ih pono\u017eek, kontaktujte n\u00e1s, abychom diskutovali va\u0161e pot\u0159eby p\u0159izp\u016fsoben\u00ed.<\/p><\/div><\/div>\t\t\t\t\t\t\t\t<\/div>\n\t\t\t\t<\/div>\n\t\t\t\t<div class=\"elementor-element elementor-element-3b8f3ad elementor-widget elementor-widget-text-editor\" data-id=\"3b8f3ad\" data-element_type=\"widget\" data-e-type=\"widget\" data-widget_type=\"text-editor.default\">\n\t\t\t\t<div class=\"elementor-widget-container\">\n\t\t\t\t\t\t\t\t\t<h2 id=\"brxe-fkoppt\" class=\"brxe-heading\">12. Informace o objedn\u00e1vce<\/h2><div id=\"brxe-pxbgze\" class=\"brxe-block\"><h5 class=\"brxe-heading\">13. Jak\u00fd je minim\u00e1ln\u00ed mno\u017estv\u00ed objedn\u00e1vky (MOQ) pro p\u0159izp\u016fsoben\u00e9 pono\u017eky?<\/h5><div class=\"brxe-text\"><p>14. V\u011bt\u0161ina na\u0161ich st\u0159ih\u016f pono\u017eek nem\u00e1 \u017e\u00e1dnou minim\u00e1ln\u00ed objedn\u00e1vkovou po\u017eadavky. Klikn\u011bte zde, abyste si prohl\u00e9dli st\u0159ihy pono\u017eek bez minim\u00e1ln\u00ed objedn\u00e1vky. N\u011bkter\u00e9 speci\u00e1ln\u00ed pono\u017eky (neklouzav\u00e9 gumov\u00e9 pono\u017eky, elitn\u00ed pono\u017eky, pl\u00e1tnov\u00e9 pono\u017eky, pono\u017eky s p\u011bti prsty atd.) vy\u017eaduj\u00ed minim\u00e1ln\u00ed objedn\u00e1vky 500-1000 p\u00e1r\u016f.<\/p><\/div><\/div><div id=\"brxe-omflmf\" class=\"brxe-block\"><h5>15. Jak\u00e9 velikosti nab\u00edz\u00edte pro p\u0159izp\u016fsoben\u00e9 pono\u017eky?<\/h5><p>16. M\u016f\u017eeme vyrobit pono\u017eky pro v\u0161echny velikosti nohou. Nab\u00edz\u00edme tak\u00e9 univerz\u00e1ln\u00ed mo\u017enosti \u201cJEDNA VELIKOST\u201d, kter\u00e9 pohodln\u011b padnou v\u011bt\u0161in\u011b dosp\u011bl\u00fdch nohou \u2013 ide\u00e1ln\u00ed pro logotypov\u00e9 pono\u017eky, bavln\u011bn\u00e9 pono\u017eky a zna\u010dkov\u00e9 st\u0159ihy.<\/p><h5>17. Nab\u00edz\u00edte p\u0159izp\u016fsoben\u00e9 balen\u00ed pono\u017eek?<\/h5><p>18. Ano! Poskytujeme komplexn\u00ed n\u00e1vrh a v\u00fdrobu balen\u00ed pono\u017eek, dod\u00e1v\u00e1me hotov\u00e9 produkty pro maloobchod. Mo\u017enosti se pohybuj\u00ed od z\u00e1kladn\u00edho balen\u00ed zdarma a\u017e po rozs\u00e1hl\u00e9 p\u0159izp\u016fsoben\u00e9 bal\u00edc\u00ed \u0159e\u0161en\u00ed.<\/p><h5>19. Jak\u00e9 d\u00e9lky pono\u017eek jsou dostupn\u00e9?<\/h5><p>20. Vyberte si z na\u0161eho kompletn\u00edho sortimentu: neviditeln\u00e9 pono\u017eky, kotn\u00edkov\u00e9 pono\u017eky, kalhotov\u00e9 pono\u017eky, polokalhotov\u00e9 pono\u017eky, doln\u00ed l\u00fdtkov\u00e9 pono\u017eky, kalhotov\u00e9 pono\u017eky a nohavice.<\/p><h5>21. Jak\u00e9 materi\u00e1ly pou\u017e\u00edv\u00e1te pro v\u00fdrobu pono\u017eek?<\/h5><p>22. P\u0159edev\u0161\u00edm pou\u017e\u00edv\u00e1me kvalitn\u00ed bavlnu pro na\u0161e pleten\u00e9 pono\u017eky. Na z\u00e1klad\u011b va\u0161ich specifick\u00fdch po\u017eadavk\u016f spolupracujeme tak\u00e9 s materi\u00e1ly jako nylon, bambusov\u00e1<\/p><\/div>\t\t\t\t\t\t\t\t<\/div>\n\t\t\t\t<\/div>\n\t\t\t\t<div class=\"elementor-element elementor-element-a6dac2f elementor-widget elementor-widget-text-editor\" data-id=\"a6dac2f\" data-element_type=\"widget\" data-e-type=\"widget\" data-widget_type=\"text-editor.default\">\n\t\t\t\t<div class=\"elementor-widget-container\">\n\t\t\t\t\t\t\t\t\t<h2 id=\"brxe-mbiuzg\" class=\"brxe-heading\">Design Process<\/h2><div id=\"brxe-wcsnnl\" class=\"brxe-block\"><h5 class=\"brxe-heading\">Socks design is free?<\/h5><div class=\"brxe-text\"><p>Yes, for all customers, design is free, we have dedicated designers to help customers.<\/p><\/div><\/div><div id=\"brxe-jyqzww\" class=\"brxe-block\"><h5 class=\"brxe-heading\">How long can I get sock design?<\/h5><div class=\"brxe-text\"><p>We typically deliver sock design concepts within 1-3 days. During business hours, we can often provide designs within just a few hours.<\/p><\/div><\/div><div id=\"brxe-gzjzic\" class=\"brxe-block\"><h5 class=\"brxe-heading\">Can I send you my own design?<\/h5><div class=\"brxe-text\"><p>Yes, We accept design files in any format. We recommend that you use our <strong><a href=\"https:\/\/customsockmanufacturer.com\/cs\/socks-mockup-download\/\" target=\"_blank\" rel=\"noreferrer noopener\">sock design mockup<\/a><\/strong>\u00a0rychleji navrhnout.<\/p><\/div><\/div><div id=\"brxe-uqcawc\" class=\"brxe-block\"><h5 class=\"brxe-heading\">Je omezen\u00fd po\u010det barev v n\u00e1vrhu pono\u017eek?<\/h5><div class=\"brxe-text\"><p>Ano, existuje omezen\u00ed na po\u010det barev. Obecn\u011b lze jednoduch\u00fd n\u00e1vrh pou\u017e\u00edt maxim\u00e1ln\u011b 8 barev, slo\u017eit\u00fd n\u00e1vrh maxim\u00e1ln\u011b 5 barev. Nicm\u00e9n\u011b, to nen\u00ed jist\u00e9.\u00a0<strong><a href=\"https:\/\/customsockmanufacturer.com\/cs\/contact\/\" target=\"_blank\" rel=\"noreferrer noopener\">Po\u0161lete n\u00e1\u0161 t\u00fdm sv\u016fj n\u00e1vrh<\/a><\/strong>\u00a0abychom zjistili, zda m\u016f\u017eeme ud\u011blat n\u011bco pro v\u00e1s. a podpora n\u00e1vrhu je zdarma!<\/p><\/div><\/div><div id=\"brxe-azzypg\" class=\"brxe-block\"><h5 class=\"brxe-heading\">Dok\u00e1\u017eete vytvo\u0159it pono\u017eky s r\u016fzn\u00fdmi designy pro levou a pravou nohu?<\/h5><div class=\"brxe-text\"><p>Ano! M\u016f\u017eeme vyrobit neshodn\u00e9 p\u00e1ry s unik\u00e1tn\u00edmi designy pro lev\u00e9 a prav\u00e9 pono\u017eky.<\/p><\/div><\/div><div id=\"brxe-xnnlxx\" class=\"brxe-block\"><h5 class=\"brxe-heading\">Nem\u00e1m \u017e\u00e1dnou p\u0159edstavu o tom, jak navrhnout pono\u017eky, mohu z\u00edskat pomoc?<\/h5><div class=\"brxe-text\"><p>\u017d\u00e1dn\u00fd probl\u00e9m! Na\u0161e zku\u0161en\u00fd t\u00fdm n\u00e1vrh\u00e1\u0159\u016f m\u016f\u017ee vytvo\u0159it pono\u017ekov\u00e9 n\u00e1vrhy dokonale p\u0159izp\u016fsoben\u00e9 va\u0161\u00ed zna\u010dce nebo spole\u010dnosti. Nab\u00edz\u00edme zdarma n\u00e1vrhov\u00e9 slu\u017eby a neomezen\u00e9 \u00fapravy, dokud nebudete pln\u011b spokojeni.<\/p><\/div><\/div>\t\t\t\t\t\t\t\t<\/div>\n\t\t\t\t<\/div>\n\t\t\t\t<div class=\"elementor-element elementor-element-53b4ad8 elementor-widget elementor-widget-text-editor\" data-id=\"53b4ad8\" data-element_type=\"widget\" data-e-type=\"widget\" data-widget_type=\"text-editor.default\">\n\t\t\t\t<div class=\"elementor-widget-container\">\n\t\t\t\t\t\t\t\t\t<h2 id=\"brxe-gnvhki\" class=\"brxe-heading\">V\u00fdroba a Dod\u00e1n\u00ed<\/h2><div id=\"brxe-nswowm\" class=\"brxe-block\"><h5 class=\"brxe-heading\">Jak\u00fd je dodac\u00ed term\u00edn pro zak\u00e1zkov\u00e9 pono\u017eky?<\/h5><div class=\"brxe-text\"><p>Na\u0161e standardn\u00ed doba v\u00fdroby je 10-15 pracovn\u00edch dn\u016f, plus \u010das dod\u00e1n\u00ed. m\u016f\u017eeme tak\u00e9 zrychlit v\u00e1\u0161 objedn\u00e1vku zdarma. Tak\u00e9 nab\u00edz\u00edme zdarma urgentn\u00ed objedn\u00e1vky.<\/p><\/div><\/div><div id=\"brxe-uhrnvg\" class=\"brxe-block\"><h5 class=\"brxe-heading\">M\u016f\u017eete ud\u011blat urgentn\u00ed objedn\u00e1vky?<\/h5><div class=\"brxe-text\"><p>Ano, ud\u011bl\u00e1v\u00e1me urgentn\u00ed objedn\u00e1vky zdarma, pros\u00edm kontaktujte n\u00e1s nyn\u00ed, abychom v\u00e1m je mohli vyprodukovat co nejd\u0159\u00edve.<\/p><\/div><\/div><div id=\"brxe-myixcc\" class=\"brxe-block\"><h5 class=\"brxe-heading\">Kde jsou pono\u017eky vyrobeny a dod\u00e1ny?<\/h5><div class=\"brxe-text\"><p>Pono\u017eky jsou vyrobeny v na\u0161\u00ed vlastn\u00ed tov\u00e1rn\u011b ve m\u011bst\u011b Zhuji, \u010c\u00edna, a dod\u00e1n\u00ed je obvykle prost\u0159ednictv\u00edm p\u0159\u00edstavu Ningbo.<\/p><\/div><\/div><div id=\"brxe-oanwnu\" class=\"brxe-block\"><h5 class=\"brxe-heading\">M\u016f\u017ee b\u00fdt dod\u00e1no mezin\u00e1rodn\u011b?<\/h5><div class=\"brxe-text\"><p>Ano, na\u0161e pono\u017eky jsou dod\u00e1v\u00e1ny po cel\u00e9m sv\u011bt\u011b. Nicm\u00e9n\u011b, r\u016fzn\u00e9 regiony maj\u00ed r\u016fzn\u00e9 politiky a m\u016f\u017ee b\u00fdt v\u00edce dan\u00ed nebo poplatk\u016f.<\/p><\/div><\/div><div id=\"brxe-yarzrr\" class=\"brxe-block\"><h5 class=\"brxe-heading\">M\u016f\u017eu sledovat dod\u00e1n\u00ed objedn\u00e1vek pono\u017eek?<\/h5><div class=\"brxe-text\"><p>Jakmile jsou odesl\u00e1ny, po\u0161leme v\u00e1m e-mailem informace o sledovac\u00edm k\u00f3du.<\/p><\/div><\/div>\t\t\t\t\t\t\t\t<\/div>\n\t\t\t\t<\/div>\n\t\t\t\t<div class=\"elementor-element elementor-element-b4e56e8 elementor-widget elementor-widget-text-editor\" data-id=\"b4e56e8\" data-element_type=\"widget\" data-e-type=\"widget\" data-widget_type=\"text-editor.default\">\n\t\t\t\t<div class=\"elementor-widget-container\">\n\t\t\t\t\t\t\t\t\t<h2 id=\"brxe-errtwg\" class=\"brxe-heading\">Informace o cen\u00e1ch<\/h2><div id=\"brxe-awluus\" class=\"brxe-block\"><h5 class=\"brxe-heading\">Jak\u00fd je cena pono\u017eek?<\/h5><div class=\"brxe-text\"><p>Cena z\u00e1vis\u00ed na mno\u017estv\u00ed objednan\u00fdch pono\u017eek, obvykle \u010d\u00edm v\u00edce, t\u00edm v\u011bt\u0161\u00ed sleva bude z\u00edsk\u00e1na. Nem\u016f\u017eeme zde poskytnout konkr\u00e9tn\u00ed cenu, pros\u00edm kontaktujte n\u00e1\u0161\u00a0<strong><a href=\"https:\/\/customsockmanufacturer.com\/cs\/contact\/\" target=\"_blank\" rel=\"noreferrer noopener\">prodejn\u00ed t\u00fdm<\/a><\/strong>\u00a0pro p\u0159esnou cenu.<\/p><\/div><\/div><div id=\"brxe-wdylxo\" class=\"brxe-block\"><h5 class=\"brxe-heading\">Existuj\u00ed n\u011bjak\u00e9 dodate\u010dn\u00e9 poplatky?<\/h5><div class=\"brxe-text\"><p>Neexistuj\u00ed \u017e\u00e1dn\u00e9 dodate\u010dn\u00e9 poplatky, \u017e\u00e1dn\u00e9 nastavovac\u00ed poplatky a \u017e\u00e1dn\u00e9 urgentn\u00ed poplatky.<\/p><\/div><\/div><div id=\"brxe-djoysf\" class=\"brxe-block\"><h5 class=\"brxe-heading\">Jak\u00e9 platebn\u00ed metody p\u0159ij\u00edm\u00e1te?<\/h5><div class=\"brxe-text\"><p>P\u0159ij\u00edm\u00e1me kreditn\u00ed karty, PayPal a bankovn\u00ed p\u0159evody (T\/T) pro va\u0161e pohodl\u00ed.<\/p><\/div><\/div>\t\t\t\t\t\t\t\t<\/div>\n\t\t\t\t<\/div>\n\t\t\t\t\t<\/div>\n\t\t\t\t<\/div>\n\t\t<div class=\"elementor-element elementor-element-02f3d74 e-flex e-con-boxed e-con e-parent\" data-id=\"02f3d74\" data-element_type=\"container\" data-e-type=\"container\">\n\t\t\t\t\t<div class=\"e-con-inner\">\n\t\t\t\t<div class=\"elementor-element elementor-element-a05c0e7 elementor-widget elementor-widget-heading\" data-id=\"a05c0e7\" data-element_type=\"widget\" data-e-type=\"widget\" data-widget_type=\"heading.default\">\n\t\t\t\t<div class=\"elementor-widget-container\">\n\t\t\t\t\t<h2 class=\"elementor-heading-title elementor-size-default\">Je\u0161t\u011b m\u00e1te ot\u00e1zky?<\/h2>\t\t\t\t<\/div>\n\t\t\t\t<\/div>\n\t\t\t\t<div class=\"elementor-element elementor-element-4ecdc5d elementor-widget elementor-widget-heading\" data-id=\"4ecdc5d\" data-element_type=\"widget\" data-e-type=\"widget\" data-widget_type=\"heading.default\">\n\t\t\t\t<div class=\"elementor-widget-container\">\n\t\t\t\t\t<span class=\"elementor-heading-title elementor-size-default\">Na\u0161e podp\u016frn\u00fd t\u00fdm m\u016f\u017ee zodpov\u011bd\u011bt jak\u00e9koli ot\u00e1zky, kter\u00e9 m\u00e1te o zak\u00e1zkov\u00fdch pono\u017ek\u00e1ch.\n<\/span>\t\t\t\t<\/div>\n\t\t\t\t<\/div>\n\t\t\t\t<div class=\"elementor-element elementor-element-570ebf7 elementor-align-center elementor-widget elementor-widget-button\" data-id=\"570ebf7\" data-element_type=\"widget\" data-e-type=\"widget\" data-widget_type=\"button.default\">\n\t\t\t\t<div class=\"elementor-widget-container\">\n\t\t\t\t\t\t\t\t\t<div class=\"elementor-button-wrapper\">\n\t\t\t\t\t<a class=\"elementor-button elementor-button-link elementor-size-sm\" href=\"https:\/\/customsockmanufacturer.com\/cs\/contact\/\">\n\t\t\t\t\t\t<span class=\"elementor-button-content-wrapper\">\n\t\t\t\t\t\t\t\t\t<span class=\"elementor-button-text\">Kontaktujte n\u00e1s<\/span>\n\t\t\t\t\t<\/span>\n\t\t\t\t\t<\/a>\n\t\t\t\t<\/div>\n\t\t\t\t\t\t\t\t<\/div>\n\t\t\t\t<\/div>\n\t\t\t\t\t<\/div>\n\t\t\t\t<\/div>\n\t\t\t\t<\/div>","protected":false},"excerpt":{"rendered":"<p>\u010casto kladen\u00e9 ot\u00e1zky Hled\u00e1te vytvo\u0159en\u00ed vlastn\u00edch pono\u017eek? Proces je neuv\u011b\u0159iteln\u011b jednoduch\u00fd \u2013 pot\u0159ebujeme pouze va\u0161i my\u0161lenku nebo logo k navr\u017een\u00ed a v\u00fdroby va\u0161ich dokonal\u00fdch pono\u017eek. Pro v\u00edce informac\u00ed o na\u0161ich slu\u017eb\u00e1ch p\u0159izp\u016fsoben\u00ed si prohl\u00e9dn\u011bte n\u00ed\u017ee uveden\u00e9 \u010dasto kladen\u00e9 ot\u00e1zky. Pokud nena\u0161ijete to, co hled\u00e1te, pros\u00edm, kontaktujte n\u00e1s p\u0159\u00edmo! Obecn\u00e9 informace\u2026&nbsp;<a href=\"https:\/\/customsockmanufacturer.com\/cs\/resources\/faqs\/\" rel=\"bookmark\">\u010c\u00edst d\u00e1le &gt;&gt;<span class=\"screen-reader-text\">\u010casto kladen\u00e9 ot\u00e1zky<\/span><\/a><\/p>","protected":false},"author":1,"featured_media":0,"parent":1796,"menu_order":0,"comment_status":"closed","ping_status":"closed","template":"page-templates\/template-pagebuilder-full-width.php","meta":{"_acf_changed":false,"neve_meta_sidebar":"","neve_meta_container":"","neve_meta_enable_content_width":"off","neve_meta_content_width":100,"neve_meta_title_alignment":"","neve_meta_author_avatar":"","neve_post_elements_order":"","neve_meta_disable_header":"","neve_meta_disable_footer":"","neve_meta_disable_title":"","footnotes":""},"class_list":["post-1812","page","type-page","status-publish","hentry"],"acf":[],"_links":{"self":[{"href":"https:\/\/customsockmanufacturer.com\/cs\/wp-json\/wp\/v2\/pages\/1812","targetHints":{"allow":["GET"]}}],"collection":[{"href":"https:\/\/customsockmanufacturer.com\/cs\/wp-json\/wp\/v2\/pages"}],"about":[{"href":"https:\/\/customsockmanufacturer.com\/cs\/wp-json\/wp\/v2\/types\/page"}],"author":[{"embeddable":true,"href":"https:\/\/customsockmanufacturer.com\/cs\/wp-json\/wp\/v2\/users\/1"}],"replies":[{"embeddable":true,"href":"https:\/\/customsockmanufacturer.com\/cs\/wp-json\/wp\/v2\/comments?post=1812"}],"version-history":[{"count":5,"href":"https:\/\/customsockmanufacturer.com\/cs\/wp-json\/wp\/v2\/pages\/1812\/revisions"}],"predecessor-version":[{"id":3141,"href":"https:\/\/customsockmanufacturer.com\/cs\/wp-json\/wp\/v2\/pages\/1812\/revisions\/3141"}],"up":[{"embeddable":true,"href":"https:\/\/customsockmanufacturer.com\/cs\/wp-json\/wp\/v2\/pages\/1796"}],"wp:attachment":[{"href":"https:\/\/customsockmanufacturer.com\/cs\/wp-json\/wp\/v2\/media?parent=1812"}],"curies":[{"name":"wp","href":"https:\/\/api.w.org\/{rel}","templated":true}]}}