{"id":1810,"date":"2024-06-06T01:51:01","date_gmt":"2024-06-06T01:51:01","guid":{"rendered":"https:\/\/customsockmanufacturer.com\/?page_id=1810"},"modified":"2025-04-29T14:13:13","modified_gmt":"2025-04-29T06:13:13","slug":"socks-size","status":"publish","type":"page","link":"https:\/\/customsockmanufacturer.com\/cs\/resources\/socks-size\/","title":{"rendered":"Velikost pono\u017eek"},"content":{"rendered":"<div data-elementor-type=\"wp-page\" data-elementor-id=\"1810\" class=\"elementor elementor-1810\" data-elementor-post-type=\"page\">\n\t\t\t\t<div class=\"elementor-element elementor-element-966ace6 e-flex e-con-boxed e-con e-parent\" data-id=\"966ace6\" data-element_type=\"container\" data-e-type=\"container\">\n\t\t\t\t\t<div class=\"e-con-inner\">\n\t\t\t\t<div class=\"elementor-element elementor-element-734c71a elementor-widget elementor-widget-heading\" data-id=\"734c71a\" data-element_type=\"widget\" data-e-type=\"widget\" data-widget_type=\"heading.default\">\n\t\t\t\t<div class=\"elementor-widget-container\">\n\t\t\t\t\t<h2 class=\"elementor-heading-title elementor-size-default\">Vlastn\u00ed velikost pono\u017eek<\/h2>\t\t\t\t<\/div>\n\t\t\t\t<\/div>\n\t\t\t\t<div class=\"elementor-element elementor-element-2e53a49 elementor-widget elementor-widget-heading\" data-id=\"2e53a49\" data-element_type=\"widget\" data-e-type=\"widget\" data-widget_type=\"heading.default\">\n\t\t\t\t<div class=\"elementor-widget-container\">\n\t\t\t\t\t<div class=\"elementor-heading-title elementor-size-default\">M\u00e1me pono\u017eky pro v\u011bt\u0161inu velikost\u00ed nohou! Jen si vyberte velikost, kterou chcete pou\u017e\u00edt pro p\u0159izp\u016fsoben\u00ed va\u0161ich dokonal\u00fdch pono\u017eek.<\/div>\t\t\t\t<\/div>\n\t\t\t\t<\/div>\n\t\t\t\t\t<\/div>\n\t\t\t\t<\/div>\n\t\t<div class=\"elementor-element elementor-element-30b1437 e-flex e-con-boxed e-con e-parent\" data-id=\"30b1437\" data-element_type=\"container\" data-e-type=\"container\">\n\t\t\t\t\t<div class=\"e-con-inner\">\n\t\t\t\t<div class=\"elementor-element elementor-element-e9fad4b elementor-widget elementor-widget-heading\" data-id=\"e9fad4b\" data-element_type=\"widget\" data-e-type=\"widget\" data-widget_type=\"heading.default\">\n\t\t\t\t<div class=\"elementor-widget-container\">\n\t\t\t\t\t<h3 class=\"elementor-heading-title elementor-size-default\">1. Jedna velikost<\/h3>\t\t\t\t<\/div>\n\t\t\t\t<\/div>\n\t\t\t\t<div class=\"elementor-element elementor-element-3c755f9 elementor-widget elementor-widget-text-editor\" data-id=\"3c755f9\" data-element_type=\"widget\" data-e-type=\"widget\" data-widget_type=\"text-editor.default\">\n\t\t\t\t<div class=\"elementor-widget-container\">\n\t\t\t\t\t\t\t\t\t<p>Na\u0161e \u201cjedna velikost\u201d pono\u017eky pokr\u00fdvaj\u00ed rozsah velikost\u00ed nohou: US obuv velikost 7-11, EU obuv velikost 39-43, UK obuv velikost 6-10. V\u011bt\u0161ina firem obvykle vyr\u00e1b\u00ed pono\u017eky, kter\u00e9 padnou v\u0161em, proto\u017ee maj\u00ed dobr\u00fd prodlu\u017eovac\u00ed faktor.<\/p><p>Pro mal\u00e9 podniky nebo startupy je \u201cjedna velikost\u201d skv\u011blou volbou, nemus\u00edte spravovat p\u0159\u00edli\u0161 mnoho velikost\u00ed pono\u017eek.<\/p>\t\t\t\t\t\t\t\t<\/div>\n\t\t\t\t<\/div>\n\t\t\t\t\t<\/div>\n\t\t\t\t<\/div>\n\t\t<div class=\"elementor-element elementor-element-c6205ff e-flex e-con-boxed e-con e-parent\" data-id=\"c6205ff\" data-element_type=\"container\" data-e-type=\"container\">\n\t\t\t\t\t<div class=\"e-con-inner\">\n\t\t\t\t<div class=\"elementor-element elementor-element-f517570 elementor-widget elementor-widget-heading\" data-id=\"f517570\" data-element_type=\"widget\" data-e-type=\"widget\" data-widget_type=\"heading.default\">\n\t\t\t\t<div class=\"elementor-widget-container\">\n\t\t\t\t\t<h3 class=\"elementor-heading-title elementor-size-default\">2. Obvykl\u00e1 velikost<\/h3>\t\t\t\t<\/div>\n\t\t\t\t<\/div>\n\t\t\t\t<div class=\"elementor-element elementor-element-88898dd elementor-widget elementor-widget-text-editor\" data-id=\"88898dd\" data-element_type=\"widget\" data-e-type=\"widget\" data-widget_type=\"text-editor.default\">\n\t\t\t\t<div class=\"elementor-widget-container\">\n\t\t\t\t\t\t\t\t\t<div class=\"brxe-text\"><p>Z\u00e1kazn\u00edci si p\u0159i p\u0159izp\u016fsoben\u00ed pono\u017eek vyberou nejv\u00edce velikost\u00ed<\/p><\/div>\t\t\t\t\t\t\t\t<\/div>\n\t\t\t\t<\/div>\n\t\t\t\t<div class=\"elementor-element elementor-element-a0c2016 elementor-widget elementor-widget-text-editor\" data-id=\"a0c2016\" data-element_type=\"widget\" data-e-type=\"widget\" data-widget_type=\"text-editor.default\">\n\t\t\t\t<div class=\"elementor-widget-container\">\n\t\t\t\t\t\t\t\t\t<table class=\"tg\"><thead><tr><th>Velikost pono\u017eek<\/th><th>UK obuv velikost<\/th><th>EU obuv velikost<\/th><th>US obuv velikost<\/th><\/tr><\/thead><tbody><tr><td>XS<\/td><td>1-2<\/td><td>34-35<\/td><td>2-3<\/td><\/tr><tr><td>S<\/td><td>3-5<\/td><td>36-38<\/td><td>4-6<\/td><\/tr><tr><td>M<\/td><td>6-7<\/td><td>39-41<\/td><td>7-8<\/td><\/tr><tr><td>L<\/td><td>8-10<\/td><td>42-44<\/td><td>9-11<\/td><\/tr><tr><td>XL<\/td><td>10.5-12<\/td><td>45-47<\/td><td>11.5-13<\/td><\/tr><\/tbody><\/table>\t\t\t\t\t\t\t\t<\/div>\n\t\t\t\t<\/div>\n\t\t\t\t\t<\/div>\n\t\t\t\t<\/div>\n\t\t<div class=\"elementor-element elementor-element-2653533 e-flex e-con-boxed e-con e-parent\" data-id=\"2653533\" data-element_type=\"container\" data-e-type=\"container\">\n\t\t\t\t\t<div class=\"e-con-inner\">\n\t\t\t\t<div class=\"elementor-element elementor-element-38d46f6 elementor-widget elementor-widget-heading\" data-id=\"38d46f6\" data-element_type=\"widget\" data-e-type=\"widget\" data-widget_type=\"heading.default\">\n\t\t\t\t<div class=\"elementor-widget-container\">\n\t\t\t\t\t<h3 class=\"elementor-heading-title elementor-size-default\">3. Neobvykl\u00e1 velikost<\/h3>\t\t\t\t<\/div>\n\t\t\t\t<\/div>\n\t\t\t\t<div class=\"elementor-element elementor-element-161bdc5 elementor-widget elementor-widget-text-editor\" data-id=\"161bdc5\" data-element_type=\"widget\" data-e-type=\"widget\" data-widget_type=\"text-editor.default\">\n\t\t\t\t<div class=\"elementor-widget-container\">\n\t\t\t\t\t\t\t\t\t<div class=\"brxe-text\"><p>M\u016f\u017eeme personalizovat pono\u017eky pro d\u011bti a d\u011btsk\u00e9 pono\u017eky. A m\u016f\u017eeme tak\u00e9 p\u0159izp\u016fsobit i n\u011bkter\u00e9 v\u011bt\u0161\u00ed velikosti! Pro jak\u00e9koliv ot\u00e1zky pros\u00edm\u00a0<a href=\"https:\/\/customsockmanufacturer.com\/cs\/contact\/\">kontaktujte n\u00e1s<\/a>.<\/p><\/div>\t\t\t\t\t\t\t\t<\/div>\n\t\t\t\t<\/div>\n\t\t\t\t\t<\/div>\n\t\t\t\t<\/div>\n\t\t\t\t<\/div>","protected":false},"excerpt":{"rendered":"<p>Vlastn\u00ed velikost pono\u017eek M\u00e1me pono\u017eky pro v\u011bt\u0161inu velikost\u00ed nohou! Sta\u010d\u00ed si vybrat velikost, kterou si p\u0159ejete pou\u017e\u00edt k p\u0159izp\u016fsoben\u00ed va\u0161eho dokonal\u00e9ho p\u00e1ru.&nbsp;<a href=\"https:\/\/customsockmanufacturer.com\/cs\/resources\/socks-size\/\" rel=\"bookmark\">\u010c\u00edst d\u00e1le &gt;&gt;<span class=\"screen-reader-text\">Velikost pono\u017eek<\/span><\/a><\/p>","protected":false},"author":1,"featured_media":0,"parent":1796,"menu_order":0,"comment_status":"closed","ping_status":"closed","template":"page-templates\/template-pagebuilder-full-width.php","meta":{"_acf_changed":false,"neve_meta_sidebar":"","neve_meta_container":"","neve_meta_enable_content_width":"off","neve_meta_content_width":100,"neve_meta_title_alignment":"","neve_meta_author_avatar":"","neve_post_elements_order":"","neve_meta_disable_header":"","neve_meta_disable_footer":"","neve_meta_disable_title":"","footnotes":""},"class_list":["post-1810","page","type-page","status-publish","hentry"],"acf":[],"_links":{"self":[{"href":"https:\/\/customsockmanufacturer.com\/cs\/wp-json\/wp\/v2\/pages\/1810","targetHints":{"allow":["GET"]}}],"collection":[{"href":"https:\/\/customsockmanufacturer.com\/cs\/wp-json\/wp\/v2\/pages"}],"about":[{"href":"https:\/\/customsockmanufacturer.com\/cs\/wp-json\/wp\/v2\/types\/page"}],"author":[{"embeddable":true,"href":"https:\/\/customsockmanufacturer.com\/cs\/wp-json\/wp\/v2\/users\/1"}],"replies":[{"embeddable":true,"href":"https:\/\/customsockmanufacturer.com\/cs\/wp-json\/wp\/v2\/comments?post=1810"}],"version-history":[{"count":5,"href":"https:\/\/customsockmanufacturer.com\/cs\/wp-json\/wp\/v2\/pages\/1810\/revisions"}],"predecessor-version":[{"id":2643,"href":"https:\/\/customsockmanufacturer.com\/cs\/wp-json\/wp\/v2\/pages\/1810\/revisions\/2643"}],"up":[{"embeddable":true,"href":"https:\/\/customsockmanufacturer.com\/cs\/wp-json\/wp\/v2\/pages\/1796"}],"wp:attachment":[{"href":"https:\/\/customsockmanufacturer.com\/cs\/wp-json\/wp\/v2\/media?parent=1810"}],"curies":[{"name":"wp","href":"https:\/\/api.w.org\/{rel}","templated":true}]}}