{"id":1812,"date":"2024-06-06T01:51:21","date_gmt":"2024-06-06T01:51:21","guid":{"rendered":"https:\/\/customsockmanufacturer.com\/?page_id=1812"},"modified":"2025-05-29T15:04:40","modified_gmt":"2025-05-29T07:04:40","slug":"faqs","status":"publish","type":"page","link":"https:\/\/customsockmanufacturer.com\/az\/resources\/faqs\/","title":{"rendered":"\u00c7ox Suallar"},"content":{"rendered":"<div data-elementor-type=\"wp-page\" data-elementor-id=\"1812\" class=\"elementor elementor-1812\" data-elementor-post-type=\"page\">\n\t\t\t\t<div class=\"elementor-element elementor-element-efd3745 e-flex e-con-boxed e-con e-parent\" data-id=\"efd3745\" data-element_type=\"container\" data-e-type=\"container\">\n\t\t\t\t\t<div class=\"e-con-inner\">\n\t\t<div class=\"elementor-element elementor-element-922995b e-flex e-con-boxed e-con e-child\" data-id=\"922995b\" data-element_type=\"container\" data-e-type=\"container\">\n\t\t\t\t\t<div class=\"e-con-inner\">\n\t\t\t\t<div class=\"elementor-element elementor-element-30cf772 elementor-widget elementor-widget-heading\" data-id=\"30cf772\" data-element_type=\"widget\" data-e-type=\"widget\" data-widget_type=\"heading.default\">\n\t\t\t\t<div class=\"elementor-widget-container\">\n\t\t\t\t\t<h2 class=\"elementor-heading-title elementor-size-default\">Frequently Asked Questions<\/h2>\t\t\t\t<\/div>\n\t\t\t\t<\/div>\n\t\t\t\t<div class=\"elementor-element elementor-element-d35ca5c elementor-widget elementor-widget-text-editor\" data-id=\"d35ca5c\" data-element_type=\"widget\" data-e-type=\"widget\" data-widget_type=\"text-editor.default\">\n\t\t\t\t<div class=\"elementor-widget-container\">\n\t\t\t\t\t\t\t\t\t<p>Looking to create custom socks? The process is incredibly simple \u2013 we just need your idea or logo to design and manufacture your perfect socks. Browse our frequently asked questions below to learn more about our customization services. If you can\u2019t find what you\u2019re looking for, please contact us directly!<\/p>\t\t\t\t\t\t\t\t<\/div>\n\t\t\t\t<\/div>\n\t\t\t\t\t<\/div>\n\t\t\t\t<\/div>\n\t\t<div class=\"elementor-element elementor-element-eaa3bc9 e-con-full e-flex e-con e-child\" data-id=\"eaa3bc9\" data-element_type=\"container\" data-e-type=\"container\">\n\t\t\t\t<div class=\"elementor-element elementor-element-f79173d elementor-widget elementor-widget-image\" data-id=\"f79173d\" data-element_type=\"widget\" data-e-type=\"widget\" data-widget_type=\"image.default\">\n\t\t\t\t<div class=\"elementor-widget-container\">\n\t\t\t\t\t\t\t\t\t\t\t\t\t\t\t<img fetchpriority=\"high\" decoding=\"async\" width=\"700\" height=\"467\" src=\"https:\/\/customsockmanufacturer.com\/wp-content\/uploads\/2024\/06\/Socks-display-shelf-min.webp\" class=\"attachment-large size-large wp-image-2138\" alt=\"\" srcset=\"https:\/\/customsockmanufacturer.com\/wp-content\/uploads\/2024\/06\/Socks-display-shelf-min.webp 700w, https:\/\/customsockmanufacturer.com\/wp-content\/uploads\/2024\/06\/Socks-display-shelf-min-300x200.webp 300w\" sizes=\"(max-width: 700px) 100vw, 700px\" \/>\t\t\t\t\t\t\t\t\t\t\t\t\t\t\t<\/div>\n\t\t\t\t<\/div>\n\t\t\t\t<\/div>\n\t\t\t\t\t<\/div>\n\t\t\t\t<\/div>\n\t\t<div class=\"elementor-element elementor-element-dcef87f e-flex e-con-boxed e-con e-parent\" data-id=\"dcef87f\" data-element_type=\"container\" data-e-type=\"container\" data-settings=\"{&quot;background_background&quot;:&quot;classic&quot;}\">\n\t\t\t\t\t<div class=\"e-con-inner\">\n\t\t\t\t<div class=\"elementor-element elementor-element-a686a39 elementor-widget elementor-widget-heading\" data-id=\"a686a39\" data-element_type=\"widget\" data-e-type=\"widget\" data-widget_type=\"heading.default\">\n\t\t\t\t<div class=\"elementor-widget-container\">\n\t\t\t\t\t<h2 class=\"elementor-heading-title elementor-size-default\">General Information<\/h2>\t\t\t\t<\/div>\n\t\t\t\t<\/div>\n\t\t\t\t<div class=\"elementor-element elementor-element-599116b elementor-widget elementor-widget-text-editor\" data-id=\"599116b\" data-element_type=\"widget\" data-e-type=\"widget\" data-widget_type=\"text-editor.default\">\n\t\t\t\t<div class=\"elementor-widget-container\">\n\t\t\t\t\t\t\t\t\t<div id=\"brxe-mizdyp\" class=\"brxe-block\"><h5 class=\"brxe-heading\">What is CloudSocks?<\/h5><div class=\"brxe-text\"><p>CloudSocks is a premium sock manufacturing factory specializing in custom sock design and production in China. We export high-quality custom socks worldwide. Our customized socks are perfect for retail stores, e-commerce businesses, corporate gifts, brand promotion, and special event merchandise.<\/p><\/div><\/div><div id=\"brxe-rkpviy\" class=\"brxe-block\"><h5 class=\"brxe-heading\">Where is your business located?<\/h5><div class=\"brxe-text\"><p>Our manufacturing facilities are based in Zhuji City, Zhejiang Province \u2013 known as China\u2019s \u201cSock Capital\u201d for its rich history in textile production.<\/p><\/div><\/div><div id=\"brxe-ixubug\" class=\"brxe-block\"><h5 class=\"brxe-heading\">How does CloudSocks differ from competitors?<\/h5><div class=\"brxe-text\"><p>Design, production, and customized packaging one-stop socks customization service. Quick turnaround and insist on making the most comfortable socks<\/p><\/div><\/div><div id=\"brxe-mzxfjc\" class=\"brxe-block\"><h5 class=\"brxe-heading\">What kind of socks can I make?<\/h5><div class=\"brxe-text\"><p>We make knitted socks and weave jacquard socks in different colors. See more\u00a0<a href=\"https:\/\/customsockmanufacturer.com\/az\/custom-socks\/#options-for-custom-socks\" target=\"_blank\" rel=\"noreferrer noopener\"><strong>socks options<\/strong><\/a>.<\/p><\/div><\/div><div id=\"brxe-fkzyaz\" class=\"brxe-block\"><h5 class=\"brxe-heading\">How to start customizing socks?<\/h5><div class=\"brxe-text\"><p>Please fill in the form on our\u00a0<a href=\"https:\/\/customsockmanufacturer.com\/az\/contact\/\" target=\"_blank\" rel=\"noreferrer noopener\"><strong>contact page<\/strong><\/a>, or send an email to\u00a0<a href=\"mailto:ycct@outlook.com\">ycct@outlook.com<\/a><\/p><\/div><\/div><div id=\"brxe-nscash\" class=\"brxe-block\"><h5 class=\"brxe-heading\">Can I receive sock samples before ordering?<\/h5><div class=\"brxe-text\"><p>Absolutely! We provide free sock samples (shipping costs apply). We\u2019ll send you the specific styles and colors you\u2019re interested in.<\/p><\/div><\/div><div id=\"brxe-dkqcbu\" class=\"brxe-block\"><h5 class=\"brxe-heading\">What types of socks can the factory produce?<\/h5><div class=\"brxe-text\"><p>Our factory can manufacture virtually all common sock types, including: <a href=\"https:\/\/customsockmanufacturer.com\/az\/custom-logo-socks\/\" target=\"_blank\" rel=\"noreferrer noopener\">Custom Logo Socks<\/a>,\u00a0<a href=\"https:\/\/customsockmanufacturer.com\/az\/custom-baseball-stirrup-socks\/\" target=\"_blank\" rel=\"noreferrer noopener\">Custom Baseball Socks<\/a>,\u00a0<a href=\"https:\/\/customsockmanufacturer.com\/az\/custom-dress-socks\/\" target=\"_blank\" rel=\"noreferrer noopener\">M\u00fc\u015ft\u0259riyy\u0259tli el \u00e7oraplar\u0131<\/a>\u2026 and many more. If you have a specific sock style in mind, please contact us to discuss your customization needs.<\/p><\/div><\/div>\t\t\t\t\t\t\t\t<\/div>\n\t\t\t\t<\/div>\n\t\t\t\t<div class=\"elementor-element elementor-element-3b8f3ad elementor-widget elementor-widget-text-editor\" data-id=\"3b8f3ad\" data-element_type=\"widget\" data-e-type=\"widget\" data-widget_type=\"text-editor.default\">\n\t\t\t\t<div class=\"elementor-widget-container\">\n\t\t\t\t\t\t\t\t\t<h2 id=\"brxe-fkoppt\" class=\"brxe-heading\">Order Information<\/h2><div id=\"brxe-pxbgze\" class=\"brxe-block\"><h5 class=\"brxe-heading\">What is the minimum order quantity (MOQ) for custom socks?<\/h5><div class=\"brxe-text\"><p>Most of our sock styles have no minimum order requirement. Click here to view sock types with no minimum order. Certain specialty socks (non-slip rubber socks, elite socks, fuzzy socks, five-toe socks, etc.) require minimum orders of 500-1000 pairs.<\/p><\/div><\/div><div id=\"brxe-omflmf\" class=\"brxe-block\"><h5>What sizes do you offer for custom socks?<\/h5><p>We can produce socks for all foot sizes. We also offer versatile \u201cONE SIZE\u201d options that comfortably fit most adult feet \u2013 perfect for logo socks, cotton socks, and branded styles.<\/p><h5>Do you offer custom sock packaging?<\/h5><p>Yes! We provide comprehensive sock packaging design and production services, delivering retail-ready products. Options range from complimentary basic packaging to elaborate custom packaging solutions.<\/p><h5>What sock lengths are available?<\/h5><p>Choose from our complete range: no-show socks, ankle socks, crew socks, mid-calf socks, calf-length socks, knee-high socks, and thigh-high socks.<\/p><h5>1. N\u0259 materiallar\u0131 \u00e7orap istehsal\u0131nda istifad\u0259 edirsiz?<\/h5><p>2. Qal\u0131n knit \u00e7oraplar\u0131m\u0131z \u00fc\u00e7\u00fcn \u0259sas\u0259n y\u00fcks\u0259k keyfiyy\u0259tli q\u0259hv\u0259yi istifad\u0259 edirik. Sizin m\u00fc\u0259yy\u0259n t\u0259l\u0259bl\u0259rin\u0259 \u0259sas\u0259n, nylon, bambuk z\u0259rifas\u0131 v\u0259 dig\u0259r x\u00fcsusi tekstill\u0259rl\u0259 d\u0259 i\u015fl\u0259yirik.<\/p><\/div>\t\t\t\t\t\t\t\t<\/div>\n\t\t\t\t<\/div>\n\t\t\t\t<div class=\"elementor-element elementor-element-a6dac2f elementor-widget elementor-widget-text-editor\" data-id=\"a6dac2f\" data-element_type=\"widget\" data-e-type=\"widget\" data-widget_type=\"text-editor.default\">\n\t\t\t\t<div class=\"elementor-widget-container\">\n\t\t\t\t\t\t\t\t\t<h2 id=\"brxe-mbiuzg\" class=\"brxe-heading\">3. Qrafika Prosesi<\/h2><div id=\"brxe-wcsnnl\" class=\"brxe-block\"><h5 class=\"brxe-heading\">4. \u00c7orap qrafikas\u0131 \u00fccretsizdir?<\/h5><div class=\"brxe-text\"><p>5. H\u0259r bir m\u00fc\u015ft\u0259ri \u00fc\u00e7\u00fcn b\u0259dii i\u015fl\u0259m\u0259 \u00fccretsizdir, m\u00fc\u015ft\u0259ril\u0259r\u0259 k\u00f6m\u0259k etm\u0259k \u00fc\u00e7\u00fcn x\u00fcsusi qrafikac\u0131lar\u0131m\u0131z var.<\/p><\/div><\/div><div id=\"brxe-jyqzww\" class=\"brxe-block\"><h5 class=\"brxe-heading\">6. \u00c7orap qrafikas\u0131n\u0131 nec\u0259 \u00e7\u0259km\u0259y\u0259 bil\u0259r\u0259m?<\/h5><div class=\"brxe-text\"><p>7. Q\u0259dim\u0259n \u00e7orap qrafika konsepsiyalar\u0131n\u0131 1-3 g\u00fcn \u0259rzind\u0259 t\u0259qdim edirik. \u0130\u015f saatlar\u0131nda \u00e7ox vaxt yaln\u0131z bir ne\u00e7\u0259 saatda qrafikalar\u0131 t\u0259qdim ed\u0259 bilirik.<\/p><\/div><\/div><div id=\"brxe-gzjzic\" class=\"brxe-block\"><h5 class=\"brxe-heading\">8. M\u0259n \u00f6z qrafikam\u0131 s\u0259n\u0259d\u0259 g\u00f6nd\u0259rm\u0259y\u0259 bil\u0259r\u0259m?<\/h5><div class=\"brxe-text\"><p>9. Evet, h\u0259r hans\u0131 formatl\u0131 qrafika fayllar\u0131n\u0131 q\u0259bul edirik. M\u0259n\u0259 x\u0259b\u0259rdar etm\u0259k \u00fc\u00e7\u00fcn s\u0259n\u0259dini istifad\u0259 etm\u0259yinizi t\u00f6vsiy\u0259 edirik <strong><a href=\"https:\/\/customsockmanufacturer.com\/az\/socks-mockup-download\/\" target=\"_blank\" rel=\"noreferrer noopener\">10. \u00e7orap qrafika m\u0259\u015fqat\u00e7\u0131s\u0131<\/a><\/strong>\u00a011. qrafikan\u0131 s\u00fcr\u0259tl\u0259nm\u0259k.<\/p><\/div><\/div><div id=\"brxe-uqcawc\" class=\"brxe-block\"><h5 class=\"brxe-heading\">12. \u00c7orap qrafikas\u0131nda r\u0259ng say\u0131na nisb\u0259t\u0259n limit varm\u0131?<\/h5><div class=\"brxe-text\"><p>13. Evet, r\u0259ng say\u0131na nisb\u0259t\u0259n limit var. \u018fsas\u0259n, sad\u0259 dizayn 8 r\u0259ngd\u0259n \u00e7ox istifad\u0259 ed\u0259 bilm\u0259z, kompleks dizayn 5 r\u0259ngd\u0259n \u00e7ox istifad\u0259 ed\u0259 bilm\u0259z. Ancaq bu m\u00fc\u0259yy\u0259n deyil.\u00a0<strong><a href=\"https:\/\/customsockmanufacturer.com\/az\/contact\/\" target=\"_blank\" rel=\"noreferrer noopener\">14. Qrafikan\u0131z\u0131 bizim qrupumuza g\u00f6nd\u0259rm\u0259k<\/a><\/strong>\u00a015. g\u00f6rm\u0259k \u00fc\u00e7\u00fcn xeyr-h\u0259qiq\u0259t\u0259n, dizayn d\u0259st\u0259yi \u00fccretsizdir!<\/p><\/div><\/div><div id=\"brxe-azzypg\" class=\"brxe-block\"><h5 class=\"brxe-heading\">16. Q\u0259rb v\u0259 sol ayaqlar \u00fc\u00e7\u00fcn f\u0259rqli dizaynl\u0131 \u00e7oraplar yaratmaq olar m\u0131?<\/h5><div class=\"brxe-text\"><p>17. Evet! Q\u0259rb v\u0259 sol \u00e7oraplar \u00fc\u00e7\u00fcn m\u00fc\u0259yy\u0259n dizaynl\u0131 qar\u0131\u015f\u0131k c\u00fctl\u00fck yaratmaq olar.<\/p><\/div><\/div><div id=\"brxe-xnnlxx\" class=\"brxe-block\"><h5 class=\"brxe-heading\">18. \u00c7orap dizayn etm\u0259y\u0259 he\u00e7 bir fikrim yox, k\u00f6m\u0259k almaq olar m\u0131?<\/h5><div class=\"brxe-text\"><p>19. He\u00e7 bir problem yox! T\u0259cr\u00fcb\u0259li dizayn qrupumuzunuzun marka v\u0259 \u015firk\u0259tiniz\u0259 \u00e7ox uy\u011fun \u00e7orap dizaynlar\u0131 yaratmaq qabiliyy\u0259tind\u0259dir. M\u0259n\u0259 xidm\u0259t g\u00f6st\u0259rm\u0259k \u00fc\u00e7\u00fcn free dizayn xidm\u0259tl\u0259ri v\u0259 s\u0259rb\u0259st d\u0259yi\u015fiklikl\u0259r t\u0259klif edirik.<\/p><\/div><\/div>\t\t\t\t\t\t\t\t<\/div>\n\t\t\t\t<\/div>\n\t\t\t\t<div class=\"elementor-element elementor-element-53b4ad8 elementor-widget elementor-widget-text-editor\" data-id=\"53b4ad8\" data-element_type=\"widget\" data-e-type=\"widget\" data-widget_type=\"text-editor.default\">\n\t\t\t\t<div class=\"elementor-widget-container\">\n\t\t\t\t\t\t\t\t\t<h2 id=\"brxe-gnvhki\" class=\"brxe-heading\">20. \u0130stehsal v\u0259 Y\u00fckl\u0259m\u0259<\/h2><div id=\"brxe-nswowm\" class=\"brxe-block\"><h5 class=\"brxe-heading\">21. \u0130ndividual \u00e7oraplar\u0131n t\u0259qdimat\u0131 m\u00fcdd\u0259ti n\u0259 q\u0259d\u0259rdir?<\/h5><div class=\"brxe-text\"><p>22. Standart istehsal m\u00fcdd\u0259timiz 10-15 i\u015f g\u00fcn\u00fcd\u00fcr, bu da \u015f\u0259rh\u00e7ilik m\u00fcdd\u0259tin\u0259 daxildir. Sizin \u0259mrinizi da\u015f\u0131nmaqdan istisna ed\u0259r\u0259k, s\u0259rb\u0259st s\u00fcr\u0259tl\u0259ndirm\u0259 \u0259mrinizi d\u0259 t\u0259klif edirik.<\/p><\/div><\/div><div id=\"brxe-uhrnvg\" class=\"brxe-block\"><h5 class=\"brxe-heading\">23. S\u00fcr\u0259tl\u0259ndirilmi\u015f \u0259mr ed\u0259 bil\u0259r\u0259m?<\/h5><div class=\"brxe-text\"><p>24. Evet, s\u00fcr\u0259tl\u0259ndirilmi\u015f \u0259mrl\u0259ri s\u0259rb\u0259st istehsal edirik, l\u00fctf\u0259n biz\u0259 \u015f\u00fcbh\u0259sizlik yaratmaq \u00fc\u00e7\u00fcn h\u0259y\u0259canla \u0259laq\u0259 saxlay\u0131n.<\/p><\/div><\/div><div id=\"brxe-myixcc\" class=\"brxe-block\"><h5 class=\"brxe-heading\">25. \u00c7oraplar n\u0259 yerd\u0259 isteh<\/h5><div class=\"brxe-text\"><p>Socks are produced in our own factory in Zhuji City, China, and the shipment is usually through Ningbo Port.<\/p><\/div><\/div><div id=\"brxe-oanwnu\" class=\"brxe-block\"><h5 class=\"brxe-heading\">Can it be shipped internationally?<\/h5><div class=\"brxe-text\"><p>Yes, our socks are shipped all over the world. However, different regions have different policies, and there may be more taxes or surcharges.<\/p><\/div><\/div><div id=\"brxe-yarzrr\" class=\"brxe-block\"><h5 class=\"brxe-heading\">Can I track the shipment of socks orders?<\/h5><div class=\"brxe-text\"><p>Once shipped, we will email you the tracking code information.<\/p><\/div><\/div>\t\t\t\t\t\t\t\t<\/div>\n\t\t\t\t<\/div>\n\t\t\t\t<div class=\"elementor-element elementor-element-b4e56e8 elementor-widget elementor-widget-text-editor\" data-id=\"b4e56e8\" data-element_type=\"widget\" data-e-type=\"widget\" data-widget_type=\"text-editor.default\">\n\t\t\t\t<div class=\"elementor-widget-container\">\n\t\t\t\t\t\t\t\t\t<h2 id=\"brxe-errtwg\" class=\"brxe-heading\">T\u0259hsilat M\u0259lumat\u0131<\/h2><div id=\"brxe-awluus\" class=\"brxe-block\"><h5 class=\"brxe-heading\">\u00c7oraplar\u0131n qiym\u0259ti nec\u0259dir?<\/h5><div class=\"brxe-text\"><p>Qiym\u0259t \u00e7oraplar\u0131n sifari\u015f etdiyi miqdar\u0131na ba\u011fl\u0131d\u0131r, \u0259sas\u0259n, miqdar \u00e7ox olarsa, daha \u00e7ox rabit\u0259 \u0259ld\u0259 edil\u0259c\u0259k. Burada m\u00fc\u0259yy\u0259n qiym\u0259t ver\u0259 bilm\u0259y\u0259cik, l\u00fctf\u0259n bizim\u00a0<strong><a href=\"https:\/\/customsockmanufacturer.com\/az\/contact\/\" target=\"_blank\" rel=\"noreferrer noopener\">sat\u0131\u015f qrupu<\/a><\/strong>\u00a0t\u0259qdim olunacaq t\u0259qdim olunacaq qiym\u0259t \u00fc\u00e7\u00fcn \u0259laq\u0259 saxlay\u0131n.<\/p><\/div><\/div><div id=\"brxe-wdylxo\" class=\"brxe-block\"><h5 class=\"brxe-heading\">Daha \u0259lav\u0259 \u00fcmumiyy\u0259tl\u0259r var m\u0131?<\/h5><div class=\"brxe-text\"><p>\u018flav\u0259 \u00fcmumiyy\u0259tl\u0259r yoxdur, qura\u015fd\u0131rma \u00fcmumiyy\u0259tl\u0259ri yoxdur, v\u0259 s\u0259h\u0259r \u00fcmumiyy\u0259tl\u0259ri yoxdur.<\/p><\/div><\/div><div id=\"brxe-djoysf\" class=\"brxe-block\"><h5 class=\"brxe-heading\">Q\u0259bul olunan \u00f6d\u0259ni\u015f \u00fcsullar\u0131 n\u0259dir?<\/h5><div class=\"brxe-text\"><p>Sizin rahatl\u0131\u011f\u0131n\u0131za g\u00f6r\u0259, kredit kartlar\u0131, PayPal v\u0259 bank \u00f6d\u0259ni\u015fl\u0259ri (T\/T) q\u0259bul edirik.<\/p><\/div><\/div>\t\t\t\t\t\t\t\t<\/div>\n\t\t\t\t<\/div>\n\t\t\t\t\t<\/div>\n\t\t\t\t<\/div>\n\t\t<div class=\"elementor-element elementor-element-02f3d74 e-flex e-con-boxed e-con e-parent\" data-id=\"02f3d74\" data-element_type=\"container\" data-e-type=\"container\">\n\t\t\t\t\t<div class=\"e-con-inner\">\n\t\t\t\t<div class=\"elementor-element elementor-element-a05c0e7 elementor-widget elementor-widget-heading\" data-id=\"a05c0e7\" data-element_type=\"widget\" data-e-type=\"widget\" data-widget_type=\"heading.default\">\n\t\t\t\t<div class=\"elementor-widget-container\">\n\t\t\t\t\t<h2 class=\"elementor-heading-title elementor-size-default\">Still have questions?<\/h2>\t\t\t\t<\/div>\n\t\t\t\t<\/div>\n\t\t\t\t<div class=\"elementor-element elementor-element-4ecdc5d elementor-widget elementor-widget-heading\" data-id=\"4ecdc5d\" data-element_type=\"widget\" data-e-type=\"widget\" data-widget_type=\"heading.default\">\n\t\t\t\t<div class=\"elementor-widget-container\">\n\t\t\t\t\t<span class=\"elementor-heading-title elementor-size-default\">Destek qrupumuz sizi \u00f6z\u0259l \u00e7oraplar haqq\u0131nda \u00e7\u0131x\u0131\u015f ed\u0259 bil\u0259c\u0259k soru il\u0259 ba\u011fl\u0131 olan he\u00e7 bir suala cavab ver\u0259 bil\u0259r.\n<\/span>\t\t\t\t<\/div>\n\t\t\t\t<\/div>\n\t\t\t\t<div class=\"elementor-element elementor-element-570ebf7 elementor-align-center elementor-widget elementor-widget-button\" data-id=\"570ebf7\" data-element_type=\"widget\" data-e-type=\"widget\" data-widget_type=\"button.default\">\n\t\t\t\t<div class=\"elementor-widget-container\">\n\t\t\t\t\t\t\t\t\t<div class=\"elementor-button-wrapper\">\n\t\t\t\t\t<a class=\"elementor-button elementor-button-link elementor-size-sm\" href=\"https:\/\/customsockmanufacturer.com\/az\/contact\/\">\n\t\t\t\t\t\t<span class=\"elementor-button-content-wrapper\">\n\t\t\t\t\t\t\t\t\t<span class=\"elementor-button-text\">Bizimizle \u0259laq\u0259 saxla<\/span>\n\t\t\t\t\t<\/span>\n\t\t\t\t\t<\/a>\n\t\t\t\t<\/div>\n\t\t\t\t\t\t\t\t<\/div>\n\t\t\t\t<\/div>\n\t\t\t\t\t<\/div>\n\t\t\t\t<\/div>\n\t\t\t\t<\/div>","protected":false},"excerpt":{"rendered":"<p>\u00c7ox Sorul\u011fan Sualar M\u00fc\u015ft\u0259riy\u0259 x\u00fcsusi \u00e7oraplar yaratmaq ist\u0259yirsiz? Proses \u00e7ox basit \u2013 biz yaln\u0131z sizi ideya v\u0259 ya loqonuzu dizayn etm\u0259k v\u0259 sizi yax\u015f\u0131 \u00e7oraplar\u0131n\u0131z\u0131 istehsal etm\u0259k \u00fc\u00e7\u00fcn t\u0259l\u0259b edirik. Alt\u0131da daha \u00e7ox suala yax\u0131nla\u015fmaq \u00fc\u00e7\u00fcn a\u015fa\u011f\u0131dak\u0131 \u00e7ox sorul\u011fanlar\u0131m\u0131z\u0131 s\u0259yir et. Arad\u0131\u011f\u0131n\u0131z\u0131 tapa bilm\u0259sizs\u0259, do\u011frudan biziml\u0259 \u0259laq\u0259 qurun! Umumilikd\u0259\u2026&nbsp;<a href=\"https:\/\/customsockmanufacturer.com\/az\/resources\/faqs\/\" rel=\"bookmark\">Daha \u00e7ox oxuyun\u2026<span class=\"screen-reader-text\">\u00c7ox Suallar<\/span><\/a><\/p>","protected":false},"author":1,"featured_media":0,"parent":1796,"menu_order":0,"comment_status":"closed","ping_status":"closed","template":"page-templates\/template-pagebuilder-full-width.php","meta":{"_acf_changed":false,"neve_meta_sidebar":"","neve_meta_container":"","neve_meta_enable_content_width":"off","neve_meta_content_width":100,"neve_meta_title_alignment":"","neve_meta_author_avatar":"","neve_post_elements_order":"","neve_meta_disable_header":"","neve_meta_disable_footer":"","neve_meta_disable_title":"","footnotes":""},"class_list":["post-1812","page","type-page","status-publish","hentry"],"acf":[],"_links":{"self":[{"href":"https:\/\/customsockmanufacturer.com\/az\/wp-json\/wp\/v2\/pages\/1812","targetHints":{"allow":["GET"]}}],"collection":[{"href":"https:\/\/customsockmanufacturer.com\/az\/wp-json\/wp\/v2\/pages"}],"about":[{"href":"https:\/\/customsockmanufacturer.com\/az\/wp-json\/wp\/v2\/types\/page"}],"author":[{"embeddable":true,"href":"https:\/\/customsockmanufacturer.com\/az\/wp-json\/wp\/v2\/users\/1"}],"replies":[{"embeddable":true,"href":"https:\/\/customsockmanufacturer.com\/az\/wp-json\/wp\/v2\/comments?post=1812"}],"version-history":[{"count":5,"href":"https:\/\/customsockmanufacturer.com\/az\/wp-json\/wp\/v2\/pages\/1812\/revisions"}],"predecessor-version":[{"id":3141,"href":"https:\/\/customsockmanufacturer.com\/az\/wp-json\/wp\/v2\/pages\/1812\/revisions\/3141"}],"up":[{"embeddable":true,"href":"https:\/\/customsockmanufacturer.com\/az\/wp-json\/wp\/v2\/pages\/1796"}],"wp:attachment":[{"href":"https:\/\/customsockmanufacturer.com\/az\/wp-json\/wp\/v2\/media?parent=1812"}],"curies":[{"name":"wp","href":"https:\/\/api.w.org\/{rel}","templated":true}]}}