{"id":1810,"date":"2024-06-06T01:51:01","date_gmt":"2024-06-06T01:51:01","guid":{"rendered":"https:\/\/customsockmanufacturer.com\/?page_id=1810"},"modified":"2025-04-29T14:13:13","modified_gmt":"2025-04-29T06:13:13","slug":"socks-size","status":"publish","type":"page","link":"https:\/\/customsockmanufacturer.com\/az\/resources\/socks-size\/","title":{"rendered":"\u00c7orap \u00f6l\u00e7\u00fcs\u00fc"},"content":{"rendered":"<div data-elementor-type=\"wp-page\" data-elementor-id=\"1810\" class=\"elementor elementor-1810\" data-elementor-post-type=\"page\">\n\t\t\t\t<div class=\"elementor-element elementor-element-966ace6 e-flex e-con-boxed e-con e-parent\" data-id=\"966ace6\" data-element_type=\"container\" data-e-type=\"container\">\n\t\t\t\t\t<div class=\"e-con-inner\">\n\t\t\t\t<div class=\"elementor-element elementor-element-734c71a elementor-widget elementor-widget-heading\" data-id=\"734c71a\" data-element_type=\"widget\" data-e-type=\"widget\" data-widget_type=\"heading.default\">\n\t\t\t\t<div class=\"elementor-widget-container\">\n\t\t\t\t\t<h2 class=\"elementor-heading-title elementor-size-default\">Qalib q\u0259l\u0259mli \u00e7orap \u00f6l\u00e7\u00fcs\u00fc<\/h2>\t\t\t\t<\/div>\n\t\t\t\t<\/div>\n\t\t\t\t<div class=\"elementor-element elementor-element-2e53a49 elementor-widget elementor-widget-heading\" data-id=\"2e53a49\" data-element_type=\"widget\" data-e-type=\"widget\" data-widget_type=\"heading.default\">\n\t\t\t\t<div class=\"elementor-widget-container\">\n\t\t\t\t\t<div class=\"elementor-heading-title elementor-size-default\">\u00c7ox \u00e7ox ayaq \u00f6l\u00e7\u00fcs\u00fc \u00fc\u00e7\u00fcn \u00e7oraplar\u0131m\u0131z var! S\u0259nin ist\u0259diy\u0259n \u00f6l\u00e7\u00fcn\u00fc se\u00e7, sonra m\u00fck\u0259mm\u0259l \u00e7oraplar\u0131n ayarlanmas\u0131na ba\u015fla.<\/div>\t\t\t\t<\/div>\n\t\t\t\t<\/div>\n\t\t\t\t\t<\/div>\n\t\t\t\t<\/div>\n\t\t<div class=\"elementor-element elementor-element-30b1437 e-flex e-con-boxed e-con e-parent\" data-id=\"30b1437\" data-element_type=\"container\" data-e-type=\"container\">\n\t\t\t\t\t<div class=\"e-con-inner\">\n\t\t\t\t<div class=\"elementor-element elementor-element-e9fad4b elementor-widget elementor-widget-heading\" data-id=\"e9fad4b\" data-element_type=\"widget\" data-e-type=\"widget\" data-widget_type=\"heading.default\">\n\t\t\t\t<div class=\"elementor-widget-container\">\n\t\t\t\t\t<h3 class=\"elementor-heading-title elementor-size-default\">1. Bir \u00f6l\u00e7\u00fc<\/h3>\t\t\t\t<\/div>\n\t\t\t\t<\/div>\n\t\t\t\t<div class=\"elementor-element elementor-element-3c755f9 elementor-widget elementor-widget-text-editor\" data-id=\"3c755f9\" data-element_type=\"widget\" data-e-type=\"widget\" data-widget_type=\"text-editor.default\">\n\t\t\t\t<div class=\"elementor-widget-container\">\n\t\t\t\t\t\t\t\t\t<p>bizim \u201cbir \u00f6l\u00e7\u00fc\u201d \u00e7oraplar\u0131m\u0131z ayaq \u00f6l\u00e7\u00fc aral\u0131\u011f\u0131n\u0131 \u00f6rt\u00fcr: AB\u0130 \u00e7orap \u00f6l\u00e7\u00fcs\u00fc 7-11, AB \u00e7orap \u00f6l\u00e7\u00fcs\u00fc 39-43, B\u0130 \u00e7orap \u00f6l\u00e7\u00fcs\u00fc 6-10. \u00c7ox say\u0131da \u015firk\u0259t \u00fcmumiyy\u0259tl\u0259 bir \u00f6l\u00e7\u00fc-\u00e7ox \u00f6l\u00e7\u00fc \u00e7orap istehsal edir, bu da \u0259ld\u0259 etdiyi yax\u015f\u0131 dilatasiya s\u0259b\u0259bind\u0259n \u00e7ox say\u0131da insan\u0131 \u00f6rt\u00fcr.<\/p><p>Ki\u00e7ik biznesl\u0259r v\u0259 ba\u015flan\u011f\u0131c \u00fc\u00e7\u00fcn \u201cbir \u00f6l\u00e7\u00fc\u201d \u0259n yax\u015f\u0131 se\u00e7imdir, \u00e7orap \u00f6l\u00e7\u00fcl\u0259rini idar\u0259 etm\u0259y\u0259 \u00e7ox \u00e7ox ehtiyac yoxdur.<\/p>\t\t\t\t\t\t\t\t<\/div>\n\t\t\t\t<\/div>\n\t\t\t\t\t<\/div>\n\t\t\t\t<\/div>\n\t\t<div class=\"elementor-element elementor-element-c6205ff e-flex e-con-boxed e-con e-parent\" data-id=\"c6205ff\" data-element_type=\"container\" data-e-type=\"container\">\n\t\t\t\t\t<div class=\"e-con-inner\">\n\t\t\t\t<div class=\"elementor-element elementor-element-f517570 elementor-widget elementor-widget-heading\" data-id=\"f517570\" data-element_type=\"widget\" data-e-type=\"widget\" data-widget_type=\"heading.default\">\n\t\t\t\t<div class=\"elementor-widget-container\">\n\t\t\t\t\t<h3 class=\"elementor-heading-title elementor-size-default\">2. Qlobal \u00f6l\u00e7\u00fc<\/h3>\t\t\t\t<\/div>\n\t\t\t\t<\/div>\n\t\t\t\t<div class=\"elementor-element elementor-element-88898dd elementor-widget elementor-widget-text-editor\" data-id=\"88898dd\" data-element_type=\"widget\" data-e-type=\"widget\" data-widget_type=\"text-editor.default\">\n\t\t\t\t<div class=\"elementor-widget-container\">\n\t\t\t\t\t\t\t\t\t<div class=\"brxe-text\"><p>M\u0259i\u015f\u0259t\u00e7il\u0259r \u00e7oraplar\u0131n ayarlanmas\u0131nda \u0259n \u00e7ox \u00f6l\u00e7\u00fc se\u00e7irl\u0259r.<\/p><\/div>\t\t\t\t\t\t\t\t<\/div>\n\t\t\t\t<\/div>\n\t\t\t\t<div class=\"elementor-element elementor-element-a0c2016 elementor-widget elementor-widget-text-editor\" data-id=\"a0c2016\" data-element_type=\"widget\" data-e-type=\"widget\" data-widget_type=\"text-editor.default\">\n\t\t\t\t<div class=\"elementor-widget-container\">\n\t\t\t\t\t\t\t\t\t<table class=\"tg\"><thead><tr><th>\u00c7orap \u00f6l\u00e7\u00fcs\u00fc<\/th><th>B\u0130 \u00e7orap \u00f6l\u00e7\u00fcs\u00fc<\/th><th>AB \u00e7orap \u00f6l\u00e7\u00fcs\u00fc<\/th><th>AB\u0130 \u00e7orap \u00f6l\u00e7\u00fcs\u00fc<\/th><\/tr><\/thead><tbody><tr><td>XS<\/td><td>1-2<\/td><td>34-35<\/td><td>2-3<\/td><\/tr><tr><td>S<\/td><td>3-5<\/td><td>36-38<\/td><td>4-6<\/td><\/tr><tr><td>M<\/td><td>6-7<\/td><td>39-41<\/td><td>7-8<\/td><\/tr><tr><td>L<\/td><td>8-10<\/td><td>42-44<\/td><td>9-11<\/td><\/tr><tr><td>XL<\/td><td>10.5-12<\/td><td>45-47<\/td><td>11.5-13<\/td><\/tr><\/tbody><\/table>\t\t\t\t\t\t\t\t<\/div>\n\t\t\t\t<\/div>\n\t\t\t\t\t<\/div>\n\t\t\t\t<\/div>\n\t\t<div class=\"elementor-element elementor-element-2653533 e-flex e-con-boxed e-con e-parent\" data-id=\"2653533\" data-element_type=\"container\" data-e-type=\"container\">\n\t\t\t\t\t<div class=\"e-con-inner\">\n\t\t\t\t<div class=\"elementor-element elementor-element-38d46f6 elementor-widget elementor-widget-heading\" data-id=\"38d46f6\" data-element_type=\"widget\" data-e-type=\"widget\" data-widget_type=\"heading.default\">\n\t\t\t\t<div class=\"elementor-widget-container\">\n\t\t\t\t\t<h3 class=\"elementor-heading-title elementor-size-default\">3. Qeyri-adi \u00f6l\u00e7\u00fc<\/h3>\t\t\t\t<\/div>\n\t\t\t\t<\/div>\n\t\t\t\t<div class=\"elementor-element elementor-element-161bdc5 elementor-widget elementor-widget-text-editor\" data-id=\"161bdc5\" data-element_type=\"widget\" data-e-type=\"widget\" data-widget_type=\"text-editor.default\">\n\t\t\t\t<div class=\"elementor-widget-container\">\n\t\t\t\t\t\t\t\t\t<div class=\"brxe-text\"><p>Beb\u0259k v\u0259 u\u015faq \u00e7oraplar\u0131n\u0131 x\u00fcsusi\u015f\u0259l\u0259ndir\u0259 bil\u0259rik. H\u0259m\u00e7inin, b\u00f6y\u00fck \u00f6l\u00e7\u00fcl\u00fc \u00e7oraplar\u0131 da ayarlaya bil\u0259rik! H\u0259r hans\u0131 bir suala g\u00f6r\u0259\u00a0<a href=\"https:\/\/customsockmanufacturer.com\/az\/contact\/\">biz\u0259 z\u0259ng edin<\/a>.<\/p><\/div>\t\t\t\t\t\t\t\t<\/div>\n\t\t\t\t<\/div>\n\t\t\t\t\t<\/div>\n\t\t\t\t<\/div>\n\t\t\t\t<\/div>","protected":false},"excerpt":{"rendered":"<p>Custom socks size We\u2019ve got socks for most foot sizes! Just pick the size you want to kick off customizing your perfect pair.&nbsp;<a href=\"https:\/\/customsockmanufacturer.com\/az\/resources\/socks-size\/\" rel=\"bookmark\">Daha \u00e7ox oxuyun\u2026<span class=\"screen-reader-text\">\u00c7orap \u00f6l\u00e7\u00fcs\u00fc<\/span><\/a><\/p>","protected":false},"author":1,"featured_media":0,"parent":1796,"menu_order":0,"comment_status":"closed","ping_status":"closed","template":"page-templates\/template-pagebuilder-full-width.php","meta":{"_acf_changed":false,"neve_meta_sidebar":"","neve_meta_container":"","neve_meta_enable_content_width":"off","neve_meta_content_width":100,"neve_meta_title_alignment":"","neve_meta_author_avatar":"","neve_post_elements_order":"","neve_meta_disable_header":"","neve_meta_disable_footer":"","neve_meta_disable_title":"","footnotes":""},"class_list":["post-1810","page","type-page","status-publish","hentry"],"acf":[],"_links":{"self":[{"href":"https:\/\/customsockmanufacturer.com\/az\/wp-json\/wp\/v2\/pages\/1810","targetHints":{"allow":["GET"]}}],"collection":[{"href":"https:\/\/customsockmanufacturer.com\/az\/wp-json\/wp\/v2\/pages"}],"about":[{"href":"https:\/\/customsockmanufacturer.com\/az\/wp-json\/wp\/v2\/types\/page"}],"author":[{"embeddable":true,"href":"https:\/\/customsockmanufacturer.com\/az\/wp-json\/wp\/v2\/users\/1"}],"replies":[{"embeddable":true,"href":"https:\/\/customsockmanufacturer.com\/az\/wp-json\/wp\/v2\/comments?post=1810"}],"version-history":[{"count":5,"href":"https:\/\/customsockmanufacturer.com\/az\/wp-json\/wp\/v2\/pages\/1810\/revisions"}],"predecessor-version":[{"id":2643,"href":"https:\/\/customsockmanufacturer.com\/az\/wp-json\/wp\/v2\/pages\/1810\/revisions\/2643"}],"up":[{"embeddable":true,"href":"https:\/\/customsockmanufacturer.com\/az\/wp-json\/wp\/v2\/pages\/1796"}],"wp:attachment":[{"href":"https:\/\/customsockmanufacturer.com\/az\/wp-json\/wp\/v2\/media?parent=1810"}],"curies":[{"name":"wp","href":"https:\/\/api.w.org\/{rel}","templated":true}]}}