{"id":1796,"date":"2024-06-06T01:47:56","date_gmt":"2024-06-06T01:47:56","guid":{"rendered":"https:\/\/customsockmanufacturer.com\/?page_id=1796"},"modified":"2024-06-06T02:14:03","modified_gmt":"2024-06-06T02:14:03","slug":"resources","status":"publish","type":"page","link":"https:\/\/customsockmanufacturer.com\/az\/resources\/","title":{"rendered":"M\u0259nb\u0259l\u0259r"},"content":{"rendered":"<div data-elementor-type=\"wp-page\" data-elementor-id=\"1796\" class=\"elementor elementor-1796\" data-elementor-post-type=\"page\">\n\t\t\t\t<div class=\"elementor-element elementor-element-3a986b5 e-flex e-con-boxed e-con e-parent\" data-id=\"3a986b5\" data-element_type=\"container\" data-e-type=\"container\">\n\t\t\t\t\t<div class=\"e-con-inner\">\n\t\t\t\t<div class=\"elementor-element elementor-element-c2c27a6 elementor-widget__width-initial elementor-widget elementor-widget-heading\" data-id=\"c2c27a6\" data-element_type=\"widget\" data-e-type=\"widget\" data-widget_type=\"heading.default\">\n\t\t\t\t<div class=\"elementor-widget-container\">\n\t\t\t\t\t<h2 class=\"elementor-heading-title elementor-size-default\">X\u00fcsusi \u00e7orap\u00e7\u0131l\u0131q v\u0259 cool \u015f\u0259yalar<\/h2>\t\t\t\t<\/div>\n\t\t\t\t<\/div>\n\t\t\t\t<div class=\"elementor-element elementor-element-e8cc48c elementor-widget elementor-widget-heading\" data-id=\"e8cc48c\" data-element_type=\"widget\" data-e-type=\"widget\" data-widget_type=\"heading.default\">\n\t\t\t\t<div class=\"elementor-widget-container\">\n\t\t\t\t\t<div class=\"elementor-heading-title elementor-size-default\">Burada x\u00fcsusi \u00e7orap\u00e7\u0131l\u0131q v\u0259 \u00e7orap\u00e7\u0131l\u0131q s\u0259f\u0259rinizi n\u0259tic\u0259l\u0259ndirm\u0259y\u0259 \u00e7\u0131xma\u011f\u0131 \u00f6yr\u0259n, v\u0259 h\u0259y, burada bir \u00e7ox cool \u00fccretsiz m\u0259nb\u0259l\u0259ri d\u0259 tapa bil\u0259rsiniz!<\/div>\t\t\t\t<\/div>\n\t\t\t\t<\/div>\n\t\t\t\t\t<\/div>\n\t\t\t\t<\/div>\n\t\t<div class=\"elementor-element elementor-element-02b734c e-grid e-con-boxed e-con e-parent\" data-id=\"02b734c\" data-element_type=\"container\" data-e-type=\"container\">\n\t\t\t\t\t<div class=\"e-con-inner\">\n\t\t\t\t<div class=\"elementor-element elementor-element-5383c8d elementor-widget__width-inherit elementor-widget elementor-widget-ucaddon_content_box\" data-id=\"5383c8d\" data-element_type=\"widget\" data-e-type=\"widget\" data-widget_type=\"ucaddon_content_box.default\">\n\t\t\t\t<div class=\"elementor-widget-container\">\n\t\t\t\t\t\n<!-- start Content Box -->\n<style>\/* widget: Content Box *\/\n\n.uc_content_box_elementor_5383c8d .content-box .img-boxs{transition: 0.3s; position: relative; overflow: hidden;}\n.uc_content_box_elementor_5383c8d .content-box .img-boxs img{height: 100%;    display: block;    transition: 0.3s; object-fit: Cover;    transform: scale(100%);}\n.uc_content_box_elementor_5383c8d .content-box .img-boxs a{display:flex;    justify-content: center;}\n\n<\/style>\n\n<div class=\"uc_content_box_elementor_5383c8d\">\n  <div class=\"content-box\">\n    <div class=\"img-boxs\">\n    <a href=\"#\" target=\"\" title=\"\"><img decoding=\"async\" src=\"https:\/\/customsockmanufacturer.com\/wp-content\/uploads\/2024\/06\/10002-5.jpg\"><\/a>\n    <\/div>\n    <div class=\"contents\">\n      <h3><a href=\"\">N\u0259 i\u015fl\u0259yir<\/a><\/h3>\n      <p>Burada \u00e7orap\u00e7\u0131l\u0131q v\u0259 x\u00fcsusi \u00e7orap\u00e7\u0131l\u0131\u011f\u0131 individualla\u015fd\u0131rmaq \u00fc\u00e7\u00fcn \u00e7ox asan olmas\u0131n\u0131 \u00f6yr\u0259n!<\/p>      <a href=\"#\" target=\"\" title=\"\"><button>Daha \u00e7ox \u00f6yr\u0259n &gt;<\/button><\/a>\n    <\/div>\n  <\/div>\n<\/div>\n<!-- end Content Box -->\t\t\t\t<\/div>\n\t\t\t\t<\/div>\n\t\t\t\t<div class=\"elementor-element elementor-element-2552de4 elementor-widget__width-inherit elementor-widget elementor-widget-ucaddon_content_box\" data-id=\"2552de4\" data-element_type=\"widget\" data-e-type=\"widget\" data-widget_type=\"ucaddon_content_box.default\">\n\t\t\t\t<div class=\"elementor-widget-container\">\n\t\t\t\t\t\n<!-- start Content Box -->\n<style>\/* widget: Content Box *\/\n\n.uc_content_box_elementor_2552de4 .content-box .img-boxs{transition: 0.3s; position: relative; overflow: hidden;}\n.uc_content_box_elementor_2552de4 .content-box .img-boxs img{height: 100%;    display: block;    transition: 0.3s; object-fit: Cover;    transform: scale(100%);}\n.uc_content_box_elementor_2552de4 .content-box .img-boxs a{display:flex;    justify-content: center;}\n\n<\/style>\n\n<div class=\"uc_content_box_elementor_2552de4\">\n  <div class=\"content-box\">\n    <div class=\"img-boxs\">\n    <a href=\"#\" target=\"\" title=\"\"><img decoding=\"async\" src=\"https:\/\/customsockmanufacturer.com\/wp-content\/uploads\/2024\/06\/10003-1.webp\"><\/a>\n    <\/div>\n    <div class=\"contents\">\n      <h3><a href=\"\">Dizayn m\u0259\u015fq\u0259ti v\u0259 al\u0259tl\u0259r<\/a><\/h3>\n      <p>\u00c7orap\u00e7\u0131l\u0131q v\u0259 x\u00fcsusi \u00e7orap\u00e7\u0131l\u0131q m\u0259hsullar\u0131n\u0131z\u0131 dizayn etm\u0259k \u00fc\u00e7\u00fcn \u00fccretsiz \u015fablonlar v\u0259 al\u0259tl\u0259ri y\u00fckl\u0259n!<\/p>      <a href=\"#\" target=\"\" title=\"\"><button> M\u00f6c\u00fcz\u0259 &amp; al\u0259tl\u0259r\u0259 ke\u00e7 &gt;<\/button><\/a>\n    <\/div>\n  <\/div>\n<\/div>\n<!-- end Content Box -->\t\t\t\t<\/div>\n\t\t\t\t<\/div>\n\t\t\t\t<div class=\"elementor-element elementor-element-0d34070 elementor-widget__width-inherit elementor-widget elementor-widget-ucaddon_content_box\" data-id=\"0d34070\" data-element_type=\"widget\" data-e-type=\"widget\" data-widget_type=\"ucaddon_content_box.default\">\n\t\t\t\t<div class=\"elementor-widget-container\">\n\t\t\t\t\t\n<!-- start Content Box -->\n<style>\/* widget: Content Box *\/\n\n.uc_content_box_elementor_0d34070 .content-box .img-boxs{transition: 0.3s; position: relative; overflow: hidden;}\n.uc_content_box_elementor_0d34070 .content-box .img-boxs img{height: 100%;    display: block;    transition: 0.3s; object-fit: Cover;    transform: scale(100%);}\n.uc_content_box_elementor_0d34070 .content-box .img-boxs a{display:flex;    justify-content: center;}\n\n<\/style>\n\n<div class=\"uc_content_box_elementor_0d34070\">\n  <div class=\"content-box\">\n    <div class=\"img-boxs\">\n    <a href=\"#\" target=\"\" title=\"\"><img decoding=\"async\" src=\"https:\/\/customsockmanufacturer.com\/wp-content\/uploads\/2024\/06\/10004-4.jpg\"><\/a>\n    <\/div>\n    <div class=\"contents\">\n      <h3><a href=\"\">X\u00fcsusi se\u00e7iml\u0259r &amp; stili<\/a><\/h3>\n      <p>Individualizasiya edilmi\u015f se\u00e7iml\u0259r v\u0259 stili haqq\u0131nda \u00f6yr\u0259n, misal olaraq \u00f6l\u00e7\u00fcl\u0259r, h\u00fcnd\u00fcrl\u00fck v\u0259 \u0259lav\u0259 texnolojiyyat.<\/p>      <a href=\"#\" target=\"\" title=\"\"><button>Daha \u00e7ox \u00f6yr\u0259n &gt;<\/button><\/a>\n    <\/div>\n  <\/div>\n<\/div>\n<!-- end Content Box -->\t\t\t\t<\/div>\n\t\t\t\t<\/div>\n\t\t\t\t<div class=\"elementor-element elementor-element-80f9d0f elementor-widget__width-inherit elementor-widget elementor-widget-ucaddon_content_box\" data-id=\"80f9d0f\" data-element_type=\"widget\" data-e-type=\"widget\" data-widget_type=\"ucaddon_content_box.default\">\n\t\t\t\t<div class=\"elementor-widget-container\">\n\t\t\t\t\t\n<!-- start Content Box -->\n<style>\/* widget: Content Box *\/\n\n.uc_content_box_elementor_80f9d0f .content-box .img-boxs{transition: 0.3s; position: relative; overflow: hidden;}\n.uc_content_box_elementor_80f9d0f .content-box .img-boxs img{height: 100%;    display: block;    transition: 0.3s; object-fit: Cover;    transform: scale(100%);}\n.uc_content_box_elementor_80f9d0f .content-box .img-boxs a{display:flex;    justify-content: center;}\n\n<\/style>\n\n<div class=\"uc_content_box_elementor_80f9d0f\">\n  <div class=\"content-box\">\n    <div class=\"img-boxs\">\n    <a href=\"#\" target=\"\" title=\"\"><img decoding=\"async\" src=\"https:\/\/customsockmanufacturer.com\/wp-content\/uploads\/2024\/06\/10005-1.webp\"><\/a>\n    <\/div>\n    <div class=\"contents\">\n      <h3><a href=\"\">Yarn r\u0259ng siyah\u0131s\u0131<\/a><\/h3>\n      <p>Individualizasiya edilmi\u015f se\u00e7iml\u0259r v\u0259 stili haqq\u0131nda \u00f6yr\u0259n, misal olaraq \u00f6l\u00e7\u00fcl\u0259r, h\u00fcnd\u00fcrl\u00fck v\u0259 \u0259lav\u0259 texnolojiyyat.<\/p>      <a href=\"#\" target=\"\" title=\"\"><button>Daha \u00e7ox \u00f6yr\u0259n &gt;<\/button><\/a>\n    <\/div>\n  <\/div>\n<\/div>\n<!-- end Content Box -->\t\t\t\t<\/div>\n\t\t\t\t<\/div>\n\t\t\t\t<div class=\"elementor-element elementor-element-2010958 elementor-widget__width-inherit elementor-widget elementor-widget-ucaddon_content_box\" data-id=\"2010958\" data-element_type=\"widget\" data-e-type=\"widget\" data-widget_type=\"ucaddon_content_box.default\">\n\t\t\t\t<div class=\"elementor-widget-container\">\n\t\t\t\t\t\n<!-- start Content Box -->\n<style>\/* widget: Content Box *\/\n\n.uc_content_box_elementor_2010958 .content-box .img-boxs{transition: 0.3s; position: relative; overflow: hidden;}\n.uc_content_box_elementor_2010958 .content-box .img-boxs img{height: 100%;    display: block;    transition: 0.3s; object-fit: Cover;    transform: scale(100%);}\n.uc_content_box_elementor_2010958 .content-box .img-boxs a{display:flex;    justify-content: center;}\n\n<\/style>\n\n<div class=\"uc_content_box_elementor_2010958\">\n  <div class=\"content-box\">\n    <div class=\"img-boxs\">\n    <a href=\"#\" target=\"\" title=\"\"><img decoding=\"async\" src=\"https:\/\/customsockmanufacturer.com\/wp-content\/uploads\/2024\/06\/10006-2.jpg\"><\/a>\n    <\/div>\n    <div class=\"contents\">\n      <h3><a href=\"\">\u00c7orap \u00f6l\u00e7\u00fcs\u00fc<\/a><\/h3>\n      <p>Beyaz etiketli m\u0259hsullar\u0131n kitabxanas\u0131na bax\u0131n, s\u0259f\u0259ri t\u0259min etm\u0259k \u00fc\u00e7\u00fcn birini se\u00e7in!<\/p>      <a href=\"#\" target=\"\" title=\"\"><button>Daha \u00e7ox \u00f6yr\u0259n &gt;<\/button><\/a>\n    <\/div>\n  <\/div>\n<\/div>\n<!-- end Content Box -->\t\t\t\t<\/div>\n\t\t\t\t<\/div>\n\t\t\t\t<div class=\"elementor-element elementor-element-6508832 elementor-widget__width-inherit elementor-widget elementor-widget-ucaddon_content_box\" data-id=\"6508832\" data-element_type=\"widget\" data-e-type=\"widget\" data-widget_type=\"ucaddon_content_box.default\">\n\t\t\t\t<div class=\"elementor-widget-container\">\n\t\t\t\t\t\n<!-- start Content Box -->\n<style>\/* widget: Content Box *\/\n\n.uc_content_box_elementor_6508832 .content-box .img-boxs{transition: 0.3s; position: relative; overflow: hidden;}\n.uc_content_box_elementor_6508832 .content-box .img-boxs img{height: 100%;    display: block;    transition: 0.3s; object-fit: Cover;    transform: scale(100%);}\n.uc_content_box_elementor_6508832 .content-box .img-boxs a{display:flex;    justify-content: center;}\n\n<\/style>\n\n<div class=\"uc_content_box_elementor_6508832\">\n  <div class=\"content-box\">\n    <div class=\"img-boxs\">\n    <a href=\"#\" target=\"\" title=\"\"><img decoding=\"async\" src=\"https:\/\/customsockmanufacturer.com\/wp-content\/uploads\/2024\/06\/Three-pairs-of-custom-dress-socks-on-the-table.webp\"><\/a>\n    <\/div>\n    <div class=\"contents\">\n      <h3><a href=\"\">Sual<\/a><\/h3>\n      <p>N\u0259 bilinm\u0259li? Sizin \u00e7ox sual\u0131n\u0131za cavablar\u0131 burada tapa bil\u0259rsiniz.<\/p>      <a href=\"#\" target=\"\" title=\"\"><button>Daha \u00e7ox \u00f6yr\u0259n &gt;<\/button><\/a>\n    <\/div>\n  <\/div>\n<\/div>\n<!-- end Content Box -->\t\t\t\t<\/div>\n\t\t\t\t<\/div>\n\t\t\t\t\t<\/div>\n\t\t\t\t<\/div>\n\t\t\t\t<\/div>","protected":false},"excerpt":{"rendered":"<p>X\u00fcsusi yun\u0259tl\u0259r v\u0259 yax\u015f\u0131 \u015feyl\u0259r Siz\u0259 laz\u0131m olan h\u0259r \u015fey burada! Burada x\u00fcsusi \u00e7oraplar\u0131n\u0131z\u0131 v\u0259 yun\u0259tl\u0259rinizi n\u0259 q\u0259d\u0259r asan qura bil\u0259c\u0259yinizi \u00f6yr\u0259n\u0259n yollar\u0131 \u00f6yr\u0259n, v\u0259 h\u0259m\u00e7inin, burada bir \u00e7ox yax\u015f\u0131 m\u00fc\u0259yy\u0259n s\u0259n\u0259dl\u0259ri d\u0259 tapa bil\u0259rsiniz! N\u0259 kimi i\u015fl\u0259yir Burada \u00e7oraplar\u0131n\u0131z\u0131 v\u0259 yun\u0259tl\u0259rinizi t\u0259kmill\u0259\u015fdirm\u0259k n\u0259 q\u0259d\u0259r asan ola bil\u0259c\u0259yini \u00f6yr\u0259n! Daha \u00e7ox \u00f6yr\u0259n\u2026&nbsp;<a href=\"https:\/\/customsockmanufacturer.com\/az\/resources\/\" rel=\"bookmark\">Daha \u00e7ox oxuyun\u2026<span class=\"screen-reader-text\">M\u0259nb\u0259l\u0259r<\/span><\/a><\/p>","protected":false},"author":1,"featured_media":0,"parent":0,"menu_order":0,"comment_status":"closed","ping_status":"closed","template":"page-templates\/template-pagebuilder-full-width.php","meta":{"_acf_changed":false,"neve_meta_sidebar":"","neve_meta_container":"","neve_meta_enable_content_width":"off","neve_meta_content_width":100,"neve_meta_title_alignment":"","neve_meta_author_avatar":"","neve_post_elements_order":"","neve_meta_disable_header":"","neve_meta_disable_footer":"","neve_meta_disable_title":"","footnotes":""},"class_list":["post-1796","page","type-page","status-publish","hentry"],"acf":[],"_links":{"self":[{"href":"https:\/\/customsockmanufacturer.com\/az\/wp-json\/wp\/v2\/pages\/1796","targetHints":{"allow":["GET"]}}],"collection":[{"href":"https:\/\/customsockmanufacturer.com\/az\/wp-json\/wp\/v2\/pages"}],"about":[{"href":"https:\/\/customsockmanufacturer.com\/az\/wp-json\/wp\/v2\/types\/page"}],"author":[{"embeddable":true,"href":"https:\/\/customsockmanufacturer.com\/az\/wp-json\/wp\/v2\/users\/1"}],"replies":[{"embeddable":true,"href":"https:\/\/customsockmanufacturer.com\/az\/wp-json\/wp\/v2\/comments?post=1796"}],"version-history":[{"count":58,"href":"https:\/\/customsockmanufacturer.com\/az\/wp-json\/wp\/v2\/pages\/1796\/revisions"}],"predecessor-version":[{"id":1884,"href":"https:\/\/customsockmanufacturer.com\/az\/wp-json\/wp\/v2\/pages\/1796\/revisions\/1884"}],"wp:attachment":[{"href":"https:\/\/customsockmanufacturer.com\/az\/wp-json\/wp\/v2\/media?parent=1796"}],"curies":[{"name":"wp","href":"https:\/\/api.w.org\/{rel}","templated":true}]}}